{"id":99,"date":"2022-04-12T04:48:56","date_gmt":"2022-04-12T02:48:56","guid":{"rendered":"https:\/\/elaimantair.fr\/boutique\/?post_type=product&#038;p=99"},"modified":"2024-02-28T22:40:21","modified_gmt":"2024-02-28T21:40:21","slug":"foin-dodeur-tresse","status":"publish","type":"product","link":"https:\/\/elaimantair.fr\/boutique\/produit\/foin-dodeur-tresse\/","title":{"rendered":"Foin d&rsquo;odeur Tress\u00e9"},"content":{"rendered":"<div class=\"flex-1 overflow-hidden\">\n<div class=\"react-scroll-to-bottom--css-lfbye-79elbk h-full\">\n<div class=\"react-scroll-to-bottom--css-lfbye-1n7m0yu\">\n<div class=\"flex flex-col text-sm pb-9\">\n<div class=\"w-full text-token-text-primary\" data-testid=\"conversation-turn-2\">\n<div class=\"px-4 py-2 justify-center text-base md:gap-6 m-auto\">\n<div class=\"flex flex-1 text-base mx-auto gap-3 md:px-5 lg:px-1 xl:px-5 md:max-w-3xl lg:max-w-[40rem] xl:max-w-[48rem] group\">\n<div class=\"flex-shrink-0 flex flex-col relative items-end\">\n<div>\n<div class=\"pt-0.5\">\n<div class=\"gizmo-shadow-stroke flex h-6 w-6 items-center justify-center overflow-hidden rounded-full\"><\/div>\n<\/div>\n<\/div>\n<\/div>\n<\/div>\n<\/div>\n<\/div>\n<div class=\"w-full text-token-text-primary\" data-testid=\"conversation-turn-29\">\n<div class=\"px-4 py-2 justify-center text-base md:gap-6 m-auto\">\n<div class=\"flex flex-1 text-base mx-auto gap-3 md:px-5 lg:px-1 xl:px-5 md:max-w-3xl lg:max-w-[40rem] xl:max-w-[48rem] group\">\n<div class=\"relative flex w-full flex-col agent-turn\">\n<div class=\"flex-col gap-1 md:gap-3\">\n<div class=\"flex flex-grow flex-col max-w-full\">\n<div class=\"min-h-[20px] text-message flex flex-col items-start gap-3 whitespace-pre-wrap break-words [.text-message+&amp;]:mt-5 overflow-x-auto\" data-message-author-role=\"assistant\" data-message-id=\"8830738f-a697-4cfb-a80c-fffada0dd25d\">\n<div class=\"markdown prose w-full break-words dark:prose-invert dark\">\n<p>Le foin d&rsquo;odeur, \u00e9galement connu sous le nom d&rsquo;herbe aux bisons, est une plante herbac\u00e9e vivace appartenant \u00e0 la famille des Poac\u00e9es, originaire de l&rsquo;h\u00e9misph\u00e8re Nord. Depuis des temps anciens, il est tress\u00e9 et br\u00fbl\u00e9 \u00e0 des fins rituelles et spirituelles.<\/p>\n<\/div>\n<\/div>\n<\/div>\n<\/div>\n<\/div>\n<\/div>\n<\/div>\n<\/div>\n<div class=\"w-full text-token-text-primary\" data-testid=\"conversation-turn-31\">\n<div class=\"px-4 py-2 justify-center text-base md:gap-6 m-auto\">\n<div class=\"flex flex-1 text-base mx-auto gap-3 md:px-5 lg:px-1 xl:px-5 md:max-w-3xl lg:max-w-[40rem] xl:max-w-[48rem] group final-completion\">\n<div class=\"relative flex w-full flex-col agent-turn\">\n<div class=\"flex-col gap-1 md:gap-3\">\n<div class=\"flex flex-grow flex-col max-w-full\">\n<div class=\"min-h-[20px] text-message flex flex-col items-start gap-3 whitespace-pre-wrap break-words [.text-message+&amp;]:mt-5 overflow-x-auto\" data-message-author-role=\"assistant\" data-message-id=\"36ad6bb7-5343-4daa-81b1-6efc0e42d026\">\n<div class=\"markdown prose w-full break-words dark:prose-invert dark\">\n<p>Les Am\u00e9rindiens utilisent cette plante depuis des si\u00e8cles pour attirer les \u00e9nergies positives et b\u00e9n\u00e9fiques, tout en purifiant les \u00eatres et les \u00e2mes. Il est \u00e9galement r\u00e9put\u00e9 pour repousser les esprits mal\u00e9fiques.<\/p>\n<p>Pour son utilisation :<\/p>\n<p>Allumez la tresse \u00e0 l&rsquo;aide d&rsquo;une bougie de pr\u00e9f\u00e9rence, puis attendez un moment avant de souffler sur la flamme, de la m\u00eame mani\u00e8re que vous le feriez avec un b\u00e2tonnet d&rsquo;encens. Vous pouvez d\u00e9poser la tresse sur une abalone (coquille d&rsquo;ormeau) contenant un peu de sable pour \u00e9viter qu&rsquo;elle ne br\u00fble et pour \u00e9teindre le b\u00e2ton si n\u00e9cessaire.<\/p>\n<p>Il est recommand\u00e9 d&rsquo;\u00eatre pr\u00e9sent pendant sa combustion pour des raisons de s\u00e9curit\u00e9.<\/p>\n<p>Ce foin d&rsquo;odeur est un outil sacr\u00e9 pour la purification et l&rsquo;\u00e9l\u00e9vation spirituelle, et son utilisation peut contribuer \u00e0 cr\u00e9er une atmosph\u00e8re propice \u00e0 la m\u00e9ditation et \u00e0 la tranquillit\u00e9 d&rsquo;esprit.<\/p>\n<\/div>\n<\/div>\n<\/div>\n<\/div>\n<\/div>\n<\/div>\n<\/div>\n<\/div>\n<\/div>\n<\/div>\n<\/div>\n<\/div>\n","protected":false},"excerpt":{"rendered":"<p>Le foin d&rsquo;odeur nomm\u00e9 aussi herbe aux bisons, est tress\u00e9 et br\u00fbl\u00e9 depuis l&rsquo;ancien temps. C&rsquo;est une plante herbac\u00e9e vivace, de la famille des Poac\u00e9es, originaire de l&rsquo;h\u00e9misph\u00e8re Nord.<\/p>\n","protected":false},"featured_media":624,"comment_status":"open","ping_status":"closed","template":"","meta":[],"product_brand":[],"product_cat":[51],"product_tag":[],"class_list":{"0":"post-99","1":"product","2":"type-product","3":"status-publish","4":"has-post-thumbnail","6":"product_cat-autres","8":"first","9":"instock","10":"sale","11":"shipping-taxable","12":"purchasable","13":"product-type-simple"},"yoast_head":"<!-- This site is optimized with the Yoast SEO plugin v27.3 - https:\/\/yoast.com\/product\/yoast-seo-wordpress\/ -->\n<title>Foin d&#039;odeur Tress\u00e9 - Boutique El&#039;aimant Air<\/title>\n<meta name=\"description\" content=\"Le foin d&#039;odeur nomm\u00e9 aussi herbe aux bisons, est tress\u00e9 et br\u00fbl\u00e9 depuis l&#039;ancien temps. C&#039;est une plante herbac\u00e9e vivace, originaire de l&#039;h\u00e9misph\u00e8re Nord.\" \/>\n<meta name=\"robots\" content=\"index, follow, max-snippet:-1, max-image-preview:large, max-video-preview:-1\" \/>\n<link rel=\"canonical\" href=\"https:\/\/elaimantair.fr\/boutique\/produit\/foin-dodeur-tresse\/\" \/>\n<meta property=\"og:locale\" content=\"fr_FR\" \/>\n<meta property=\"og:type\" content=\"article\" \/>\n<meta property=\"og:title\" content=\"Foin d&#039;odeur Tress\u00e9 - Boutique El&#039;aimant Air\" \/>\n<meta property=\"og:description\" content=\"Le foin d&#039;odeur nomm\u00e9 aussi herbe aux bisons, est tress\u00e9 et br\u00fbl\u00e9 depuis l&#039;ancien temps. C&#039;est une plante herbac\u00e9e vivace, originaire de l&#039;h\u00e9misph\u00e8re Nord.\" \/>\n<meta property=\"og:url\" content=\"https:\/\/elaimantair.fr\/boutique\/produit\/foin-dodeur-tresse\/\" \/>\n<meta property=\"og:site_name\" content=\"Boutique El&#039;aimant Air\" \/>\n<meta property=\"article:publisher\" content=\"https:\/\/www.facebook.com\/louka.dou.5\" \/>\n<meta property=\"article:modified_time\" content=\"2024-02-28T21:40:21+00:00\" \/>\n<meta property=\"og:image\" content=\"https:\/\/elaimantair.fr\/boutique\/wp-content\/uploads\/2022\/06\/foin-d-odeur.jpg\" \/>\n\t<meta property=\"og:image:width\" content=\"1500\" \/>\n\t<meta property=\"og:image:height\" content=\"1500\" \/>\n\t<meta property=\"og:image:type\" content=\"image\/jpeg\" \/>\n<meta name=\"twitter:card\" content=\"summary_large_image\" \/>\n<meta name=\"twitter:site\" content=\"@AimantAir\" \/>\n<meta name=\"twitter:label1\" content=\"Dur\u00e9e de lecture estim\u00e9e\" \/>\n\t<meta name=\"twitter:data1\" content=\"1 minute\" \/>\n<script type=\"application\/ld+json\" class=\"yoast-schema-graph\">{\"@context\":\"https:\\\/\\\/schema.org\",\"@graph\":[{\"@type\":\"WebPage\",\"@id\":\"https:\\\/\\\/elaimantair.fr\\\/boutique\\\/produit\\\/foin-dodeur-tresse\\\/\",\"url\":\"https:\\\/\\\/elaimantair.fr\\\/boutique\\\/produit\\\/foin-dodeur-tresse\\\/\",\"name\":\"Foin d'odeur Tress\u00e9 - Boutique El&#039;aimant Air\",\"isPartOf\":{\"@id\":\"https:\\\/\\\/elaimantair.fr\\\/boutique\\\/#website\"},\"primaryImageOfPage\":{\"@id\":\"https:\\\/\\\/elaimantair.fr\\\/boutique\\\/produit\\\/foin-dodeur-tresse\\\/#primaryimage\"},\"image\":{\"@id\":\"https:\\\/\\\/elaimantair.fr\\\/boutique\\\/produit\\\/foin-dodeur-tresse\\\/#primaryimage\"},\"thumbnailUrl\":\"https:\\\/\\\/elaimantair.fr\\\/boutique\\\/wp-content\\\/uploads\\\/2022\\\/06\\\/foin-d-odeur.jpg\",\"datePublished\":\"2022-04-12T02:48:56+00:00\",\"dateModified\":\"2024-02-28T21:40:21+00:00\",\"description\":\"Le foin d'odeur nomm\u00e9 aussi herbe aux bisons, est tress\u00e9 et br\u00fbl\u00e9 depuis l'ancien temps. C'est une plante herbac\u00e9e vivace, originaire de l'h\u00e9misph\u00e8re Nord.\",\"breadcrumb\":{\"@id\":\"https:\\\/\\\/elaimantair.fr\\\/boutique\\\/produit\\\/foin-dodeur-tresse\\\/#breadcrumb\"},\"inLanguage\":\"fr-FR\",\"potentialAction\":[{\"@type\":\"ReadAction\",\"target\":[\"https:\\\/\\\/elaimantair.fr\\\/boutique\\\/produit\\\/foin-dodeur-tresse\\\/\"]}]},{\"@type\":\"ImageObject\",\"inLanguage\":\"fr-FR\",\"@id\":\"https:\\\/\\\/elaimantair.fr\\\/boutique\\\/produit\\\/foin-dodeur-tresse\\\/#primaryimage\",\"url\":\"https:\\\/\\\/elaimantair.fr\\\/boutique\\\/wp-content\\\/uploads\\\/2022\\\/06\\\/foin-d-odeur.jpg\",\"contentUrl\":\"https:\\\/\\\/elaimantair.fr\\\/boutique\\\/wp-content\\\/uploads\\\/2022\\\/06\\\/foin-d-odeur.jpg\",\"width\":1500,\"height\":1500,\"caption\":\"Foin d\u2019odeur Tress\u00e9\"},{\"@type\":\"BreadcrumbList\",\"@id\":\"https:\\\/\\\/elaimantair.fr\\\/boutique\\\/produit\\\/foin-dodeur-tresse\\\/#breadcrumb\",\"itemListElement\":[{\"@type\":\"ListItem\",\"position\":1,\"name\":\"Accueil boutique\",\"item\":\"https:\\\/\\\/elaimantair.fr\\\/boutique\\\/\"},{\"@type\":\"ListItem\",\"position\":2,\"name\":\"Accueil boutique\",\"item\":\"https:\\\/\\\/elaimantair.fr\\\/boutique\\\/\"},{\"@type\":\"ListItem\",\"position\":3,\"name\":\"Foin d&rsquo;odeur Tress\u00e9\"}]},{\"@type\":\"WebSite\",\"@id\":\"https:\\\/\\\/elaimantair.fr\\\/boutique\\\/#website\",\"url\":\"https:\\\/\\\/elaimantair.fr\\\/boutique\\\/\",\"name\":\"Boutique El'aimant Air\",\"description\":\"Sublimer votre lumi\u00e8re\",\"publisher\":{\"@id\":\"https:\\\/\\\/elaimantair.fr\\\/boutique\\\/#organization\"},\"potentialAction\":[{\"@type\":\"SearchAction\",\"target\":{\"@type\":\"EntryPoint\",\"urlTemplate\":\"https:\\\/\\\/elaimantair.fr\\\/boutique\\\/?s={search_term_string}\"},\"query-input\":{\"@type\":\"PropertyValueSpecification\",\"valueRequired\":true,\"valueName\":\"search_term_string\"}}],\"inLanguage\":\"fr-FR\"},{\"@type\":\"Organization\",\"@id\":\"https:\\\/\\\/elaimantair.fr\\\/boutique\\\/#organization\",\"name\":\"El'aimant Air\",\"url\":\"https:\\\/\\\/elaimantair.fr\\\/boutique\\\/\",\"logo\":{\"@type\":\"ImageObject\",\"inLanguage\":\"fr-FR\",\"@id\":\"https:\\\/\\\/elaimantair.fr\\\/boutique\\\/#\\\/schema\\\/logo\\\/image\\\/\",\"url\":\"https:\\\/\\\/elaimantair.fr\\\/boutique\\\/wp-content\\\/uploads\\\/2022\\\/04\\\/elaimantairLogo-512.jpg\",\"contentUrl\":\"https:\\\/\\\/elaimantair.fr\\\/boutique\\\/wp-content\\\/uploads\\\/2022\\\/04\\\/elaimantairLogo-512.jpg\",\"width\":512,\"height\":512,\"caption\":\"El'aimant Air\"},\"image\":{\"@id\":\"https:\\\/\\\/elaimantair.fr\\\/boutique\\\/#\\\/schema\\\/logo\\\/image\\\/\"},\"sameAs\":[\"https:\\\/\\\/www.facebook.com\\\/louka.dou.5\",\"https:\\\/\\\/x.com\\\/AimantAir\",\"https:\\\/\\\/www.instagram.com\\\/elaimantair\",\"https:\\\/\\\/www.pinterest.com\\\/Elaimantair\\\/\"]}]}<\/script>\n<!-- \/ Yoast SEO plugin. -->","yoast_head_json":{"title":"Foin d'odeur Tress\u00e9 - Boutique El&#039;aimant Air","description":"Le foin d'odeur nomm\u00e9 aussi herbe aux bisons, est tress\u00e9 et br\u00fbl\u00e9 depuis l'ancien temps. C'est une plante herbac\u00e9e vivace, originaire de l'h\u00e9misph\u00e8re Nord.","robots":{"index":"index","follow":"follow","max-snippet":"max-snippet:-1","max-image-preview":"max-image-preview:large","max-video-preview":"max-video-preview:-1"},"canonical":"https:\/\/elaimantair.fr\/boutique\/produit\/foin-dodeur-tresse\/","og_locale":"fr_FR","og_type":"article","og_title":"Foin d'odeur Tress\u00e9 - Boutique El&#039;aimant Air","og_description":"Le foin d'odeur nomm\u00e9 aussi herbe aux bisons, est tress\u00e9 et br\u00fbl\u00e9 depuis l'ancien temps. C'est une plante herbac\u00e9e vivace, originaire de l'h\u00e9misph\u00e8re Nord.","og_url":"https:\/\/elaimantair.fr\/boutique\/produit\/foin-dodeur-tresse\/","og_site_name":"Boutique El&#039;aimant Air","article_publisher":"https:\/\/www.facebook.com\/louka.dou.5","article_modified_time":"2024-02-28T21:40:21+00:00","og_image":[{"width":1500,"height":1500,"url":"https:\/\/elaimantair.fr\/boutique\/wp-content\/uploads\/2022\/06\/foin-d-odeur.jpg","type":"image\/jpeg"}],"twitter_card":"summary_large_image","twitter_site":"@AimantAir","twitter_misc":{"Dur\u00e9e de lecture estim\u00e9e":"1 minute"},"schema":{"@context":"https:\/\/schema.org","@graph":[{"@type":"WebPage","@id":"https:\/\/elaimantair.fr\/boutique\/produit\/foin-dodeur-tresse\/","url":"https:\/\/elaimantair.fr\/boutique\/produit\/foin-dodeur-tresse\/","name":"Foin d'odeur Tress\u00e9 - Boutique El&#039;aimant Air","isPartOf":{"@id":"https:\/\/elaimantair.fr\/boutique\/#website"},"primaryImageOfPage":{"@id":"https:\/\/elaimantair.fr\/boutique\/produit\/foin-dodeur-tresse\/#primaryimage"},"image":{"@id":"https:\/\/elaimantair.fr\/boutique\/produit\/foin-dodeur-tresse\/#primaryimage"},"thumbnailUrl":"https:\/\/elaimantair.fr\/boutique\/wp-content\/uploads\/2022\/06\/foin-d-odeur.jpg","datePublished":"2022-04-12T02:48:56+00:00","dateModified":"2024-02-28T21:40:21+00:00","description":"Le foin d'odeur nomm\u00e9 aussi herbe aux bisons, est tress\u00e9 et br\u00fbl\u00e9 depuis l'ancien temps. C'est une plante herbac\u00e9e vivace, originaire de l'h\u00e9misph\u00e8re Nord.","breadcrumb":{"@id":"https:\/\/elaimantair.fr\/boutique\/produit\/foin-dodeur-tresse\/#breadcrumb"},"inLanguage":"fr-FR","potentialAction":[{"@type":"ReadAction","target":["https:\/\/elaimantair.fr\/boutique\/produit\/foin-dodeur-tresse\/"]}]},{"@type":"ImageObject","inLanguage":"fr-FR","@id":"https:\/\/elaimantair.fr\/boutique\/produit\/foin-dodeur-tresse\/#primaryimage","url":"https:\/\/elaimantair.fr\/boutique\/wp-content\/uploads\/2022\/06\/foin-d-odeur.jpg","contentUrl":"https:\/\/elaimantair.fr\/boutique\/wp-content\/uploads\/2022\/06\/foin-d-odeur.jpg","width":1500,"height":1500,"caption":"Foin d\u2019odeur Tress\u00e9"},{"@type":"BreadcrumbList","@id":"https:\/\/elaimantair.fr\/boutique\/produit\/foin-dodeur-tresse\/#breadcrumb","itemListElement":[{"@type":"ListItem","position":1,"name":"Accueil boutique","item":"https:\/\/elaimantair.fr\/boutique\/"},{"@type":"ListItem","position":2,"name":"Accueil boutique","item":"https:\/\/elaimantair.fr\/boutique\/"},{"@type":"ListItem","position":3,"name":"Foin d&rsquo;odeur Tress\u00e9"}]},{"@type":"WebSite","@id":"https:\/\/elaimantair.fr\/boutique\/#website","url":"https:\/\/elaimantair.fr\/boutique\/","name":"Boutique El'aimant Air","description":"Sublimer votre lumi\u00e8re","publisher":{"@id":"https:\/\/elaimantair.fr\/boutique\/#organization"},"potentialAction":[{"@type":"SearchAction","target":{"@type":"EntryPoint","urlTemplate":"https:\/\/elaimantair.fr\/boutique\/?s={search_term_string}"},"query-input":{"@type":"PropertyValueSpecification","valueRequired":true,"valueName":"search_term_string"}}],"inLanguage":"fr-FR"},{"@type":"Organization","@id":"https:\/\/elaimantair.fr\/boutique\/#organization","name":"El'aimant Air","url":"https:\/\/elaimantair.fr\/boutique\/","logo":{"@type":"ImageObject","inLanguage":"fr-FR","@id":"https:\/\/elaimantair.fr\/boutique\/#\/schema\/logo\/image\/","url":"https:\/\/elaimantair.fr\/boutique\/wp-content\/uploads\/2022\/04\/elaimantairLogo-512.jpg","contentUrl":"https:\/\/elaimantair.fr\/boutique\/wp-content\/uploads\/2022\/04\/elaimantairLogo-512.jpg","width":512,"height":512,"caption":"El'aimant Air"},"image":{"@id":"https:\/\/elaimantair.fr\/boutique\/#\/schema\/logo\/image\/"},"sameAs":["https:\/\/www.facebook.com\/louka.dou.5","https:\/\/x.com\/AimantAir","https:\/\/www.instagram.com\/elaimantair","https:\/\/www.pinterest.com\/Elaimantair\/"]}]}},"jetpack_sharing_enabled":true,"_links":{"self":[{"href":"https:\/\/elaimantair.fr\/boutique\/wp-json\/wp\/v2\/product\/99","targetHints":{"allow":["GET"]}}],"collection":[{"href":"https:\/\/elaimantair.fr\/boutique\/wp-json\/wp\/v2\/product"}],"about":[{"href":"https:\/\/elaimantair.fr\/boutique\/wp-json\/wp\/v2\/types\/product"}],"replies":[{"embeddable":true,"href":"https:\/\/elaimantair.fr\/boutique\/wp-json\/wp\/v2\/comments?post=99"}],"wp:featuredmedia":[{"embeddable":true,"href":"https:\/\/elaimantair.fr\/boutique\/wp-json\/wp\/v2\/media\/624"}],"wp:attachment":[{"href":"https:\/\/elaimantair.fr\/boutique\/wp-json\/wp\/v2\/media?parent=99"}],"wp:term":[{"taxonomy":"product_brand","embeddable":true,"href":"https:\/\/elaimantair.fr\/boutique\/wp-json\/wp\/v2\/product_brand?post=99"},{"taxonomy":"product_cat","embeddable":true,"href":"https:\/\/elaimantair.fr\/boutique\/wp-json\/wp\/v2\/product_cat?post=99"},{"taxonomy":"product_tag","embeddable":true,"href":"https:\/\/elaimantair.fr\/boutique\/wp-json\/wp\/v2\/product_tag?post=99"}],"curies":[{"name":"wp","href":"https:\/\/api.w.org\/{rel}","templated":true}]}}