{"id":951,"date":"2022-08-14T20:02:25","date_gmt":"2022-08-14T18:02:25","guid":{"rendered":"https:\/\/elaimantair.fr\/boutique\/?post_type=product&#038;p=951"},"modified":"2024-12-31T17:20:29","modified_gmt":"2024-12-31T16:20:29","slug":"la-lumiere-de-ladversaire","status":"publish","type":"product","link":"https:\/\/elaimantair.fr\/boutique\/produit\/la-lumiere-de-ladversaire\/","title":{"rendered":"La lumi\u00e8re de l&rsquo;Adversaire"},"content":{"rendered":"<p>La lumi\u00e8re de l&rsquo;Adversaire<\/p>\n<p>Dont le Serment est dit dans le Feu noirci Pour illuminer ceux qui s&rsquo;\u00e9l\u00e8vent avec l&rsquo;aube Jusqu&rsquo;aux myst\u00e8res et au pouvoir des T\u00e9n\u00e8bres\u00a0\u00bb On dit que les Veilleurs, les Anges D\u00e9chus qui ont instruit l&rsquo;humanit\u00e9 et qui sont maintenant appel\u00e9s \u00ab\u00a0esprits mauvais\u00a0\u00bb, ont corrompu les \u00eatres humains par la luxure et par l&rsquo;orgueil. Dans leur descente, selon le mythe des Veilleurs, ils ont apport\u00e9 \u00ab\u00a0la Flamme Noire\u00a0\u00bb, le feu de l&rsquo;esprit et la possibilit\u00e9 de contr\u00f4ler les secrets de l&rsquo;inconscient. Ce pouvoir, symbolis\u00e9 par \u00ab\u00a0l&rsquo;Ange\u00a0\u00bb et le \u00ab\u00a0Daemon\u00a0\u00bb, a \u00e0 son tour apport\u00e9 l&rsquo;intellect et le pouvoir de la pens\u00e9e ind\u00e9pendante. Cette union de l&rsquo;Esprit et de la Chair est nomm\u00e9e N\u00e9philim, un mot qui signifie \u00ab\u00a0Esprit\u00a0\u00bb. La Magick lucif\u00e9rienne vise \u00e0 d\u00e9bloquer ces pouvoirs de l&rsquo;inconscient pour acqu\u00e9rir pouvoir et connaissance. C&rsquo;est pourquoi les Lucif\u00e9riens adoptent et utilisent le symbolisme de l&rsquo;Enfer et de l&rsquo;Inframonde. Michael W. Ford, \u00e0 mi-chemin entre le pur Lucif\u00e9risme et la Chaos Magick, plonge l&rsquo;esprit dans les ab\u00eemes pour d\u00e9couvrir les bases de l&rsquo;Adversaire dans la religion et les mythes jud\u00e9o-chr\u00e9tiens, pour explorer la Chute et la philosophie lucif\u00e9rienne qui enseigne la connaissance interdite de l&rsquo;\u00e9quilibre des t\u00e9n\u00e8bres et de la lumi\u00e8re, la philosophie de lib\u00e9ration des cha\u00eenes de la religion de soumission jud\u00e9o-chr\u00e9tienne. Ce m\u00e9lange de mythologie, de psychologie, de compr\u00e9hension sociale et de Magick donne au Sentier de la Main Gauche une profondeur nouvelle. La Lumi\u00e8re de l&rsquo;Adversaire contient \u00ab\u00a0les T\u00e9n\u00e8bres d&rsquo;Azazel\u00a0\u00bb, le grimoire qui pr\u00e9sente les Veilleurs et la mani\u00e8re de les invoquer, leurs sceaux construits \u00e0 partir des lettres aram\u00e9ennes et leurs attributs \u00e9l\u00e9mentaux et alchimiques traditionnels.<\/p>\n","protected":false},"excerpt":{"rendered":"<p>La lumi\u00e8re de l&rsquo;Adversaire<\/p>\n<p>Dont le Serment est dit dans le Feu noirci Pour illuminer ceux qui s&rsquo;\u00e9l\u00e8vent avec l&rsquo;aube Jusqu&rsquo;aux myst\u00e8res et au pouvoir des T\u00e9n\u00e8bres\u00a0\u00bb On dit que les Veilleurs, les Anges D\u00e9chus qui ont instruit l&rsquo;humanit\u00e9 et qui sont maintenant appel\u00e9s \u00ab\u00a0esprits mauvais\u00a0\u00bb, ont corrompu les \u00eatres humains par la luxure et par l&rsquo;orgueil.<\/p>\n","protected":false},"featured_media":952,"comment_status":"open","ping_status":"closed","template":"","meta":[],"product_brand":[],"product_cat":[68],"product_tag":[],"class_list":{"0":"post-951","1":"product","2":"type-product","3":"status-publish","4":"has-post-thumbnail","6":"product_cat-livres","8":"first","9":"instock","10":"sale","11":"shipping-taxable","12":"purchasable","13":"product-type-simple"},"yoast_head":"<!-- This site is optimized with the Yoast SEO plugin v27.5 - https:\/\/yoast.com\/product\/yoast-seo-wordpress\/ -->\n<title>La lumi\u00e8re de l&#039;Adversaire - Boutique El&#039;aimant Air<\/title>\n<meta name=\"description\" content=\"La lumi\u00e8re de l&#039;Adversaire. Cette union de l&#039;Esprit et de la Chair est nomm\u00e9e N\u00e9philim\" \/>\n<meta name=\"robots\" content=\"index, follow, max-snippet:-1, max-image-preview:large, max-video-preview:-1\" \/>\n<link rel=\"canonical\" href=\"https:\/\/elaimantair.fr\/boutique\/produit\/la-lumiere-de-ladversaire\/\" \/>\n<meta property=\"og:locale\" content=\"fr_FR\" \/>\n<meta property=\"og:type\" content=\"article\" \/>\n<meta property=\"og:title\" content=\"La lumi\u00e8re de l&#039;Adversaire - Boutique El&#039;aimant Air\" \/>\n<meta property=\"og:description\" content=\"La lumi\u00e8re de l&#039;Adversaire. Cette union de l&#039;Esprit et de la Chair est nomm\u00e9e N\u00e9philim\" \/>\n<meta property=\"og:url\" content=\"https:\/\/elaimantair.fr\/boutique\/produit\/la-lumiere-de-ladversaire\/\" \/>\n<meta property=\"og:site_name\" content=\"Boutique El&#039;aimant Air\" \/>\n<meta property=\"article:publisher\" content=\"https:\/\/www.facebook.com\/louka.dou.5\" \/>\n<meta property=\"article:modified_time\" content=\"2024-12-31T16:20:29+00:00\" \/>\n<meta property=\"og:image\" content=\"https:\/\/elaimantair.fr\/boutique\/wp-content\/uploads\/2022\/08\/6862-scaled.jpg\" \/>\n\t<meta property=\"og:image:width\" content=\"1688\" \/>\n\t<meta property=\"og:image:height\" content=\"2560\" \/>\n\t<meta property=\"og:image:type\" content=\"image\/jpeg\" \/>\n<meta name=\"twitter:card\" content=\"summary_large_image\" \/>\n<meta name=\"twitter:site\" content=\"@AimantAir\" \/>\n<meta name=\"twitter:label1\" content=\"Dur\u00e9e de lecture estim\u00e9e\" \/>\n\t<meta name=\"twitter:data1\" content=\"2 minutes\" \/>\n<script type=\"application\/ld+json\" class=\"yoast-schema-graph\">{\"@context\":\"https:\\\/\\\/schema.org\",\"@graph\":[{\"@type\":\"WebPage\",\"@id\":\"https:\\\/\\\/elaimantair.fr\\\/boutique\\\/produit\\\/la-lumiere-de-ladversaire\\\/\",\"url\":\"https:\\\/\\\/elaimantair.fr\\\/boutique\\\/produit\\\/la-lumiere-de-ladversaire\\\/\",\"name\":\"La lumi\u00e8re de l'Adversaire - Boutique El&#039;aimant Air\",\"isPartOf\":{\"@id\":\"https:\\\/\\\/elaimantair.fr\\\/boutique\\\/#website\"},\"primaryImageOfPage\":{\"@id\":\"https:\\\/\\\/elaimantair.fr\\\/boutique\\\/produit\\\/la-lumiere-de-ladversaire\\\/#primaryimage\"},\"image\":{\"@id\":\"https:\\\/\\\/elaimantair.fr\\\/boutique\\\/produit\\\/la-lumiere-de-ladversaire\\\/#primaryimage\"},\"thumbnailUrl\":\"https:\\\/\\\/elaimantair.fr\\\/boutique\\\/wp-content\\\/uploads\\\/2022\\\/08\\\/6862-scaled.jpg\",\"datePublished\":\"2022-08-14T18:02:25+00:00\",\"dateModified\":\"2024-12-31T16:20:29+00:00\",\"description\":\"La lumi\u00e8re de l'Adversaire. Cette union de l'Esprit et de la Chair est nomm\u00e9e N\u00e9philim\",\"breadcrumb\":{\"@id\":\"https:\\\/\\\/elaimantair.fr\\\/boutique\\\/produit\\\/la-lumiere-de-ladversaire\\\/#breadcrumb\"},\"inLanguage\":\"fr-FR\",\"potentialAction\":[{\"@type\":\"ReadAction\",\"target\":[\"https:\\\/\\\/elaimantair.fr\\\/boutique\\\/produit\\\/la-lumiere-de-ladversaire\\\/\"]}]},{\"@type\":\"ImageObject\",\"inLanguage\":\"fr-FR\",\"@id\":\"https:\\\/\\\/elaimantair.fr\\\/boutique\\\/produit\\\/la-lumiere-de-ladversaire\\\/#primaryimage\",\"url\":\"https:\\\/\\\/elaimantair.fr\\\/boutique\\\/wp-content\\\/uploads\\\/2022\\\/08\\\/6862-scaled.jpg\",\"contentUrl\":\"https:\\\/\\\/elaimantair.fr\\\/boutique\\\/wp-content\\\/uploads\\\/2022\\\/08\\\/6862-scaled.jpg\",\"width\":1688,\"height\":2560},{\"@type\":\"BreadcrumbList\",\"@id\":\"https:\\\/\\\/elaimantair.fr\\\/boutique\\\/produit\\\/la-lumiere-de-ladversaire\\\/#breadcrumb\",\"itemListElement\":[{\"@type\":\"ListItem\",\"position\":1,\"name\":\"Accueil boutique\",\"item\":\"https:\\\/\\\/elaimantair.fr\\\/boutique\\\/\"},{\"@type\":\"ListItem\",\"position\":2,\"name\":\"Accueil boutique\",\"item\":\"https:\\\/\\\/elaimantair.fr\\\/boutique\\\/\"},{\"@type\":\"ListItem\",\"position\":3,\"name\":\"La lumi\u00e8re de l&rsquo;Adversaire\"}]},{\"@type\":\"WebSite\",\"@id\":\"https:\\\/\\\/elaimantair.fr\\\/boutique\\\/#website\",\"url\":\"https:\\\/\\\/elaimantair.fr\\\/boutique\\\/\",\"name\":\"Boutique El'aimant Air\",\"description\":\"Sublimer votre lumi\u00e8re\",\"publisher\":{\"@id\":\"https:\\\/\\\/elaimantair.fr\\\/boutique\\\/#organization\"},\"potentialAction\":[{\"@type\":\"SearchAction\",\"target\":{\"@type\":\"EntryPoint\",\"urlTemplate\":\"https:\\\/\\\/elaimantair.fr\\\/boutique\\\/?s={search_term_string}\"},\"query-input\":{\"@type\":\"PropertyValueSpecification\",\"valueRequired\":true,\"valueName\":\"search_term_string\"}}],\"inLanguage\":\"fr-FR\"},{\"@type\":\"Organization\",\"@id\":\"https:\\\/\\\/elaimantair.fr\\\/boutique\\\/#organization\",\"name\":\"El'aimant Air\",\"url\":\"https:\\\/\\\/elaimantair.fr\\\/boutique\\\/\",\"logo\":{\"@type\":\"ImageObject\",\"inLanguage\":\"fr-FR\",\"@id\":\"https:\\\/\\\/elaimantair.fr\\\/boutique\\\/#\\\/schema\\\/logo\\\/image\\\/\",\"url\":\"https:\\\/\\\/elaimantair.fr\\\/boutique\\\/wp-content\\\/uploads\\\/2022\\\/04\\\/elaimantairLogo-512.jpg\",\"contentUrl\":\"https:\\\/\\\/elaimantair.fr\\\/boutique\\\/wp-content\\\/uploads\\\/2022\\\/04\\\/elaimantairLogo-512.jpg\",\"width\":512,\"height\":512,\"caption\":\"El'aimant Air\"},\"image\":{\"@id\":\"https:\\\/\\\/elaimantair.fr\\\/boutique\\\/#\\\/schema\\\/logo\\\/image\\\/\"},\"sameAs\":[\"https:\\\/\\\/www.facebook.com\\\/louka.dou.5\",\"https:\\\/\\\/x.com\\\/AimantAir\",\"https:\\\/\\\/www.instagram.com\\\/elaimantair\",\"https:\\\/\\\/www.pinterest.com\\\/Elaimantair\\\/\"]}]}<\/script>\n<!-- \/ Yoast SEO plugin. -->","yoast_head_json":{"title":"La lumi\u00e8re de l'Adversaire - Boutique El&#039;aimant Air","description":"La lumi\u00e8re de l'Adversaire. Cette union de l'Esprit et de la Chair est nomm\u00e9e N\u00e9philim","robots":{"index":"index","follow":"follow","max-snippet":"max-snippet:-1","max-image-preview":"max-image-preview:large","max-video-preview":"max-video-preview:-1"},"canonical":"https:\/\/elaimantair.fr\/boutique\/produit\/la-lumiere-de-ladversaire\/","og_locale":"fr_FR","og_type":"article","og_title":"La lumi\u00e8re de l'Adversaire - Boutique El&#039;aimant Air","og_description":"La lumi\u00e8re de l'Adversaire. Cette union de l'Esprit et de la Chair est nomm\u00e9e N\u00e9philim","og_url":"https:\/\/elaimantair.fr\/boutique\/produit\/la-lumiere-de-ladversaire\/","og_site_name":"Boutique El&#039;aimant Air","article_publisher":"https:\/\/www.facebook.com\/louka.dou.5","article_modified_time":"2024-12-31T16:20:29+00:00","og_image":[{"width":1688,"height":2560,"url":"https:\/\/elaimantair.fr\/boutique\/wp-content\/uploads\/2022\/08\/6862-scaled.jpg","type":"image\/jpeg"}],"twitter_card":"summary_large_image","twitter_site":"@AimantAir","twitter_misc":{"Dur\u00e9e de lecture estim\u00e9e":"2 minutes"},"schema":{"@context":"https:\/\/schema.org","@graph":[{"@type":"WebPage","@id":"https:\/\/elaimantair.fr\/boutique\/produit\/la-lumiere-de-ladversaire\/","url":"https:\/\/elaimantair.fr\/boutique\/produit\/la-lumiere-de-ladversaire\/","name":"La lumi\u00e8re de l'Adversaire - Boutique El&#039;aimant Air","isPartOf":{"@id":"https:\/\/elaimantair.fr\/boutique\/#website"},"primaryImageOfPage":{"@id":"https:\/\/elaimantair.fr\/boutique\/produit\/la-lumiere-de-ladversaire\/#primaryimage"},"image":{"@id":"https:\/\/elaimantair.fr\/boutique\/produit\/la-lumiere-de-ladversaire\/#primaryimage"},"thumbnailUrl":"https:\/\/elaimantair.fr\/boutique\/wp-content\/uploads\/2022\/08\/6862-scaled.jpg","datePublished":"2022-08-14T18:02:25+00:00","dateModified":"2024-12-31T16:20:29+00:00","description":"La lumi\u00e8re de l'Adversaire. Cette union de l'Esprit et de la Chair est nomm\u00e9e N\u00e9philim","breadcrumb":{"@id":"https:\/\/elaimantair.fr\/boutique\/produit\/la-lumiere-de-ladversaire\/#breadcrumb"},"inLanguage":"fr-FR","potentialAction":[{"@type":"ReadAction","target":["https:\/\/elaimantair.fr\/boutique\/produit\/la-lumiere-de-ladversaire\/"]}]},{"@type":"ImageObject","inLanguage":"fr-FR","@id":"https:\/\/elaimantair.fr\/boutique\/produit\/la-lumiere-de-ladversaire\/#primaryimage","url":"https:\/\/elaimantair.fr\/boutique\/wp-content\/uploads\/2022\/08\/6862-scaled.jpg","contentUrl":"https:\/\/elaimantair.fr\/boutique\/wp-content\/uploads\/2022\/08\/6862-scaled.jpg","width":1688,"height":2560},{"@type":"BreadcrumbList","@id":"https:\/\/elaimantair.fr\/boutique\/produit\/la-lumiere-de-ladversaire\/#breadcrumb","itemListElement":[{"@type":"ListItem","position":1,"name":"Accueil boutique","item":"https:\/\/elaimantair.fr\/boutique\/"},{"@type":"ListItem","position":2,"name":"Accueil boutique","item":"https:\/\/elaimantair.fr\/boutique\/"},{"@type":"ListItem","position":3,"name":"La lumi\u00e8re de l&rsquo;Adversaire"}]},{"@type":"WebSite","@id":"https:\/\/elaimantair.fr\/boutique\/#website","url":"https:\/\/elaimantair.fr\/boutique\/","name":"Boutique El'aimant Air","description":"Sublimer votre lumi\u00e8re","publisher":{"@id":"https:\/\/elaimantair.fr\/boutique\/#organization"},"potentialAction":[{"@type":"SearchAction","target":{"@type":"EntryPoint","urlTemplate":"https:\/\/elaimantair.fr\/boutique\/?s={search_term_string}"},"query-input":{"@type":"PropertyValueSpecification","valueRequired":true,"valueName":"search_term_string"}}],"inLanguage":"fr-FR"},{"@type":"Organization","@id":"https:\/\/elaimantair.fr\/boutique\/#organization","name":"El'aimant Air","url":"https:\/\/elaimantair.fr\/boutique\/","logo":{"@type":"ImageObject","inLanguage":"fr-FR","@id":"https:\/\/elaimantair.fr\/boutique\/#\/schema\/logo\/image\/","url":"https:\/\/elaimantair.fr\/boutique\/wp-content\/uploads\/2022\/04\/elaimantairLogo-512.jpg","contentUrl":"https:\/\/elaimantair.fr\/boutique\/wp-content\/uploads\/2022\/04\/elaimantairLogo-512.jpg","width":512,"height":512,"caption":"El'aimant Air"},"image":{"@id":"https:\/\/elaimantair.fr\/boutique\/#\/schema\/logo\/image\/"},"sameAs":["https:\/\/www.facebook.com\/louka.dou.5","https:\/\/x.com\/AimantAir","https:\/\/www.instagram.com\/elaimantair","https:\/\/www.pinterest.com\/Elaimantair\/"]}]}},"jetpack_sharing_enabled":true,"_links":{"self":[{"href":"https:\/\/elaimantair.fr\/boutique\/wp-json\/wp\/v2\/product\/951","targetHints":{"allow":["GET"]}}],"collection":[{"href":"https:\/\/elaimantair.fr\/boutique\/wp-json\/wp\/v2\/product"}],"about":[{"href":"https:\/\/elaimantair.fr\/boutique\/wp-json\/wp\/v2\/types\/product"}],"replies":[{"embeddable":true,"href":"https:\/\/elaimantair.fr\/boutique\/wp-json\/wp\/v2\/comments?post=951"}],"wp:featuredmedia":[{"embeddable":true,"href":"https:\/\/elaimantair.fr\/boutique\/wp-json\/wp\/v2\/media\/952"}],"wp:attachment":[{"href":"https:\/\/elaimantair.fr\/boutique\/wp-json\/wp\/v2\/media?parent=951"}],"wp:term":[{"taxonomy":"product_brand","embeddable":true,"href":"https:\/\/elaimantair.fr\/boutique\/wp-json\/wp\/v2\/product_brand?post=951"},{"taxonomy":"product_cat","embeddable":true,"href":"https:\/\/elaimantair.fr\/boutique\/wp-json\/wp\/v2\/product_cat?post=951"},{"taxonomy":"product_tag","embeddable":true,"href":"https:\/\/elaimantair.fr\/boutique\/wp-json\/wp\/v2\/product_tag?post=951"}],"curies":[{"name":"wp","href":"https:\/\/api.w.org\/{rel}","templated":true}]}}