{"id":92,"date":"2022-04-12T03:42:25","date_gmt":"2022-04-12T01:42:25","guid":{"rendered":"https:\/\/elaimantair.fr\/boutique\/?post_type=product&#038;p=92"},"modified":"2022-06-06T18:46:03","modified_gmt":"2022-06-06T16:46:03","slug":"druses-cristal-de-roche","status":"publish","type":"product","link":"https:\/\/elaimantair.fr\/boutique\/produit\/druses-cristal-de-roche\/","title":{"rendered":"Cristal de Roche"},"content":{"rendered":"<p>Amas de cristaux de roche cristallis\u00e9s, id\u00e9al pour le rechargement des min\u00e9raux.<\/p>\n<p>Le Cristal de roche est une pierre importante en lithoth\u00e9rapie.<br \/>\nC\u2019est une roche du groupe des silicates, c&rsquo;est un dioxyde de silicium (SiO<sub>2<\/sub>).<\/p>\n<p>Associ\u00e9 \u00e0 d&rsquo;autres pierres, il en renforcera l&rsquo;effet.<\/p>\n<p>Sur le plan physique, cette roche soulage les migraines, la fi\u00e8vre, les naus\u00e9es et les piq\u00fbres d&rsquo;insectes.<\/p>\n<p>Il est tr\u00e8s facile de la programmer de part son \u00e9nergie neutre. c&rsquo;est le couteau suisse des min\u00e9raux.<\/p>\n<p>&nbsp;<\/p>\n<p>&nbsp;<\/p>\n","protected":false},"excerpt":{"rendered":"<p>Amas de cristaux de roche cristallis\u00e9s, id\u00e9al pour le rechargement des min\u00e9raux. Le Cristal de roche est une pierre importante en lithoth\u00e9rapie. C\u2019est une roche du groupe des silicates, c&rsquo;est un dioxyde de silicium (SiO2). Associ\u00e9 \u00e0 d&rsquo;autres pierres, il en renforcera l&rsquo;effet. Sur le plan physique, cette roche soulage les migraines, la fi\u00e8vre, les [&hellip;]<\/p>\n","protected":false},"featured_media":281,"comment_status":"open","ping_status":"closed","template":"","meta":[],"product_brand":[],"product_cat":[32,28,29],"product_tag":[],"class_list":{"0":"post-92","1":"product","2":"type-product","3":"status-publish","4":"has-post-thumbnail","6":"product_cat-cristalderoche","7":"product_cat-druses","8":"product_cat-mineraux","10":"first","11":"instock","12":"sold-individually","13":"shipping-taxable","14":"purchasable","15":"product-type-simple"},"yoast_head":"<!-- This site is optimized with the Yoast SEO plugin v27.3 - https:\/\/yoast.com\/product\/yoast-seo-wordpress\/ -->\n<title>Cristal de Roche - Boutique El&#039;aimant Air<\/title>\n<meta name=\"robots\" content=\"index, follow, max-snippet:-1, max-image-preview:large, max-video-preview:-1\" \/>\n<link rel=\"canonical\" href=\"https:\/\/elaimantair.fr\/boutique\/produit\/druses-cristal-de-roche\/\" \/>\n<meta property=\"og:locale\" content=\"fr_FR\" \/>\n<meta property=\"og:type\" content=\"article\" \/>\n<meta property=\"og:title\" content=\"Cristal de Roche - Boutique El&#039;aimant Air\" \/>\n<meta property=\"og:description\" content=\"Amas de cristaux de roche cristallis\u00e9s, id\u00e9al pour le rechargement des min\u00e9raux. Le Cristal de roche est une pierre importante en lithoth\u00e9rapie. C\u2019est une roche du groupe des silicates, c&rsquo;est un dioxyde de silicium (SiO2). Associ\u00e9 \u00e0 d&rsquo;autres pierres, il en renforcera l&rsquo;effet. Sur le plan physique, cette roche soulage les migraines, la fi\u00e8vre, les [&hellip;]\" \/>\n<meta property=\"og:url\" content=\"https:\/\/elaimantair.fr\/boutique\/produit\/druses-cristal-de-roche\/\" \/>\n<meta property=\"og:site_name\" content=\"Boutique El&#039;aimant Air\" \/>\n<meta property=\"article:publisher\" content=\"https:\/\/www.facebook.com\/louka.dou.5\" \/>\n<meta property=\"article:modified_time\" content=\"2022-06-06T16:46:03+00:00\" \/>\n<meta property=\"og:image\" content=\"https:\/\/elaimantair.fr\/boutique\/wp-content\/uploads\/2022\/04\/cristal-de-roche-2-scaled.jpg\" \/>\n\t<meta property=\"og:image:width\" content=\"1920\" \/>\n\t<meta property=\"og:image:height\" content=\"2560\" \/>\n\t<meta property=\"og:image:type\" content=\"image\/jpeg\" \/>\n<meta name=\"twitter:card\" content=\"summary_large_image\" \/>\n<meta name=\"twitter:site\" content=\"@AimantAir\" \/>\n<script type=\"application\/ld+json\" class=\"yoast-schema-graph\">{\"@context\":\"https:\\\/\\\/schema.org\",\"@graph\":[{\"@type\":\"WebPage\",\"@id\":\"https:\\\/\\\/elaimantair.fr\\\/boutique\\\/produit\\\/druses-cristal-de-roche\\\/\",\"url\":\"https:\\\/\\\/elaimantair.fr\\\/boutique\\\/produit\\\/druses-cristal-de-roche\\\/\",\"name\":\"Cristal de Roche - Boutique El&#039;aimant Air\",\"isPartOf\":{\"@id\":\"https:\\\/\\\/elaimantair.fr\\\/boutique\\\/#website\"},\"primaryImageOfPage\":{\"@id\":\"https:\\\/\\\/elaimantair.fr\\\/boutique\\\/produit\\\/druses-cristal-de-roche\\\/#primaryimage\"},\"image\":{\"@id\":\"https:\\\/\\\/elaimantair.fr\\\/boutique\\\/produit\\\/druses-cristal-de-roche\\\/#primaryimage\"},\"thumbnailUrl\":\"https:\\\/\\\/elaimantair.fr\\\/boutique\\\/wp-content\\\/uploads\\\/2022\\\/04\\\/cristal-de-roche-2-scaled.jpg\",\"datePublished\":\"2022-04-12T01:42:25+00:00\",\"dateModified\":\"2022-06-06T16:46:03+00:00\",\"breadcrumb\":{\"@id\":\"https:\\\/\\\/elaimantair.fr\\\/boutique\\\/produit\\\/druses-cristal-de-roche\\\/#breadcrumb\"},\"inLanguage\":\"fr-FR\",\"potentialAction\":[{\"@type\":\"ReadAction\",\"target\":[\"https:\\\/\\\/elaimantair.fr\\\/boutique\\\/produit\\\/druses-cristal-de-roche\\\/\"]}]},{\"@type\":\"ImageObject\",\"inLanguage\":\"fr-FR\",\"@id\":\"https:\\\/\\\/elaimantair.fr\\\/boutique\\\/produit\\\/druses-cristal-de-roche\\\/#primaryimage\",\"url\":\"https:\\\/\\\/elaimantair.fr\\\/boutique\\\/wp-content\\\/uploads\\\/2022\\\/04\\\/cristal-de-roche-2-scaled.jpg\",\"contentUrl\":\"https:\\\/\\\/elaimantair.fr\\\/boutique\\\/wp-content\\\/uploads\\\/2022\\\/04\\\/cristal-de-roche-2-scaled.jpg\",\"width\":1920,\"height\":2560,\"caption\":\"Cristal de Roche\"},{\"@type\":\"BreadcrumbList\",\"@id\":\"https:\\\/\\\/elaimantair.fr\\\/boutique\\\/produit\\\/druses-cristal-de-roche\\\/#breadcrumb\",\"itemListElement\":[{\"@type\":\"ListItem\",\"position\":1,\"name\":\"Accueil boutique\",\"item\":\"https:\\\/\\\/elaimantair.fr\\\/boutique\\\/\"},{\"@type\":\"ListItem\",\"position\":2,\"name\":\"Accueil boutique\",\"item\":\"https:\\\/\\\/elaimantair.fr\\\/boutique\\\/\"},{\"@type\":\"ListItem\",\"position\":3,\"name\":\"Cristal de Roche\"}]},{\"@type\":\"WebSite\",\"@id\":\"https:\\\/\\\/elaimantair.fr\\\/boutique\\\/#website\",\"url\":\"https:\\\/\\\/elaimantair.fr\\\/boutique\\\/\",\"name\":\"Boutique El'aimant Air\",\"description\":\"Sublimer votre lumi\u00e8re\",\"publisher\":{\"@id\":\"https:\\\/\\\/elaimantair.fr\\\/boutique\\\/#organization\"},\"potentialAction\":[{\"@type\":\"SearchAction\",\"target\":{\"@type\":\"EntryPoint\",\"urlTemplate\":\"https:\\\/\\\/elaimantair.fr\\\/boutique\\\/?s={search_term_string}\"},\"query-input\":{\"@type\":\"PropertyValueSpecification\",\"valueRequired\":true,\"valueName\":\"search_term_string\"}}],\"inLanguage\":\"fr-FR\"},{\"@type\":\"Organization\",\"@id\":\"https:\\\/\\\/elaimantair.fr\\\/boutique\\\/#organization\",\"name\":\"El'aimant Air\",\"url\":\"https:\\\/\\\/elaimantair.fr\\\/boutique\\\/\",\"logo\":{\"@type\":\"ImageObject\",\"inLanguage\":\"fr-FR\",\"@id\":\"https:\\\/\\\/elaimantair.fr\\\/boutique\\\/#\\\/schema\\\/logo\\\/image\\\/\",\"url\":\"https:\\\/\\\/elaimantair.fr\\\/boutique\\\/wp-content\\\/uploads\\\/2022\\\/04\\\/elaimantairLogo-512.jpg\",\"contentUrl\":\"https:\\\/\\\/elaimantair.fr\\\/boutique\\\/wp-content\\\/uploads\\\/2022\\\/04\\\/elaimantairLogo-512.jpg\",\"width\":512,\"height\":512,\"caption\":\"El'aimant Air\"},\"image\":{\"@id\":\"https:\\\/\\\/elaimantair.fr\\\/boutique\\\/#\\\/schema\\\/logo\\\/image\\\/\"},\"sameAs\":[\"https:\\\/\\\/www.facebook.com\\\/louka.dou.5\",\"https:\\\/\\\/x.com\\\/AimantAir\",\"https:\\\/\\\/www.instagram.com\\\/elaimantair\",\"https:\\\/\\\/www.pinterest.com\\\/Elaimantair\\\/\"]}]}<\/script>\n<!-- \/ Yoast SEO plugin. -->","yoast_head_json":{"title":"Cristal de Roche - Boutique El&#039;aimant Air","robots":{"index":"index","follow":"follow","max-snippet":"max-snippet:-1","max-image-preview":"max-image-preview:large","max-video-preview":"max-video-preview:-1"},"canonical":"https:\/\/elaimantair.fr\/boutique\/produit\/druses-cristal-de-roche\/","og_locale":"fr_FR","og_type":"article","og_title":"Cristal de Roche - Boutique El&#039;aimant Air","og_description":"Amas de cristaux de roche cristallis\u00e9s, id\u00e9al pour le rechargement des min\u00e9raux. Le Cristal de roche est une pierre importante en lithoth\u00e9rapie. C\u2019est une roche du groupe des silicates, c&rsquo;est un dioxyde de silicium (SiO2). Associ\u00e9 \u00e0 d&rsquo;autres pierres, il en renforcera l&rsquo;effet. Sur le plan physique, cette roche soulage les migraines, la fi\u00e8vre, les [&hellip;]","og_url":"https:\/\/elaimantair.fr\/boutique\/produit\/druses-cristal-de-roche\/","og_site_name":"Boutique El&#039;aimant Air","article_publisher":"https:\/\/www.facebook.com\/louka.dou.5","article_modified_time":"2022-06-06T16:46:03+00:00","og_image":[{"width":1920,"height":2560,"url":"https:\/\/elaimantair.fr\/boutique\/wp-content\/uploads\/2022\/04\/cristal-de-roche-2-scaled.jpg","type":"image\/jpeg"}],"twitter_card":"summary_large_image","twitter_site":"@AimantAir","schema":{"@context":"https:\/\/schema.org","@graph":[{"@type":"WebPage","@id":"https:\/\/elaimantair.fr\/boutique\/produit\/druses-cristal-de-roche\/","url":"https:\/\/elaimantair.fr\/boutique\/produit\/druses-cristal-de-roche\/","name":"Cristal de Roche - Boutique El&#039;aimant Air","isPartOf":{"@id":"https:\/\/elaimantair.fr\/boutique\/#website"},"primaryImageOfPage":{"@id":"https:\/\/elaimantair.fr\/boutique\/produit\/druses-cristal-de-roche\/#primaryimage"},"image":{"@id":"https:\/\/elaimantair.fr\/boutique\/produit\/druses-cristal-de-roche\/#primaryimage"},"thumbnailUrl":"https:\/\/elaimantair.fr\/boutique\/wp-content\/uploads\/2022\/04\/cristal-de-roche-2-scaled.jpg","datePublished":"2022-04-12T01:42:25+00:00","dateModified":"2022-06-06T16:46:03+00:00","breadcrumb":{"@id":"https:\/\/elaimantair.fr\/boutique\/produit\/druses-cristal-de-roche\/#breadcrumb"},"inLanguage":"fr-FR","potentialAction":[{"@type":"ReadAction","target":["https:\/\/elaimantair.fr\/boutique\/produit\/druses-cristal-de-roche\/"]}]},{"@type":"ImageObject","inLanguage":"fr-FR","@id":"https:\/\/elaimantair.fr\/boutique\/produit\/druses-cristal-de-roche\/#primaryimage","url":"https:\/\/elaimantair.fr\/boutique\/wp-content\/uploads\/2022\/04\/cristal-de-roche-2-scaled.jpg","contentUrl":"https:\/\/elaimantair.fr\/boutique\/wp-content\/uploads\/2022\/04\/cristal-de-roche-2-scaled.jpg","width":1920,"height":2560,"caption":"Cristal de Roche"},{"@type":"BreadcrumbList","@id":"https:\/\/elaimantair.fr\/boutique\/produit\/druses-cristal-de-roche\/#breadcrumb","itemListElement":[{"@type":"ListItem","position":1,"name":"Accueil boutique","item":"https:\/\/elaimantair.fr\/boutique\/"},{"@type":"ListItem","position":2,"name":"Accueil boutique","item":"https:\/\/elaimantair.fr\/boutique\/"},{"@type":"ListItem","position":3,"name":"Cristal de Roche"}]},{"@type":"WebSite","@id":"https:\/\/elaimantair.fr\/boutique\/#website","url":"https:\/\/elaimantair.fr\/boutique\/","name":"Boutique El'aimant Air","description":"Sublimer votre lumi\u00e8re","publisher":{"@id":"https:\/\/elaimantair.fr\/boutique\/#organization"},"potentialAction":[{"@type":"SearchAction","target":{"@type":"EntryPoint","urlTemplate":"https:\/\/elaimantair.fr\/boutique\/?s={search_term_string}"},"query-input":{"@type":"PropertyValueSpecification","valueRequired":true,"valueName":"search_term_string"}}],"inLanguage":"fr-FR"},{"@type":"Organization","@id":"https:\/\/elaimantair.fr\/boutique\/#organization","name":"El'aimant Air","url":"https:\/\/elaimantair.fr\/boutique\/","logo":{"@type":"ImageObject","inLanguage":"fr-FR","@id":"https:\/\/elaimantair.fr\/boutique\/#\/schema\/logo\/image\/","url":"https:\/\/elaimantair.fr\/boutique\/wp-content\/uploads\/2022\/04\/elaimantairLogo-512.jpg","contentUrl":"https:\/\/elaimantair.fr\/boutique\/wp-content\/uploads\/2022\/04\/elaimantairLogo-512.jpg","width":512,"height":512,"caption":"El'aimant Air"},"image":{"@id":"https:\/\/elaimantair.fr\/boutique\/#\/schema\/logo\/image\/"},"sameAs":["https:\/\/www.facebook.com\/louka.dou.5","https:\/\/x.com\/AimantAir","https:\/\/www.instagram.com\/elaimantair","https:\/\/www.pinterest.com\/Elaimantair\/"]}]}},"jetpack_sharing_enabled":true,"_links":{"self":[{"href":"https:\/\/elaimantair.fr\/boutique\/wp-json\/wp\/v2\/product\/92","targetHints":{"allow":["GET"]}}],"collection":[{"href":"https:\/\/elaimantair.fr\/boutique\/wp-json\/wp\/v2\/product"}],"about":[{"href":"https:\/\/elaimantair.fr\/boutique\/wp-json\/wp\/v2\/types\/product"}],"replies":[{"embeddable":true,"href":"https:\/\/elaimantair.fr\/boutique\/wp-json\/wp\/v2\/comments?post=92"}],"wp:featuredmedia":[{"embeddable":true,"href":"https:\/\/elaimantair.fr\/boutique\/wp-json\/wp\/v2\/media\/281"}],"wp:attachment":[{"href":"https:\/\/elaimantair.fr\/boutique\/wp-json\/wp\/v2\/media?parent=92"}],"wp:term":[{"taxonomy":"product_brand","embeddable":true,"href":"https:\/\/elaimantair.fr\/boutique\/wp-json\/wp\/v2\/product_brand?post=92"},{"taxonomy":"product_cat","embeddable":true,"href":"https:\/\/elaimantair.fr\/boutique\/wp-json\/wp\/v2\/product_cat?post=92"},{"taxonomy":"product_tag","embeddable":true,"href":"https:\/\/elaimantair.fr\/boutique\/wp-json\/wp\/v2\/product_tag?post=92"}],"curies":[{"name":"wp","href":"https:\/\/api.w.org\/{rel}","templated":true}]}}