{"id":880,"date":"2022-08-09T01:18:13","date_gmt":"2022-08-08T23:18:13","guid":{"rendered":"https:\/\/elaimantair.fr\/boutique\/produit\/victime-bourreau-ou-sauveur-comment-sortir-du-piege\/"},"modified":"2024-12-31T01:19:41","modified_gmt":"2024-12-31T00:19:41","slug":"victime-bourreau-ou-sauveur-comment-sortir-du-piege","status":"publish","type":"product","link":"https:\/\/elaimantair.fr\/boutique\/produit\/victime-bourreau-ou-sauveur-comment-sortir-du-piege\/","title":{"rendered":"Victime, bourreau ou sauveur comment sortir du pi\u00e8ge ?"},"content":{"rendered":"<p>Victime, bourreau ou sauveur comment sortir du pi\u00e8ge ?<\/p>\n<p>\u00ab\u00a0Bonne nouvelle : sortir du triangle dramatique, c\u2019est possible, et ce livre vous y invite\u00a0!\u00a0\u00bb<br \/>\n\u00c0 chaque fois que vous vivez une relation n\u00e9gative, d\u00e9courageante et frustrante, il y a fort \u00e0 parier que vous vous \u00eates fait entra\u00eener dans un jeu de triangle.\u00a0 M\u00eame s\u2019il n\u2019y a rien de dr\u00f4le, le terme de jeu est ad\u00e9quat car ces situations n\u00e9gatives sont \u00e9trangement standard et ob\u00e9issent \u00e0 des r\u00e8gles quasi immuables. Vous retrouverez, parmi les protagonistes de vos difficult\u00e9s relationnelles, un des profils suivants :<br \/>\nUne victime : elle est pure et innocente, passive et impuissante, plaintive et pitoyable, \u00e9trangement gaffeuse et parfois exasp\u00e9rante.<br \/>\nUn bourreau : critique et d\u00e9valorisant, blessant et cruel, mena\u00e7ant voire violent, et surtout empli d\u2019une frustration qu\u2019il cherche \u00e0 \u00e9vacuer sur&#8230; une victime innocente, bien s\u00fbr.<br \/>\nUn sauveur : bon et g\u00e9n\u00e9reux, fort et altruiste, protecteur et infantilisant, mais surtout tr\u00e8s culpabilisant. D\u00e9couvrez tous les outils pour rep\u00e9rer les jeux et en sortir !<\/p>\n","protected":false},"excerpt":{"rendered":"<p>\u00c0 chaque fois que vous vivez une relation n\u00e9gative, d\u00e9courageante et frustrante, il y a fort \u00e0 parier que vous vous \u00eates fait entra\u00eener dans un jeu de triangle&#8230;<\/p>\n","protected":false},"featured_media":878,"comment_status":"open","ping_status":"closed","template":"","meta":[],"product_brand":[],"product_cat":[68],"product_tag":[],"class_list":{"0":"post-880","1":"product","2":"type-product","3":"status-publish","4":"has-post-thumbnail","6":"product_cat-livres","8":"first","9":"instock","10":"sale","11":"shipping-taxable","12":"purchasable","13":"product-type-simple"},"yoast_head":"<!-- This site is optimized with the Yoast SEO plugin v27.5 - https:\/\/yoast.com\/product\/yoast-seo-wordpress\/ -->\n<title>Victime, bourreau ou sauveur comment sortir du pi\u00e8ge ? - Boutique El&#039;aimant Air<\/title>\n<meta name=\"description\" content=\"\u00c0 chaque fois que vous vivez une relation n\u00e9gative, d\u00e9courageante et frustrante, il y a fort \u00e0 parier que vous vous \u00eates fait entra\u00eener dans un jeu de triangle\" \/>\n<meta name=\"robots\" content=\"index, follow, max-snippet:-1, max-image-preview:large, max-video-preview:-1\" \/>\n<link rel=\"canonical\" href=\"https:\/\/elaimantair.fr\/boutique\/produit\/victime-bourreau-ou-sauveur-comment-sortir-du-piege\/\" \/>\n<meta property=\"og:locale\" content=\"fr_FR\" \/>\n<meta property=\"og:type\" content=\"article\" \/>\n<meta property=\"og:title\" content=\"Victime, bourreau ou sauveur comment sortir du pi\u00e8ge ? - Boutique El&#039;aimant Air\" \/>\n<meta property=\"og:description\" content=\"\u00c0 chaque fois que vous vivez une relation n\u00e9gative, d\u00e9courageante et frustrante, il y a fort \u00e0 parier que vous vous \u00eates fait entra\u00eener dans un jeu de triangle\" \/>\n<meta property=\"og:url\" content=\"https:\/\/elaimantair.fr\/boutique\/produit\/victime-bourreau-ou-sauveur-comment-sortir-du-piege\/\" \/>\n<meta property=\"og:site_name\" content=\"Boutique El&#039;aimant Air\" \/>\n<meta property=\"article:publisher\" content=\"https:\/\/www.facebook.com\/louka.dou.5\" \/>\n<meta property=\"article:modified_time\" content=\"2024-12-31T00:19:41+00:00\" \/>\n<meta property=\"og:image\" content=\"https:\/\/elaimantair.fr\/boutique\/wp-content\/uploads\/2022\/08\/8336-scaled.jpg\" \/>\n\t<meta property=\"og:image:width\" content=\"1713\" \/>\n\t<meta property=\"og:image:height\" content=\"2560\" \/>\n\t<meta property=\"og:image:type\" content=\"image\/jpeg\" \/>\n<meta name=\"twitter:card\" content=\"summary_large_image\" \/>\n<meta name=\"twitter:site\" content=\"@AimantAir\" \/>\n<meta name=\"twitter:label1\" content=\"Dur\u00e9e de lecture estim\u00e9e\" \/>\n\t<meta name=\"twitter:data1\" content=\"1 minute\" \/>\n<script type=\"application\/ld+json\" class=\"yoast-schema-graph\">{\"@context\":\"https:\\\/\\\/schema.org\",\"@graph\":[{\"@type\":\"WebPage\",\"@id\":\"https:\\\/\\\/elaimantair.fr\\\/boutique\\\/produit\\\/victime-bourreau-ou-sauveur-comment-sortir-du-piege\\\/\",\"url\":\"https:\\\/\\\/elaimantair.fr\\\/boutique\\\/produit\\\/victime-bourreau-ou-sauveur-comment-sortir-du-piege\\\/\",\"name\":\"Victime, bourreau ou sauveur comment sortir du pi\u00e8ge ? - Boutique El&#039;aimant Air\",\"isPartOf\":{\"@id\":\"https:\\\/\\\/elaimantair.fr\\\/boutique\\\/#website\"},\"primaryImageOfPage\":{\"@id\":\"https:\\\/\\\/elaimantair.fr\\\/boutique\\\/produit\\\/victime-bourreau-ou-sauveur-comment-sortir-du-piege\\\/#primaryimage\"},\"image\":{\"@id\":\"https:\\\/\\\/elaimantair.fr\\\/boutique\\\/produit\\\/victime-bourreau-ou-sauveur-comment-sortir-du-piege\\\/#primaryimage\"},\"thumbnailUrl\":\"https:\\\/\\\/elaimantair.fr\\\/boutique\\\/wp-content\\\/uploads\\\/2022\\\/08\\\/8336-scaled.jpg\",\"datePublished\":\"2022-08-08T23:18:13+00:00\",\"dateModified\":\"2024-12-31T00:19:41+00:00\",\"description\":\"\u00c0 chaque fois que vous vivez une relation n\u00e9gative, d\u00e9courageante et frustrante, il y a fort \u00e0 parier que vous vous \u00eates fait entra\u00eener dans un jeu de triangle\",\"breadcrumb\":{\"@id\":\"https:\\\/\\\/elaimantair.fr\\\/boutique\\\/produit\\\/victime-bourreau-ou-sauveur-comment-sortir-du-piege\\\/#breadcrumb\"},\"inLanguage\":\"fr-FR\",\"potentialAction\":[{\"@type\":\"ReadAction\",\"target\":[\"https:\\\/\\\/elaimantair.fr\\\/boutique\\\/produit\\\/victime-bourreau-ou-sauveur-comment-sortir-du-piege\\\/\"]}]},{\"@type\":\"ImageObject\",\"inLanguage\":\"fr-FR\",\"@id\":\"https:\\\/\\\/elaimantair.fr\\\/boutique\\\/produit\\\/victime-bourreau-ou-sauveur-comment-sortir-du-piege\\\/#primaryimage\",\"url\":\"https:\\\/\\\/elaimantair.fr\\\/boutique\\\/wp-content\\\/uploads\\\/2022\\\/08\\\/8336-scaled.jpg\",\"contentUrl\":\"https:\\\/\\\/elaimantair.fr\\\/boutique\\\/wp-content\\\/uploads\\\/2022\\\/08\\\/8336-scaled.jpg\",\"width\":1713,\"height\":2560},{\"@type\":\"BreadcrumbList\",\"@id\":\"https:\\\/\\\/elaimantair.fr\\\/boutique\\\/produit\\\/victime-bourreau-ou-sauveur-comment-sortir-du-piege\\\/#breadcrumb\",\"itemListElement\":[{\"@type\":\"ListItem\",\"position\":1,\"name\":\"Accueil boutique\",\"item\":\"https:\\\/\\\/elaimantair.fr\\\/boutique\\\/\"},{\"@type\":\"ListItem\",\"position\":2,\"name\":\"Accueil boutique\",\"item\":\"https:\\\/\\\/elaimantair.fr\\\/boutique\\\/\"},{\"@type\":\"ListItem\",\"position\":3,\"name\":\"Victime, bourreau ou sauveur comment sortir du pi\u00e8ge ?\"}]},{\"@type\":\"WebSite\",\"@id\":\"https:\\\/\\\/elaimantair.fr\\\/boutique\\\/#website\",\"url\":\"https:\\\/\\\/elaimantair.fr\\\/boutique\\\/\",\"name\":\"Boutique El'aimant Air\",\"description\":\"Sublimer votre lumi\u00e8re\",\"publisher\":{\"@id\":\"https:\\\/\\\/elaimantair.fr\\\/boutique\\\/#organization\"},\"potentialAction\":[{\"@type\":\"SearchAction\",\"target\":{\"@type\":\"EntryPoint\",\"urlTemplate\":\"https:\\\/\\\/elaimantair.fr\\\/boutique\\\/?s={search_term_string}\"},\"query-input\":{\"@type\":\"PropertyValueSpecification\",\"valueRequired\":true,\"valueName\":\"search_term_string\"}}],\"inLanguage\":\"fr-FR\"},{\"@type\":\"Organization\",\"@id\":\"https:\\\/\\\/elaimantair.fr\\\/boutique\\\/#organization\",\"name\":\"El'aimant Air\",\"url\":\"https:\\\/\\\/elaimantair.fr\\\/boutique\\\/\",\"logo\":{\"@type\":\"ImageObject\",\"inLanguage\":\"fr-FR\",\"@id\":\"https:\\\/\\\/elaimantair.fr\\\/boutique\\\/#\\\/schema\\\/logo\\\/image\\\/\",\"url\":\"https:\\\/\\\/elaimantair.fr\\\/boutique\\\/wp-content\\\/uploads\\\/2022\\\/04\\\/elaimantairLogo-512.jpg\",\"contentUrl\":\"https:\\\/\\\/elaimantair.fr\\\/boutique\\\/wp-content\\\/uploads\\\/2022\\\/04\\\/elaimantairLogo-512.jpg\",\"width\":512,\"height\":512,\"caption\":\"El'aimant Air\"},\"image\":{\"@id\":\"https:\\\/\\\/elaimantair.fr\\\/boutique\\\/#\\\/schema\\\/logo\\\/image\\\/\"},\"sameAs\":[\"https:\\\/\\\/www.facebook.com\\\/louka.dou.5\",\"https:\\\/\\\/x.com\\\/AimantAir\",\"https:\\\/\\\/www.instagram.com\\\/elaimantair\",\"https:\\\/\\\/www.pinterest.com\\\/Elaimantair\\\/\"]}]}<\/script>\n<!-- \/ Yoast SEO plugin. -->","yoast_head_json":{"title":"Victime, bourreau ou sauveur comment sortir du pi\u00e8ge ? - Boutique El&#039;aimant Air","description":"\u00c0 chaque fois que vous vivez une relation n\u00e9gative, d\u00e9courageante et frustrante, il y a fort \u00e0 parier que vous vous \u00eates fait entra\u00eener dans un jeu de triangle","robots":{"index":"index","follow":"follow","max-snippet":"max-snippet:-1","max-image-preview":"max-image-preview:large","max-video-preview":"max-video-preview:-1"},"canonical":"https:\/\/elaimantair.fr\/boutique\/produit\/victime-bourreau-ou-sauveur-comment-sortir-du-piege\/","og_locale":"fr_FR","og_type":"article","og_title":"Victime, bourreau ou sauveur comment sortir du pi\u00e8ge ? - Boutique El&#039;aimant Air","og_description":"\u00c0 chaque fois que vous vivez une relation n\u00e9gative, d\u00e9courageante et frustrante, il y a fort \u00e0 parier que vous vous \u00eates fait entra\u00eener dans un jeu de triangle","og_url":"https:\/\/elaimantair.fr\/boutique\/produit\/victime-bourreau-ou-sauveur-comment-sortir-du-piege\/","og_site_name":"Boutique El&#039;aimant Air","article_publisher":"https:\/\/www.facebook.com\/louka.dou.5","article_modified_time":"2024-12-31T00:19:41+00:00","og_image":[{"width":1713,"height":2560,"url":"https:\/\/elaimantair.fr\/boutique\/wp-content\/uploads\/2022\/08\/8336-scaled.jpg","type":"image\/jpeg"}],"twitter_card":"summary_large_image","twitter_site":"@AimantAir","twitter_misc":{"Dur\u00e9e de lecture estim\u00e9e":"1 minute"},"schema":{"@context":"https:\/\/schema.org","@graph":[{"@type":"WebPage","@id":"https:\/\/elaimantair.fr\/boutique\/produit\/victime-bourreau-ou-sauveur-comment-sortir-du-piege\/","url":"https:\/\/elaimantair.fr\/boutique\/produit\/victime-bourreau-ou-sauveur-comment-sortir-du-piege\/","name":"Victime, bourreau ou sauveur comment sortir du pi\u00e8ge ? - Boutique El&#039;aimant Air","isPartOf":{"@id":"https:\/\/elaimantair.fr\/boutique\/#website"},"primaryImageOfPage":{"@id":"https:\/\/elaimantair.fr\/boutique\/produit\/victime-bourreau-ou-sauveur-comment-sortir-du-piege\/#primaryimage"},"image":{"@id":"https:\/\/elaimantair.fr\/boutique\/produit\/victime-bourreau-ou-sauveur-comment-sortir-du-piege\/#primaryimage"},"thumbnailUrl":"https:\/\/elaimantair.fr\/boutique\/wp-content\/uploads\/2022\/08\/8336-scaled.jpg","datePublished":"2022-08-08T23:18:13+00:00","dateModified":"2024-12-31T00:19:41+00:00","description":"\u00c0 chaque fois que vous vivez une relation n\u00e9gative, d\u00e9courageante et frustrante, il y a fort \u00e0 parier que vous vous \u00eates fait entra\u00eener dans un jeu de triangle","breadcrumb":{"@id":"https:\/\/elaimantair.fr\/boutique\/produit\/victime-bourreau-ou-sauveur-comment-sortir-du-piege\/#breadcrumb"},"inLanguage":"fr-FR","potentialAction":[{"@type":"ReadAction","target":["https:\/\/elaimantair.fr\/boutique\/produit\/victime-bourreau-ou-sauveur-comment-sortir-du-piege\/"]}]},{"@type":"ImageObject","inLanguage":"fr-FR","@id":"https:\/\/elaimantair.fr\/boutique\/produit\/victime-bourreau-ou-sauveur-comment-sortir-du-piege\/#primaryimage","url":"https:\/\/elaimantair.fr\/boutique\/wp-content\/uploads\/2022\/08\/8336-scaled.jpg","contentUrl":"https:\/\/elaimantair.fr\/boutique\/wp-content\/uploads\/2022\/08\/8336-scaled.jpg","width":1713,"height":2560},{"@type":"BreadcrumbList","@id":"https:\/\/elaimantair.fr\/boutique\/produit\/victime-bourreau-ou-sauveur-comment-sortir-du-piege\/#breadcrumb","itemListElement":[{"@type":"ListItem","position":1,"name":"Accueil boutique","item":"https:\/\/elaimantair.fr\/boutique\/"},{"@type":"ListItem","position":2,"name":"Accueil boutique","item":"https:\/\/elaimantair.fr\/boutique\/"},{"@type":"ListItem","position":3,"name":"Victime, bourreau ou sauveur comment sortir du pi\u00e8ge ?"}]},{"@type":"WebSite","@id":"https:\/\/elaimantair.fr\/boutique\/#website","url":"https:\/\/elaimantair.fr\/boutique\/","name":"Boutique El'aimant Air","description":"Sublimer votre lumi\u00e8re","publisher":{"@id":"https:\/\/elaimantair.fr\/boutique\/#organization"},"potentialAction":[{"@type":"SearchAction","target":{"@type":"EntryPoint","urlTemplate":"https:\/\/elaimantair.fr\/boutique\/?s={search_term_string}"},"query-input":{"@type":"PropertyValueSpecification","valueRequired":true,"valueName":"search_term_string"}}],"inLanguage":"fr-FR"},{"@type":"Organization","@id":"https:\/\/elaimantair.fr\/boutique\/#organization","name":"El'aimant Air","url":"https:\/\/elaimantair.fr\/boutique\/","logo":{"@type":"ImageObject","inLanguage":"fr-FR","@id":"https:\/\/elaimantair.fr\/boutique\/#\/schema\/logo\/image\/","url":"https:\/\/elaimantair.fr\/boutique\/wp-content\/uploads\/2022\/04\/elaimantairLogo-512.jpg","contentUrl":"https:\/\/elaimantair.fr\/boutique\/wp-content\/uploads\/2022\/04\/elaimantairLogo-512.jpg","width":512,"height":512,"caption":"El'aimant Air"},"image":{"@id":"https:\/\/elaimantair.fr\/boutique\/#\/schema\/logo\/image\/"},"sameAs":["https:\/\/www.facebook.com\/louka.dou.5","https:\/\/x.com\/AimantAir","https:\/\/www.instagram.com\/elaimantair","https:\/\/www.pinterest.com\/Elaimantair\/"]}]}},"jetpack_sharing_enabled":true,"_links":{"self":[{"href":"https:\/\/elaimantair.fr\/boutique\/wp-json\/wp\/v2\/product\/880","targetHints":{"allow":["GET"]}}],"collection":[{"href":"https:\/\/elaimantair.fr\/boutique\/wp-json\/wp\/v2\/product"}],"about":[{"href":"https:\/\/elaimantair.fr\/boutique\/wp-json\/wp\/v2\/types\/product"}],"replies":[{"embeddable":true,"href":"https:\/\/elaimantair.fr\/boutique\/wp-json\/wp\/v2\/comments?post=880"}],"wp:featuredmedia":[{"embeddable":true,"href":"https:\/\/elaimantair.fr\/boutique\/wp-json\/wp\/v2\/media\/878"}],"wp:attachment":[{"href":"https:\/\/elaimantair.fr\/boutique\/wp-json\/wp\/v2\/media?parent=880"}],"wp:term":[{"taxonomy":"product_brand","embeddable":true,"href":"https:\/\/elaimantair.fr\/boutique\/wp-json\/wp\/v2\/product_brand?post=880"},{"taxonomy":"product_cat","embeddable":true,"href":"https:\/\/elaimantair.fr\/boutique\/wp-json\/wp\/v2\/product_cat?post=880"},{"taxonomy":"product_tag","embeddable":true,"href":"https:\/\/elaimantair.fr\/boutique\/wp-json\/wp\/v2\/product_tag?post=880"}],"curies":[{"name":"wp","href":"https:\/\/api.w.org\/{rel}","templated":true}]}}