{"id":868,"date":"2022-08-09T01:09:28","date_gmt":"2022-08-08T23:09:28","guid":{"rendered":"https:\/\/elaimantair.fr\/boutique\/produit\/60-exercices-ludiques-de-respiration-pour-mon-enfant\/"},"modified":"2024-12-31T00:35:28","modified_gmt":"2024-12-30T23:35:28","slug":"60-exercices-ludiques-de-respiration-pour-mon-enfant","status":"publish","type":"product","link":"https:\/\/elaimantair.fr\/boutique\/produit\/60-exercices-ludiques-de-respiration-pour-mon-enfant\/","title":{"rendered":"60 exercices ludiques de respiration pour mon enfant"},"content":{"rendered":"<p>Venez d\u00e9couvrir 60 exercices ludiques de respiration pour mon enfant.<\/p>\n<p>Saviez-vous que vous respirez en moyenne 25 920 fois par jour ? Cet acte, omnipr\u00e9sent dans votre vie et dans celle de vos enfants, est n\u00e9anmoins effectu\u00e9 inconsciemment la plupart du temps.<br \/>\nEmbarqu\u00e9s dans votre rythme de vie effr\u00e9n\u00e9, les enfants n\u2019ont que tr\u00e8s rarement conscience du pouvoir de la respiration\u00a0<span id=\"js-showResume\" class=\"showResume\">qui est pourtant influenc\u00e9e chaque jour par leur \u00e9tat int\u00e9rieur, leurs pens\u00e9es et leurs \u00e9motions. Et si vous les invitiez \u00e0 d\u00e9couvrir, ensemble, ce potentiel ? Une belle occasion de ralentir et d\u2019apprendre \u00e0 \u00e9couter vos besoins respectifs.<br \/>\nEn proposant \u00e0 vos enfants de respirer avec Doudou, de jouer au domino des respirations ou encore de souffler sur un moulin \u00e0 vent, c\u2019est tout simplement leur sant\u00e9 que vous pr\u00e9serverez, des valeurs bienveillantes que vous leur transmettrez et un doux moment que vous partagerez !<br \/>\nMaman de deux enfants, Catherine Blondiau est une ancienne avocate devenue, il y a plus de dix ans, professeure de yoga. Elle accompagne les adultes selon la philosophie du Viniyoga et anime \u00e9galement de nombreux ateliers et formations pour les enfants. Elle explore et d\u00e9veloppe notamment des outils pour accompagner les plus jeunes dans la d\u00e9couverte de leurs talents et de leur nature profonde. Elle est l\u2019auteure, aux \u00c9ditions Jouvence, du Petit Cahier d\u2019exercices de Communication NonViolente\u00ae avec les enfants (en collaboration avec Anne van Stappen).<br \/>\n\u00ab Il s\u2019agit de mettre un sourire sur son visage et sur son c\u0153ur, et de go\u00fbter l\u2019instant en le respirant tout doucement. \u00bb<\/span><\/p>\n","protected":false},"excerpt":{"rendered":"<p>Embarqu\u00e9s dans votre rythme de vie effr\u00e9n\u00e9, les enfants n\u2019ont que tr\u00e8s rarement conscience du pouvoir de la respiration\u00a0<span id=\"js-showResume\" class=\"showResume\">qui est pourtant influenc\u00e9e chaque jour par leur \u00e9tat int\u00e9rieur, leurs pens\u00e9es et leurs \u00e9motions. Et si vous les invitiez \u00e0 d\u00e9couvrir, ensemble, ce potentiel ? Une belle occasion de ralentir et d\u2019apprendre \u00e0 \u00e9couter vos besoins respectifs.<\/span><\/p>\n","protected":false},"featured_media":866,"comment_status":"open","ping_status":"closed","template":"","meta":[],"product_brand":[],"product_cat":[68],"product_tag":[],"class_list":{"0":"post-868","1":"product","2":"type-product","3":"status-publish","4":"has-post-thumbnail","6":"product_cat-livres","8":"first","9":"instock","10":"sale","11":"shipping-taxable","12":"purchasable","13":"product-type-simple"},"yoast_head":"<!-- This site is optimized with the Yoast SEO plugin v27.5 - https:\/\/yoast.com\/product\/yoast-seo-wordpress\/ -->\n<title>60 exercices ludiques de respiration pour mon enfant - Boutique El&#039;aimant Air<\/title>\n<meta name=\"description\" content=\"Vous respirez en moyenne 25 920 fois par jour, cet acte, omnipr\u00e9sent est n\u00e9anmoins effectu\u00e9 inconsciemment la plupart du temps. Venez d\u00e9couvrir des exercices ludiques de respiration.\" \/>\n<meta name=\"robots\" content=\"index, follow, max-snippet:-1, max-image-preview:large, max-video-preview:-1\" \/>\n<link rel=\"canonical\" href=\"https:\/\/elaimantair.fr\/boutique\/produit\/60-exercices-ludiques-de-respiration-pour-mon-enfant\/\" \/>\n<meta property=\"og:locale\" content=\"fr_FR\" \/>\n<meta property=\"og:type\" content=\"article\" \/>\n<meta property=\"og:title\" content=\"60 exercices ludiques de respiration pour mon enfant - Boutique El&#039;aimant Air\" \/>\n<meta property=\"og:description\" content=\"Vous respirez en moyenne 25 920 fois par jour, cet acte, omnipr\u00e9sent est n\u00e9anmoins effectu\u00e9 inconsciemment la plupart du temps. Venez d\u00e9couvrir des exercices ludiques de respiration.\" \/>\n<meta property=\"og:url\" content=\"https:\/\/elaimantair.fr\/boutique\/produit\/60-exercices-ludiques-de-respiration-pour-mon-enfant\/\" \/>\n<meta property=\"og:site_name\" content=\"Boutique El&#039;aimant Air\" \/>\n<meta property=\"article:publisher\" content=\"https:\/\/www.facebook.com\/louka.dou.5\" \/>\n<meta property=\"article:modified_time\" content=\"2024-12-30T23:35:28+00:00\" \/>\n<meta property=\"og:image\" content=\"https:\/\/elaimantair.fr\/boutique\/wp-content\/uploads\/2022\/08\/8331-scaled.jpg\" \/>\n\t<meta property=\"og:image:width\" content=\"1960\" \/>\n\t<meta property=\"og:image:height\" content=\"2560\" \/>\n\t<meta property=\"og:image:type\" content=\"image\/jpeg\" \/>\n<meta name=\"twitter:card\" content=\"summary_large_image\" \/>\n<meta name=\"twitter:site\" content=\"@AimantAir\" \/>\n<meta name=\"twitter:label1\" content=\"Dur\u00e9e de lecture estim\u00e9e\" \/>\n\t<meta name=\"twitter:data1\" content=\"1 minute\" \/>\n<script type=\"application\/ld+json\" class=\"yoast-schema-graph\">{\"@context\":\"https:\\\/\\\/schema.org\",\"@graph\":[{\"@type\":\"WebPage\",\"@id\":\"https:\\\/\\\/elaimantair.fr\\\/boutique\\\/produit\\\/60-exercices-ludiques-de-respiration-pour-mon-enfant\\\/\",\"url\":\"https:\\\/\\\/elaimantair.fr\\\/boutique\\\/produit\\\/60-exercices-ludiques-de-respiration-pour-mon-enfant\\\/\",\"name\":\"60 exercices ludiques de respiration pour mon enfant - Boutique El&#039;aimant Air\",\"isPartOf\":{\"@id\":\"https:\\\/\\\/elaimantair.fr\\\/boutique\\\/#website\"},\"primaryImageOfPage\":{\"@id\":\"https:\\\/\\\/elaimantair.fr\\\/boutique\\\/produit\\\/60-exercices-ludiques-de-respiration-pour-mon-enfant\\\/#primaryimage\"},\"image\":{\"@id\":\"https:\\\/\\\/elaimantair.fr\\\/boutique\\\/produit\\\/60-exercices-ludiques-de-respiration-pour-mon-enfant\\\/#primaryimage\"},\"thumbnailUrl\":\"https:\\\/\\\/elaimantair.fr\\\/boutique\\\/wp-content\\\/uploads\\\/2022\\\/08\\\/8331-scaled.jpg\",\"datePublished\":\"2022-08-08T23:09:28+00:00\",\"dateModified\":\"2024-12-30T23:35:28+00:00\",\"description\":\"Vous respirez en moyenne 25 920 fois par jour, cet acte, omnipr\u00e9sent est n\u00e9anmoins effectu\u00e9 inconsciemment la plupart du temps. Venez d\u00e9couvrir des exercices ludiques de respiration.\",\"breadcrumb\":{\"@id\":\"https:\\\/\\\/elaimantair.fr\\\/boutique\\\/produit\\\/60-exercices-ludiques-de-respiration-pour-mon-enfant\\\/#breadcrumb\"},\"inLanguage\":\"fr-FR\",\"potentialAction\":[{\"@type\":\"ReadAction\",\"target\":[\"https:\\\/\\\/elaimantair.fr\\\/boutique\\\/produit\\\/60-exercices-ludiques-de-respiration-pour-mon-enfant\\\/\"]}]},{\"@type\":\"ImageObject\",\"inLanguage\":\"fr-FR\",\"@id\":\"https:\\\/\\\/elaimantair.fr\\\/boutique\\\/produit\\\/60-exercices-ludiques-de-respiration-pour-mon-enfant\\\/#primaryimage\",\"url\":\"https:\\\/\\\/elaimantair.fr\\\/boutique\\\/wp-content\\\/uploads\\\/2022\\\/08\\\/8331-scaled.jpg\",\"contentUrl\":\"https:\\\/\\\/elaimantair.fr\\\/boutique\\\/wp-content\\\/uploads\\\/2022\\\/08\\\/8331-scaled.jpg\",\"width\":1960,\"height\":2560,\"caption\":\"Livre 60 exercices ludiques de respiration\"},{\"@type\":\"BreadcrumbList\",\"@id\":\"https:\\\/\\\/elaimantair.fr\\\/boutique\\\/produit\\\/60-exercices-ludiques-de-respiration-pour-mon-enfant\\\/#breadcrumb\",\"itemListElement\":[{\"@type\":\"ListItem\",\"position\":1,\"name\":\"Accueil boutique\",\"item\":\"https:\\\/\\\/elaimantair.fr\\\/boutique\\\/\"},{\"@type\":\"ListItem\",\"position\":2,\"name\":\"Accueil boutique\",\"item\":\"https:\\\/\\\/elaimantair.fr\\\/boutique\\\/\"},{\"@type\":\"ListItem\",\"position\":3,\"name\":\"60 exercices ludiques de respiration pour mon enfant\"}]},{\"@type\":\"WebSite\",\"@id\":\"https:\\\/\\\/elaimantair.fr\\\/boutique\\\/#website\",\"url\":\"https:\\\/\\\/elaimantair.fr\\\/boutique\\\/\",\"name\":\"Boutique El'aimant Air\",\"description\":\"Sublimer votre lumi\u00e8re\",\"publisher\":{\"@id\":\"https:\\\/\\\/elaimantair.fr\\\/boutique\\\/#organization\"},\"potentialAction\":[{\"@type\":\"SearchAction\",\"target\":{\"@type\":\"EntryPoint\",\"urlTemplate\":\"https:\\\/\\\/elaimantair.fr\\\/boutique\\\/?s={search_term_string}\"},\"query-input\":{\"@type\":\"PropertyValueSpecification\",\"valueRequired\":true,\"valueName\":\"search_term_string\"}}],\"inLanguage\":\"fr-FR\"},{\"@type\":\"Organization\",\"@id\":\"https:\\\/\\\/elaimantair.fr\\\/boutique\\\/#organization\",\"name\":\"El'aimant Air\",\"url\":\"https:\\\/\\\/elaimantair.fr\\\/boutique\\\/\",\"logo\":{\"@type\":\"ImageObject\",\"inLanguage\":\"fr-FR\",\"@id\":\"https:\\\/\\\/elaimantair.fr\\\/boutique\\\/#\\\/schema\\\/logo\\\/image\\\/\",\"url\":\"https:\\\/\\\/elaimantair.fr\\\/boutique\\\/wp-content\\\/uploads\\\/2022\\\/04\\\/elaimantairLogo-512.jpg\",\"contentUrl\":\"https:\\\/\\\/elaimantair.fr\\\/boutique\\\/wp-content\\\/uploads\\\/2022\\\/04\\\/elaimantairLogo-512.jpg\",\"width\":512,\"height\":512,\"caption\":\"El'aimant Air\"},\"image\":{\"@id\":\"https:\\\/\\\/elaimantair.fr\\\/boutique\\\/#\\\/schema\\\/logo\\\/image\\\/\"},\"sameAs\":[\"https:\\\/\\\/www.facebook.com\\\/louka.dou.5\",\"https:\\\/\\\/x.com\\\/AimantAir\",\"https:\\\/\\\/www.instagram.com\\\/elaimantair\",\"https:\\\/\\\/www.pinterest.com\\\/Elaimantair\\\/\"]}]}<\/script>\n<!-- \/ Yoast SEO plugin. -->","yoast_head_json":{"title":"60 exercices ludiques de respiration pour mon enfant - Boutique El&#039;aimant Air","description":"Vous respirez en moyenne 25 920 fois par jour, cet acte, omnipr\u00e9sent est n\u00e9anmoins effectu\u00e9 inconsciemment la plupart du temps. Venez d\u00e9couvrir des exercices ludiques de respiration.","robots":{"index":"index","follow":"follow","max-snippet":"max-snippet:-1","max-image-preview":"max-image-preview:large","max-video-preview":"max-video-preview:-1"},"canonical":"https:\/\/elaimantair.fr\/boutique\/produit\/60-exercices-ludiques-de-respiration-pour-mon-enfant\/","og_locale":"fr_FR","og_type":"article","og_title":"60 exercices ludiques de respiration pour mon enfant - Boutique El&#039;aimant Air","og_description":"Vous respirez en moyenne 25 920 fois par jour, cet acte, omnipr\u00e9sent est n\u00e9anmoins effectu\u00e9 inconsciemment la plupart du temps. Venez d\u00e9couvrir des exercices ludiques de respiration.","og_url":"https:\/\/elaimantair.fr\/boutique\/produit\/60-exercices-ludiques-de-respiration-pour-mon-enfant\/","og_site_name":"Boutique El&#039;aimant Air","article_publisher":"https:\/\/www.facebook.com\/louka.dou.5","article_modified_time":"2024-12-30T23:35:28+00:00","og_image":[{"width":1960,"height":2560,"url":"https:\/\/elaimantair.fr\/boutique\/wp-content\/uploads\/2022\/08\/8331-scaled.jpg","type":"image\/jpeg"}],"twitter_card":"summary_large_image","twitter_site":"@AimantAir","twitter_misc":{"Dur\u00e9e de lecture estim\u00e9e":"1 minute"},"schema":{"@context":"https:\/\/schema.org","@graph":[{"@type":"WebPage","@id":"https:\/\/elaimantair.fr\/boutique\/produit\/60-exercices-ludiques-de-respiration-pour-mon-enfant\/","url":"https:\/\/elaimantair.fr\/boutique\/produit\/60-exercices-ludiques-de-respiration-pour-mon-enfant\/","name":"60 exercices ludiques de respiration pour mon enfant - Boutique El&#039;aimant Air","isPartOf":{"@id":"https:\/\/elaimantair.fr\/boutique\/#website"},"primaryImageOfPage":{"@id":"https:\/\/elaimantair.fr\/boutique\/produit\/60-exercices-ludiques-de-respiration-pour-mon-enfant\/#primaryimage"},"image":{"@id":"https:\/\/elaimantair.fr\/boutique\/produit\/60-exercices-ludiques-de-respiration-pour-mon-enfant\/#primaryimage"},"thumbnailUrl":"https:\/\/elaimantair.fr\/boutique\/wp-content\/uploads\/2022\/08\/8331-scaled.jpg","datePublished":"2022-08-08T23:09:28+00:00","dateModified":"2024-12-30T23:35:28+00:00","description":"Vous respirez en moyenne 25 920 fois par jour, cet acte, omnipr\u00e9sent est n\u00e9anmoins effectu\u00e9 inconsciemment la plupart du temps. Venez d\u00e9couvrir des exercices ludiques de respiration.","breadcrumb":{"@id":"https:\/\/elaimantair.fr\/boutique\/produit\/60-exercices-ludiques-de-respiration-pour-mon-enfant\/#breadcrumb"},"inLanguage":"fr-FR","potentialAction":[{"@type":"ReadAction","target":["https:\/\/elaimantair.fr\/boutique\/produit\/60-exercices-ludiques-de-respiration-pour-mon-enfant\/"]}]},{"@type":"ImageObject","inLanguage":"fr-FR","@id":"https:\/\/elaimantair.fr\/boutique\/produit\/60-exercices-ludiques-de-respiration-pour-mon-enfant\/#primaryimage","url":"https:\/\/elaimantair.fr\/boutique\/wp-content\/uploads\/2022\/08\/8331-scaled.jpg","contentUrl":"https:\/\/elaimantair.fr\/boutique\/wp-content\/uploads\/2022\/08\/8331-scaled.jpg","width":1960,"height":2560,"caption":"Livre 60 exercices ludiques de respiration"},{"@type":"BreadcrumbList","@id":"https:\/\/elaimantair.fr\/boutique\/produit\/60-exercices-ludiques-de-respiration-pour-mon-enfant\/#breadcrumb","itemListElement":[{"@type":"ListItem","position":1,"name":"Accueil boutique","item":"https:\/\/elaimantair.fr\/boutique\/"},{"@type":"ListItem","position":2,"name":"Accueil boutique","item":"https:\/\/elaimantair.fr\/boutique\/"},{"@type":"ListItem","position":3,"name":"60 exercices ludiques de respiration pour mon enfant"}]},{"@type":"WebSite","@id":"https:\/\/elaimantair.fr\/boutique\/#website","url":"https:\/\/elaimantair.fr\/boutique\/","name":"Boutique El'aimant Air","description":"Sublimer votre lumi\u00e8re","publisher":{"@id":"https:\/\/elaimantair.fr\/boutique\/#organization"},"potentialAction":[{"@type":"SearchAction","target":{"@type":"EntryPoint","urlTemplate":"https:\/\/elaimantair.fr\/boutique\/?s={search_term_string}"},"query-input":{"@type":"PropertyValueSpecification","valueRequired":true,"valueName":"search_term_string"}}],"inLanguage":"fr-FR"},{"@type":"Organization","@id":"https:\/\/elaimantair.fr\/boutique\/#organization","name":"El'aimant Air","url":"https:\/\/elaimantair.fr\/boutique\/","logo":{"@type":"ImageObject","inLanguage":"fr-FR","@id":"https:\/\/elaimantair.fr\/boutique\/#\/schema\/logo\/image\/","url":"https:\/\/elaimantair.fr\/boutique\/wp-content\/uploads\/2022\/04\/elaimantairLogo-512.jpg","contentUrl":"https:\/\/elaimantair.fr\/boutique\/wp-content\/uploads\/2022\/04\/elaimantairLogo-512.jpg","width":512,"height":512,"caption":"El'aimant Air"},"image":{"@id":"https:\/\/elaimantair.fr\/boutique\/#\/schema\/logo\/image\/"},"sameAs":["https:\/\/www.facebook.com\/louka.dou.5","https:\/\/x.com\/AimantAir","https:\/\/www.instagram.com\/elaimantair","https:\/\/www.pinterest.com\/Elaimantair\/"]}]}},"jetpack_sharing_enabled":true,"_links":{"self":[{"href":"https:\/\/elaimantair.fr\/boutique\/wp-json\/wp\/v2\/product\/868","targetHints":{"allow":["GET"]}}],"collection":[{"href":"https:\/\/elaimantair.fr\/boutique\/wp-json\/wp\/v2\/product"}],"about":[{"href":"https:\/\/elaimantair.fr\/boutique\/wp-json\/wp\/v2\/types\/product"}],"replies":[{"embeddable":true,"href":"https:\/\/elaimantair.fr\/boutique\/wp-json\/wp\/v2\/comments?post=868"}],"wp:featuredmedia":[{"embeddable":true,"href":"https:\/\/elaimantair.fr\/boutique\/wp-json\/wp\/v2\/media\/866"}],"wp:attachment":[{"href":"https:\/\/elaimantair.fr\/boutique\/wp-json\/wp\/v2\/media?parent=868"}],"wp:term":[{"taxonomy":"product_brand","embeddable":true,"href":"https:\/\/elaimantair.fr\/boutique\/wp-json\/wp\/v2\/product_brand?post=868"},{"taxonomy":"product_cat","embeddable":true,"href":"https:\/\/elaimantair.fr\/boutique\/wp-json\/wp\/v2\/product_cat?post=868"},{"taxonomy":"product_tag","embeddable":true,"href":"https:\/\/elaimantair.fr\/boutique\/wp-json\/wp\/v2\/product_tag?post=868"}],"curies":[{"name":"wp","href":"https:\/\/api.w.org\/{rel}","templated":true}]}}