{"id":865,"date":"2022-08-09T01:06:49","date_gmt":"2022-08-08T23:06:49","guid":{"rendered":"https:\/\/elaimantair.fr\/boutique\/produit\/cest-un-signe\/"},"modified":"2024-12-31T00:50:04","modified_gmt":"2024-12-30T23:50:04","slug":"cest-un-signe","status":"publish","type":"product","link":"https:\/\/elaimantair.fr\/boutique\/produit\/cest-un-signe\/","title":{"rendered":"C&rsquo;est un signe"},"content":{"rendered":"<p><i>\u00ab\u00a0&#8211; C&rsquo;est un signe\u00a0!<br \/>\n&#8211; Oui, mais de quoi\u00a0?\u00a0\u00bb<\/i><\/p>\n<p>Avec ce livre, apprenez \u00e0 d\u00e9crypter les comportements des gens qui vous entourent&#8230; en vous amusant\u00a0!<\/p>\n<p>Vous vous grattez le nez\u00a0? Vous \u00eates g\u00ean\u00e9.<br \/>\nVous vous touchez les cheveux\u00a0? Vous \u00eates amoureux.<br \/>\nVous ouvrez la bouche en disant Anha Anha Anha\u00a0? Vous allez \u00e9ternuer.<br \/>\n<b>Dans la vie, tout est signe.<\/b><\/p>\n<p>On voit alors toute la force qu&rsquo;apporterait leur d\u00e9cryptage\u00a0: conna\u00eetre pens\u00e9es et intentions secr\u00e8tes. D\u00e9couvrez les signes que vous \u00eates un mec, une fille, c\u00e9libataire ou avec des enfants, Emmanuel Macron, que vous \u00eates formidable, une connasse, que vous devriez mettre fin rapidement \u00e0 ce premier rendez-vous, que vous \u00eates mort&#8230;<\/p>\n<p><b>Et c&rsquo;est qui qui ma\u00eetrisera tout et tout le monde<\/b>\u00a0? C&rsquo;est vous\u00a0! Vous saurez enfin si oui ou non votre partenaire va vous tromper. Si oui ou non vous allez vous faire virer. S&rsquo;il va vous rappeler ce soir ou plut\u00f4t demain apr\u00e8s-midi vers 14 heures. Si vous avez des amis ou pas. Et si vous \u00eates en train de regarder TF1 ou pas. Si oui ou non vous avez une vie de merde&#8230;<\/p>\n<p><b>Amour, drague, sexe, vacances, sexe, famille, actualit\u00e9, sexe<\/b>&#8230; tout y passe. Devenez un devin du comportement, un d\u00e9cryptologue, un expert es signes, un v\u00e9ritable Signator de la vie quotidienne\u00a0\ud83d\ude42<\/p>\n","protected":false},"excerpt":{"rendered":"<p>Vous vous grattez le nez\u00a0? Vous \u00eates g\u00ean\u00e9.<br \/>\nVous vous touchez les cheveux\u00a0? Vous \u00eates amoureux.<br \/>\nVous ouvrez la bouche en disant Anha Anha Anha\u00a0? Vous allez \u00e9ternuer.<br \/>\n<b>Dans la vie, tout est signe.<\/b><\/p>\n","protected":false},"featured_media":863,"comment_status":"open","ping_status":"closed","template":"","meta":[],"product_brand":[],"product_cat":[68],"product_tag":[],"class_list":{"0":"post-865","1":"product","2":"type-product","3":"status-publish","4":"has-post-thumbnail","6":"product_cat-livres","8":"first","9":"instock","10":"sale","11":"sold-individually","12":"shipping-taxable","13":"purchasable","14":"product-type-simple"},"yoast_head":"<!-- This site is optimized with the Yoast SEO plugin v27.5 - https:\/\/yoast.com\/product\/yoast-seo-wordpress\/ -->\n<title>C&#039;est un signe - Boutique El&#039;aimant Air<\/title>\n<meta name=\"description\" content=\"C&#039;est un signe, vous vous grattez le nez\u00a0? Vous \u00eates g\u00ean\u00e9. Vous vous touchez les cheveux\u00a0? Vous \u00eates amoureux\u00a0? Dans la vie, tout est signe.\" \/>\n<meta name=\"robots\" content=\"index, follow, max-snippet:-1, max-image-preview:large, max-video-preview:-1\" \/>\n<link rel=\"canonical\" href=\"https:\/\/elaimantair.fr\/boutique\/produit\/cest-un-signe\/\" \/>\n<meta property=\"og:locale\" content=\"fr_FR\" \/>\n<meta property=\"og:type\" content=\"article\" \/>\n<meta property=\"og:title\" content=\"C&#039;est un signe - Boutique El&#039;aimant Air\" \/>\n<meta property=\"og:description\" content=\"C&#039;est un signe, vous vous grattez le nez\u00a0? Vous \u00eates g\u00ean\u00e9. Vous vous touchez les cheveux\u00a0? Vous \u00eates amoureux\u00a0? Dans la vie, tout est signe.\" \/>\n<meta property=\"og:url\" content=\"https:\/\/elaimantair.fr\/boutique\/produit\/cest-un-signe\/\" \/>\n<meta property=\"og:site_name\" content=\"Boutique El&#039;aimant Air\" \/>\n<meta property=\"article:publisher\" content=\"https:\/\/www.facebook.com\/louka.dou.5\" \/>\n<meta property=\"article:modified_time\" content=\"2024-12-30T23:50:04+00:00\" \/>\n<meta property=\"og:image\" content=\"https:\/\/elaimantair.fr\/boutique\/wp-content\/uploads\/2022\/08\/8328-scaled.jpg\" \/>\n\t<meta property=\"og:image:width\" content=\"1783\" \/>\n\t<meta property=\"og:image:height\" content=\"2560\" \/>\n\t<meta property=\"og:image:type\" content=\"image\/jpeg\" \/>\n<meta name=\"twitter:card\" content=\"summary_large_image\" \/>\n<meta name=\"twitter:site\" content=\"@AimantAir\" \/>\n<meta name=\"twitter:label1\" content=\"Dur\u00e9e de lecture estim\u00e9e\" \/>\n\t<meta name=\"twitter:data1\" content=\"1 minute\" \/>\n<script type=\"application\/ld+json\" class=\"yoast-schema-graph\">{\"@context\":\"https:\\\/\\\/schema.org\",\"@graph\":[{\"@type\":\"WebPage\",\"@id\":\"https:\\\/\\\/elaimantair.fr\\\/boutique\\\/produit\\\/cest-un-signe\\\/\",\"url\":\"https:\\\/\\\/elaimantair.fr\\\/boutique\\\/produit\\\/cest-un-signe\\\/\",\"name\":\"C'est un signe - Boutique El&#039;aimant Air\",\"isPartOf\":{\"@id\":\"https:\\\/\\\/elaimantair.fr\\\/boutique\\\/#website\"},\"primaryImageOfPage\":{\"@id\":\"https:\\\/\\\/elaimantair.fr\\\/boutique\\\/produit\\\/cest-un-signe\\\/#primaryimage\"},\"image\":{\"@id\":\"https:\\\/\\\/elaimantair.fr\\\/boutique\\\/produit\\\/cest-un-signe\\\/#primaryimage\"},\"thumbnailUrl\":\"https:\\\/\\\/elaimantair.fr\\\/boutique\\\/wp-content\\\/uploads\\\/2022\\\/08\\\/8328-scaled.jpg\",\"datePublished\":\"2022-08-08T23:06:49+00:00\",\"dateModified\":\"2024-12-30T23:50:04+00:00\",\"description\":\"C'est un signe, vous vous grattez le nez\u00a0? Vous \u00eates g\u00ean\u00e9. Vous vous touchez les cheveux\u00a0? Vous \u00eates amoureux\u00a0? Dans la vie, tout est signe.\",\"breadcrumb\":{\"@id\":\"https:\\\/\\\/elaimantair.fr\\\/boutique\\\/produit\\\/cest-un-signe\\\/#breadcrumb\"},\"inLanguage\":\"fr-FR\",\"potentialAction\":[{\"@type\":\"ReadAction\",\"target\":[\"https:\\\/\\\/elaimantair.fr\\\/boutique\\\/produit\\\/cest-un-signe\\\/\"]}]},{\"@type\":\"ImageObject\",\"inLanguage\":\"fr-FR\",\"@id\":\"https:\\\/\\\/elaimantair.fr\\\/boutique\\\/produit\\\/cest-un-signe\\\/#primaryimage\",\"url\":\"https:\\\/\\\/elaimantair.fr\\\/boutique\\\/wp-content\\\/uploads\\\/2022\\\/08\\\/8328-scaled.jpg\",\"contentUrl\":\"https:\\\/\\\/elaimantair.fr\\\/boutique\\\/wp-content\\\/uploads\\\/2022\\\/08\\\/8328-scaled.jpg\",\"width\":1783,\"height\":2560,\"caption\":\"Livre C'est un signe\"},{\"@type\":\"BreadcrumbList\",\"@id\":\"https:\\\/\\\/elaimantair.fr\\\/boutique\\\/produit\\\/cest-un-signe\\\/#breadcrumb\",\"itemListElement\":[{\"@type\":\"ListItem\",\"position\":1,\"name\":\"Accueil boutique\",\"item\":\"https:\\\/\\\/elaimantair.fr\\\/boutique\\\/\"},{\"@type\":\"ListItem\",\"position\":2,\"name\":\"Accueil boutique\",\"item\":\"https:\\\/\\\/elaimantair.fr\\\/boutique\\\/\"},{\"@type\":\"ListItem\",\"position\":3,\"name\":\"C&rsquo;est un signe\"}]},{\"@type\":\"WebSite\",\"@id\":\"https:\\\/\\\/elaimantair.fr\\\/boutique\\\/#website\",\"url\":\"https:\\\/\\\/elaimantair.fr\\\/boutique\\\/\",\"name\":\"Boutique El'aimant Air\",\"description\":\"Sublimer votre lumi\u00e8re\",\"publisher\":{\"@id\":\"https:\\\/\\\/elaimantair.fr\\\/boutique\\\/#organization\"},\"potentialAction\":[{\"@type\":\"SearchAction\",\"target\":{\"@type\":\"EntryPoint\",\"urlTemplate\":\"https:\\\/\\\/elaimantair.fr\\\/boutique\\\/?s={search_term_string}\"},\"query-input\":{\"@type\":\"PropertyValueSpecification\",\"valueRequired\":true,\"valueName\":\"search_term_string\"}}],\"inLanguage\":\"fr-FR\"},{\"@type\":\"Organization\",\"@id\":\"https:\\\/\\\/elaimantair.fr\\\/boutique\\\/#organization\",\"name\":\"El'aimant Air\",\"url\":\"https:\\\/\\\/elaimantair.fr\\\/boutique\\\/\",\"logo\":{\"@type\":\"ImageObject\",\"inLanguage\":\"fr-FR\",\"@id\":\"https:\\\/\\\/elaimantair.fr\\\/boutique\\\/#\\\/schema\\\/logo\\\/image\\\/\",\"url\":\"https:\\\/\\\/elaimantair.fr\\\/boutique\\\/wp-content\\\/uploads\\\/2022\\\/04\\\/elaimantairLogo-512.jpg\",\"contentUrl\":\"https:\\\/\\\/elaimantair.fr\\\/boutique\\\/wp-content\\\/uploads\\\/2022\\\/04\\\/elaimantairLogo-512.jpg\",\"width\":512,\"height\":512,\"caption\":\"El'aimant Air\"},\"image\":{\"@id\":\"https:\\\/\\\/elaimantair.fr\\\/boutique\\\/#\\\/schema\\\/logo\\\/image\\\/\"},\"sameAs\":[\"https:\\\/\\\/www.facebook.com\\\/louka.dou.5\",\"https:\\\/\\\/x.com\\\/AimantAir\",\"https:\\\/\\\/www.instagram.com\\\/elaimantair\",\"https:\\\/\\\/www.pinterest.com\\\/Elaimantair\\\/\"]}]}<\/script>\n<!-- \/ Yoast SEO plugin. -->","yoast_head_json":{"title":"C'est un signe - Boutique El&#039;aimant Air","description":"C'est un signe, vous vous grattez le nez\u00a0? Vous \u00eates g\u00ean\u00e9. Vous vous touchez les cheveux\u00a0? Vous \u00eates amoureux\u00a0? Dans la vie, tout est signe.","robots":{"index":"index","follow":"follow","max-snippet":"max-snippet:-1","max-image-preview":"max-image-preview:large","max-video-preview":"max-video-preview:-1"},"canonical":"https:\/\/elaimantair.fr\/boutique\/produit\/cest-un-signe\/","og_locale":"fr_FR","og_type":"article","og_title":"C'est un signe - Boutique El&#039;aimant Air","og_description":"C'est un signe, vous vous grattez le nez\u00a0? Vous \u00eates g\u00ean\u00e9. Vous vous touchez les cheveux\u00a0? Vous \u00eates amoureux\u00a0? Dans la vie, tout est signe.","og_url":"https:\/\/elaimantair.fr\/boutique\/produit\/cest-un-signe\/","og_site_name":"Boutique El&#039;aimant Air","article_publisher":"https:\/\/www.facebook.com\/louka.dou.5","article_modified_time":"2024-12-30T23:50:04+00:00","og_image":[{"width":1783,"height":2560,"url":"https:\/\/elaimantair.fr\/boutique\/wp-content\/uploads\/2022\/08\/8328-scaled.jpg","type":"image\/jpeg"}],"twitter_card":"summary_large_image","twitter_site":"@AimantAir","twitter_misc":{"Dur\u00e9e de lecture estim\u00e9e":"1 minute"},"schema":{"@context":"https:\/\/schema.org","@graph":[{"@type":"WebPage","@id":"https:\/\/elaimantair.fr\/boutique\/produit\/cest-un-signe\/","url":"https:\/\/elaimantair.fr\/boutique\/produit\/cest-un-signe\/","name":"C'est un signe - Boutique El&#039;aimant Air","isPartOf":{"@id":"https:\/\/elaimantair.fr\/boutique\/#website"},"primaryImageOfPage":{"@id":"https:\/\/elaimantair.fr\/boutique\/produit\/cest-un-signe\/#primaryimage"},"image":{"@id":"https:\/\/elaimantair.fr\/boutique\/produit\/cest-un-signe\/#primaryimage"},"thumbnailUrl":"https:\/\/elaimantair.fr\/boutique\/wp-content\/uploads\/2022\/08\/8328-scaled.jpg","datePublished":"2022-08-08T23:06:49+00:00","dateModified":"2024-12-30T23:50:04+00:00","description":"C'est un signe, vous vous grattez le nez\u00a0? Vous \u00eates g\u00ean\u00e9. Vous vous touchez les cheveux\u00a0? Vous \u00eates amoureux\u00a0? Dans la vie, tout est signe.","breadcrumb":{"@id":"https:\/\/elaimantair.fr\/boutique\/produit\/cest-un-signe\/#breadcrumb"},"inLanguage":"fr-FR","potentialAction":[{"@type":"ReadAction","target":["https:\/\/elaimantair.fr\/boutique\/produit\/cest-un-signe\/"]}]},{"@type":"ImageObject","inLanguage":"fr-FR","@id":"https:\/\/elaimantair.fr\/boutique\/produit\/cest-un-signe\/#primaryimage","url":"https:\/\/elaimantair.fr\/boutique\/wp-content\/uploads\/2022\/08\/8328-scaled.jpg","contentUrl":"https:\/\/elaimantair.fr\/boutique\/wp-content\/uploads\/2022\/08\/8328-scaled.jpg","width":1783,"height":2560,"caption":"Livre C'est un signe"},{"@type":"BreadcrumbList","@id":"https:\/\/elaimantair.fr\/boutique\/produit\/cest-un-signe\/#breadcrumb","itemListElement":[{"@type":"ListItem","position":1,"name":"Accueil boutique","item":"https:\/\/elaimantair.fr\/boutique\/"},{"@type":"ListItem","position":2,"name":"Accueil boutique","item":"https:\/\/elaimantair.fr\/boutique\/"},{"@type":"ListItem","position":3,"name":"C&rsquo;est un signe"}]},{"@type":"WebSite","@id":"https:\/\/elaimantair.fr\/boutique\/#website","url":"https:\/\/elaimantair.fr\/boutique\/","name":"Boutique El'aimant Air","description":"Sublimer votre lumi\u00e8re","publisher":{"@id":"https:\/\/elaimantair.fr\/boutique\/#organization"},"potentialAction":[{"@type":"SearchAction","target":{"@type":"EntryPoint","urlTemplate":"https:\/\/elaimantair.fr\/boutique\/?s={search_term_string}"},"query-input":{"@type":"PropertyValueSpecification","valueRequired":true,"valueName":"search_term_string"}}],"inLanguage":"fr-FR"},{"@type":"Organization","@id":"https:\/\/elaimantair.fr\/boutique\/#organization","name":"El'aimant Air","url":"https:\/\/elaimantair.fr\/boutique\/","logo":{"@type":"ImageObject","inLanguage":"fr-FR","@id":"https:\/\/elaimantair.fr\/boutique\/#\/schema\/logo\/image\/","url":"https:\/\/elaimantair.fr\/boutique\/wp-content\/uploads\/2022\/04\/elaimantairLogo-512.jpg","contentUrl":"https:\/\/elaimantair.fr\/boutique\/wp-content\/uploads\/2022\/04\/elaimantairLogo-512.jpg","width":512,"height":512,"caption":"El'aimant Air"},"image":{"@id":"https:\/\/elaimantair.fr\/boutique\/#\/schema\/logo\/image\/"},"sameAs":["https:\/\/www.facebook.com\/louka.dou.5","https:\/\/x.com\/AimantAir","https:\/\/www.instagram.com\/elaimantair","https:\/\/www.pinterest.com\/Elaimantair\/"]}]}},"jetpack_sharing_enabled":true,"_links":{"self":[{"href":"https:\/\/elaimantair.fr\/boutique\/wp-json\/wp\/v2\/product\/865","targetHints":{"allow":["GET"]}}],"collection":[{"href":"https:\/\/elaimantair.fr\/boutique\/wp-json\/wp\/v2\/product"}],"about":[{"href":"https:\/\/elaimantair.fr\/boutique\/wp-json\/wp\/v2\/types\/product"}],"replies":[{"embeddable":true,"href":"https:\/\/elaimantair.fr\/boutique\/wp-json\/wp\/v2\/comments?post=865"}],"wp:featuredmedia":[{"embeddable":true,"href":"https:\/\/elaimantair.fr\/boutique\/wp-json\/wp\/v2\/media\/863"}],"wp:attachment":[{"href":"https:\/\/elaimantair.fr\/boutique\/wp-json\/wp\/v2\/media?parent=865"}],"wp:term":[{"taxonomy":"product_brand","embeddable":true,"href":"https:\/\/elaimantair.fr\/boutique\/wp-json\/wp\/v2\/product_brand?post=865"},{"taxonomy":"product_cat","embeddable":true,"href":"https:\/\/elaimantair.fr\/boutique\/wp-json\/wp\/v2\/product_cat?post=865"},{"taxonomy":"product_tag","embeddable":true,"href":"https:\/\/elaimantair.fr\/boutique\/wp-json\/wp\/v2\/product_tag?post=865"}],"curies":[{"name":"wp","href":"https:\/\/api.w.org\/{rel}","templated":true}]}}