{"id":798,"date":"2022-08-02T02:06:46","date_gmt":"2022-08-02T00:06:46","guid":{"rendered":"https:\/\/elaimantair.fr\/boutique\/produit\/grimoire-de-magie-verte\/"},"modified":"2024-02-11T13:31:48","modified_gmt":"2024-02-11T12:31:48","slug":"grimoire-de-magie-verte","status":"publish","type":"product","link":"https:\/\/elaimantair.fr\/boutique\/produit\/grimoire-de-magie-verte\/","title":{"rendered":"Grimoire de magie verte"},"content":{"rendered":"<p><span style=\"color: inherit; font-family: inherit; font-size: inherit;\">Ne pensez pas que certains secrets aient \u00e9t\u00e9 d\u00e9voil\u00e9s ici ou que des serments aient \u00e9t\u00e9 viol\u00e9s. La Nature n&rsquo;a aucun secret. Elle est ouverte et donne librement \u00e0 ceux qui d\u00e9sirent explorer, \u00e9couter, observer et apprendre. A la fin de mes rituels je dis :<\/span><\/p>\n<p><span style=\"color: inherit; font-family: inherit; font-size: inherit;\">\u00ab\u00a0De m\u00eame que j&rsquo;ai re\u00e7u, puiss\u00e9-je offrir de quoi nourrir le corps, la conscience et l&rsquo;esprit de ceux qui cherchent tout comme moi.\u00a0\u00bb <\/span><\/p>\n<p><span style=\"color: inherit; font-family: inherit; font-size: inherit;\">En tenant ce Livre des Ombres dans vos mains, vous acceptez de moi ce que vous recherchez. De quoi nourrir votre corps, votre conscience et votre esprit. Prenez et utilisez ce qui vous appelle. Changez ou modifiez les choses qu&rsquo;il vous semble bon de modifier. Ecrivez vos propres donn\u00e9es sur les pages blanches laiss\u00e9es dans ce but. Un Livre des Ombres et un Grimoire grandit \u00e0 chaque g\u00e9n\u00e9ration.<\/span><\/p>\n<p><span style=\"color: inherit; font-family: inherit; font-size: inherit;\">Laissez enfin ce livre \u00eatre un guide pour vous car vous parcourez votre propre chemin en compagnie de la D\u00e9esse et du Dieu.<\/span><\/p>\n<p><span style=\"color: inherit; font-family: inherit; font-size: inherit;\">Que votre Art se pare de joie, que le Divin vous inspire et \u00ab\u00a0Que Soient B\u00e9nis Tes Pieds Qui Te Conduisent Sur Ton Chemin.\u00a0\u00bb<\/span><\/p>\n<p><span style=\"color: inherit; font-family: inherit; font-size: inherit;\">Grimoire de magie verte de l&rsquo;auteur Ann Moura.<\/span><\/p>\n","protected":false},"excerpt":{"rendered":"<p><span style=\"color: inherit; font-family: inherit; font-size: inherit;\">Ne pensez pas que certains secrets aient \u00e9t\u00e9 d\u00e9voil\u00e9s ici ou que des serments aient \u00e9t\u00e9 viol\u00e9s. La Nature n&rsquo;a aucun secret. Elle est ouverte et donne librement \u00e0 ceux qui d\u00e9sirent explorer, \u00e9couter, observer et apprendre<\/span><\/p>\n","protected":false},"featured_media":796,"comment_status":"open","ping_status":"closed","template":"","meta":[],"product_brand":[],"product_cat":[68],"product_tag":[],"class_list":{"0":"post-798","1":"product","2":"type-product","3":"status-publish","4":"has-post-thumbnail","6":"product_cat-livres","8":"first","9":"instock","10":"sale","11":"sold-individually","12":"shipping-taxable","13":"purchasable","14":"product-type-simple"},"yoast_head":"<!-- This site is optimized with the Yoast SEO plugin v27.5 - https:\/\/yoast.com\/product\/yoast-seo-wordpress\/ -->\n<title>Grimoire de magie verte - Boutique El&#039;aimant Air<\/title>\n<meta name=\"description\" content=\"Ne pensez pas que certains secrets aient \u00e9t\u00e9 d\u00e9voil\u00e9s ici ou que des serments aient \u00e9t\u00e9 viol\u00e9s, car la Nature n&#039;a aucun secret.\" \/>\n<meta name=\"robots\" content=\"index, follow, max-snippet:-1, max-image-preview:large, max-video-preview:-1\" \/>\n<link rel=\"canonical\" href=\"https:\/\/elaimantair.fr\/boutique\/produit\/grimoire-de-magie-verte\/\" \/>\n<meta property=\"og:locale\" content=\"fr_FR\" \/>\n<meta property=\"og:type\" content=\"article\" \/>\n<meta property=\"og:title\" content=\"Grimoire de magie verte - Boutique El&#039;aimant Air\" \/>\n<meta property=\"og:description\" content=\"Ne pensez pas que certains secrets aient \u00e9t\u00e9 d\u00e9voil\u00e9s ici ou que des serments aient \u00e9t\u00e9 viol\u00e9s, car la Nature n&#039;a aucun secret.\" \/>\n<meta property=\"og:url\" content=\"https:\/\/elaimantair.fr\/boutique\/produit\/grimoire-de-magie-verte\/\" \/>\n<meta property=\"og:site_name\" content=\"Boutique El&#039;aimant Air\" \/>\n<meta property=\"article:publisher\" content=\"https:\/\/www.facebook.com\/louka.dou.5\" \/>\n<meta property=\"article:modified_time\" content=\"2024-02-11T12:31:48+00:00\" \/>\n<meta property=\"og:image\" content=\"https:\/\/elaimantair.fr\/boutique\/wp-content\/uploads\/2022\/08\/8317-scaled.jpg\" \/>\n\t<meta property=\"og:image:width\" content=\"1920\" \/>\n\t<meta property=\"og:image:height\" content=\"2560\" \/>\n\t<meta property=\"og:image:type\" content=\"image\/jpeg\" \/>\n<meta name=\"twitter:card\" content=\"summary_large_image\" \/>\n<meta name=\"twitter:site\" content=\"@AimantAir\" \/>\n<meta name=\"twitter:label1\" content=\"Dur\u00e9e de lecture estim\u00e9e\" \/>\n\t<meta name=\"twitter:data1\" content=\"1 minute\" \/>\n<script type=\"application\/ld+json\" class=\"yoast-schema-graph\">{\"@context\":\"https:\\\/\\\/schema.org\",\"@graph\":[{\"@type\":\"WebPage\",\"@id\":\"https:\\\/\\\/elaimantair.fr\\\/boutique\\\/produit\\\/grimoire-de-magie-verte\\\/\",\"url\":\"https:\\\/\\\/elaimantair.fr\\\/boutique\\\/produit\\\/grimoire-de-magie-verte\\\/\",\"name\":\"Grimoire de magie verte - Boutique El&#039;aimant Air\",\"isPartOf\":{\"@id\":\"https:\\\/\\\/elaimantair.fr\\\/boutique\\\/#website\"},\"primaryImageOfPage\":{\"@id\":\"https:\\\/\\\/elaimantair.fr\\\/boutique\\\/produit\\\/grimoire-de-magie-verte\\\/#primaryimage\"},\"image\":{\"@id\":\"https:\\\/\\\/elaimantair.fr\\\/boutique\\\/produit\\\/grimoire-de-magie-verte\\\/#primaryimage\"},\"thumbnailUrl\":\"https:\\\/\\\/elaimantair.fr\\\/boutique\\\/wp-content\\\/uploads\\\/2022\\\/08\\\/8317-scaled.jpg\",\"datePublished\":\"2022-08-02T00:06:46+00:00\",\"dateModified\":\"2024-02-11T12:31:48+00:00\",\"description\":\"Ne pensez pas que certains secrets aient \u00e9t\u00e9 d\u00e9voil\u00e9s ici ou que des serments aient \u00e9t\u00e9 viol\u00e9s, car la Nature n'a aucun secret.\",\"breadcrumb\":{\"@id\":\"https:\\\/\\\/elaimantair.fr\\\/boutique\\\/produit\\\/grimoire-de-magie-verte\\\/#breadcrumb\"},\"inLanguage\":\"fr-FR\",\"potentialAction\":[{\"@type\":\"ReadAction\",\"target\":[\"https:\\\/\\\/elaimantair.fr\\\/boutique\\\/produit\\\/grimoire-de-magie-verte\\\/\"]}]},{\"@type\":\"ImageObject\",\"inLanguage\":\"fr-FR\",\"@id\":\"https:\\\/\\\/elaimantair.fr\\\/boutique\\\/produit\\\/grimoire-de-magie-verte\\\/#primaryimage\",\"url\":\"https:\\\/\\\/elaimantair.fr\\\/boutique\\\/wp-content\\\/uploads\\\/2022\\\/08\\\/8317-scaled.jpg\",\"contentUrl\":\"https:\\\/\\\/elaimantair.fr\\\/boutique\\\/wp-content\\\/uploads\\\/2022\\\/08\\\/8317-scaled.jpg\",\"width\":1920,\"height\":2560,\"caption\":\"Livre Grimoire de magie verte\"},{\"@type\":\"BreadcrumbList\",\"@id\":\"https:\\\/\\\/elaimantair.fr\\\/boutique\\\/produit\\\/grimoire-de-magie-verte\\\/#breadcrumb\",\"itemListElement\":[{\"@type\":\"ListItem\",\"position\":1,\"name\":\"Accueil boutique\",\"item\":\"https:\\\/\\\/elaimantair.fr\\\/boutique\\\/\"},{\"@type\":\"ListItem\",\"position\":2,\"name\":\"Accueil boutique\",\"item\":\"https:\\\/\\\/elaimantair.fr\\\/boutique\\\/\"},{\"@type\":\"ListItem\",\"position\":3,\"name\":\"Grimoire de magie verte\"}]},{\"@type\":\"WebSite\",\"@id\":\"https:\\\/\\\/elaimantair.fr\\\/boutique\\\/#website\",\"url\":\"https:\\\/\\\/elaimantair.fr\\\/boutique\\\/\",\"name\":\"Boutique El'aimant Air\",\"description\":\"Sublimer votre lumi\u00e8re\",\"publisher\":{\"@id\":\"https:\\\/\\\/elaimantair.fr\\\/boutique\\\/#organization\"},\"potentialAction\":[{\"@type\":\"SearchAction\",\"target\":{\"@type\":\"EntryPoint\",\"urlTemplate\":\"https:\\\/\\\/elaimantair.fr\\\/boutique\\\/?s={search_term_string}\"},\"query-input\":{\"@type\":\"PropertyValueSpecification\",\"valueRequired\":true,\"valueName\":\"search_term_string\"}}],\"inLanguage\":\"fr-FR\"},{\"@type\":\"Organization\",\"@id\":\"https:\\\/\\\/elaimantair.fr\\\/boutique\\\/#organization\",\"name\":\"El'aimant Air\",\"url\":\"https:\\\/\\\/elaimantair.fr\\\/boutique\\\/\",\"logo\":{\"@type\":\"ImageObject\",\"inLanguage\":\"fr-FR\",\"@id\":\"https:\\\/\\\/elaimantair.fr\\\/boutique\\\/#\\\/schema\\\/logo\\\/image\\\/\",\"url\":\"https:\\\/\\\/elaimantair.fr\\\/boutique\\\/wp-content\\\/uploads\\\/2022\\\/04\\\/elaimantairLogo-512.jpg\",\"contentUrl\":\"https:\\\/\\\/elaimantair.fr\\\/boutique\\\/wp-content\\\/uploads\\\/2022\\\/04\\\/elaimantairLogo-512.jpg\",\"width\":512,\"height\":512,\"caption\":\"El'aimant Air\"},\"image\":{\"@id\":\"https:\\\/\\\/elaimantair.fr\\\/boutique\\\/#\\\/schema\\\/logo\\\/image\\\/\"},\"sameAs\":[\"https:\\\/\\\/www.facebook.com\\\/louka.dou.5\",\"https:\\\/\\\/x.com\\\/AimantAir\",\"https:\\\/\\\/www.instagram.com\\\/elaimantair\",\"https:\\\/\\\/www.pinterest.com\\\/Elaimantair\\\/\"]}]}<\/script>\n<!-- \/ Yoast SEO plugin. -->","yoast_head_json":{"title":"Grimoire de magie verte - Boutique El&#039;aimant Air","description":"Ne pensez pas que certains secrets aient \u00e9t\u00e9 d\u00e9voil\u00e9s ici ou que des serments aient \u00e9t\u00e9 viol\u00e9s, car la Nature n'a aucun secret.","robots":{"index":"index","follow":"follow","max-snippet":"max-snippet:-1","max-image-preview":"max-image-preview:large","max-video-preview":"max-video-preview:-1"},"canonical":"https:\/\/elaimantair.fr\/boutique\/produit\/grimoire-de-magie-verte\/","og_locale":"fr_FR","og_type":"article","og_title":"Grimoire de magie verte - Boutique El&#039;aimant Air","og_description":"Ne pensez pas que certains secrets aient \u00e9t\u00e9 d\u00e9voil\u00e9s ici ou que des serments aient \u00e9t\u00e9 viol\u00e9s, car la Nature n'a aucun secret.","og_url":"https:\/\/elaimantair.fr\/boutique\/produit\/grimoire-de-magie-verte\/","og_site_name":"Boutique El&#039;aimant Air","article_publisher":"https:\/\/www.facebook.com\/louka.dou.5","article_modified_time":"2024-02-11T12:31:48+00:00","og_image":[{"width":1920,"height":2560,"url":"https:\/\/elaimantair.fr\/boutique\/wp-content\/uploads\/2022\/08\/8317-scaled.jpg","type":"image\/jpeg"}],"twitter_card":"summary_large_image","twitter_site":"@AimantAir","twitter_misc":{"Dur\u00e9e de lecture estim\u00e9e":"1 minute"},"schema":{"@context":"https:\/\/schema.org","@graph":[{"@type":"WebPage","@id":"https:\/\/elaimantair.fr\/boutique\/produit\/grimoire-de-magie-verte\/","url":"https:\/\/elaimantair.fr\/boutique\/produit\/grimoire-de-magie-verte\/","name":"Grimoire de magie verte - Boutique El&#039;aimant Air","isPartOf":{"@id":"https:\/\/elaimantair.fr\/boutique\/#website"},"primaryImageOfPage":{"@id":"https:\/\/elaimantair.fr\/boutique\/produit\/grimoire-de-magie-verte\/#primaryimage"},"image":{"@id":"https:\/\/elaimantair.fr\/boutique\/produit\/grimoire-de-magie-verte\/#primaryimage"},"thumbnailUrl":"https:\/\/elaimantair.fr\/boutique\/wp-content\/uploads\/2022\/08\/8317-scaled.jpg","datePublished":"2022-08-02T00:06:46+00:00","dateModified":"2024-02-11T12:31:48+00:00","description":"Ne pensez pas que certains secrets aient \u00e9t\u00e9 d\u00e9voil\u00e9s ici ou que des serments aient \u00e9t\u00e9 viol\u00e9s, car la Nature n'a aucun secret.","breadcrumb":{"@id":"https:\/\/elaimantair.fr\/boutique\/produit\/grimoire-de-magie-verte\/#breadcrumb"},"inLanguage":"fr-FR","potentialAction":[{"@type":"ReadAction","target":["https:\/\/elaimantair.fr\/boutique\/produit\/grimoire-de-magie-verte\/"]}]},{"@type":"ImageObject","inLanguage":"fr-FR","@id":"https:\/\/elaimantair.fr\/boutique\/produit\/grimoire-de-magie-verte\/#primaryimage","url":"https:\/\/elaimantair.fr\/boutique\/wp-content\/uploads\/2022\/08\/8317-scaled.jpg","contentUrl":"https:\/\/elaimantair.fr\/boutique\/wp-content\/uploads\/2022\/08\/8317-scaled.jpg","width":1920,"height":2560,"caption":"Livre Grimoire de magie verte"},{"@type":"BreadcrumbList","@id":"https:\/\/elaimantair.fr\/boutique\/produit\/grimoire-de-magie-verte\/#breadcrumb","itemListElement":[{"@type":"ListItem","position":1,"name":"Accueil boutique","item":"https:\/\/elaimantair.fr\/boutique\/"},{"@type":"ListItem","position":2,"name":"Accueil boutique","item":"https:\/\/elaimantair.fr\/boutique\/"},{"@type":"ListItem","position":3,"name":"Grimoire de magie verte"}]},{"@type":"WebSite","@id":"https:\/\/elaimantair.fr\/boutique\/#website","url":"https:\/\/elaimantair.fr\/boutique\/","name":"Boutique El'aimant Air","description":"Sublimer votre lumi\u00e8re","publisher":{"@id":"https:\/\/elaimantair.fr\/boutique\/#organization"},"potentialAction":[{"@type":"SearchAction","target":{"@type":"EntryPoint","urlTemplate":"https:\/\/elaimantair.fr\/boutique\/?s={search_term_string}"},"query-input":{"@type":"PropertyValueSpecification","valueRequired":true,"valueName":"search_term_string"}}],"inLanguage":"fr-FR"},{"@type":"Organization","@id":"https:\/\/elaimantair.fr\/boutique\/#organization","name":"El'aimant Air","url":"https:\/\/elaimantair.fr\/boutique\/","logo":{"@type":"ImageObject","inLanguage":"fr-FR","@id":"https:\/\/elaimantair.fr\/boutique\/#\/schema\/logo\/image\/","url":"https:\/\/elaimantair.fr\/boutique\/wp-content\/uploads\/2022\/04\/elaimantairLogo-512.jpg","contentUrl":"https:\/\/elaimantair.fr\/boutique\/wp-content\/uploads\/2022\/04\/elaimantairLogo-512.jpg","width":512,"height":512,"caption":"El'aimant Air"},"image":{"@id":"https:\/\/elaimantair.fr\/boutique\/#\/schema\/logo\/image\/"},"sameAs":["https:\/\/www.facebook.com\/louka.dou.5","https:\/\/x.com\/AimantAir","https:\/\/www.instagram.com\/elaimantair","https:\/\/www.pinterest.com\/Elaimantair\/"]}]}},"jetpack_sharing_enabled":true,"_links":{"self":[{"href":"https:\/\/elaimantair.fr\/boutique\/wp-json\/wp\/v2\/product\/798","targetHints":{"allow":["GET"]}}],"collection":[{"href":"https:\/\/elaimantair.fr\/boutique\/wp-json\/wp\/v2\/product"}],"about":[{"href":"https:\/\/elaimantair.fr\/boutique\/wp-json\/wp\/v2\/types\/product"}],"replies":[{"embeddable":true,"href":"https:\/\/elaimantair.fr\/boutique\/wp-json\/wp\/v2\/comments?post=798"}],"wp:featuredmedia":[{"embeddable":true,"href":"https:\/\/elaimantair.fr\/boutique\/wp-json\/wp\/v2\/media\/796"}],"wp:attachment":[{"href":"https:\/\/elaimantair.fr\/boutique\/wp-json\/wp\/v2\/media?parent=798"}],"wp:term":[{"taxonomy":"product_brand","embeddable":true,"href":"https:\/\/elaimantair.fr\/boutique\/wp-json\/wp\/v2\/product_brand?post=798"},{"taxonomy":"product_cat","embeddable":true,"href":"https:\/\/elaimantair.fr\/boutique\/wp-json\/wp\/v2\/product_cat?post=798"},{"taxonomy":"product_tag","embeddable":true,"href":"https:\/\/elaimantair.fr\/boutique\/wp-json\/wp\/v2\/product_tag?post=798"}],"curies":[{"name":"wp","href":"https:\/\/api.w.org\/{rel}","templated":true}]}}