{"id":520,"date":"2022-06-18T15:41:18","date_gmt":"2022-06-18T13:41:18","guid":{"rendered":"https:\/\/elaimantair.fr\/boutique\/?post_type=product&#038;p=520"},"modified":"2024-12-03T02:29:17","modified_gmt":"2024-12-03T01:29:17","slug":"encens-nag-champa-goloka","status":"publish","type":"product","link":"https:\/\/elaimantair.fr\/boutique\/produit\/encens-nag-champa-goloka\/","title":{"rendered":"Encens Nag Champa Goloka"},"content":{"rendered":"<p>Encens Nag Champa Goloka en b\u00e2tonnet.<br \/>\nPaquet de 16g.<\/p>\n<p>L&rsquo;encens Goloka \u00e9voque une atmosph\u00e8re chaleureuse au sein de votre foyer. Il est r\u00e9put\u00e9 pour ses vertus rafra\u00eechissantes et purifiantes, apportant une agr\u00e9able sensation de puret\u00e9 \u00e0 l&rsquo;espace.<\/p>\n<p>Polyvalents, ces b\u00e2tons peuvent \u00eatre utilis\u00e9s comme des parfums d&rsquo;int\u00e9rieur, des senteurs d&rsquo;ambiance ou dans le cadre de rites religieux.<\/p>\n<p>Selon les traditions, ils sont r\u00e9put\u00e9s pour \u00e9loigner les \u00e9nergies n\u00e9gatives.<\/p>\n","protected":false},"excerpt":{"rendered":"<p>L\u2019encens Goloka cr\u00e9e une ambiance chaleureuse au sein de votre foyer.<\/p>\n","protected":false},"featured_media":533,"comment_status":"open","ping_status":"closed","template":"","meta":[],"product_brand":[],"product_cat":[56,21],"product_tag":[],"class_list":{"0":"post-520","1":"product","2":"type-product","3":"status-publish","4":"has-post-thumbnail","6":"product_cat-batonnets","7":"product_cat-encens","9":"first","10":"instock","11":"sale","12":"shipping-taxable","13":"purchasable","14":"product-type-simple"},"yoast_head":"<!-- This site is optimized with the Yoast SEO plugin v27.3 - https:\/\/yoast.com\/product\/yoast-seo-wordpress\/ -->\n<title>Encens Nag Champa Goloka - Boutique El&#039;aimant Air<\/title>\n<meta name=\"description\" content=\"Encens Nag Champa Goloka en b\u00e2tonnet.L\u2019encens Goloka cr\u00e9e une ambiance chaleureuse au sein de votre foyer. Paquet de 16g.\" \/>\n<meta name=\"robots\" content=\"index, follow, max-snippet:-1, max-image-preview:large, max-video-preview:-1\" \/>\n<link rel=\"canonical\" href=\"https:\/\/elaimantair.fr\/boutique\/produit\/encens-nag-champa-goloka\/\" \/>\n<meta property=\"og:locale\" content=\"fr_FR\" \/>\n<meta property=\"og:type\" content=\"article\" \/>\n<meta property=\"og:title\" content=\"Encens Nag Champa Goloka - Boutique El&#039;aimant Air\" \/>\n<meta property=\"og:description\" content=\"Encens Nag Champa Goloka en b\u00e2tonnet.L\u2019encens Goloka cr\u00e9e une ambiance chaleureuse au sein de votre foyer. Paquet de 16g.\" \/>\n<meta property=\"og:url\" content=\"https:\/\/elaimantair.fr\/boutique\/produit\/encens-nag-champa-goloka\/\" \/>\n<meta property=\"og:site_name\" content=\"Boutique El&#039;aimant Air\" \/>\n<meta property=\"article:publisher\" content=\"https:\/\/www.facebook.com\/louka.dou.5\" \/>\n<meta property=\"article:modified_time\" content=\"2024-12-03T01:29:17+00:00\" \/>\n<meta property=\"og:image\" content=\"https:\/\/elaimantair.fr\/boutique\/wp-content\/uploads\/2022\/06\/encens-nag-champa-goloka-scaled.jpg\" \/>\n\t<meta property=\"og:image:width\" content=\"2560\" \/>\n\t<meta property=\"og:image:height\" content=\"2037\" \/>\n\t<meta property=\"og:image:type\" content=\"image\/jpeg\" \/>\n<meta name=\"twitter:card\" content=\"summary_large_image\" \/>\n<meta name=\"twitter:site\" content=\"@AimantAir\" \/>\n<meta name=\"twitter:label1\" content=\"Dur\u00e9e de lecture estim\u00e9e\" \/>\n\t<meta name=\"twitter:data1\" content=\"1 minute\" \/>\n<script type=\"application\/ld+json\" class=\"yoast-schema-graph\">{\"@context\":\"https:\\\/\\\/schema.org\",\"@graph\":[{\"@type\":\"WebPage\",\"@id\":\"https:\\\/\\\/elaimantair.fr\\\/boutique\\\/produit\\\/encens-nag-champa-goloka\\\/\",\"url\":\"https:\\\/\\\/elaimantair.fr\\\/boutique\\\/produit\\\/encens-nag-champa-goloka\\\/\",\"name\":\"Encens Nag Champa Goloka - Boutique El&#039;aimant Air\",\"isPartOf\":{\"@id\":\"https:\\\/\\\/elaimantair.fr\\\/boutique\\\/#website\"},\"primaryImageOfPage\":{\"@id\":\"https:\\\/\\\/elaimantair.fr\\\/boutique\\\/produit\\\/encens-nag-champa-goloka\\\/#primaryimage\"},\"image\":{\"@id\":\"https:\\\/\\\/elaimantair.fr\\\/boutique\\\/produit\\\/encens-nag-champa-goloka\\\/#primaryimage\"},\"thumbnailUrl\":\"https:\\\/\\\/elaimantair.fr\\\/boutique\\\/wp-content\\\/uploads\\\/2022\\\/06\\\/encens-nag-champa-goloka-scaled.jpg\",\"datePublished\":\"2022-06-18T13:41:18+00:00\",\"dateModified\":\"2024-12-03T01:29:17+00:00\",\"description\":\"Encens Nag Champa Goloka en b\u00e2tonnet.L\u2019encens Goloka cr\u00e9e une ambiance chaleureuse au sein de votre foyer. Paquet de 16g.\",\"breadcrumb\":{\"@id\":\"https:\\\/\\\/elaimantair.fr\\\/boutique\\\/produit\\\/encens-nag-champa-goloka\\\/#breadcrumb\"},\"inLanguage\":\"fr-FR\",\"potentialAction\":[{\"@type\":\"ReadAction\",\"target\":[\"https:\\\/\\\/elaimantair.fr\\\/boutique\\\/produit\\\/encens-nag-champa-goloka\\\/\"]}]},{\"@type\":\"ImageObject\",\"inLanguage\":\"fr-FR\",\"@id\":\"https:\\\/\\\/elaimantair.fr\\\/boutique\\\/produit\\\/encens-nag-champa-goloka\\\/#primaryimage\",\"url\":\"https:\\\/\\\/elaimantair.fr\\\/boutique\\\/wp-content\\\/uploads\\\/2022\\\/06\\\/encens-nag-champa-goloka-scaled.jpg\",\"contentUrl\":\"https:\\\/\\\/elaimantair.fr\\\/boutique\\\/wp-content\\\/uploads\\\/2022\\\/06\\\/encens-nag-champa-goloka-scaled.jpg\",\"width\":2560,\"height\":2037,\"caption\":\"Encens Nag Champa Goloka\"},{\"@type\":\"BreadcrumbList\",\"@id\":\"https:\\\/\\\/elaimantair.fr\\\/boutique\\\/produit\\\/encens-nag-champa-goloka\\\/#breadcrumb\",\"itemListElement\":[{\"@type\":\"ListItem\",\"position\":1,\"name\":\"Accueil boutique\",\"item\":\"https:\\\/\\\/elaimantair.fr\\\/boutique\\\/\"},{\"@type\":\"ListItem\",\"position\":2,\"name\":\"Accueil boutique\",\"item\":\"https:\\\/\\\/elaimantair.fr\\\/boutique\\\/\"},{\"@type\":\"ListItem\",\"position\":3,\"name\":\"Encens Nag Champa Goloka\"}]},{\"@type\":\"WebSite\",\"@id\":\"https:\\\/\\\/elaimantair.fr\\\/boutique\\\/#website\",\"url\":\"https:\\\/\\\/elaimantair.fr\\\/boutique\\\/\",\"name\":\"Boutique El'aimant Air\",\"description\":\"Sublimer votre lumi\u00e8re\",\"publisher\":{\"@id\":\"https:\\\/\\\/elaimantair.fr\\\/boutique\\\/#organization\"},\"potentialAction\":[{\"@type\":\"SearchAction\",\"target\":{\"@type\":\"EntryPoint\",\"urlTemplate\":\"https:\\\/\\\/elaimantair.fr\\\/boutique\\\/?s={search_term_string}\"},\"query-input\":{\"@type\":\"PropertyValueSpecification\",\"valueRequired\":true,\"valueName\":\"search_term_string\"}}],\"inLanguage\":\"fr-FR\"},{\"@type\":\"Organization\",\"@id\":\"https:\\\/\\\/elaimantair.fr\\\/boutique\\\/#organization\",\"name\":\"El'aimant Air\",\"url\":\"https:\\\/\\\/elaimantair.fr\\\/boutique\\\/\",\"logo\":{\"@type\":\"ImageObject\",\"inLanguage\":\"fr-FR\",\"@id\":\"https:\\\/\\\/elaimantair.fr\\\/boutique\\\/#\\\/schema\\\/logo\\\/image\\\/\",\"url\":\"https:\\\/\\\/elaimantair.fr\\\/boutique\\\/wp-content\\\/uploads\\\/2022\\\/04\\\/elaimantairLogo-512.jpg\",\"contentUrl\":\"https:\\\/\\\/elaimantair.fr\\\/boutique\\\/wp-content\\\/uploads\\\/2022\\\/04\\\/elaimantairLogo-512.jpg\",\"width\":512,\"height\":512,\"caption\":\"El'aimant Air\"},\"image\":{\"@id\":\"https:\\\/\\\/elaimantair.fr\\\/boutique\\\/#\\\/schema\\\/logo\\\/image\\\/\"},\"sameAs\":[\"https:\\\/\\\/www.facebook.com\\\/louka.dou.5\",\"https:\\\/\\\/x.com\\\/AimantAir\",\"https:\\\/\\\/www.instagram.com\\\/elaimantair\",\"https:\\\/\\\/www.pinterest.com\\\/Elaimantair\\\/\"]}]}<\/script>\n<!-- \/ Yoast SEO plugin. -->","yoast_head_json":{"title":"Encens Nag Champa Goloka - Boutique El&#039;aimant Air","description":"Encens Nag Champa Goloka en b\u00e2tonnet.L\u2019encens Goloka cr\u00e9e une ambiance chaleureuse au sein de votre foyer. Paquet de 16g.","robots":{"index":"index","follow":"follow","max-snippet":"max-snippet:-1","max-image-preview":"max-image-preview:large","max-video-preview":"max-video-preview:-1"},"canonical":"https:\/\/elaimantair.fr\/boutique\/produit\/encens-nag-champa-goloka\/","og_locale":"fr_FR","og_type":"article","og_title":"Encens Nag Champa Goloka - Boutique El&#039;aimant Air","og_description":"Encens Nag Champa Goloka en b\u00e2tonnet.L\u2019encens Goloka cr\u00e9e une ambiance chaleureuse au sein de votre foyer. Paquet de 16g.","og_url":"https:\/\/elaimantair.fr\/boutique\/produit\/encens-nag-champa-goloka\/","og_site_name":"Boutique El&#039;aimant Air","article_publisher":"https:\/\/www.facebook.com\/louka.dou.5","article_modified_time":"2024-12-03T01:29:17+00:00","og_image":[{"width":2560,"height":2037,"url":"https:\/\/elaimantair.fr\/boutique\/wp-content\/uploads\/2022\/06\/encens-nag-champa-goloka-scaled.jpg","type":"image\/jpeg"}],"twitter_card":"summary_large_image","twitter_site":"@AimantAir","twitter_misc":{"Dur\u00e9e de lecture estim\u00e9e":"1 minute"},"schema":{"@context":"https:\/\/schema.org","@graph":[{"@type":"WebPage","@id":"https:\/\/elaimantair.fr\/boutique\/produit\/encens-nag-champa-goloka\/","url":"https:\/\/elaimantair.fr\/boutique\/produit\/encens-nag-champa-goloka\/","name":"Encens Nag Champa Goloka - Boutique El&#039;aimant Air","isPartOf":{"@id":"https:\/\/elaimantair.fr\/boutique\/#website"},"primaryImageOfPage":{"@id":"https:\/\/elaimantair.fr\/boutique\/produit\/encens-nag-champa-goloka\/#primaryimage"},"image":{"@id":"https:\/\/elaimantair.fr\/boutique\/produit\/encens-nag-champa-goloka\/#primaryimage"},"thumbnailUrl":"https:\/\/elaimantair.fr\/boutique\/wp-content\/uploads\/2022\/06\/encens-nag-champa-goloka-scaled.jpg","datePublished":"2022-06-18T13:41:18+00:00","dateModified":"2024-12-03T01:29:17+00:00","description":"Encens Nag Champa Goloka en b\u00e2tonnet.L\u2019encens Goloka cr\u00e9e une ambiance chaleureuse au sein de votre foyer. Paquet de 16g.","breadcrumb":{"@id":"https:\/\/elaimantair.fr\/boutique\/produit\/encens-nag-champa-goloka\/#breadcrumb"},"inLanguage":"fr-FR","potentialAction":[{"@type":"ReadAction","target":["https:\/\/elaimantair.fr\/boutique\/produit\/encens-nag-champa-goloka\/"]}]},{"@type":"ImageObject","inLanguage":"fr-FR","@id":"https:\/\/elaimantair.fr\/boutique\/produit\/encens-nag-champa-goloka\/#primaryimage","url":"https:\/\/elaimantair.fr\/boutique\/wp-content\/uploads\/2022\/06\/encens-nag-champa-goloka-scaled.jpg","contentUrl":"https:\/\/elaimantair.fr\/boutique\/wp-content\/uploads\/2022\/06\/encens-nag-champa-goloka-scaled.jpg","width":2560,"height":2037,"caption":"Encens Nag Champa Goloka"},{"@type":"BreadcrumbList","@id":"https:\/\/elaimantair.fr\/boutique\/produit\/encens-nag-champa-goloka\/#breadcrumb","itemListElement":[{"@type":"ListItem","position":1,"name":"Accueil boutique","item":"https:\/\/elaimantair.fr\/boutique\/"},{"@type":"ListItem","position":2,"name":"Accueil boutique","item":"https:\/\/elaimantair.fr\/boutique\/"},{"@type":"ListItem","position":3,"name":"Encens Nag Champa Goloka"}]},{"@type":"WebSite","@id":"https:\/\/elaimantair.fr\/boutique\/#website","url":"https:\/\/elaimantair.fr\/boutique\/","name":"Boutique El'aimant Air","description":"Sublimer votre lumi\u00e8re","publisher":{"@id":"https:\/\/elaimantair.fr\/boutique\/#organization"},"potentialAction":[{"@type":"SearchAction","target":{"@type":"EntryPoint","urlTemplate":"https:\/\/elaimantair.fr\/boutique\/?s={search_term_string}"},"query-input":{"@type":"PropertyValueSpecification","valueRequired":true,"valueName":"search_term_string"}}],"inLanguage":"fr-FR"},{"@type":"Organization","@id":"https:\/\/elaimantair.fr\/boutique\/#organization","name":"El'aimant Air","url":"https:\/\/elaimantair.fr\/boutique\/","logo":{"@type":"ImageObject","inLanguage":"fr-FR","@id":"https:\/\/elaimantair.fr\/boutique\/#\/schema\/logo\/image\/","url":"https:\/\/elaimantair.fr\/boutique\/wp-content\/uploads\/2022\/04\/elaimantairLogo-512.jpg","contentUrl":"https:\/\/elaimantair.fr\/boutique\/wp-content\/uploads\/2022\/04\/elaimantairLogo-512.jpg","width":512,"height":512,"caption":"El'aimant Air"},"image":{"@id":"https:\/\/elaimantair.fr\/boutique\/#\/schema\/logo\/image\/"},"sameAs":["https:\/\/www.facebook.com\/louka.dou.5","https:\/\/x.com\/AimantAir","https:\/\/www.instagram.com\/elaimantair","https:\/\/www.pinterest.com\/Elaimantair\/"]}]}},"jetpack_sharing_enabled":true,"_links":{"self":[{"href":"https:\/\/elaimantair.fr\/boutique\/wp-json\/wp\/v2\/product\/520","targetHints":{"allow":["GET"]}}],"collection":[{"href":"https:\/\/elaimantair.fr\/boutique\/wp-json\/wp\/v2\/product"}],"about":[{"href":"https:\/\/elaimantair.fr\/boutique\/wp-json\/wp\/v2\/types\/product"}],"replies":[{"embeddable":true,"href":"https:\/\/elaimantair.fr\/boutique\/wp-json\/wp\/v2\/comments?post=520"}],"wp:featuredmedia":[{"embeddable":true,"href":"https:\/\/elaimantair.fr\/boutique\/wp-json\/wp\/v2\/media\/533"}],"wp:attachment":[{"href":"https:\/\/elaimantair.fr\/boutique\/wp-json\/wp\/v2\/media?parent=520"}],"wp:term":[{"taxonomy":"product_brand","embeddable":true,"href":"https:\/\/elaimantair.fr\/boutique\/wp-json\/wp\/v2\/product_brand?post=520"},{"taxonomy":"product_cat","embeddable":true,"href":"https:\/\/elaimantair.fr\/boutique\/wp-json\/wp\/v2\/product_cat?post=520"},{"taxonomy":"product_tag","embeddable":true,"href":"https:\/\/elaimantair.fr\/boutique\/wp-json\/wp\/v2\/product_tag?post=520"}],"curies":[{"name":"wp","href":"https:\/\/api.w.org\/{rel}","templated":true}]}}