{"id":461,"date":"2022-06-15T02:37:09","date_gmt":"2022-06-15T00:37:09","guid":{"rendered":"https:\/\/elaimantair.fr\/boutique\/?post_type=product&#038;p=461"},"modified":"2024-02-28T22:20:43","modified_gmt":"2024-02-28T21:20:43","slug":"cones-a-reflux-rose-goloka","status":"publish","type":"product","link":"https:\/\/elaimantair.fr\/boutique\/produit\/cones-a-reflux-rose-goloka\/","title":{"rendered":"C\u00f4nes \u00e0 reflux rose goloka"},"content":{"rendered":"<div class=\"flex-1 overflow-hidden\">\n<div class=\"react-scroll-to-bottom--css-lfbye-79elbk h-full\">\n<div class=\"react-scroll-to-bottom--css-lfbye-1n7m0yu\">\n<div class=\"flex flex-col text-sm pb-9\">\n<div class=\"w-full text-token-text-primary\" data-testid=\"conversation-turn-23\">\n<div class=\"px-4 py-2 justify-center text-base md:gap-6 m-auto\">\n<div class=\"flex flex-1 text-base mx-auto gap-3 md:px-5 lg:px-1 xl:px-5 md:max-w-3xl lg:max-w-[40rem] xl:max-w-[48rem] group final-completion\">\n<div class=\"relative flex w-full flex-col agent-turn\">\n<div class=\"flex-col gap-1 md:gap-3\">\n<div class=\"flex flex-grow flex-col max-w-full\">\n<div class=\"min-h-[20px] text-message flex flex-col items-start gap-3 whitespace-pre-wrap break-words [.text-message+&amp;]:mt-5 overflow-x-auto\" data-message-author-role=\"assistant\" data-message-id=\"756477a4-6f6f-4b25-bf08-34e608d6aaf6\">\n<div class=\"markdown prose w-full break-words dark:prose-invert dark\">\n<p>Les c\u00f4nes \u00e0 reflux \u00e0 la rose de Goloka sont des encens sp\u00e9cialement formul\u00e9s pour cr\u00e9er une ambiance paisible et agr\u00e9able dans votre espace.<\/p>\n<p>Les c\u00f4nes d\u00e9gagent un parfum subtil de rose, offrant une exp\u00e9rience olfactive rafra\u00eechissante et enchanteresse.<\/p>\n<p>Ils sont minutieusement con\u00e7us avec des perforations \u00e0 leur base, permettant \u00e0 la fum\u00e9e de s&rsquo;\u00e9couler vers le bas. Ce processus cr\u00e9e un effet visuel apaisant et fascinant, ajoutant une touche esth\u00e9tique \u00e0 la combustion de l&rsquo;encens.<\/p>\n<p>Connu pour ses vertus relaxantes et purifiantes, cet encens est id\u00e9al pour favoriser la m\u00e9ditation, la relaxation et la spiritualit\u00e9.<\/p>\n<p>Les c\u00f4nes sont fabriqu\u00e9s en Inde, o\u00f9 l&rsquo;encens est utilis\u00e9 depuis des si\u00e8cles pour ses bienfaits aromatiques et spirituels.<\/p>\n<p>Ils peuvent \u00eatre utilis\u00e9s avec des br\u00fbleurs \u00e0 reflux sp\u00e9cialement con\u00e7us ou de mani\u00e8re traditionnelle avec des br\u00fbleurs d&rsquo;encens classiques. Il vous suffit de placer un c\u00f4ne sur le br\u00fbleur, d&rsquo;allumer la pointe et de profiter de l&rsquo;ar\u00f4me qui embaume votre espace.<\/p>\n<p>Les c\u00f4nes \u00e0 reflux \u00e0 la rose de Goloka sont une mani\u00e8re \u00e9l\u00e9gante et efficace d&rsquo;instaurer une ambiance relaxante et parfum\u00e9e.<\/p>\n<\/div>\n<\/div>\n<\/div>\n<\/div>\n<\/div>\n<\/div>\n<\/div>\n<\/div>\n<\/div>\n<\/div>\n<\/div>\n<\/div>\n","protected":false},"excerpt":{"rendered":"<p>C\u00f4nes \u00e0 reflux rose goloka<\/p>\n","protected":false},"featured_media":462,"comment_status":"open","ping_status":"closed","template":"","meta":[],"product_brand":[],"product_cat":[50,21],"product_tag":[],"class_list":{"0":"post-461","1":"product","2":"type-product","3":"status-publish","4":"has-post-thumbnail","6":"product_cat-cones","7":"product_cat-encens","9":"first","10":"instock","11":"sale","12":"shipping-taxable","13":"purchasable","14":"product-type-simple"},"yoast_head":"<!-- This site is optimized with the Yoast SEO plugin v27.3 - https:\/\/yoast.com\/product\/yoast-seo-wordpress\/ -->\n<title>C\u00f4nes \u00e0 reflux rose goloka - Boutique El&#039;aimant Air<\/title>\n<meta name=\"description\" content=\"Les c\u00f4nes \u00e0 reflux \u00e0 la rose de Goloka sont des encens sp\u00e9cialement formul\u00e9s pour cr\u00e9er une ambiance paisible et agr\u00e9able dans votre espace.\" \/>\n<meta name=\"robots\" content=\"index, follow, max-snippet:-1, max-image-preview:large, max-video-preview:-1\" \/>\n<link rel=\"canonical\" href=\"https:\/\/elaimantair.fr\/boutique\/produit\/cones-a-reflux-rose-goloka\/\" \/>\n<meta property=\"og:locale\" content=\"fr_FR\" \/>\n<meta property=\"og:type\" content=\"article\" \/>\n<meta property=\"og:title\" content=\"C\u00f4nes \u00e0 reflux rose goloka - Boutique El&#039;aimant Air\" \/>\n<meta property=\"og:description\" content=\"Les c\u00f4nes \u00e0 reflux \u00e0 la rose de Goloka sont des encens sp\u00e9cialement formul\u00e9s pour cr\u00e9er une ambiance paisible et agr\u00e9able dans votre espace.\" \/>\n<meta property=\"og:url\" content=\"https:\/\/elaimantair.fr\/boutique\/produit\/cones-a-reflux-rose-goloka\/\" \/>\n<meta property=\"og:site_name\" content=\"Boutique El&#039;aimant Air\" \/>\n<meta property=\"article:publisher\" content=\"https:\/\/www.facebook.com\/louka.dou.5\" \/>\n<meta property=\"article:modified_time\" content=\"2024-02-28T21:20:43+00:00\" \/>\n<meta property=\"og:image\" content=\"https:\/\/elaimantair.fr\/boutique\/wp-content\/uploads\/2022\/06\/Cones-a-reflux-rose-goloka.jpg\" \/>\n\t<meta property=\"og:image:width\" content=\"677\" \/>\n\t<meta property=\"og:image:height\" content=\"668\" \/>\n\t<meta property=\"og:image:type\" content=\"image\/jpeg\" \/>\n<meta name=\"twitter:card\" content=\"summary_large_image\" \/>\n<meta name=\"twitter:site\" content=\"@AimantAir\" \/>\n<meta name=\"twitter:label1\" content=\"Dur\u00e9e de lecture estim\u00e9e\" \/>\n\t<meta name=\"twitter:data1\" content=\"1 minute\" \/>\n<script type=\"application\/ld+json\" class=\"yoast-schema-graph\">{\"@context\":\"https:\\\/\\\/schema.org\",\"@graph\":[{\"@type\":\"WebPage\",\"@id\":\"https:\\\/\\\/elaimantair.fr\\\/boutique\\\/produit\\\/cones-a-reflux-rose-goloka\\\/\",\"url\":\"https:\\\/\\\/elaimantair.fr\\\/boutique\\\/produit\\\/cones-a-reflux-rose-goloka\\\/\",\"name\":\"C\u00f4nes \u00e0 reflux rose goloka - Boutique El&#039;aimant Air\",\"isPartOf\":{\"@id\":\"https:\\\/\\\/elaimantair.fr\\\/boutique\\\/#website\"},\"primaryImageOfPage\":{\"@id\":\"https:\\\/\\\/elaimantair.fr\\\/boutique\\\/produit\\\/cones-a-reflux-rose-goloka\\\/#primaryimage\"},\"image\":{\"@id\":\"https:\\\/\\\/elaimantair.fr\\\/boutique\\\/produit\\\/cones-a-reflux-rose-goloka\\\/#primaryimage\"},\"thumbnailUrl\":\"https:\\\/\\\/elaimantair.fr\\\/boutique\\\/wp-content\\\/uploads\\\/2022\\\/06\\\/Cones-a-reflux-rose-goloka.jpg\",\"datePublished\":\"2022-06-15T00:37:09+00:00\",\"dateModified\":\"2024-02-28T21:20:43+00:00\",\"description\":\"Les c\u00f4nes \u00e0 reflux \u00e0 la rose de Goloka sont des encens sp\u00e9cialement formul\u00e9s pour cr\u00e9er une ambiance paisible et agr\u00e9able dans votre espace.\",\"breadcrumb\":{\"@id\":\"https:\\\/\\\/elaimantair.fr\\\/boutique\\\/produit\\\/cones-a-reflux-rose-goloka\\\/#breadcrumb\"},\"inLanguage\":\"fr-FR\",\"potentialAction\":[{\"@type\":\"ReadAction\",\"target\":[\"https:\\\/\\\/elaimantair.fr\\\/boutique\\\/produit\\\/cones-a-reflux-rose-goloka\\\/\"]}]},{\"@type\":\"ImageObject\",\"inLanguage\":\"fr-FR\",\"@id\":\"https:\\\/\\\/elaimantair.fr\\\/boutique\\\/produit\\\/cones-a-reflux-rose-goloka\\\/#primaryimage\",\"url\":\"https:\\\/\\\/elaimantair.fr\\\/boutique\\\/wp-content\\\/uploads\\\/2022\\\/06\\\/Cones-a-reflux-rose-goloka.jpg\",\"contentUrl\":\"https:\\\/\\\/elaimantair.fr\\\/boutique\\\/wp-content\\\/uploads\\\/2022\\\/06\\\/Cones-a-reflux-rose-goloka.jpg\",\"width\":677,\"height\":668,\"caption\":\"Les c\u00f4nes \u00e0 reflux \u00e0 la rose de Goloka\"},{\"@type\":\"BreadcrumbList\",\"@id\":\"https:\\\/\\\/elaimantair.fr\\\/boutique\\\/produit\\\/cones-a-reflux-rose-goloka\\\/#breadcrumb\",\"itemListElement\":[{\"@type\":\"ListItem\",\"position\":1,\"name\":\"Accueil boutique\",\"item\":\"https:\\\/\\\/elaimantair.fr\\\/boutique\\\/\"},{\"@type\":\"ListItem\",\"position\":2,\"name\":\"Accueil boutique\",\"item\":\"https:\\\/\\\/elaimantair.fr\\\/boutique\\\/\"},{\"@type\":\"ListItem\",\"position\":3,\"name\":\"C\u00f4nes \u00e0 reflux rose goloka\"}]},{\"@type\":\"WebSite\",\"@id\":\"https:\\\/\\\/elaimantair.fr\\\/boutique\\\/#website\",\"url\":\"https:\\\/\\\/elaimantair.fr\\\/boutique\\\/\",\"name\":\"Boutique El'aimant Air\",\"description\":\"Sublimer votre lumi\u00e8re\",\"publisher\":{\"@id\":\"https:\\\/\\\/elaimantair.fr\\\/boutique\\\/#organization\"},\"potentialAction\":[{\"@type\":\"SearchAction\",\"target\":{\"@type\":\"EntryPoint\",\"urlTemplate\":\"https:\\\/\\\/elaimantair.fr\\\/boutique\\\/?s={search_term_string}\"},\"query-input\":{\"@type\":\"PropertyValueSpecification\",\"valueRequired\":true,\"valueName\":\"search_term_string\"}}],\"inLanguage\":\"fr-FR\"},{\"@type\":\"Organization\",\"@id\":\"https:\\\/\\\/elaimantair.fr\\\/boutique\\\/#organization\",\"name\":\"El'aimant Air\",\"url\":\"https:\\\/\\\/elaimantair.fr\\\/boutique\\\/\",\"logo\":{\"@type\":\"ImageObject\",\"inLanguage\":\"fr-FR\",\"@id\":\"https:\\\/\\\/elaimantair.fr\\\/boutique\\\/#\\\/schema\\\/logo\\\/image\\\/\",\"url\":\"https:\\\/\\\/elaimantair.fr\\\/boutique\\\/wp-content\\\/uploads\\\/2022\\\/04\\\/elaimantairLogo-512.jpg\",\"contentUrl\":\"https:\\\/\\\/elaimantair.fr\\\/boutique\\\/wp-content\\\/uploads\\\/2022\\\/04\\\/elaimantairLogo-512.jpg\",\"width\":512,\"height\":512,\"caption\":\"El'aimant Air\"},\"image\":{\"@id\":\"https:\\\/\\\/elaimantair.fr\\\/boutique\\\/#\\\/schema\\\/logo\\\/image\\\/\"},\"sameAs\":[\"https:\\\/\\\/www.facebook.com\\\/louka.dou.5\",\"https:\\\/\\\/x.com\\\/AimantAir\",\"https:\\\/\\\/www.instagram.com\\\/elaimantair\",\"https:\\\/\\\/www.pinterest.com\\\/Elaimantair\\\/\"]}]}<\/script>\n<!-- \/ Yoast SEO plugin. -->","yoast_head_json":{"title":"C\u00f4nes \u00e0 reflux rose goloka - Boutique El&#039;aimant Air","description":"Les c\u00f4nes \u00e0 reflux \u00e0 la rose de Goloka sont des encens sp\u00e9cialement formul\u00e9s pour cr\u00e9er une ambiance paisible et agr\u00e9able dans votre espace.","robots":{"index":"index","follow":"follow","max-snippet":"max-snippet:-1","max-image-preview":"max-image-preview:large","max-video-preview":"max-video-preview:-1"},"canonical":"https:\/\/elaimantair.fr\/boutique\/produit\/cones-a-reflux-rose-goloka\/","og_locale":"fr_FR","og_type":"article","og_title":"C\u00f4nes \u00e0 reflux rose goloka - Boutique El&#039;aimant Air","og_description":"Les c\u00f4nes \u00e0 reflux \u00e0 la rose de Goloka sont des encens sp\u00e9cialement formul\u00e9s pour cr\u00e9er une ambiance paisible et agr\u00e9able dans votre espace.","og_url":"https:\/\/elaimantair.fr\/boutique\/produit\/cones-a-reflux-rose-goloka\/","og_site_name":"Boutique El&#039;aimant Air","article_publisher":"https:\/\/www.facebook.com\/louka.dou.5","article_modified_time":"2024-02-28T21:20:43+00:00","og_image":[{"width":677,"height":668,"url":"https:\/\/elaimantair.fr\/boutique\/wp-content\/uploads\/2022\/06\/Cones-a-reflux-rose-goloka.jpg","type":"image\/jpeg"}],"twitter_card":"summary_large_image","twitter_site":"@AimantAir","twitter_misc":{"Dur\u00e9e de lecture estim\u00e9e":"1 minute"},"schema":{"@context":"https:\/\/schema.org","@graph":[{"@type":"WebPage","@id":"https:\/\/elaimantair.fr\/boutique\/produit\/cones-a-reflux-rose-goloka\/","url":"https:\/\/elaimantair.fr\/boutique\/produit\/cones-a-reflux-rose-goloka\/","name":"C\u00f4nes \u00e0 reflux rose goloka - Boutique El&#039;aimant Air","isPartOf":{"@id":"https:\/\/elaimantair.fr\/boutique\/#website"},"primaryImageOfPage":{"@id":"https:\/\/elaimantair.fr\/boutique\/produit\/cones-a-reflux-rose-goloka\/#primaryimage"},"image":{"@id":"https:\/\/elaimantair.fr\/boutique\/produit\/cones-a-reflux-rose-goloka\/#primaryimage"},"thumbnailUrl":"https:\/\/elaimantair.fr\/boutique\/wp-content\/uploads\/2022\/06\/Cones-a-reflux-rose-goloka.jpg","datePublished":"2022-06-15T00:37:09+00:00","dateModified":"2024-02-28T21:20:43+00:00","description":"Les c\u00f4nes \u00e0 reflux \u00e0 la rose de Goloka sont des encens sp\u00e9cialement formul\u00e9s pour cr\u00e9er une ambiance paisible et agr\u00e9able dans votre espace.","breadcrumb":{"@id":"https:\/\/elaimantair.fr\/boutique\/produit\/cones-a-reflux-rose-goloka\/#breadcrumb"},"inLanguage":"fr-FR","potentialAction":[{"@type":"ReadAction","target":["https:\/\/elaimantair.fr\/boutique\/produit\/cones-a-reflux-rose-goloka\/"]}]},{"@type":"ImageObject","inLanguage":"fr-FR","@id":"https:\/\/elaimantair.fr\/boutique\/produit\/cones-a-reflux-rose-goloka\/#primaryimage","url":"https:\/\/elaimantair.fr\/boutique\/wp-content\/uploads\/2022\/06\/Cones-a-reflux-rose-goloka.jpg","contentUrl":"https:\/\/elaimantair.fr\/boutique\/wp-content\/uploads\/2022\/06\/Cones-a-reflux-rose-goloka.jpg","width":677,"height":668,"caption":"Les c\u00f4nes \u00e0 reflux \u00e0 la rose de Goloka"},{"@type":"BreadcrumbList","@id":"https:\/\/elaimantair.fr\/boutique\/produit\/cones-a-reflux-rose-goloka\/#breadcrumb","itemListElement":[{"@type":"ListItem","position":1,"name":"Accueil boutique","item":"https:\/\/elaimantair.fr\/boutique\/"},{"@type":"ListItem","position":2,"name":"Accueil boutique","item":"https:\/\/elaimantair.fr\/boutique\/"},{"@type":"ListItem","position":3,"name":"C\u00f4nes \u00e0 reflux rose goloka"}]},{"@type":"WebSite","@id":"https:\/\/elaimantair.fr\/boutique\/#website","url":"https:\/\/elaimantair.fr\/boutique\/","name":"Boutique El'aimant Air","description":"Sublimer votre lumi\u00e8re","publisher":{"@id":"https:\/\/elaimantair.fr\/boutique\/#organization"},"potentialAction":[{"@type":"SearchAction","target":{"@type":"EntryPoint","urlTemplate":"https:\/\/elaimantair.fr\/boutique\/?s={search_term_string}"},"query-input":{"@type":"PropertyValueSpecification","valueRequired":true,"valueName":"search_term_string"}}],"inLanguage":"fr-FR"},{"@type":"Organization","@id":"https:\/\/elaimantair.fr\/boutique\/#organization","name":"El'aimant Air","url":"https:\/\/elaimantair.fr\/boutique\/","logo":{"@type":"ImageObject","inLanguage":"fr-FR","@id":"https:\/\/elaimantair.fr\/boutique\/#\/schema\/logo\/image\/","url":"https:\/\/elaimantair.fr\/boutique\/wp-content\/uploads\/2022\/04\/elaimantairLogo-512.jpg","contentUrl":"https:\/\/elaimantair.fr\/boutique\/wp-content\/uploads\/2022\/04\/elaimantairLogo-512.jpg","width":512,"height":512,"caption":"El'aimant Air"},"image":{"@id":"https:\/\/elaimantair.fr\/boutique\/#\/schema\/logo\/image\/"},"sameAs":["https:\/\/www.facebook.com\/louka.dou.5","https:\/\/x.com\/AimantAir","https:\/\/www.instagram.com\/elaimantair","https:\/\/www.pinterest.com\/Elaimantair\/"]}]}},"jetpack_sharing_enabled":true,"_links":{"self":[{"href":"https:\/\/elaimantair.fr\/boutique\/wp-json\/wp\/v2\/product\/461","targetHints":{"allow":["GET"]}}],"collection":[{"href":"https:\/\/elaimantair.fr\/boutique\/wp-json\/wp\/v2\/product"}],"about":[{"href":"https:\/\/elaimantair.fr\/boutique\/wp-json\/wp\/v2\/types\/product"}],"replies":[{"embeddable":true,"href":"https:\/\/elaimantair.fr\/boutique\/wp-json\/wp\/v2\/comments?post=461"}],"wp:featuredmedia":[{"embeddable":true,"href":"https:\/\/elaimantair.fr\/boutique\/wp-json\/wp\/v2\/media\/462"}],"wp:attachment":[{"href":"https:\/\/elaimantair.fr\/boutique\/wp-json\/wp\/v2\/media?parent=461"}],"wp:term":[{"taxonomy":"product_brand","embeddable":true,"href":"https:\/\/elaimantair.fr\/boutique\/wp-json\/wp\/v2\/product_brand?post=461"},{"taxonomy":"product_cat","embeddable":true,"href":"https:\/\/elaimantair.fr\/boutique\/wp-json\/wp\/v2\/product_cat?post=461"},{"taxonomy":"product_tag","embeddable":true,"href":"https:\/\/elaimantair.fr\/boutique\/wp-json\/wp\/v2\/product_tag?post=461"}],"curies":[{"name":"wp","href":"https:\/\/api.w.org\/{rel}","templated":true}]}}