{"id":458,"date":"2022-06-15T02:00:50","date_gmt":"2022-06-15T00:00:50","guid":{"rendered":"https:\/\/elaimantair.fr\/boutique\/?post_type=product&#038;p=458"},"modified":"2024-02-28T22:25:49","modified_gmt":"2024-02-28T21:25:49","slug":"cones-a-reflux-jasmin-goloka","status":"publish","type":"product","link":"https:\/\/elaimantair.fr\/boutique\/produit\/cones-a-reflux-jasmin-goloka\/","title":{"rendered":"C\u00f4nes \u00e0 reflux jasmin goloka"},"content":{"rendered":"<p>Les c\u00f4nes de jasmin \u00e0 reflux de la marque Goloka sont des produits d&rsquo;encens sp\u00e9cialement con\u00e7us pour produire un effet de refoulement de la fum\u00e9e lors de leur combustion.<\/p>\n<p>Ils d\u00e9gagent un parfum doux et enivrant de jasmin, offrant une exp\u00e9rience olfactive agr\u00e9able et apaisante.<\/p>\n<p>Fabriqu\u00e9s en Inde, o\u00f9 Goloka est r\u00e9put\u00e9e pour ses encens de qualit\u00e9, ces c\u00f4nes sont r\u00e9alis\u00e9s \u00e0 la main selon des techniques traditionnelles.<\/p>\n<p>En plus de leur parfum enivrant, l&rsquo;encens de jasmin est souvent appr\u00e9ci\u00e9 pour ses propri\u00e9t\u00e9s calmantes et relaxantes, favorisant un sentiment de bien-\u00eatre et de tranquillit\u00e9.<\/p>\n<p>Ces c\u00f4nes offrent une exp\u00e9rience sensorielle unique, combinant un parfum enivrant et un effet de reflux apaisant, ce qui en fait un choix populaire pour la m\u00e9ditation, la relaxation et pour cr\u00e9er une atmosph\u00e8re sereine dans votre espace de vie.<\/p>\n","protected":false},"excerpt":{"rendered":"<p>C\u00f4nes \u00e0 reflux jasmin goloka<\/p>\n","protected":false},"featured_media":460,"comment_status":"open","ping_status":"closed","template":"","meta":[],"product_brand":[],"product_cat":[50,21],"product_tag":[],"class_list":{"0":"post-458","1":"product","2":"type-product","3":"status-publish","4":"has-post-thumbnail","6":"product_cat-cones","7":"product_cat-encens","9":"first","10":"instock","11":"sale","12":"shipping-taxable","13":"purchasable","14":"product-type-simple"},"yoast_head":"<!-- This site is optimized with the Yoast SEO plugin v27.3 - https:\/\/yoast.com\/product\/yoast-seo-wordpress\/ -->\n<title>C\u00f4nes \u00e0 reflux jasmin goloka - Boutique El&#039;aimant Air<\/title>\n<meta name=\"description\" content=\"C\u00f4nes \u00e0 reflux jasmin golokaC\u00f4nes de Jasmin \u00e0 Reflux Goloka Les c\u00f4nes de jasmin \u00e0 reflux de la marque Goloka sont des produits d&#039;encens\" \/>\n<meta name=\"robots\" content=\"index, follow, max-snippet:-1, max-image-preview:large, max-video-preview:-1\" \/>\n<link rel=\"canonical\" href=\"https:\/\/elaimantair.fr\/boutique\/produit\/cones-a-reflux-jasmin-goloka\/\" \/>\n<meta property=\"og:locale\" content=\"fr_FR\" \/>\n<meta property=\"og:type\" content=\"article\" \/>\n<meta property=\"og:title\" content=\"C\u00f4nes \u00e0 reflux jasmin goloka - Boutique El&#039;aimant Air\" \/>\n<meta property=\"og:description\" content=\"C\u00f4nes \u00e0 reflux jasmin golokaC\u00f4nes de Jasmin \u00e0 Reflux Goloka Les c\u00f4nes de jasmin \u00e0 reflux de la marque Goloka sont des produits d&#039;encens\" \/>\n<meta property=\"og:url\" content=\"https:\/\/elaimantair.fr\/boutique\/produit\/cones-a-reflux-jasmin-goloka\/\" \/>\n<meta property=\"og:site_name\" content=\"Boutique El&#039;aimant Air\" \/>\n<meta property=\"article:publisher\" content=\"https:\/\/www.facebook.com\/louka.dou.5\" \/>\n<meta property=\"article:modified_time\" content=\"2024-02-28T21:25:49+00:00\" \/>\n<meta property=\"og:image\" content=\"https:\/\/elaimantair.fr\/boutique\/wp-content\/uploads\/2022\/06\/Cones-a-reflux-jasmin-goloka.jpg\" \/>\n\t<meta property=\"og:image:width\" content=\"668\" \/>\n\t<meta property=\"og:image:height\" content=\"674\" \/>\n\t<meta property=\"og:image:type\" content=\"image\/jpeg\" \/>\n<meta name=\"twitter:card\" content=\"summary_large_image\" \/>\n<meta name=\"twitter:site\" content=\"@AimantAir\" \/>\n<meta name=\"twitter:label1\" content=\"Dur\u00e9e de lecture estim\u00e9e\" \/>\n\t<meta name=\"twitter:data1\" content=\"1 minute\" \/>\n<script type=\"application\/ld+json\" class=\"yoast-schema-graph\">{\"@context\":\"https:\\\/\\\/schema.org\",\"@graph\":[{\"@type\":\"WebPage\",\"@id\":\"https:\\\/\\\/elaimantair.fr\\\/boutique\\\/produit\\\/cones-a-reflux-jasmin-goloka\\\/\",\"url\":\"https:\\\/\\\/elaimantair.fr\\\/boutique\\\/produit\\\/cones-a-reflux-jasmin-goloka\\\/\",\"name\":\"C\u00f4nes \u00e0 reflux jasmin goloka - Boutique El&#039;aimant Air\",\"isPartOf\":{\"@id\":\"https:\\\/\\\/elaimantair.fr\\\/boutique\\\/#website\"},\"primaryImageOfPage\":{\"@id\":\"https:\\\/\\\/elaimantair.fr\\\/boutique\\\/produit\\\/cones-a-reflux-jasmin-goloka\\\/#primaryimage\"},\"image\":{\"@id\":\"https:\\\/\\\/elaimantair.fr\\\/boutique\\\/produit\\\/cones-a-reflux-jasmin-goloka\\\/#primaryimage\"},\"thumbnailUrl\":\"https:\\\/\\\/elaimantair.fr\\\/boutique\\\/wp-content\\\/uploads\\\/2022\\\/06\\\/Cones-a-reflux-jasmin-goloka.jpg\",\"datePublished\":\"2022-06-15T00:00:50+00:00\",\"dateModified\":\"2024-02-28T21:25:49+00:00\",\"description\":\"C\u00f4nes \u00e0 reflux jasmin golokaC\u00f4nes de Jasmin \u00e0 Reflux Goloka Les c\u00f4nes de jasmin \u00e0 reflux de la marque Goloka sont des produits d'encens\",\"breadcrumb\":{\"@id\":\"https:\\\/\\\/elaimantair.fr\\\/boutique\\\/produit\\\/cones-a-reflux-jasmin-goloka\\\/#breadcrumb\"},\"inLanguage\":\"fr-FR\",\"potentialAction\":[{\"@type\":\"ReadAction\",\"target\":[\"https:\\\/\\\/elaimantair.fr\\\/boutique\\\/produit\\\/cones-a-reflux-jasmin-goloka\\\/\"]}]},{\"@type\":\"ImageObject\",\"inLanguage\":\"fr-FR\",\"@id\":\"https:\\\/\\\/elaimantair.fr\\\/boutique\\\/produit\\\/cones-a-reflux-jasmin-goloka\\\/#primaryimage\",\"url\":\"https:\\\/\\\/elaimantair.fr\\\/boutique\\\/wp-content\\\/uploads\\\/2022\\\/06\\\/Cones-a-reflux-jasmin-goloka.jpg\",\"contentUrl\":\"https:\\\/\\\/elaimantair.fr\\\/boutique\\\/wp-content\\\/uploads\\\/2022\\\/06\\\/Cones-a-reflux-jasmin-goloka.jpg\",\"width\":668,\"height\":674,\"caption\":\"C\u00f4nes de Jasmin \u00e0 Reflux Goloka\"},{\"@type\":\"BreadcrumbList\",\"@id\":\"https:\\\/\\\/elaimantair.fr\\\/boutique\\\/produit\\\/cones-a-reflux-jasmin-goloka\\\/#breadcrumb\",\"itemListElement\":[{\"@type\":\"ListItem\",\"position\":1,\"name\":\"Accueil boutique\",\"item\":\"https:\\\/\\\/elaimantair.fr\\\/boutique\\\/\"},{\"@type\":\"ListItem\",\"position\":2,\"name\":\"Accueil boutique\",\"item\":\"https:\\\/\\\/elaimantair.fr\\\/boutique\\\/\"},{\"@type\":\"ListItem\",\"position\":3,\"name\":\"C\u00f4nes \u00e0 reflux jasmin goloka\"}]},{\"@type\":\"WebSite\",\"@id\":\"https:\\\/\\\/elaimantair.fr\\\/boutique\\\/#website\",\"url\":\"https:\\\/\\\/elaimantair.fr\\\/boutique\\\/\",\"name\":\"Boutique El'aimant Air\",\"description\":\"Sublimer votre lumi\u00e8re\",\"publisher\":{\"@id\":\"https:\\\/\\\/elaimantair.fr\\\/boutique\\\/#organization\"},\"potentialAction\":[{\"@type\":\"SearchAction\",\"target\":{\"@type\":\"EntryPoint\",\"urlTemplate\":\"https:\\\/\\\/elaimantair.fr\\\/boutique\\\/?s={search_term_string}\"},\"query-input\":{\"@type\":\"PropertyValueSpecification\",\"valueRequired\":true,\"valueName\":\"search_term_string\"}}],\"inLanguage\":\"fr-FR\"},{\"@type\":\"Organization\",\"@id\":\"https:\\\/\\\/elaimantair.fr\\\/boutique\\\/#organization\",\"name\":\"El'aimant Air\",\"url\":\"https:\\\/\\\/elaimantair.fr\\\/boutique\\\/\",\"logo\":{\"@type\":\"ImageObject\",\"inLanguage\":\"fr-FR\",\"@id\":\"https:\\\/\\\/elaimantair.fr\\\/boutique\\\/#\\\/schema\\\/logo\\\/image\\\/\",\"url\":\"https:\\\/\\\/elaimantair.fr\\\/boutique\\\/wp-content\\\/uploads\\\/2022\\\/04\\\/elaimantairLogo-512.jpg\",\"contentUrl\":\"https:\\\/\\\/elaimantair.fr\\\/boutique\\\/wp-content\\\/uploads\\\/2022\\\/04\\\/elaimantairLogo-512.jpg\",\"width\":512,\"height\":512,\"caption\":\"El'aimant Air\"},\"image\":{\"@id\":\"https:\\\/\\\/elaimantair.fr\\\/boutique\\\/#\\\/schema\\\/logo\\\/image\\\/\"},\"sameAs\":[\"https:\\\/\\\/www.facebook.com\\\/louka.dou.5\",\"https:\\\/\\\/x.com\\\/AimantAir\",\"https:\\\/\\\/www.instagram.com\\\/elaimantair\",\"https:\\\/\\\/www.pinterest.com\\\/Elaimantair\\\/\"]}]}<\/script>\n<!-- \/ Yoast SEO plugin. -->","yoast_head_json":{"title":"C\u00f4nes \u00e0 reflux jasmin goloka - Boutique El&#039;aimant Air","description":"C\u00f4nes \u00e0 reflux jasmin golokaC\u00f4nes de Jasmin \u00e0 Reflux Goloka Les c\u00f4nes de jasmin \u00e0 reflux de la marque Goloka sont des produits d'encens","robots":{"index":"index","follow":"follow","max-snippet":"max-snippet:-1","max-image-preview":"max-image-preview:large","max-video-preview":"max-video-preview:-1"},"canonical":"https:\/\/elaimantair.fr\/boutique\/produit\/cones-a-reflux-jasmin-goloka\/","og_locale":"fr_FR","og_type":"article","og_title":"C\u00f4nes \u00e0 reflux jasmin goloka - Boutique El&#039;aimant Air","og_description":"C\u00f4nes \u00e0 reflux jasmin golokaC\u00f4nes de Jasmin \u00e0 Reflux Goloka Les c\u00f4nes de jasmin \u00e0 reflux de la marque Goloka sont des produits d'encens","og_url":"https:\/\/elaimantair.fr\/boutique\/produit\/cones-a-reflux-jasmin-goloka\/","og_site_name":"Boutique El&#039;aimant Air","article_publisher":"https:\/\/www.facebook.com\/louka.dou.5","article_modified_time":"2024-02-28T21:25:49+00:00","og_image":[{"width":668,"height":674,"url":"https:\/\/elaimantair.fr\/boutique\/wp-content\/uploads\/2022\/06\/Cones-a-reflux-jasmin-goloka.jpg","type":"image\/jpeg"}],"twitter_card":"summary_large_image","twitter_site":"@AimantAir","twitter_misc":{"Dur\u00e9e de lecture estim\u00e9e":"1 minute"},"schema":{"@context":"https:\/\/schema.org","@graph":[{"@type":"WebPage","@id":"https:\/\/elaimantair.fr\/boutique\/produit\/cones-a-reflux-jasmin-goloka\/","url":"https:\/\/elaimantair.fr\/boutique\/produit\/cones-a-reflux-jasmin-goloka\/","name":"C\u00f4nes \u00e0 reflux jasmin goloka - Boutique El&#039;aimant Air","isPartOf":{"@id":"https:\/\/elaimantair.fr\/boutique\/#website"},"primaryImageOfPage":{"@id":"https:\/\/elaimantair.fr\/boutique\/produit\/cones-a-reflux-jasmin-goloka\/#primaryimage"},"image":{"@id":"https:\/\/elaimantair.fr\/boutique\/produit\/cones-a-reflux-jasmin-goloka\/#primaryimage"},"thumbnailUrl":"https:\/\/elaimantair.fr\/boutique\/wp-content\/uploads\/2022\/06\/Cones-a-reflux-jasmin-goloka.jpg","datePublished":"2022-06-15T00:00:50+00:00","dateModified":"2024-02-28T21:25:49+00:00","description":"C\u00f4nes \u00e0 reflux jasmin golokaC\u00f4nes de Jasmin \u00e0 Reflux Goloka Les c\u00f4nes de jasmin \u00e0 reflux de la marque Goloka sont des produits d'encens","breadcrumb":{"@id":"https:\/\/elaimantair.fr\/boutique\/produit\/cones-a-reflux-jasmin-goloka\/#breadcrumb"},"inLanguage":"fr-FR","potentialAction":[{"@type":"ReadAction","target":["https:\/\/elaimantair.fr\/boutique\/produit\/cones-a-reflux-jasmin-goloka\/"]}]},{"@type":"ImageObject","inLanguage":"fr-FR","@id":"https:\/\/elaimantair.fr\/boutique\/produit\/cones-a-reflux-jasmin-goloka\/#primaryimage","url":"https:\/\/elaimantair.fr\/boutique\/wp-content\/uploads\/2022\/06\/Cones-a-reflux-jasmin-goloka.jpg","contentUrl":"https:\/\/elaimantair.fr\/boutique\/wp-content\/uploads\/2022\/06\/Cones-a-reflux-jasmin-goloka.jpg","width":668,"height":674,"caption":"C\u00f4nes de Jasmin \u00e0 Reflux Goloka"},{"@type":"BreadcrumbList","@id":"https:\/\/elaimantair.fr\/boutique\/produit\/cones-a-reflux-jasmin-goloka\/#breadcrumb","itemListElement":[{"@type":"ListItem","position":1,"name":"Accueil boutique","item":"https:\/\/elaimantair.fr\/boutique\/"},{"@type":"ListItem","position":2,"name":"Accueil boutique","item":"https:\/\/elaimantair.fr\/boutique\/"},{"@type":"ListItem","position":3,"name":"C\u00f4nes \u00e0 reflux jasmin goloka"}]},{"@type":"WebSite","@id":"https:\/\/elaimantair.fr\/boutique\/#website","url":"https:\/\/elaimantair.fr\/boutique\/","name":"Boutique El'aimant Air","description":"Sublimer votre lumi\u00e8re","publisher":{"@id":"https:\/\/elaimantair.fr\/boutique\/#organization"},"potentialAction":[{"@type":"SearchAction","target":{"@type":"EntryPoint","urlTemplate":"https:\/\/elaimantair.fr\/boutique\/?s={search_term_string}"},"query-input":{"@type":"PropertyValueSpecification","valueRequired":true,"valueName":"search_term_string"}}],"inLanguage":"fr-FR"},{"@type":"Organization","@id":"https:\/\/elaimantair.fr\/boutique\/#organization","name":"El'aimant Air","url":"https:\/\/elaimantair.fr\/boutique\/","logo":{"@type":"ImageObject","inLanguage":"fr-FR","@id":"https:\/\/elaimantair.fr\/boutique\/#\/schema\/logo\/image\/","url":"https:\/\/elaimantair.fr\/boutique\/wp-content\/uploads\/2022\/04\/elaimantairLogo-512.jpg","contentUrl":"https:\/\/elaimantair.fr\/boutique\/wp-content\/uploads\/2022\/04\/elaimantairLogo-512.jpg","width":512,"height":512,"caption":"El'aimant Air"},"image":{"@id":"https:\/\/elaimantair.fr\/boutique\/#\/schema\/logo\/image\/"},"sameAs":["https:\/\/www.facebook.com\/louka.dou.5","https:\/\/x.com\/AimantAir","https:\/\/www.instagram.com\/elaimantair","https:\/\/www.pinterest.com\/Elaimantair\/"]}]}},"jetpack_sharing_enabled":true,"_links":{"self":[{"href":"https:\/\/elaimantair.fr\/boutique\/wp-json\/wp\/v2\/product\/458","targetHints":{"allow":["GET"]}}],"collection":[{"href":"https:\/\/elaimantair.fr\/boutique\/wp-json\/wp\/v2\/product"}],"about":[{"href":"https:\/\/elaimantair.fr\/boutique\/wp-json\/wp\/v2\/types\/product"}],"replies":[{"embeddable":true,"href":"https:\/\/elaimantair.fr\/boutique\/wp-json\/wp\/v2\/comments?post=458"}],"wp:featuredmedia":[{"embeddable":true,"href":"https:\/\/elaimantair.fr\/boutique\/wp-json\/wp\/v2\/media\/460"}],"wp:attachment":[{"href":"https:\/\/elaimantair.fr\/boutique\/wp-json\/wp\/v2\/media?parent=458"}],"wp:term":[{"taxonomy":"product_brand","embeddable":true,"href":"https:\/\/elaimantair.fr\/boutique\/wp-json\/wp\/v2\/product_brand?post=458"},{"taxonomy":"product_cat","embeddable":true,"href":"https:\/\/elaimantair.fr\/boutique\/wp-json\/wp\/v2\/product_cat?post=458"},{"taxonomy":"product_tag","embeddable":true,"href":"https:\/\/elaimantair.fr\/boutique\/wp-json\/wp\/v2\/product_tag?post=458"}],"curies":[{"name":"wp","href":"https:\/\/api.w.org\/{rel}","templated":true}]}}