{"id":455,"date":"2022-06-15T02:31:55","date_gmt":"2022-06-15T00:31:55","guid":{"rendered":"https:\/\/elaimantair.fr\/boutique\/?post_type=product&#038;p=455"},"modified":"2024-02-28T22:23:12","modified_gmt":"2024-02-28T21:23:12","slug":"cones-a-reflux-nag-champa-goloka","status":"publish","type":"product","link":"https:\/\/elaimantair.fr\/boutique\/produit\/cones-a-reflux-nag-champa-goloka\/","title":{"rendered":"C\u00f4nes \u00e0 reflux nag champa goloka"},"content":{"rendered":"<p>C\u00f4nes \u00e0 reflux nag champa goloka<\/p>\n<p>Goloka est la fragrance la plus pris\u00e9e en Inde. Elle est utilis\u00e9e lors des c\u00e9l\u00e9brations en l&rsquo;honneur de Ganesh, le Dieu \u00e9l\u00e9phant, qui est r\u00e9put\u00e9 pour aider \u00e0 surmonter les obstacles.<\/p>\n<p>Cet encens est renomm\u00e9 pour ses vertus relaxantes et purifiantes.<\/p>\n<p>Le parfum de Goloka est plus doux que les autres. L&rsquo;absence de b\u00e2ton de bois permet la lib\u00e9ration d&rsquo;un parfum plus pur et authentique.<\/p>\n<p>Les c\u00f4nes d&rsquo;encens \u00e0 reflux, \u00e9galement appel\u00e9s \u00ab\u00a0backflow\u00a0\u00bb en anglais, sont dot\u00e9s de perforations \u00e0 leur base. Gr\u00e2ce \u00e0 un ph\u00e9nom\u00e8ne d&rsquo;aspiration, la fum\u00e9e s&rsquo;\u00e9chappe par le bas du c\u00f4ne.<\/p>\n<p>Goloka est une marque d&rsquo;encens tr\u00e8s appr\u00e9ci\u00e9e, bas\u00e9e \u00e0 Bangalore, la capitale indienne de l&rsquo;encens. Les produits y sont fabriqu\u00e9s \u00e0 la main, en respectant les traditions s\u00e9culaires.<\/p>\n<p>Ces c\u00f4nes sont sp\u00e9cialement con\u00e7us pour \u00eatre utilis\u00e9s avec des encensoirs \u00e0 refoulement ou de mani\u00e8re classique.<\/p>\n","protected":false},"excerpt":{"rendered":"<p>C\u00f4nes \u00e0 reflux nag champa goloka<\/p>\n","protected":false},"featured_media":457,"comment_status":"open","ping_status":"closed","template":"","meta":[],"product_brand":[],"product_cat":[50,21],"product_tag":[],"class_list":{"0":"post-455","1":"product","2":"type-product","3":"status-publish","4":"has-post-thumbnail","6":"product_cat-cones","7":"product_cat-encens","9":"first","10":"instock","11":"sale","12":"shipping-taxable","13":"purchasable","14":"product-type-simple"},"yoast_head":"<!-- This site is optimized with the Yoast SEO plugin v27.3 - https:\/\/yoast.com\/product\/yoast-seo-wordpress\/ -->\n<title>C\u00f4nes \u00e0 reflux nag champa goloka - Boutique El&#039;aimant Air<\/title>\n<meta name=\"description\" content=\"C\u00f4nes \u00e0 reflux nag champa goloka Goloka est la fragrance la plus pris\u00e9e en Inde. Elle est utilis\u00e9e lors des c\u00e9l\u00e9brations en l&#039;honneur de Ganesh, le Dieu\" \/>\n<meta name=\"robots\" content=\"index, follow, max-snippet:-1, max-image-preview:large, max-video-preview:-1\" \/>\n<link rel=\"canonical\" href=\"https:\/\/elaimantair.fr\/boutique\/produit\/cones-a-reflux-nag-champa-goloka\/\" \/>\n<meta property=\"og:locale\" content=\"fr_FR\" \/>\n<meta property=\"og:type\" content=\"article\" \/>\n<meta property=\"og:title\" content=\"C\u00f4nes \u00e0 reflux nag champa goloka - Boutique El&#039;aimant Air\" \/>\n<meta property=\"og:description\" content=\"C\u00f4nes \u00e0 reflux nag champa goloka Goloka est la fragrance la plus pris\u00e9e en Inde. Elle est utilis\u00e9e lors des c\u00e9l\u00e9brations en l&#039;honneur de Ganesh, le Dieu\" \/>\n<meta property=\"og:url\" content=\"https:\/\/elaimantair.fr\/boutique\/produit\/cones-a-reflux-nag-champa-goloka\/\" \/>\n<meta property=\"og:site_name\" content=\"Boutique El&#039;aimant Air\" \/>\n<meta property=\"article:publisher\" content=\"https:\/\/www.facebook.com\/louka.dou.5\" \/>\n<meta property=\"article:modified_time\" content=\"2024-02-28T21:23:12+00:00\" \/>\n<meta property=\"og:image\" content=\"https:\/\/elaimantair.fr\/boutique\/wp-content\/uploads\/2022\/06\/Cones-a-reflux-nag-champa-goloka.jpg\" \/>\n\t<meta property=\"og:image:width\" content=\"644\" \/>\n\t<meta property=\"og:image:height\" content=\"625\" \/>\n\t<meta property=\"og:image:type\" content=\"image\/jpeg\" \/>\n<meta name=\"twitter:card\" content=\"summary_large_image\" \/>\n<meta name=\"twitter:site\" content=\"@AimantAir\" \/>\n<meta name=\"twitter:label1\" content=\"Dur\u00e9e de lecture estim\u00e9e\" \/>\n\t<meta name=\"twitter:data1\" content=\"1 minute\" \/>\n<script type=\"application\/ld+json\" class=\"yoast-schema-graph\">{\"@context\":\"https:\\\/\\\/schema.org\",\"@graph\":[{\"@type\":\"WebPage\",\"@id\":\"https:\\\/\\\/elaimantair.fr\\\/boutique\\\/produit\\\/cones-a-reflux-nag-champa-goloka\\\/\",\"url\":\"https:\\\/\\\/elaimantair.fr\\\/boutique\\\/produit\\\/cones-a-reflux-nag-champa-goloka\\\/\",\"name\":\"C\u00f4nes \u00e0 reflux nag champa goloka - Boutique El&#039;aimant Air\",\"isPartOf\":{\"@id\":\"https:\\\/\\\/elaimantair.fr\\\/boutique\\\/#website\"},\"primaryImageOfPage\":{\"@id\":\"https:\\\/\\\/elaimantair.fr\\\/boutique\\\/produit\\\/cones-a-reflux-nag-champa-goloka\\\/#primaryimage\"},\"image\":{\"@id\":\"https:\\\/\\\/elaimantair.fr\\\/boutique\\\/produit\\\/cones-a-reflux-nag-champa-goloka\\\/#primaryimage\"},\"thumbnailUrl\":\"https:\\\/\\\/elaimantair.fr\\\/boutique\\\/wp-content\\\/uploads\\\/2022\\\/06\\\/Cones-a-reflux-nag-champa-goloka.jpg\",\"datePublished\":\"2022-06-15T00:31:55+00:00\",\"dateModified\":\"2024-02-28T21:23:12+00:00\",\"description\":\"C\u00f4nes \u00e0 reflux nag champa goloka Goloka est la fragrance la plus pris\u00e9e en Inde. Elle est utilis\u00e9e lors des c\u00e9l\u00e9brations en l'honneur de Ganesh, le Dieu\",\"breadcrumb\":{\"@id\":\"https:\\\/\\\/elaimantair.fr\\\/boutique\\\/produit\\\/cones-a-reflux-nag-champa-goloka\\\/#breadcrumb\"},\"inLanguage\":\"fr-FR\",\"potentialAction\":[{\"@type\":\"ReadAction\",\"target\":[\"https:\\\/\\\/elaimantair.fr\\\/boutique\\\/produit\\\/cones-a-reflux-nag-champa-goloka\\\/\"]}]},{\"@type\":\"ImageObject\",\"inLanguage\":\"fr-FR\",\"@id\":\"https:\\\/\\\/elaimantair.fr\\\/boutique\\\/produit\\\/cones-a-reflux-nag-champa-goloka\\\/#primaryimage\",\"url\":\"https:\\\/\\\/elaimantair.fr\\\/boutique\\\/wp-content\\\/uploads\\\/2022\\\/06\\\/Cones-a-reflux-nag-champa-goloka.jpg\",\"contentUrl\":\"https:\\\/\\\/elaimantair.fr\\\/boutique\\\/wp-content\\\/uploads\\\/2022\\\/06\\\/Cones-a-reflux-nag-champa-goloka.jpg\",\"width\":644,\"height\":625,\"caption\":\"C\u00f4nes \u00e0 reflux nag champa goloka\"},{\"@type\":\"BreadcrumbList\",\"@id\":\"https:\\\/\\\/elaimantair.fr\\\/boutique\\\/produit\\\/cones-a-reflux-nag-champa-goloka\\\/#breadcrumb\",\"itemListElement\":[{\"@type\":\"ListItem\",\"position\":1,\"name\":\"Accueil boutique\",\"item\":\"https:\\\/\\\/elaimantair.fr\\\/boutique\\\/\"},{\"@type\":\"ListItem\",\"position\":2,\"name\":\"Accueil boutique\",\"item\":\"https:\\\/\\\/elaimantair.fr\\\/boutique\\\/\"},{\"@type\":\"ListItem\",\"position\":3,\"name\":\"C\u00f4nes \u00e0 reflux nag champa goloka\"}]},{\"@type\":\"WebSite\",\"@id\":\"https:\\\/\\\/elaimantair.fr\\\/boutique\\\/#website\",\"url\":\"https:\\\/\\\/elaimantair.fr\\\/boutique\\\/\",\"name\":\"Boutique El'aimant Air\",\"description\":\"Sublimer votre lumi\u00e8re\",\"publisher\":{\"@id\":\"https:\\\/\\\/elaimantair.fr\\\/boutique\\\/#organization\"},\"potentialAction\":[{\"@type\":\"SearchAction\",\"target\":{\"@type\":\"EntryPoint\",\"urlTemplate\":\"https:\\\/\\\/elaimantair.fr\\\/boutique\\\/?s={search_term_string}\"},\"query-input\":{\"@type\":\"PropertyValueSpecification\",\"valueRequired\":true,\"valueName\":\"search_term_string\"}}],\"inLanguage\":\"fr-FR\"},{\"@type\":\"Organization\",\"@id\":\"https:\\\/\\\/elaimantair.fr\\\/boutique\\\/#organization\",\"name\":\"El'aimant Air\",\"url\":\"https:\\\/\\\/elaimantair.fr\\\/boutique\\\/\",\"logo\":{\"@type\":\"ImageObject\",\"inLanguage\":\"fr-FR\",\"@id\":\"https:\\\/\\\/elaimantair.fr\\\/boutique\\\/#\\\/schema\\\/logo\\\/image\\\/\",\"url\":\"https:\\\/\\\/elaimantair.fr\\\/boutique\\\/wp-content\\\/uploads\\\/2022\\\/04\\\/elaimantairLogo-512.jpg\",\"contentUrl\":\"https:\\\/\\\/elaimantair.fr\\\/boutique\\\/wp-content\\\/uploads\\\/2022\\\/04\\\/elaimantairLogo-512.jpg\",\"width\":512,\"height\":512,\"caption\":\"El'aimant Air\"},\"image\":{\"@id\":\"https:\\\/\\\/elaimantair.fr\\\/boutique\\\/#\\\/schema\\\/logo\\\/image\\\/\"},\"sameAs\":[\"https:\\\/\\\/www.facebook.com\\\/louka.dou.5\",\"https:\\\/\\\/x.com\\\/AimantAir\",\"https:\\\/\\\/www.instagram.com\\\/elaimantair\",\"https:\\\/\\\/www.pinterest.com\\\/Elaimantair\\\/\"]}]}<\/script>\n<!-- \/ Yoast SEO plugin. -->","yoast_head_json":{"title":"C\u00f4nes \u00e0 reflux nag champa goloka - Boutique El&#039;aimant Air","description":"C\u00f4nes \u00e0 reflux nag champa goloka Goloka est la fragrance la plus pris\u00e9e en Inde. Elle est utilis\u00e9e lors des c\u00e9l\u00e9brations en l'honneur de Ganesh, le Dieu","robots":{"index":"index","follow":"follow","max-snippet":"max-snippet:-1","max-image-preview":"max-image-preview:large","max-video-preview":"max-video-preview:-1"},"canonical":"https:\/\/elaimantair.fr\/boutique\/produit\/cones-a-reflux-nag-champa-goloka\/","og_locale":"fr_FR","og_type":"article","og_title":"C\u00f4nes \u00e0 reflux nag champa goloka - Boutique El&#039;aimant Air","og_description":"C\u00f4nes \u00e0 reflux nag champa goloka Goloka est la fragrance la plus pris\u00e9e en Inde. Elle est utilis\u00e9e lors des c\u00e9l\u00e9brations en l'honneur de Ganesh, le Dieu","og_url":"https:\/\/elaimantair.fr\/boutique\/produit\/cones-a-reflux-nag-champa-goloka\/","og_site_name":"Boutique El&#039;aimant Air","article_publisher":"https:\/\/www.facebook.com\/louka.dou.5","article_modified_time":"2024-02-28T21:23:12+00:00","og_image":[{"width":644,"height":625,"url":"https:\/\/elaimantair.fr\/boutique\/wp-content\/uploads\/2022\/06\/Cones-a-reflux-nag-champa-goloka.jpg","type":"image\/jpeg"}],"twitter_card":"summary_large_image","twitter_site":"@AimantAir","twitter_misc":{"Dur\u00e9e de lecture estim\u00e9e":"1 minute"},"schema":{"@context":"https:\/\/schema.org","@graph":[{"@type":"WebPage","@id":"https:\/\/elaimantair.fr\/boutique\/produit\/cones-a-reflux-nag-champa-goloka\/","url":"https:\/\/elaimantair.fr\/boutique\/produit\/cones-a-reflux-nag-champa-goloka\/","name":"C\u00f4nes \u00e0 reflux nag champa goloka - Boutique El&#039;aimant Air","isPartOf":{"@id":"https:\/\/elaimantair.fr\/boutique\/#website"},"primaryImageOfPage":{"@id":"https:\/\/elaimantair.fr\/boutique\/produit\/cones-a-reflux-nag-champa-goloka\/#primaryimage"},"image":{"@id":"https:\/\/elaimantair.fr\/boutique\/produit\/cones-a-reflux-nag-champa-goloka\/#primaryimage"},"thumbnailUrl":"https:\/\/elaimantair.fr\/boutique\/wp-content\/uploads\/2022\/06\/Cones-a-reflux-nag-champa-goloka.jpg","datePublished":"2022-06-15T00:31:55+00:00","dateModified":"2024-02-28T21:23:12+00:00","description":"C\u00f4nes \u00e0 reflux nag champa goloka Goloka est la fragrance la plus pris\u00e9e en Inde. Elle est utilis\u00e9e lors des c\u00e9l\u00e9brations en l'honneur de Ganesh, le Dieu","breadcrumb":{"@id":"https:\/\/elaimantair.fr\/boutique\/produit\/cones-a-reflux-nag-champa-goloka\/#breadcrumb"},"inLanguage":"fr-FR","potentialAction":[{"@type":"ReadAction","target":["https:\/\/elaimantair.fr\/boutique\/produit\/cones-a-reflux-nag-champa-goloka\/"]}]},{"@type":"ImageObject","inLanguage":"fr-FR","@id":"https:\/\/elaimantair.fr\/boutique\/produit\/cones-a-reflux-nag-champa-goloka\/#primaryimage","url":"https:\/\/elaimantair.fr\/boutique\/wp-content\/uploads\/2022\/06\/Cones-a-reflux-nag-champa-goloka.jpg","contentUrl":"https:\/\/elaimantair.fr\/boutique\/wp-content\/uploads\/2022\/06\/Cones-a-reflux-nag-champa-goloka.jpg","width":644,"height":625,"caption":"C\u00f4nes \u00e0 reflux nag champa goloka"},{"@type":"BreadcrumbList","@id":"https:\/\/elaimantair.fr\/boutique\/produit\/cones-a-reflux-nag-champa-goloka\/#breadcrumb","itemListElement":[{"@type":"ListItem","position":1,"name":"Accueil boutique","item":"https:\/\/elaimantair.fr\/boutique\/"},{"@type":"ListItem","position":2,"name":"Accueil boutique","item":"https:\/\/elaimantair.fr\/boutique\/"},{"@type":"ListItem","position":3,"name":"C\u00f4nes \u00e0 reflux nag champa goloka"}]},{"@type":"WebSite","@id":"https:\/\/elaimantair.fr\/boutique\/#website","url":"https:\/\/elaimantair.fr\/boutique\/","name":"Boutique El'aimant Air","description":"Sublimer votre lumi\u00e8re","publisher":{"@id":"https:\/\/elaimantair.fr\/boutique\/#organization"},"potentialAction":[{"@type":"SearchAction","target":{"@type":"EntryPoint","urlTemplate":"https:\/\/elaimantair.fr\/boutique\/?s={search_term_string}"},"query-input":{"@type":"PropertyValueSpecification","valueRequired":true,"valueName":"search_term_string"}}],"inLanguage":"fr-FR"},{"@type":"Organization","@id":"https:\/\/elaimantair.fr\/boutique\/#organization","name":"El'aimant Air","url":"https:\/\/elaimantair.fr\/boutique\/","logo":{"@type":"ImageObject","inLanguage":"fr-FR","@id":"https:\/\/elaimantair.fr\/boutique\/#\/schema\/logo\/image\/","url":"https:\/\/elaimantair.fr\/boutique\/wp-content\/uploads\/2022\/04\/elaimantairLogo-512.jpg","contentUrl":"https:\/\/elaimantair.fr\/boutique\/wp-content\/uploads\/2022\/04\/elaimantairLogo-512.jpg","width":512,"height":512,"caption":"El'aimant Air"},"image":{"@id":"https:\/\/elaimantair.fr\/boutique\/#\/schema\/logo\/image\/"},"sameAs":["https:\/\/www.facebook.com\/louka.dou.5","https:\/\/x.com\/AimantAir","https:\/\/www.instagram.com\/elaimantair","https:\/\/www.pinterest.com\/Elaimantair\/"]}]}},"jetpack_sharing_enabled":true,"_links":{"self":[{"href":"https:\/\/elaimantair.fr\/boutique\/wp-json\/wp\/v2\/product\/455","targetHints":{"allow":["GET"]}}],"collection":[{"href":"https:\/\/elaimantair.fr\/boutique\/wp-json\/wp\/v2\/product"}],"about":[{"href":"https:\/\/elaimantair.fr\/boutique\/wp-json\/wp\/v2\/types\/product"}],"replies":[{"embeddable":true,"href":"https:\/\/elaimantair.fr\/boutique\/wp-json\/wp\/v2\/comments?post=455"}],"wp:featuredmedia":[{"embeddable":true,"href":"https:\/\/elaimantair.fr\/boutique\/wp-json\/wp\/v2\/media\/457"}],"wp:attachment":[{"href":"https:\/\/elaimantair.fr\/boutique\/wp-json\/wp\/v2\/media?parent=455"}],"wp:term":[{"taxonomy":"product_brand","embeddable":true,"href":"https:\/\/elaimantair.fr\/boutique\/wp-json\/wp\/v2\/product_brand?post=455"},{"taxonomy":"product_cat","embeddable":true,"href":"https:\/\/elaimantair.fr\/boutique\/wp-json\/wp\/v2\/product_cat?post=455"},{"taxonomy":"product_tag","embeddable":true,"href":"https:\/\/elaimantair.fr\/boutique\/wp-json\/wp\/v2\/product_tag?post=455"}],"curies":[{"name":"wp","href":"https:\/\/api.w.org\/{rel}","templated":true}]}}