{"id":454,"date":"2022-06-15T01:18:22","date_gmt":"2022-06-14T23:18:22","guid":{"rendered":"https:\/\/elaimantair.fr\/boutique\/?post_type=product&#038;p=454"},"modified":"2024-02-29T01:50:43","modified_gmt":"2024-02-29T00:50:43","slug":"bouddha-avec-coupelle","status":"publish","type":"product","link":"https:\/\/elaimantair.fr\/boutique\/produit\/bouddha-avec-coupelle\/","title":{"rendered":"Bouddha avec coupelle"},"content":{"rendered":"<p>Bouddha avec coupelle couleur cuivr\u00e9 en r\u00e9sine<\/p>\n<p>Bouddha, \u00e9galement connu sous le nom de Siddhartha Gautama, est une figure spirituelle majeure dont l&rsquo;influence s&rsquo;\u00e9tend sur des mill\u00e9naires et sur des millions de vies \u00e0 travers le monde.<\/p>\n<p>N\u00e9 dans une famille noble dans la r\u00e9gion qui correspond aujourd&rsquo;hui au N\u00e9pal, Gautama a renonc\u00e9 \u00e0 sa vie princi\u00e8re pour chercher la v\u00e9rit\u00e9 et la lib\u00e9ration de la souffrance humaine. Apr\u00e8s des ann\u00e9es de m\u00e9ditation et de recherche spirituelle, il atteignit l&rsquo;illumination sous l&rsquo;arbre de la Bodhi \u00e0 Bodhgaya, en Inde.<\/p>\n<p>Gautama enseigna alors la voie du dharma, ou de la v\u00e9rit\u00e9 universelle, qui forme la base du bouddhisme. Ses enseignements, appel\u00e9s les Quatre Nobles V\u00e9rit\u00e9s et le Noble Chemin Octuple, sont ax\u00e9s sur la compr\u00e9hension de la nature de la souffrance, sur la cessation de ses causes et sur la r\u00e9alisation de la lib\u00e9ration ultime, appel\u00e9e Nirvana.<\/p>\n<p>La vie et les enseignements de Gautama ont eu un impact profond sur la spiritualit\u00e9 et la philosophie \u00e0 travers le monde. Son message de compassion, de sagesse et de non-violence a inspir\u00e9 des millions de personnes \u00e0 travers les \u00e2ges \u00e0 chercher la paix int\u00e9rieure et le bien-\u00eatre pour tous les \u00eatres.<\/p>\n<p>En r\u00e9sum\u00e9, Gautama\u00a0 est une figure embl\u00e9matique dont l&rsquo;h\u00e9ritage spirituel continue d&rsquo;influencer et d&rsquo;inspirer des millions de personnes \u00e0 travers le monde, offrant un chemin de sagesse et de compassion pour ceux qui cherchent la v\u00e9rit\u00e9 et la lib\u00e9ration de la souffrance humaine.<\/p>\n","protected":false},"excerpt":{"rendered":"<p>Bouddha avec coupelle<\/p>\n","protected":false},"featured_media":510,"comment_status":"open","ping_status":"closed","template":"","meta":[],"product_brand":[],"product_cat":[31],"product_tag":[],"class_list":{"0":"post-454","1":"product","2":"type-product","3":"status-publish","4":"has-post-thumbnail","6":"product_cat-statues","8":"first","9":"instock","10":"sale","11":"shipping-taxable","12":"purchasable","13":"product-type-simple"},"yoast_head":"<!-- This site is optimized with the Yoast SEO plugin v27.3 - https:\/\/yoast.com\/product\/yoast-seo-wordpress\/ -->\n<title>Bouddha avec coupelle - Boutique El&#039;aimant Air<\/title>\n<meta name=\"description\" content=\"Bouddha avec coupelle couleur cuivr\u00e9 en r\u00e9sine\" \/>\n<meta name=\"robots\" content=\"index, follow, max-snippet:-1, max-image-preview:large, max-video-preview:-1\" \/>\n<link rel=\"canonical\" href=\"https:\/\/elaimantair.fr\/boutique\/produit\/bouddha-avec-coupelle\/\" \/>\n<meta property=\"og:locale\" content=\"fr_FR\" \/>\n<meta property=\"og:type\" content=\"article\" \/>\n<meta property=\"og:title\" content=\"Bouddha avec coupelle - Boutique El&#039;aimant Air\" \/>\n<meta property=\"og:description\" content=\"Bouddha avec coupelle couleur cuivr\u00e9 en r\u00e9sine\" \/>\n<meta property=\"og:url\" content=\"https:\/\/elaimantair.fr\/boutique\/produit\/bouddha-avec-coupelle\/\" \/>\n<meta property=\"og:site_name\" content=\"Boutique El&#039;aimant Air\" \/>\n<meta property=\"article:publisher\" content=\"https:\/\/www.facebook.com\/louka.dou.5\" \/>\n<meta property=\"article:modified_time\" content=\"2024-02-29T00:50:43+00:00\" \/>\n<meta property=\"og:image\" content=\"https:\/\/elaimantair.fr\/boutique\/wp-content\/uploads\/2022\/06\/bouddha-avec-coupelle-scaled.jpg\" \/>\n\t<meta property=\"og:image:width\" content=\"1920\" \/>\n\t<meta property=\"og:image:height\" content=\"2560\" \/>\n\t<meta property=\"og:image:type\" content=\"image\/jpeg\" \/>\n<meta name=\"twitter:card\" content=\"summary_large_image\" \/>\n<meta name=\"twitter:site\" content=\"@AimantAir\" \/>\n<meta name=\"twitter:label1\" content=\"Dur\u00e9e de lecture estim\u00e9e\" \/>\n\t<meta name=\"twitter:data1\" content=\"1 minute\" \/>\n<script type=\"application\/ld+json\" class=\"yoast-schema-graph\">{\"@context\":\"https:\\\/\\\/schema.org\",\"@graph\":[{\"@type\":\"WebPage\",\"@id\":\"https:\\\/\\\/elaimantair.fr\\\/boutique\\\/produit\\\/bouddha-avec-coupelle\\\/\",\"url\":\"https:\\\/\\\/elaimantair.fr\\\/boutique\\\/produit\\\/bouddha-avec-coupelle\\\/\",\"name\":\"Bouddha avec coupelle - Boutique El&#039;aimant Air\",\"isPartOf\":{\"@id\":\"https:\\\/\\\/elaimantair.fr\\\/boutique\\\/#website\"},\"primaryImageOfPage\":{\"@id\":\"https:\\\/\\\/elaimantair.fr\\\/boutique\\\/produit\\\/bouddha-avec-coupelle\\\/#primaryimage\"},\"image\":{\"@id\":\"https:\\\/\\\/elaimantair.fr\\\/boutique\\\/produit\\\/bouddha-avec-coupelle\\\/#primaryimage\"},\"thumbnailUrl\":\"https:\\\/\\\/elaimantair.fr\\\/boutique\\\/wp-content\\\/uploads\\\/2022\\\/06\\\/bouddha-avec-coupelle-scaled.jpg\",\"datePublished\":\"2022-06-14T23:18:22+00:00\",\"dateModified\":\"2024-02-29T00:50:43+00:00\",\"description\":\"Bouddha avec coupelle couleur cuivr\u00e9 en r\u00e9sine\",\"breadcrumb\":{\"@id\":\"https:\\\/\\\/elaimantair.fr\\\/boutique\\\/produit\\\/bouddha-avec-coupelle\\\/#breadcrumb\"},\"inLanguage\":\"fr-FR\",\"potentialAction\":[{\"@type\":\"ReadAction\",\"target\":[\"https:\\\/\\\/elaimantair.fr\\\/boutique\\\/produit\\\/bouddha-avec-coupelle\\\/\"]}]},{\"@type\":\"ImageObject\",\"inLanguage\":\"fr-FR\",\"@id\":\"https:\\\/\\\/elaimantair.fr\\\/boutique\\\/produit\\\/bouddha-avec-coupelle\\\/#primaryimage\",\"url\":\"https:\\\/\\\/elaimantair.fr\\\/boutique\\\/wp-content\\\/uploads\\\/2022\\\/06\\\/bouddha-avec-coupelle-scaled.jpg\",\"contentUrl\":\"https:\\\/\\\/elaimantair.fr\\\/boutique\\\/wp-content\\\/uploads\\\/2022\\\/06\\\/bouddha-avec-coupelle-scaled.jpg\",\"width\":1920,\"height\":2560,\"caption\":\"Bouddha avec coupelle\"},{\"@type\":\"BreadcrumbList\",\"@id\":\"https:\\\/\\\/elaimantair.fr\\\/boutique\\\/produit\\\/bouddha-avec-coupelle\\\/#breadcrumb\",\"itemListElement\":[{\"@type\":\"ListItem\",\"position\":1,\"name\":\"Accueil boutique\",\"item\":\"https:\\\/\\\/elaimantair.fr\\\/boutique\\\/\"},{\"@type\":\"ListItem\",\"position\":2,\"name\":\"Accueil boutique\",\"item\":\"https:\\\/\\\/elaimantair.fr\\\/boutique\\\/\"},{\"@type\":\"ListItem\",\"position\":3,\"name\":\"Bouddha avec coupelle\"}]},{\"@type\":\"WebSite\",\"@id\":\"https:\\\/\\\/elaimantair.fr\\\/boutique\\\/#website\",\"url\":\"https:\\\/\\\/elaimantair.fr\\\/boutique\\\/\",\"name\":\"Boutique El'aimant Air\",\"description\":\"Sublimer votre lumi\u00e8re\",\"publisher\":{\"@id\":\"https:\\\/\\\/elaimantair.fr\\\/boutique\\\/#organization\"},\"potentialAction\":[{\"@type\":\"SearchAction\",\"target\":{\"@type\":\"EntryPoint\",\"urlTemplate\":\"https:\\\/\\\/elaimantair.fr\\\/boutique\\\/?s={search_term_string}\"},\"query-input\":{\"@type\":\"PropertyValueSpecification\",\"valueRequired\":true,\"valueName\":\"search_term_string\"}}],\"inLanguage\":\"fr-FR\"},{\"@type\":\"Organization\",\"@id\":\"https:\\\/\\\/elaimantair.fr\\\/boutique\\\/#organization\",\"name\":\"El'aimant Air\",\"url\":\"https:\\\/\\\/elaimantair.fr\\\/boutique\\\/\",\"logo\":{\"@type\":\"ImageObject\",\"inLanguage\":\"fr-FR\",\"@id\":\"https:\\\/\\\/elaimantair.fr\\\/boutique\\\/#\\\/schema\\\/logo\\\/image\\\/\",\"url\":\"https:\\\/\\\/elaimantair.fr\\\/boutique\\\/wp-content\\\/uploads\\\/2022\\\/04\\\/elaimantairLogo-512.jpg\",\"contentUrl\":\"https:\\\/\\\/elaimantair.fr\\\/boutique\\\/wp-content\\\/uploads\\\/2022\\\/04\\\/elaimantairLogo-512.jpg\",\"width\":512,\"height\":512,\"caption\":\"El'aimant Air\"},\"image\":{\"@id\":\"https:\\\/\\\/elaimantair.fr\\\/boutique\\\/#\\\/schema\\\/logo\\\/image\\\/\"},\"sameAs\":[\"https:\\\/\\\/www.facebook.com\\\/louka.dou.5\",\"https:\\\/\\\/x.com\\\/AimantAir\",\"https:\\\/\\\/www.instagram.com\\\/elaimantair\",\"https:\\\/\\\/www.pinterest.com\\\/Elaimantair\\\/\"]}]}<\/script>\n<!-- \/ Yoast SEO plugin. -->","yoast_head_json":{"title":"Bouddha avec coupelle - Boutique El&#039;aimant Air","description":"Bouddha avec coupelle couleur cuivr\u00e9 en r\u00e9sine","robots":{"index":"index","follow":"follow","max-snippet":"max-snippet:-1","max-image-preview":"max-image-preview:large","max-video-preview":"max-video-preview:-1"},"canonical":"https:\/\/elaimantair.fr\/boutique\/produit\/bouddha-avec-coupelle\/","og_locale":"fr_FR","og_type":"article","og_title":"Bouddha avec coupelle - Boutique El&#039;aimant Air","og_description":"Bouddha avec coupelle couleur cuivr\u00e9 en r\u00e9sine","og_url":"https:\/\/elaimantair.fr\/boutique\/produit\/bouddha-avec-coupelle\/","og_site_name":"Boutique El&#039;aimant Air","article_publisher":"https:\/\/www.facebook.com\/louka.dou.5","article_modified_time":"2024-02-29T00:50:43+00:00","og_image":[{"width":1920,"height":2560,"url":"https:\/\/elaimantair.fr\/boutique\/wp-content\/uploads\/2022\/06\/bouddha-avec-coupelle-scaled.jpg","type":"image\/jpeg"}],"twitter_card":"summary_large_image","twitter_site":"@AimantAir","twitter_misc":{"Dur\u00e9e de lecture estim\u00e9e":"1 minute"},"schema":{"@context":"https:\/\/schema.org","@graph":[{"@type":"WebPage","@id":"https:\/\/elaimantair.fr\/boutique\/produit\/bouddha-avec-coupelle\/","url":"https:\/\/elaimantair.fr\/boutique\/produit\/bouddha-avec-coupelle\/","name":"Bouddha avec coupelle - Boutique El&#039;aimant Air","isPartOf":{"@id":"https:\/\/elaimantair.fr\/boutique\/#website"},"primaryImageOfPage":{"@id":"https:\/\/elaimantair.fr\/boutique\/produit\/bouddha-avec-coupelle\/#primaryimage"},"image":{"@id":"https:\/\/elaimantair.fr\/boutique\/produit\/bouddha-avec-coupelle\/#primaryimage"},"thumbnailUrl":"https:\/\/elaimantair.fr\/boutique\/wp-content\/uploads\/2022\/06\/bouddha-avec-coupelle-scaled.jpg","datePublished":"2022-06-14T23:18:22+00:00","dateModified":"2024-02-29T00:50:43+00:00","description":"Bouddha avec coupelle couleur cuivr\u00e9 en r\u00e9sine","breadcrumb":{"@id":"https:\/\/elaimantair.fr\/boutique\/produit\/bouddha-avec-coupelle\/#breadcrumb"},"inLanguage":"fr-FR","potentialAction":[{"@type":"ReadAction","target":["https:\/\/elaimantair.fr\/boutique\/produit\/bouddha-avec-coupelle\/"]}]},{"@type":"ImageObject","inLanguage":"fr-FR","@id":"https:\/\/elaimantair.fr\/boutique\/produit\/bouddha-avec-coupelle\/#primaryimage","url":"https:\/\/elaimantair.fr\/boutique\/wp-content\/uploads\/2022\/06\/bouddha-avec-coupelle-scaled.jpg","contentUrl":"https:\/\/elaimantair.fr\/boutique\/wp-content\/uploads\/2022\/06\/bouddha-avec-coupelle-scaled.jpg","width":1920,"height":2560,"caption":"Bouddha avec coupelle"},{"@type":"BreadcrumbList","@id":"https:\/\/elaimantair.fr\/boutique\/produit\/bouddha-avec-coupelle\/#breadcrumb","itemListElement":[{"@type":"ListItem","position":1,"name":"Accueil boutique","item":"https:\/\/elaimantair.fr\/boutique\/"},{"@type":"ListItem","position":2,"name":"Accueil boutique","item":"https:\/\/elaimantair.fr\/boutique\/"},{"@type":"ListItem","position":3,"name":"Bouddha avec coupelle"}]},{"@type":"WebSite","@id":"https:\/\/elaimantair.fr\/boutique\/#website","url":"https:\/\/elaimantair.fr\/boutique\/","name":"Boutique El'aimant Air","description":"Sublimer votre lumi\u00e8re","publisher":{"@id":"https:\/\/elaimantair.fr\/boutique\/#organization"},"potentialAction":[{"@type":"SearchAction","target":{"@type":"EntryPoint","urlTemplate":"https:\/\/elaimantair.fr\/boutique\/?s={search_term_string}"},"query-input":{"@type":"PropertyValueSpecification","valueRequired":true,"valueName":"search_term_string"}}],"inLanguage":"fr-FR"},{"@type":"Organization","@id":"https:\/\/elaimantair.fr\/boutique\/#organization","name":"El'aimant Air","url":"https:\/\/elaimantair.fr\/boutique\/","logo":{"@type":"ImageObject","inLanguage":"fr-FR","@id":"https:\/\/elaimantair.fr\/boutique\/#\/schema\/logo\/image\/","url":"https:\/\/elaimantair.fr\/boutique\/wp-content\/uploads\/2022\/04\/elaimantairLogo-512.jpg","contentUrl":"https:\/\/elaimantair.fr\/boutique\/wp-content\/uploads\/2022\/04\/elaimantairLogo-512.jpg","width":512,"height":512,"caption":"El'aimant Air"},"image":{"@id":"https:\/\/elaimantair.fr\/boutique\/#\/schema\/logo\/image\/"},"sameAs":["https:\/\/www.facebook.com\/louka.dou.5","https:\/\/x.com\/AimantAir","https:\/\/www.instagram.com\/elaimantair","https:\/\/www.pinterest.com\/Elaimantair\/"]}]}},"jetpack_sharing_enabled":true,"_links":{"self":[{"href":"https:\/\/elaimantair.fr\/boutique\/wp-json\/wp\/v2\/product\/454","targetHints":{"allow":["GET"]}}],"collection":[{"href":"https:\/\/elaimantair.fr\/boutique\/wp-json\/wp\/v2\/product"}],"about":[{"href":"https:\/\/elaimantair.fr\/boutique\/wp-json\/wp\/v2\/types\/product"}],"replies":[{"embeddable":true,"href":"https:\/\/elaimantair.fr\/boutique\/wp-json\/wp\/v2\/comments?post=454"}],"wp:featuredmedia":[{"embeddable":true,"href":"https:\/\/elaimantair.fr\/boutique\/wp-json\/wp\/v2\/media\/510"}],"wp:attachment":[{"href":"https:\/\/elaimantair.fr\/boutique\/wp-json\/wp\/v2\/media?parent=454"}],"wp:term":[{"taxonomy":"product_brand","embeddable":true,"href":"https:\/\/elaimantair.fr\/boutique\/wp-json\/wp\/v2\/product_brand?post=454"},{"taxonomy":"product_cat","embeddable":true,"href":"https:\/\/elaimantair.fr\/boutique\/wp-json\/wp\/v2\/product_cat?post=454"},{"taxonomy":"product_tag","embeddable":true,"href":"https:\/\/elaimantair.fr\/boutique\/wp-json\/wp\/v2\/product_tag?post=454"}],"curies":[{"name":"wp","href":"https:\/\/api.w.org\/{rel}","templated":true}]}}