{"id":449,"date":"2022-06-14T23:07:26","date_gmt":"2022-06-14T21:07:26","guid":{"rendered":"https:\/\/elaimantair.fr\/boutique\/?post_type=product&#038;p=449"},"modified":"2024-02-29T01:52:20","modified_gmt":"2024-02-29T00:52:20","slug":"bouddha-de-la-fortune","status":"publish","type":"product","link":"https:\/\/elaimantair.fr\/boutique\/produit\/bouddha-de-la-fortune\/","title":{"rendered":"Fontaine Bouddha de la fortune"},"content":{"rendered":"<p>Fontaine de Bouddha de la fortune en r\u00e9sine.<\/p>\n<p>Les moines bouddhistes sont des pratiquants d\u00e9vou\u00e9s de la foi bouddhiste, engag\u00e9s dans la recherche de l&rsquo;illumination et la pratique des enseignements du Bouddha. Ils m\u00e8nent une vie de discipline et de d\u00e9votion, suivant un ensemble de pr\u00e9ceptes moraux et spirituels.<\/p>\n<p>Ces moines consacrent leur vie \u00e0 la m\u00e9ditation, \u00e0 l&rsquo;\u00e9tude des textes sacr\u00e9s et \u00e0 la pratique des enseignements bouddhistes. Ils vivent souvent dans des monast\u00e8res ou des temples, o\u00f9 ils suivent un emploi du temps rigoureux qui comprend des p\u00e9riodes de m\u00e9ditation, de pri\u00e8re et d&rsquo;\u00e9tude.<\/p>\n<p>Les moines bouddhistes portent des robes de couleur safran, qui symbolisent leur engagement envers la simplicit\u00e9, le d\u00e9tachement mat\u00e9riel et la renonciation au monde s\u00e9culier. Ils renoncent aux biens mat\u00e9riels et vivent une vie de pauvret\u00e9 volontaire, se concentrant plut\u00f4t sur la recherche de la v\u00e9rit\u00e9 spirituelle et le service aux autres.<\/p>\n<p>Outre leur propre pratique spirituelle, les moines bouddhistes jouent souvent un r\u00f4le central dans la communaut\u00e9, offrant des conseils spirituels et un soutien aux fid\u00e8les, ainsi que des services tels que des rituels religieux, des enseignements et des c\u00e9r\u00e9monies.<\/p>\n<p>En r\u00e9sum\u00e9, les moines bouddhistes sont des guides spirituels et des exemples de d\u00e9votion et de discipline dans la pratique bouddhiste. Leur vie consacr\u00e9e \u00e0 la m\u00e9ditation, \u00e0 l&rsquo;\u00e9tude et au service refl\u00e8te les valeurs fondamentales du bouddhisme et inspire les autres \u00e0 suivre le chemin de la compassion, de la sagesse et de l&rsquo;\u00e9veil spirituel.<\/p>\n<p>Moteur fournie<\/p>\n<p>Led Rouge<\/p>\n","protected":false},"excerpt":{"rendered":"<p>Fontaine Bouddha de la fortune en r\u00e9sine<\/p>\n<p>Moteur fournie<\/p>\n","protected":false},"featured_media":508,"comment_status":"open","ping_status":"closed","template":"","meta":[],"product_brand":[],"product_cat":[26],"product_tag":[],"class_list":{"0":"post-449","1":"product","2":"type-product","3":"status-publish","4":"has-post-thumbnail","6":"product_cat-fontaines","8":"first","9":"instock","10":"sale","11":"shipping-taxable","12":"purchasable","13":"product-type-simple"},"yoast_head":"<!-- This site is optimized with the Yoast SEO plugin v27.5 - https:\/\/yoast.com\/product\/yoast-seo-wordpress\/ -->\n<title>Fontaine Bouddha de la fortune - Boutique El&#039;aimant Air<\/title>\n<meta name=\"description\" content=\"Fontaine de Bouddha de la fortune en r\u00e9sine. Moteur fournie. Led Rouge\" \/>\n<meta name=\"robots\" content=\"index, follow, max-snippet:-1, max-image-preview:large, max-video-preview:-1\" \/>\n<link rel=\"canonical\" href=\"https:\/\/elaimantair.fr\/boutique\/produit\/bouddha-de-la-fortune\/\" \/>\n<meta property=\"og:locale\" content=\"fr_FR\" \/>\n<meta property=\"og:type\" content=\"article\" \/>\n<meta property=\"og:title\" content=\"Fontaine Bouddha de la fortune - Boutique El&#039;aimant Air\" \/>\n<meta property=\"og:description\" content=\"Fontaine de Bouddha de la fortune en r\u00e9sine. Moteur fournie. Led Rouge\" \/>\n<meta property=\"og:url\" content=\"https:\/\/elaimantair.fr\/boutique\/produit\/bouddha-de-la-fortune\/\" \/>\n<meta property=\"og:site_name\" content=\"Boutique El&#039;aimant Air\" \/>\n<meta property=\"article:publisher\" content=\"https:\/\/www.facebook.com\/louka.dou.5\" \/>\n<meta property=\"article:modified_time\" content=\"2024-02-29T00:52:20+00:00\" \/>\n<meta property=\"og:image\" content=\"https:\/\/elaimantair.fr\/boutique\/wp-content\/uploads\/2022\/06\/bouddha-de-la-fortune-scaled.jpg\" \/>\n\t<meta property=\"og:image:width\" content=\"1920\" \/>\n\t<meta property=\"og:image:height\" content=\"2560\" \/>\n\t<meta property=\"og:image:type\" content=\"image\/jpeg\" \/>\n<meta name=\"twitter:card\" content=\"summary_large_image\" \/>\n<meta name=\"twitter:site\" content=\"@AimantAir\" \/>\n<meta name=\"twitter:label1\" content=\"Dur\u00e9e de lecture estim\u00e9e\" \/>\n\t<meta name=\"twitter:data1\" content=\"1 minute\" \/>\n<script type=\"application\/ld+json\" class=\"yoast-schema-graph\">{\"@context\":\"https:\\\/\\\/schema.org\",\"@graph\":[{\"@type\":\"WebPage\",\"@id\":\"https:\\\/\\\/elaimantair.fr\\\/boutique\\\/produit\\\/bouddha-de-la-fortune\\\/\",\"url\":\"https:\\\/\\\/elaimantair.fr\\\/boutique\\\/produit\\\/bouddha-de-la-fortune\\\/\",\"name\":\"Fontaine Bouddha de la fortune - Boutique El&#039;aimant Air\",\"isPartOf\":{\"@id\":\"https:\\\/\\\/elaimantair.fr\\\/boutique\\\/#website\"},\"primaryImageOfPage\":{\"@id\":\"https:\\\/\\\/elaimantair.fr\\\/boutique\\\/produit\\\/bouddha-de-la-fortune\\\/#primaryimage\"},\"image\":{\"@id\":\"https:\\\/\\\/elaimantair.fr\\\/boutique\\\/produit\\\/bouddha-de-la-fortune\\\/#primaryimage\"},\"thumbnailUrl\":\"https:\\\/\\\/elaimantair.fr\\\/boutique\\\/wp-content\\\/uploads\\\/2022\\\/06\\\/bouddha-de-la-fortune-scaled.jpg\",\"datePublished\":\"2022-06-14T21:07:26+00:00\",\"dateModified\":\"2024-02-29T00:52:20+00:00\",\"description\":\"Fontaine de Bouddha de la fortune en r\u00e9sine. Moteur fournie. Led Rouge\",\"breadcrumb\":{\"@id\":\"https:\\\/\\\/elaimantair.fr\\\/boutique\\\/produit\\\/bouddha-de-la-fortune\\\/#breadcrumb\"},\"inLanguage\":\"fr-FR\",\"potentialAction\":[{\"@type\":\"ReadAction\",\"target\":[\"https:\\\/\\\/elaimantair.fr\\\/boutique\\\/produit\\\/bouddha-de-la-fortune\\\/\"]}]},{\"@type\":\"ImageObject\",\"inLanguage\":\"fr-FR\",\"@id\":\"https:\\\/\\\/elaimantair.fr\\\/boutique\\\/produit\\\/bouddha-de-la-fortune\\\/#primaryimage\",\"url\":\"https:\\\/\\\/elaimantair.fr\\\/boutique\\\/wp-content\\\/uploads\\\/2022\\\/06\\\/bouddha-de-la-fortune-scaled.jpg\",\"contentUrl\":\"https:\\\/\\\/elaimantair.fr\\\/boutique\\\/wp-content\\\/uploads\\\/2022\\\/06\\\/bouddha-de-la-fortune-scaled.jpg\",\"width\":1920,\"height\":2560,\"caption\":\"Bouddha de la fortune\"},{\"@type\":\"BreadcrumbList\",\"@id\":\"https:\\\/\\\/elaimantair.fr\\\/boutique\\\/produit\\\/bouddha-de-la-fortune\\\/#breadcrumb\",\"itemListElement\":[{\"@type\":\"ListItem\",\"position\":1,\"name\":\"Accueil boutique\",\"item\":\"https:\\\/\\\/elaimantair.fr\\\/boutique\\\/\"},{\"@type\":\"ListItem\",\"position\":2,\"name\":\"Accueil boutique\",\"item\":\"https:\\\/\\\/elaimantair.fr\\\/boutique\\\/\"},{\"@type\":\"ListItem\",\"position\":3,\"name\":\"Fontaine Bouddha de la fortune\"}]},{\"@type\":\"WebSite\",\"@id\":\"https:\\\/\\\/elaimantair.fr\\\/boutique\\\/#website\",\"url\":\"https:\\\/\\\/elaimantair.fr\\\/boutique\\\/\",\"name\":\"Boutique El'aimant Air\",\"description\":\"Sublimer votre lumi\u00e8re\",\"publisher\":{\"@id\":\"https:\\\/\\\/elaimantair.fr\\\/boutique\\\/#organization\"},\"potentialAction\":[{\"@type\":\"SearchAction\",\"target\":{\"@type\":\"EntryPoint\",\"urlTemplate\":\"https:\\\/\\\/elaimantair.fr\\\/boutique\\\/?s={search_term_string}\"},\"query-input\":{\"@type\":\"PropertyValueSpecification\",\"valueRequired\":true,\"valueName\":\"search_term_string\"}}],\"inLanguage\":\"fr-FR\"},{\"@type\":\"Organization\",\"@id\":\"https:\\\/\\\/elaimantair.fr\\\/boutique\\\/#organization\",\"name\":\"El'aimant Air\",\"url\":\"https:\\\/\\\/elaimantair.fr\\\/boutique\\\/\",\"logo\":{\"@type\":\"ImageObject\",\"inLanguage\":\"fr-FR\",\"@id\":\"https:\\\/\\\/elaimantair.fr\\\/boutique\\\/#\\\/schema\\\/logo\\\/image\\\/\",\"url\":\"https:\\\/\\\/elaimantair.fr\\\/boutique\\\/wp-content\\\/uploads\\\/2022\\\/04\\\/elaimantairLogo-512.jpg\",\"contentUrl\":\"https:\\\/\\\/elaimantair.fr\\\/boutique\\\/wp-content\\\/uploads\\\/2022\\\/04\\\/elaimantairLogo-512.jpg\",\"width\":512,\"height\":512,\"caption\":\"El'aimant Air\"},\"image\":{\"@id\":\"https:\\\/\\\/elaimantair.fr\\\/boutique\\\/#\\\/schema\\\/logo\\\/image\\\/\"},\"sameAs\":[\"https:\\\/\\\/www.facebook.com\\\/louka.dou.5\",\"https:\\\/\\\/x.com\\\/AimantAir\",\"https:\\\/\\\/www.instagram.com\\\/elaimantair\",\"https:\\\/\\\/www.pinterest.com\\\/Elaimantair\\\/\"]}]}<\/script>\n<!-- \/ Yoast SEO plugin. -->","yoast_head_json":{"title":"Fontaine Bouddha de la fortune - Boutique El&#039;aimant Air","description":"Fontaine de Bouddha de la fortune en r\u00e9sine. Moteur fournie. Led Rouge","robots":{"index":"index","follow":"follow","max-snippet":"max-snippet:-1","max-image-preview":"max-image-preview:large","max-video-preview":"max-video-preview:-1"},"canonical":"https:\/\/elaimantair.fr\/boutique\/produit\/bouddha-de-la-fortune\/","og_locale":"fr_FR","og_type":"article","og_title":"Fontaine Bouddha de la fortune - Boutique El&#039;aimant Air","og_description":"Fontaine de Bouddha de la fortune en r\u00e9sine. Moteur fournie. Led Rouge","og_url":"https:\/\/elaimantair.fr\/boutique\/produit\/bouddha-de-la-fortune\/","og_site_name":"Boutique El&#039;aimant Air","article_publisher":"https:\/\/www.facebook.com\/louka.dou.5","article_modified_time":"2024-02-29T00:52:20+00:00","og_image":[{"width":1920,"height":2560,"url":"https:\/\/elaimantair.fr\/boutique\/wp-content\/uploads\/2022\/06\/bouddha-de-la-fortune-scaled.jpg","type":"image\/jpeg"}],"twitter_card":"summary_large_image","twitter_site":"@AimantAir","twitter_misc":{"Dur\u00e9e de lecture estim\u00e9e":"1 minute"},"schema":{"@context":"https:\/\/schema.org","@graph":[{"@type":"WebPage","@id":"https:\/\/elaimantair.fr\/boutique\/produit\/bouddha-de-la-fortune\/","url":"https:\/\/elaimantair.fr\/boutique\/produit\/bouddha-de-la-fortune\/","name":"Fontaine Bouddha de la fortune - Boutique El&#039;aimant Air","isPartOf":{"@id":"https:\/\/elaimantair.fr\/boutique\/#website"},"primaryImageOfPage":{"@id":"https:\/\/elaimantair.fr\/boutique\/produit\/bouddha-de-la-fortune\/#primaryimage"},"image":{"@id":"https:\/\/elaimantair.fr\/boutique\/produit\/bouddha-de-la-fortune\/#primaryimage"},"thumbnailUrl":"https:\/\/elaimantair.fr\/boutique\/wp-content\/uploads\/2022\/06\/bouddha-de-la-fortune-scaled.jpg","datePublished":"2022-06-14T21:07:26+00:00","dateModified":"2024-02-29T00:52:20+00:00","description":"Fontaine de Bouddha de la fortune en r\u00e9sine. Moteur fournie. Led Rouge","breadcrumb":{"@id":"https:\/\/elaimantair.fr\/boutique\/produit\/bouddha-de-la-fortune\/#breadcrumb"},"inLanguage":"fr-FR","potentialAction":[{"@type":"ReadAction","target":["https:\/\/elaimantair.fr\/boutique\/produit\/bouddha-de-la-fortune\/"]}]},{"@type":"ImageObject","inLanguage":"fr-FR","@id":"https:\/\/elaimantair.fr\/boutique\/produit\/bouddha-de-la-fortune\/#primaryimage","url":"https:\/\/elaimantair.fr\/boutique\/wp-content\/uploads\/2022\/06\/bouddha-de-la-fortune-scaled.jpg","contentUrl":"https:\/\/elaimantair.fr\/boutique\/wp-content\/uploads\/2022\/06\/bouddha-de-la-fortune-scaled.jpg","width":1920,"height":2560,"caption":"Bouddha de la fortune"},{"@type":"BreadcrumbList","@id":"https:\/\/elaimantair.fr\/boutique\/produit\/bouddha-de-la-fortune\/#breadcrumb","itemListElement":[{"@type":"ListItem","position":1,"name":"Accueil boutique","item":"https:\/\/elaimantair.fr\/boutique\/"},{"@type":"ListItem","position":2,"name":"Accueil boutique","item":"https:\/\/elaimantair.fr\/boutique\/"},{"@type":"ListItem","position":3,"name":"Fontaine Bouddha de la fortune"}]},{"@type":"WebSite","@id":"https:\/\/elaimantair.fr\/boutique\/#website","url":"https:\/\/elaimantair.fr\/boutique\/","name":"Boutique El'aimant Air","description":"Sublimer votre lumi\u00e8re","publisher":{"@id":"https:\/\/elaimantair.fr\/boutique\/#organization"},"potentialAction":[{"@type":"SearchAction","target":{"@type":"EntryPoint","urlTemplate":"https:\/\/elaimantair.fr\/boutique\/?s={search_term_string}"},"query-input":{"@type":"PropertyValueSpecification","valueRequired":true,"valueName":"search_term_string"}}],"inLanguage":"fr-FR"},{"@type":"Organization","@id":"https:\/\/elaimantair.fr\/boutique\/#organization","name":"El'aimant Air","url":"https:\/\/elaimantair.fr\/boutique\/","logo":{"@type":"ImageObject","inLanguage":"fr-FR","@id":"https:\/\/elaimantair.fr\/boutique\/#\/schema\/logo\/image\/","url":"https:\/\/elaimantair.fr\/boutique\/wp-content\/uploads\/2022\/04\/elaimantairLogo-512.jpg","contentUrl":"https:\/\/elaimantair.fr\/boutique\/wp-content\/uploads\/2022\/04\/elaimantairLogo-512.jpg","width":512,"height":512,"caption":"El'aimant Air"},"image":{"@id":"https:\/\/elaimantair.fr\/boutique\/#\/schema\/logo\/image\/"},"sameAs":["https:\/\/www.facebook.com\/louka.dou.5","https:\/\/x.com\/AimantAir","https:\/\/www.instagram.com\/elaimantair","https:\/\/www.pinterest.com\/Elaimantair\/"]}]}},"jetpack_sharing_enabled":true,"_links":{"self":[{"href":"https:\/\/elaimantair.fr\/boutique\/wp-json\/wp\/v2\/product\/449","targetHints":{"allow":["GET"]}}],"collection":[{"href":"https:\/\/elaimantair.fr\/boutique\/wp-json\/wp\/v2\/product"}],"about":[{"href":"https:\/\/elaimantair.fr\/boutique\/wp-json\/wp\/v2\/types\/product"}],"replies":[{"embeddable":true,"href":"https:\/\/elaimantair.fr\/boutique\/wp-json\/wp\/v2\/comments?post=449"}],"wp:featuredmedia":[{"embeddable":true,"href":"https:\/\/elaimantair.fr\/boutique\/wp-json\/wp\/v2\/media\/508"}],"wp:attachment":[{"href":"https:\/\/elaimantair.fr\/boutique\/wp-json\/wp\/v2\/media?parent=449"}],"wp:term":[{"taxonomy":"product_brand","embeddable":true,"href":"https:\/\/elaimantair.fr\/boutique\/wp-json\/wp\/v2\/product_brand?post=449"},{"taxonomy":"product_cat","embeddable":true,"href":"https:\/\/elaimantair.fr\/boutique\/wp-json\/wp\/v2\/product_cat?post=449"},{"taxonomy":"product_tag","embeddable":true,"href":"https:\/\/elaimantair.fr\/boutique\/wp-json\/wp\/v2\/product_tag?post=449"}],"curies":[{"name":"wp","href":"https:\/\/api.w.org\/{rel}","templated":true}]}}