{"id":1884,"date":"2026-04-04T03:11:46","date_gmt":"2026-04-04T01:11:46","guid":{"rendered":"https:\/\/elaimantair.fr\/boutique\/?post_type=product&#038;p=1884"},"modified":"2026-04-04T04:06:00","modified_gmt":"2026-04-04T02:06:00","slug":"nettoyage","status":"publish","type":"product","link":"https:\/\/elaimantair.fr\/boutique\/produit\/nettoyage\/","title":{"rendered":"Nettoyages"},"content":{"rendered":"<p>Tu te sens bloqu\u00e9(e) dans ta vie ?<br \/>\nTu as l\u2019impression qu\u2019un poids invisible te retient, que rien n&rsquo;est fluide et que des sch\u00e9mas se r\u00e9p\u00e8tent sans raison ? Ces tensions qui p\u00e8sent sur toi ne sont pas une fatalit\u00e9. Voici trois approches pour lib\u00e9rer ton chemin et te permettre de redevenir toi-m\u00eame.<\/p>\n<p>\ud83c\udf3f Soin de Lib\u00e9ration \u2013 55 \u20ac<br \/>\nCe soin est une \u00e9tape de purification globale pour balayer ce qui alourdit ton quotidien. Par la force de l\u2019intention et des \u00e9nergies sup\u00e9rieures, on proc\u00e8de \u00e0 un nettoyage complet de tes corps physiques, \u00e9nerg\u00e9tiques et de ton aura. Cette action dissout les blocages anciens, les influences n\u00e9gatives et les tensions accumul\u00e9es qui pompent ta vitalit\u00e9. Ton syst\u00e8me est nettoy\u00e9 en profondeur et prot\u00e9g\u00e9, te permettant de retrouver imm\u00e9diatement ta s\u00e9r\u00e9nit\u00e9 et un \u00e9quilibre naturel.<\/p>\n<p>\ud83d\udc8e Lib\u00e9ration Intensive \u2013 88 \u20ac<br \/>\nPour un travail renforc\u00e9, ce palier permet d&rsquo;agir sur les m\u00e9moires plus lourdes et les freins persistants. En compl\u00e9ment du nettoyage global, des protocoles de purification approfondis sont mis en place pour d\u00e9nouer des situations qui semblent fig\u00e9es. C\u2019est une lib\u00e9ration des charges invisibles qui entravent ta progression, apportant une v\u00e9ritable fluidit\u00e9 et une protection durable dans ton quotidien.<\/p>\n<p>\u26a1 Lib\u00e9ration Int\u00e9grale \u2013 111 \u20ac<br \/>\nL\u2019accompagnement le plus complet pour une restructuration totale. Apr\u00e8s la phase de nettoyage et de purification, une lecture directe des corps subtils par visualisation permet de d\u00e9tecter ce qui est ancr\u00e9 ou cach\u00e9 au plus profond de ta structure \u00e9nerg\u00e9tique. C\u2019est une action puissante pour dissoudre les charges les plus enfouies, se recentrer totalement et retrouver son plein potentiel.<\/p>\n<p>Retrouve ton \u00e9nergie et ton \u00e9quilibre.<\/p>\n<p>&nbsp;<\/p>\n","protected":false},"excerpt":{"rendered":"<p>Tu te sens bloqu\u00e9(e) dans ta vie ?<br \/>\nTu as l\u2019impression qu\u2019un poids invisible te retient, que rien n&rsquo;est fluide et que des sch\u00e9mas se r\u00e9p\u00e8tent sans raison ?<\/p>\n","protected":false},"featured_media":1889,"comment_status":"open","ping_status":"closed","template":"","meta":[],"product_brand":[],"product_cat":[77],"product_tag":[],"class_list":{"0":"post-1884","1":"product","2":"type-product","3":"status-publish","4":"has-post-thumbnail","6":"product_cat-soins-energetiques","8":"first","9":"instock","10":"shipping-taxable","11":"purchasable","12":"product-type-variable"},"yoast_head":"<!-- This site is optimized with the Yoast SEO plugin v27.3 - https:\/\/yoast.com\/product\/yoast-seo-wordpress\/ -->\n<title>Nettoyages - Boutique El&#039;aimant Air<\/title>\n<meta name=\"description\" content=\"Tu te sens bloqu\u00e9(e) dans ta vie ?Tu as l\u2019impression qu\u2019un poids invisible te retient, que rien n&#039;est fluide et que des sch\u00e9mas se r\u00e9p\u00e8tent sans raison ?\" \/>\n<meta name=\"robots\" content=\"index, follow, max-snippet:-1, max-image-preview:large, max-video-preview:-1\" \/>\n<link rel=\"canonical\" href=\"https:\/\/elaimantair.fr\/boutique\/produit\/nettoyage\/\" \/>\n<meta property=\"og:locale\" content=\"fr_FR\" \/>\n<meta property=\"og:type\" content=\"article\" \/>\n<meta property=\"og:title\" content=\"Nettoyages - Boutique El&#039;aimant Air\" \/>\n<meta property=\"og:description\" content=\"Tu te sens bloqu\u00e9(e) dans ta vie ?Tu as l\u2019impression qu\u2019un poids invisible te retient, que rien n&#039;est fluide et que des sch\u00e9mas se r\u00e9p\u00e8tent sans raison ?\" \/>\n<meta property=\"og:url\" content=\"https:\/\/elaimantair.fr\/boutique\/produit\/nettoyage\/\" \/>\n<meta property=\"og:site_name\" content=\"Boutique El&#039;aimant Air\" \/>\n<meta property=\"article:publisher\" content=\"https:\/\/www.facebook.com\/louka.dou.5\" \/>\n<meta property=\"article:modified_time\" content=\"2026-04-04T02:06:00+00:00\" \/>\n<meta property=\"og:image\" content=\"https:\/\/elaimantair.fr\/boutique\/wp-content\/uploads\/2026\/04\/produit-nettoyage-v2.png\" \/>\n\t<meta property=\"og:image:width\" content=\"1024\" \/>\n\t<meta property=\"og:image:height\" content=\"1024\" \/>\n\t<meta property=\"og:image:type\" content=\"image\/png\" \/>\n<meta name=\"twitter:card\" content=\"summary_large_image\" \/>\n<meta name=\"twitter:site\" content=\"@AimantAir\" \/>\n<meta name=\"twitter:label1\" content=\"Dur\u00e9e de lecture estim\u00e9e\" \/>\n\t<meta name=\"twitter:data1\" content=\"1 minute\" \/>\n<script type=\"application\/ld+json\" class=\"yoast-schema-graph\">{\"@context\":\"https:\\\/\\\/schema.org\",\"@graph\":[{\"@type\":\"WebPage\",\"@id\":\"https:\\\/\\\/elaimantair.fr\\\/boutique\\\/produit\\\/nettoyage\\\/\",\"url\":\"https:\\\/\\\/elaimantair.fr\\\/boutique\\\/produit\\\/nettoyage\\\/\",\"name\":\"Nettoyages - Boutique El&#039;aimant Air\",\"isPartOf\":{\"@id\":\"https:\\\/\\\/elaimantair.fr\\\/boutique\\\/#website\"},\"primaryImageOfPage\":{\"@id\":\"https:\\\/\\\/elaimantair.fr\\\/boutique\\\/produit\\\/nettoyage\\\/#primaryimage\"},\"image\":{\"@id\":\"https:\\\/\\\/elaimantair.fr\\\/boutique\\\/produit\\\/nettoyage\\\/#primaryimage\"},\"thumbnailUrl\":\"https:\\\/\\\/elaimantair.fr\\\/boutique\\\/wp-content\\\/uploads\\\/2026\\\/04\\\/produit-nettoyage-v2.png\",\"datePublished\":\"2026-04-04T01:11:46+00:00\",\"dateModified\":\"2026-04-04T02:06:00+00:00\",\"description\":\"Tu te sens bloqu\u00e9(e) dans ta vie ?Tu as l\u2019impression qu\u2019un poids invisible te retient, que rien n'est fluide et que des sch\u00e9mas se r\u00e9p\u00e8tent sans raison ?\",\"breadcrumb\":{\"@id\":\"https:\\\/\\\/elaimantair.fr\\\/boutique\\\/produit\\\/nettoyage\\\/#breadcrumb\"},\"inLanguage\":\"fr-FR\",\"potentialAction\":[{\"@type\":\"ReadAction\",\"target\":[\"https:\\\/\\\/elaimantair.fr\\\/boutique\\\/produit\\\/nettoyage\\\/\"]}]},{\"@type\":\"ImageObject\",\"inLanguage\":\"fr-FR\",\"@id\":\"https:\\\/\\\/elaimantair.fr\\\/boutique\\\/produit\\\/nettoyage\\\/#primaryimage\",\"url\":\"https:\\\/\\\/elaimantair.fr\\\/boutique\\\/wp-content\\\/uploads\\\/2026\\\/04\\\/produit-nettoyage-v2.png\",\"contentUrl\":\"https:\\\/\\\/elaimantair.fr\\\/boutique\\\/wp-content\\\/uploads\\\/2026\\\/04\\\/produit-nettoyage-v2.png\",\"width\":1024,\"height\":1024},{\"@type\":\"BreadcrumbList\",\"@id\":\"https:\\\/\\\/elaimantair.fr\\\/boutique\\\/produit\\\/nettoyage\\\/#breadcrumb\",\"itemListElement\":[{\"@type\":\"ListItem\",\"position\":1,\"name\":\"Accueil boutique\",\"item\":\"https:\\\/\\\/elaimantair.fr\\\/boutique\\\/\"},{\"@type\":\"ListItem\",\"position\":2,\"name\":\"Accueil boutique\",\"item\":\"https:\\\/\\\/elaimantair.fr\\\/boutique\\\/\"},{\"@type\":\"ListItem\",\"position\":3,\"name\":\"Nettoyages\"}]},{\"@type\":\"WebSite\",\"@id\":\"https:\\\/\\\/elaimantair.fr\\\/boutique\\\/#website\",\"url\":\"https:\\\/\\\/elaimantair.fr\\\/boutique\\\/\",\"name\":\"Boutique El'aimant Air\",\"description\":\"Sublimer votre lumi\u00e8re\",\"publisher\":{\"@id\":\"https:\\\/\\\/elaimantair.fr\\\/boutique\\\/#organization\"},\"potentialAction\":[{\"@type\":\"SearchAction\",\"target\":{\"@type\":\"EntryPoint\",\"urlTemplate\":\"https:\\\/\\\/elaimantair.fr\\\/boutique\\\/?s={search_term_string}\"},\"query-input\":{\"@type\":\"PropertyValueSpecification\",\"valueRequired\":true,\"valueName\":\"search_term_string\"}}],\"inLanguage\":\"fr-FR\"},{\"@type\":\"Organization\",\"@id\":\"https:\\\/\\\/elaimantair.fr\\\/boutique\\\/#organization\",\"name\":\"El'aimant Air\",\"url\":\"https:\\\/\\\/elaimantair.fr\\\/boutique\\\/\",\"logo\":{\"@type\":\"ImageObject\",\"inLanguage\":\"fr-FR\",\"@id\":\"https:\\\/\\\/elaimantair.fr\\\/boutique\\\/#\\\/schema\\\/logo\\\/image\\\/\",\"url\":\"https:\\\/\\\/elaimantair.fr\\\/boutique\\\/wp-content\\\/uploads\\\/2022\\\/04\\\/elaimantairLogo-512.jpg\",\"contentUrl\":\"https:\\\/\\\/elaimantair.fr\\\/boutique\\\/wp-content\\\/uploads\\\/2022\\\/04\\\/elaimantairLogo-512.jpg\",\"width\":512,\"height\":512,\"caption\":\"El'aimant Air\"},\"image\":{\"@id\":\"https:\\\/\\\/elaimantair.fr\\\/boutique\\\/#\\\/schema\\\/logo\\\/image\\\/\"},\"sameAs\":[\"https:\\\/\\\/www.facebook.com\\\/louka.dou.5\",\"https:\\\/\\\/x.com\\\/AimantAir\",\"https:\\\/\\\/www.instagram.com\\\/elaimantair\",\"https:\\\/\\\/www.pinterest.com\\\/Elaimantair\\\/\"]}]}<\/script>\n<!-- \/ Yoast SEO plugin. -->","yoast_head_json":{"title":"Nettoyages - Boutique El&#039;aimant Air","description":"Tu te sens bloqu\u00e9(e) dans ta vie ?Tu as l\u2019impression qu\u2019un poids invisible te retient, que rien n'est fluide et que des sch\u00e9mas se r\u00e9p\u00e8tent sans raison ?","robots":{"index":"index","follow":"follow","max-snippet":"max-snippet:-1","max-image-preview":"max-image-preview:large","max-video-preview":"max-video-preview:-1"},"canonical":"https:\/\/elaimantair.fr\/boutique\/produit\/nettoyage\/","og_locale":"fr_FR","og_type":"article","og_title":"Nettoyages - Boutique El&#039;aimant Air","og_description":"Tu te sens bloqu\u00e9(e) dans ta vie ?Tu as l\u2019impression qu\u2019un poids invisible te retient, que rien n'est fluide et que des sch\u00e9mas se r\u00e9p\u00e8tent sans raison ?","og_url":"https:\/\/elaimantair.fr\/boutique\/produit\/nettoyage\/","og_site_name":"Boutique El&#039;aimant Air","article_publisher":"https:\/\/www.facebook.com\/louka.dou.5","article_modified_time":"2026-04-04T02:06:00+00:00","og_image":[{"width":1024,"height":1024,"url":"https:\/\/elaimantair.fr\/boutique\/wp-content\/uploads\/2026\/04\/produit-nettoyage-v2.png","type":"image\/png"}],"twitter_card":"summary_large_image","twitter_site":"@AimantAir","twitter_misc":{"Dur\u00e9e de lecture estim\u00e9e":"1 minute"},"schema":{"@context":"https:\/\/schema.org","@graph":[{"@type":"WebPage","@id":"https:\/\/elaimantair.fr\/boutique\/produit\/nettoyage\/","url":"https:\/\/elaimantair.fr\/boutique\/produit\/nettoyage\/","name":"Nettoyages - Boutique El&#039;aimant Air","isPartOf":{"@id":"https:\/\/elaimantair.fr\/boutique\/#website"},"primaryImageOfPage":{"@id":"https:\/\/elaimantair.fr\/boutique\/produit\/nettoyage\/#primaryimage"},"image":{"@id":"https:\/\/elaimantair.fr\/boutique\/produit\/nettoyage\/#primaryimage"},"thumbnailUrl":"https:\/\/elaimantair.fr\/boutique\/wp-content\/uploads\/2026\/04\/produit-nettoyage-v2.png","datePublished":"2026-04-04T01:11:46+00:00","dateModified":"2026-04-04T02:06:00+00:00","description":"Tu te sens bloqu\u00e9(e) dans ta vie ?Tu as l\u2019impression qu\u2019un poids invisible te retient, que rien n'est fluide et que des sch\u00e9mas se r\u00e9p\u00e8tent sans raison ?","breadcrumb":{"@id":"https:\/\/elaimantair.fr\/boutique\/produit\/nettoyage\/#breadcrumb"},"inLanguage":"fr-FR","potentialAction":[{"@type":"ReadAction","target":["https:\/\/elaimantair.fr\/boutique\/produit\/nettoyage\/"]}]},{"@type":"ImageObject","inLanguage":"fr-FR","@id":"https:\/\/elaimantair.fr\/boutique\/produit\/nettoyage\/#primaryimage","url":"https:\/\/elaimantair.fr\/boutique\/wp-content\/uploads\/2026\/04\/produit-nettoyage-v2.png","contentUrl":"https:\/\/elaimantair.fr\/boutique\/wp-content\/uploads\/2026\/04\/produit-nettoyage-v2.png","width":1024,"height":1024},{"@type":"BreadcrumbList","@id":"https:\/\/elaimantair.fr\/boutique\/produit\/nettoyage\/#breadcrumb","itemListElement":[{"@type":"ListItem","position":1,"name":"Accueil boutique","item":"https:\/\/elaimantair.fr\/boutique\/"},{"@type":"ListItem","position":2,"name":"Accueil boutique","item":"https:\/\/elaimantair.fr\/boutique\/"},{"@type":"ListItem","position":3,"name":"Nettoyages"}]},{"@type":"WebSite","@id":"https:\/\/elaimantair.fr\/boutique\/#website","url":"https:\/\/elaimantair.fr\/boutique\/","name":"Boutique El'aimant Air","description":"Sublimer votre lumi\u00e8re","publisher":{"@id":"https:\/\/elaimantair.fr\/boutique\/#organization"},"potentialAction":[{"@type":"SearchAction","target":{"@type":"EntryPoint","urlTemplate":"https:\/\/elaimantair.fr\/boutique\/?s={search_term_string}"},"query-input":{"@type":"PropertyValueSpecification","valueRequired":true,"valueName":"search_term_string"}}],"inLanguage":"fr-FR"},{"@type":"Organization","@id":"https:\/\/elaimantair.fr\/boutique\/#organization","name":"El'aimant Air","url":"https:\/\/elaimantair.fr\/boutique\/","logo":{"@type":"ImageObject","inLanguage":"fr-FR","@id":"https:\/\/elaimantair.fr\/boutique\/#\/schema\/logo\/image\/","url":"https:\/\/elaimantair.fr\/boutique\/wp-content\/uploads\/2022\/04\/elaimantairLogo-512.jpg","contentUrl":"https:\/\/elaimantair.fr\/boutique\/wp-content\/uploads\/2022\/04\/elaimantairLogo-512.jpg","width":512,"height":512,"caption":"El'aimant Air"},"image":{"@id":"https:\/\/elaimantair.fr\/boutique\/#\/schema\/logo\/image\/"},"sameAs":["https:\/\/www.facebook.com\/louka.dou.5","https:\/\/x.com\/AimantAir","https:\/\/www.instagram.com\/elaimantair","https:\/\/www.pinterest.com\/Elaimantair\/"]}]}},"jetpack_sharing_enabled":true,"_links":{"self":[{"href":"https:\/\/elaimantair.fr\/boutique\/wp-json\/wp\/v2\/product\/1884","targetHints":{"allow":["GET"]}}],"collection":[{"href":"https:\/\/elaimantair.fr\/boutique\/wp-json\/wp\/v2\/product"}],"about":[{"href":"https:\/\/elaimantair.fr\/boutique\/wp-json\/wp\/v2\/types\/product"}],"replies":[{"embeddable":true,"href":"https:\/\/elaimantair.fr\/boutique\/wp-json\/wp\/v2\/comments?post=1884"}],"wp:featuredmedia":[{"embeddable":true,"href":"https:\/\/elaimantair.fr\/boutique\/wp-json\/wp\/v2\/media\/1889"}],"wp:attachment":[{"href":"https:\/\/elaimantair.fr\/boutique\/wp-json\/wp\/v2\/media?parent=1884"}],"wp:term":[{"taxonomy":"product_brand","embeddable":true,"href":"https:\/\/elaimantair.fr\/boutique\/wp-json\/wp\/v2\/product_brand?post=1884"},{"taxonomy":"product_cat","embeddable":true,"href":"https:\/\/elaimantair.fr\/boutique\/wp-json\/wp\/v2\/product_cat?post=1884"},{"taxonomy":"product_tag","embeddable":true,"href":"https:\/\/elaimantair.fr\/boutique\/wp-json\/wp\/v2\/product_tag?post=1884"}],"curies":[{"name":"wp","href":"https:\/\/api.w.org\/{rel}","templated":true}]}}