{"id":1714,"date":"2026-01-10T22:13:42","date_gmt":"2026-01-10T21:13:42","guid":{"rendered":"https:\/\/elaimantair.fr\/boutique\/?post_type=product&#038;p=1714"},"modified":"2026-01-14T01:57:34","modified_gmt":"2026-01-14T00:57:34","slug":"magnetisme-animalier","status":"publish","type":"product","link":"https:\/\/elaimantair.fr\/boutique\/produit\/magnetisme-animalier\/","title":{"rendered":"Magn\u00e9tisme animalier"},"content":{"rendered":"<p>Les animaux sont des \u00eatres sensibles, dot\u00e9s d&rsquo;un syst\u00e8me \u00e9nerg\u00e9tique qui peut \u00eatre influenc\u00e9 par leur environnement, leur pass\u00e9 ou leur \u00e9tat de sant\u00e9. Les soins \u00e9nerg\u00e9tiques offrent une approche douce et non invasive pour accompagner nos compagnons \u00e0 poils, plumes ou \u00e9cailles, vers un meilleur \u00e9quilibre.<\/p>\n<p>\u200bLes animaux sont de v\u00e9ritables \u00ab \u00e9ponges \u00e9motionnelles \u00bb. Ils absorbent souvent les tensions de leur foyer ou d\u00e9veloppent des blocages suite \u00e0 des traumatismes (abandon, d\u00e9m\u00e9nagement, accident,&#8230;).<\/p>\n<p>Le soin \u00e9nerg\u00e9tique intervient pour :<\/p>\n<ul>\n<li style=\"list-style-type: none;\">\n<ul>\n<li>\u200bApaiser le stress et l&rsquo;anxi\u00e9t\u00e9 : Id\u00e9al pour les animaux craintifs, nerveux ou ayant eut des probl\u00e8mes.<\/li>\n<li>\u200bSoutenir la gu\u00e9rison physique : L&rsquo;\u00e9nergie aide \u00e0 stimuler les capacit\u00e9s d&rsquo;auto-gu\u00e9rison de l&rsquo;organisme et \u00e0 soulager les douleurs.<\/li>\n<li>Harmoniser le comportement : Aide \u00e0 r\u00e9duire l&rsquo;agressivit\u00e9, la tristesse, les troubles du sommeil.<\/li>\n<li>Renforcer le lien : Cr\u00e9er un moment de profonde d\u00e9tente qui renforce la connexion entre l&rsquo;animal et son gardien.<\/li>\n<\/ul>\n<\/li>\n<\/ul>\n<p>Contrairement \u00e0 nous, les animaux n\u2019ont pas de barri\u00e8res mentales : ils re\u00e7oivent l\u2019\u00e9nergie de mani\u00e8re instinctive et directe<\/p>\n<p>\u200bParce qu&rsquo;ils nous donnent tant au quotidien, leur offrir un soin \u00e9nerg\u00e9tique, c&rsquo;est leur rendre un peu de cet amour inconditionnel en prenant soin de leur \u00e2me autant que de leur corps.<\/p>\n<p>\u200bImportant : Les soins \u00e9nerg\u00e9tiques ne remplacent en aucun cas une consultation chez un v\u00e9t\u00e9rinaire. Ils interviennent en compl\u00e9mentarit\u00e9 pour offrir du soutien.<\/p>\n","protected":false},"excerpt":{"rendered":"<p>Les animaux sont des \u00eatres sensibles, dot\u00e9s d&rsquo;un syst\u00e8me \u00e9nerg\u00e9tique qui peut \u00eatre influenc\u00e9 par leur environnement, leur pass\u00e9 ou leur \u00e9tat de sant\u00e9. Les soins \u00e9nerg\u00e9tiques offrent une approche douce et non invasive pour accompagner nos compagnons \u00e0 poils, plumes ou \u00e9cailles, vers un meilleur \u00e9quilibre.<\/p>\n","protected":false},"featured_media":1715,"comment_status":"open","ping_status":"closed","template":"","meta":[],"product_brand":[],"product_cat":[77],"product_tag":[],"class_list":{"0":"post-1714","1":"product","2":"type-product","3":"status-publish","4":"has-post-thumbnail","6":"product_cat-soins-energetiques","8":"first","9":"instock","10":"shipping-taxable","11":"purchasable","12":"product-type-variable"},"yoast_head":"<!-- This site is optimized with the Yoast SEO plugin v27.5 - https:\/\/yoast.com\/product\/yoast-seo-wordpress\/ -->\n<title>Magn\u00e9tisme animalier - Boutique El&#039;aimant Air<\/title>\n<meta name=\"description\" content=\"Les animaux sont des \u00eatres sensibles, dot\u00e9s d&#039;un syst\u00e8me \u00e9nerg\u00e9tique qui peut \u00eatre influenc\u00e9 par leur environnement, leur pass\u00e9 ou leur \u00e9tat de sant\u00e9. Les soins \u00e9nerg\u00e9tiques accompagner vers un meilleur \u00e9quilibre\" \/>\n<meta name=\"robots\" content=\"index, follow, max-snippet:-1, max-image-preview:large, max-video-preview:-1\" \/>\n<link rel=\"canonical\" href=\"https:\/\/elaimantair.fr\/boutique\/produit\/magnetisme-animalier\/\" \/>\n<meta property=\"og:locale\" content=\"fr_FR\" \/>\n<meta property=\"og:type\" content=\"article\" \/>\n<meta property=\"og:title\" content=\"Magn\u00e9tisme animalier - Boutique El&#039;aimant Air\" \/>\n<meta property=\"og:description\" content=\"Les animaux sont des \u00eatres sensibles, dot\u00e9s d&#039;un syst\u00e8me \u00e9nerg\u00e9tique qui peut \u00eatre influenc\u00e9 par leur environnement, leur pass\u00e9 ou leur \u00e9tat de sant\u00e9. Les soins \u00e9nerg\u00e9tiques accompagner vers un meilleur \u00e9quilibre\" \/>\n<meta property=\"og:url\" content=\"https:\/\/elaimantair.fr\/boutique\/produit\/magnetisme-animalier\/\" \/>\n<meta property=\"og:site_name\" content=\"Boutique El&#039;aimant Air\" \/>\n<meta property=\"article:publisher\" content=\"https:\/\/www.facebook.com\/louka.dou.5\" \/>\n<meta property=\"article:modified_time\" content=\"2026-01-14T00:57:34+00:00\" \/>\n<meta property=\"og:image\" content=\"https:\/\/elaimantair.fr\/boutique\/wp-content\/uploads\/2026\/01\/produit-soins-animalier.png\" \/>\n\t<meta property=\"og:image:width\" content=\"1024\" \/>\n\t<meta property=\"og:image:height\" content=\"1024\" \/>\n\t<meta property=\"og:image:type\" content=\"image\/png\" \/>\n<meta name=\"twitter:card\" content=\"summary_large_image\" \/>\n<meta name=\"twitter:site\" content=\"@AimantAir\" \/>\n<meta name=\"twitter:label1\" content=\"Dur\u00e9e de lecture estim\u00e9e\" \/>\n\t<meta name=\"twitter:data1\" content=\"1 minute\" \/>\n<script type=\"application\/ld+json\" class=\"yoast-schema-graph\">{\"@context\":\"https:\\\/\\\/schema.org\",\"@graph\":[{\"@type\":\"WebPage\",\"@id\":\"https:\\\/\\\/elaimantair.fr\\\/boutique\\\/produit\\\/magnetisme-animalier\\\/\",\"url\":\"https:\\\/\\\/elaimantair.fr\\\/boutique\\\/produit\\\/magnetisme-animalier\\\/\",\"name\":\"Magn\u00e9tisme animalier - Boutique El&#039;aimant Air\",\"isPartOf\":{\"@id\":\"https:\\\/\\\/elaimantair.fr\\\/boutique\\\/#website\"},\"primaryImageOfPage\":{\"@id\":\"https:\\\/\\\/elaimantair.fr\\\/boutique\\\/produit\\\/magnetisme-animalier\\\/#primaryimage\"},\"image\":{\"@id\":\"https:\\\/\\\/elaimantair.fr\\\/boutique\\\/produit\\\/magnetisme-animalier\\\/#primaryimage\"},\"thumbnailUrl\":\"https:\\\/\\\/elaimantair.fr\\\/boutique\\\/wp-content\\\/uploads\\\/2026\\\/01\\\/produit-soins-animalier.png\",\"datePublished\":\"2026-01-10T21:13:42+00:00\",\"dateModified\":\"2026-01-14T00:57:34+00:00\",\"description\":\"Les animaux sont des \u00eatres sensibles, dot\u00e9s d'un syst\u00e8me \u00e9nerg\u00e9tique qui peut \u00eatre influenc\u00e9 par leur environnement, leur pass\u00e9 ou leur \u00e9tat de sant\u00e9. Les soins \u00e9nerg\u00e9tiques accompagner vers un meilleur \u00e9quilibre\",\"breadcrumb\":{\"@id\":\"https:\\\/\\\/elaimantair.fr\\\/boutique\\\/produit\\\/magnetisme-animalier\\\/#breadcrumb\"},\"inLanguage\":\"fr-FR\",\"potentialAction\":[{\"@type\":\"ReadAction\",\"target\":[\"https:\\\/\\\/elaimantair.fr\\\/boutique\\\/produit\\\/magnetisme-animalier\\\/\"]}]},{\"@type\":\"ImageObject\",\"inLanguage\":\"fr-FR\",\"@id\":\"https:\\\/\\\/elaimantair.fr\\\/boutique\\\/produit\\\/magnetisme-animalier\\\/#primaryimage\",\"url\":\"https:\\\/\\\/elaimantair.fr\\\/boutique\\\/wp-content\\\/uploads\\\/2026\\\/01\\\/produit-soins-animalier.png\",\"contentUrl\":\"https:\\\/\\\/elaimantair.fr\\\/boutique\\\/wp-content\\\/uploads\\\/2026\\\/01\\\/produit-soins-animalier.png\",\"width\":1024,\"height\":1024},{\"@type\":\"BreadcrumbList\",\"@id\":\"https:\\\/\\\/elaimantair.fr\\\/boutique\\\/produit\\\/magnetisme-animalier\\\/#breadcrumb\",\"itemListElement\":[{\"@type\":\"ListItem\",\"position\":1,\"name\":\"Accueil boutique\",\"item\":\"https:\\\/\\\/elaimantair.fr\\\/boutique\\\/\"},{\"@type\":\"ListItem\",\"position\":2,\"name\":\"Accueil boutique\",\"item\":\"https:\\\/\\\/elaimantair.fr\\\/boutique\\\/\"},{\"@type\":\"ListItem\",\"position\":3,\"name\":\"Magn\u00e9tisme animalier\"}]},{\"@type\":\"WebSite\",\"@id\":\"https:\\\/\\\/elaimantair.fr\\\/boutique\\\/#website\",\"url\":\"https:\\\/\\\/elaimantair.fr\\\/boutique\\\/\",\"name\":\"Boutique El'aimant Air\",\"description\":\"Sublimer votre lumi\u00e8re\",\"publisher\":{\"@id\":\"https:\\\/\\\/elaimantair.fr\\\/boutique\\\/#organization\"},\"potentialAction\":[{\"@type\":\"SearchAction\",\"target\":{\"@type\":\"EntryPoint\",\"urlTemplate\":\"https:\\\/\\\/elaimantair.fr\\\/boutique\\\/?s={search_term_string}\"},\"query-input\":{\"@type\":\"PropertyValueSpecification\",\"valueRequired\":true,\"valueName\":\"search_term_string\"}}],\"inLanguage\":\"fr-FR\"},{\"@type\":\"Organization\",\"@id\":\"https:\\\/\\\/elaimantair.fr\\\/boutique\\\/#organization\",\"name\":\"El'aimant Air\",\"url\":\"https:\\\/\\\/elaimantair.fr\\\/boutique\\\/\",\"logo\":{\"@type\":\"ImageObject\",\"inLanguage\":\"fr-FR\",\"@id\":\"https:\\\/\\\/elaimantair.fr\\\/boutique\\\/#\\\/schema\\\/logo\\\/image\\\/\",\"url\":\"https:\\\/\\\/elaimantair.fr\\\/boutique\\\/wp-content\\\/uploads\\\/2022\\\/04\\\/elaimantairLogo-512.jpg\",\"contentUrl\":\"https:\\\/\\\/elaimantair.fr\\\/boutique\\\/wp-content\\\/uploads\\\/2022\\\/04\\\/elaimantairLogo-512.jpg\",\"width\":512,\"height\":512,\"caption\":\"El'aimant Air\"},\"image\":{\"@id\":\"https:\\\/\\\/elaimantair.fr\\\/boutique\\\/#\\\/schema\\\/logo\\\/image\\\/\"},\"sameAs\":[\"https:\\\/\\\/www.facebook.com\\\/louka.dou.5\",\"https:\\\/\\\/x.com\\\/AimantAir\",\"https:\\\/\\\/www.instagram.com\\\/elaimantair\",\"https:\\\/\\\/www.pinterest.com\\\/Elaimantair\\\/\"]}]}<\/script>\n<!-- \/ Yoast SEO plugin. -->","yoast_head_json":{"title":"Magn\u00e9tisme animalier - Boutique El&#039;aimant Air","description":"Les animaux sont des \u00eatres sensibles, dot\u00e9s d'un syst\u00e8me \u00e9nerg\u00e9tique qui peut \u00eatre influenc\u00e9 par leur environnement, leur pass\u00e9 ou leur \u00e9tat de sant\u00e9. Les soins \u00e9nerg\u00e9tiques accompagner vers un meilleur \u00e9quilibre","robots":{"index":"index","follow":"follow","max-snippet":"max-snippet:-1","max-image-preview":"max-image-preview:large","max-video-preview":"max-video-preview:-1"},"canonical":"https:\/\/elaimantair.fr\/boutique\/produit\/magnetisme-animalier\/","og_locale":"fr_FR","og_type":"article","og_title":"Magn\u00e9tisme animalier - Boutique El&#039;aimant Air","og_description":"Les animaux sont des \u00eatres sensibles, dot\u00e9s d'un syst\u00e8me \u00e9nerg\u00e9tique qui peut \u00eatre influenc\u00e9 par leur environnement, leur pass\u00e9 ou leur \u00e9tat de sant\u00e9. Les soins \u00e9nerg\u00e9tiques accompagner vers un meilleur \u00e9quilibre","og_url":"https:\/\/elaimantair.fr\/boutique\/produit\/magnetisme-animalier\/","og_site_name":"Boutique El&#039;aimant Air","article_publisher":"https:\/\/www.facebook.com\/louka.dou.5","article_modified_time":"2026-01-14T00:57:34+00:00","og_image":[{"width":1024,"height":1024,"url":"https:\/\/elaimantair.fr\/boutique\/wp-content\/uploads\/2026\/01\/produit-soins-animalier.png","type":"image\/png"}],"twitter_card":"summary_large_image","twitter_site":"@AimantAir","twitter_misc":{"Dur\u00e9e de lecture estim\u00e9e":"1 minute"},"schema":{"@context":"https:\/\/schema.org","@graph":[{"@type":"WebPage","@id":"https:\/\/elaimantair.fr\/boutique\/produit\/magnetisme-animalier\/","url":"https:\/\/elaimantair.fr\/boutique\/produit\/magnetisme-animalier\/","name":"Magn\u00e9tisme animalier - Boutique El&#039;aimant Air","isPartOf":{"@id":"https:\/\/elaimantair.fr\/boutique\/#website"},"primaryImageOfPage":{"@id":"https:\/\/elaimantair.fr\/boutique\/produit\/magnetisme-animalier\/#primaryimage"},"image":{"@id":"https:\/\/elaimantair.fr\/boutique\/produit\/magnetisme-animalier\/#primaryimage"},"thumbnailUrl":"https:\/\/elaimantair.fr\/boutique\/wp-content\/uploads\/2026\/01\/produit-soins-animalier.png","datePublished":"2026-01-10T21:13:42+00:00","dateModified":"2026-01-14T00:57:34+00:00","description":"Les animaux sont des \u00eatres sensibles, dot\u00e9s d'un syst\u00e8me \u00e9nerg\u00e9tique qui peut \u00eatre influenc\u00e9 par leur environnement, leur pass\u00e9 ou leur \u00e9tat de sant\u00e9. Les soins \u00e9nerg\u00e9tiques accompagner vers un meilleur \u00e9quilibre","breadcrumb":{"@id":"https:\/\/elaimantair.fr\/boutique\/produit\/magnetisme-animalier\/#breadcrumb"},"inLanguage":"fr-FR","potentialAction":[{"@type":"ReadAction","target":["https:\/\/elaimantair.fr\/boutique\/produit\/magnetisme-animalier\/"]}]},{"@type":"ImageObject","inLanguage":"fr-FR","@id":"https:\/\/elaimantair.fr\/boutique\/produit\/magnetisme-animalier\/#primaryimage","url":"https:\/\/elaimantair.fr\/boutique\/wp-content\/uploads\/2026\/01\/produit-soins-animalier.png","contentUrl":"https:\/\/elaimantair.fr\/boutique\/wp-content\/uploads\/2026\/01\/produit-soins-animalier.png","width":1024,"height":1024},{"@type":"BreadcrumbList","@id":"https:\/\/elaimantair.fr\/boutique\/produit\/magnetisme-animalier\/#breadcrumb","itemListElement":[{"@type":"ListItem","position":1,"name":"Accueil boutique","item":"https:\/\/elaimantair.fr\/boutique\/"},{"@type":"ListItem","position":2,"name":"Accueil boutique","item":"https:\/\/elaimantair.fr\/boutique\/"},{"@type":"ListItem","position":3,"name":"Magn\u00e9tisme animalier"}]},{"@type":"WebSite","@id":"https:\/\/elaimantair.fr\/boutique\/#website","url":"https:\/\/elaimantair.fr\/boutique\/","name":"Boutique El'aimant Air","description":"Sublimer votre lumi\u00e8re","publisher":{"@id":"https:\/\/elaimantair.fr\/boutique\/#organization"},"potentialAction":[{"@type":"SearchAction","target":{"@type":"EntryPoint","urlTemplate":"https:\/\/elaimantair.fr\/boutique\/?s={search_term_string}"},"query-input":{"@type":"PropertyValueSpecification","valueRequired":true,"valueName":"search_term_string"}}],"inLanguage":"fr-FR"},{"@type":"Organization","@id":"https:\/\/elaimantair.fr\/boutique\/#organization","name":"El'aimant Air","url":"https:\/\/elaimantair.fr\/boutique\/","logo":{"@type":"ImageObject","inLanguage":"fr-FR","@id":"https:\/\/elaimantair.fr\/boutique\/#\/schema\/logo\/image\/","url":"https:\/\/elaimantair.fr\/boutique\/wp-content\/uploads\/2022\/04\/elaimantairLogo-512.jpg","contentUrl":"https:\/\/elaimantair.fr\/boutique\/wp-content\/uploads\/2022\/04\/elaimantairLogo-512.jpg","width":512,"height":512,"caption":"El'aimant Air"},"image":{"@id":"https:\/\/elaimantair.fr\/boutique\/#\/schema\/logo\/image\/"},"sameAs":["https:\/\/www.facebook.com\/louka.dou.5","https:\/\/x.com\/AimantAir","https:\/\/www.instagram.com\/elaimantair","https:\/\/www.pinterest.com\/Elaimantair\/"]}]}},"jetpack_sharing_enabled":true,"_links":{"self":[{"href":"https:\/\/elaimantair.fr\/boutique\/wp-json\/wp\/v2\/product\/1714","targetHints":{"allow":["GET"]}}],"collection":[{"href":"https:\/\/elaimantair.fr\/boutique\/wp-json\/wp\/v2\/product"}],"about":[{"href":"https:\/\/elaimantair.fr\/boutique\/wp-json\/wp\/v2\/types\/product"}],"replies":[{"embeddable":true,"href":"https:\/\/elaimantair.fr\/boutique\/wp-json\/wp\/v2\/comments?post=1714"}],"wp:featuredmedia":[{"embeddable":true,"href":"https:\/\/elaimantair.fr\/boutique\/wp-json\/wp\/v2\/media\/1715"}],"wp:attachment":[{"href":"https:\/\/elaimantair.fr\/boutique\/wp-json\/wp\/v2\/media?parent=1714"}],"wp:term":[{"taxonomy":"product_brand","embeddable":true,"href":"https:\/\/elaimantair.fr\/boutique\/wp-json\/wp\/v2\/product_brand?post=1714"},{"taxonomy":"product_cat","embeddable":true,"href":"https:\/\/elaimantair.fr\/boutique\/wp-json\/wp\/v2\/product_cat?post=1714"},{"taxonomy":"product_tag","embeddable":true,"href":"https:\/\/elaimantair.fr\/boutique\/wp-json\/wp\/v2\/product_tag?post=1714"}],"curies":[{"name":"wp","href":"https:\/\/api.w.org\/{rel}","templated":true}]}}