{"id":16,"date":"2022-04-11T21:53:29","date_gmt":"2022-04-11T19:53:29","guid":{"rendered":"https:\/\/elaimantair.fr\/boutique\/?post_type=product&#038;p=16"},"modified":"2024-12-03T02:27:34","modified_gmt":"2024-12-03T01:27:34","slug":"charbon","status":"publish","type":"product","link":"https:\/\/elaimantair.fr\/boutique\/produit\/charbon\/","title":{"rendered":"Charbon"},"content":{"rendered":"<p>Charbon Excelsior Swift-Lite.<\/p>\n<p>Qualit\u00e9 premium allumage rapide pour vos encens en r\u00e9sine, pour \u00e9galement br\u00fbleurs, narguil\u00e9s, chicha&#8230;<\/p>\n<p>Le charbon pour encens est un \u00e9l\u00e9ment essentiel pour br\u00fbler efficacement diff\u00e9rents types d&rsquo;encens, notamment les r\u00e9sines, les herbes et les m\u00e9langes d&rsquo;encens.<\/p>\n<p>Il est g\u00e9n\u00e9ralement utilis\u00e9 comme source de chaleur pour allumer et br\u00fbler l&rsquo;encens. Il est souvent plac\u00e9 dans un br\u00fbleur \u00e0 charbon sp\u00e9cialement con\u00e7u \u00e0 cet effet.<\/p>\n<p>G\u00e9n\u00e9ralement fabriqu\u00e9s \u00e0 partir de charbon de bois naturel ou de mat\u00e9riaux similaires.<\/p>\n<p>Je conseille de les allumer avec une flamme de bougie. Une fois allum\u00e9s, ils produisent une chaleur constante qui permet de br\u00fbler l&rsquo;encens.<\/p>\n<p>n g\u00e9n\u00e9ral, un charbon peut br\u00fbler pendant environ 30 minutes<\/p>\n<p><strong>Pr\u00e9cautions d&rsquo;utilisation<\/strong> : Il est important de manipuler les charbons pour encens avec pr\u00e9caution, car ils deviennent tr\u00e8s chauds pendant la combustion. Il est recommand\u00e9 de les placer sur une surface r\u00e9sistante \u00e0 la chaleur et de les maintenir hors de port\u00e9e des enfants et des animaux domestiques.<\/p>\n<p>En r\u00e9sum\u00e9, le charbon pour encens est un \u00e9l\u00e9ment indispensable pour profiter pleinement des ar\u00f4mes et des propri\u00e9t\u00e9s de diff\u00e9rents types d&rsquo;encens. En choisissant le bon type et en suivant les pr\u00e9cautions d&rsquo;utilisation, vous pouvez cr\u00e9er une ambiance agr\u00e9able et apaisante dans votre espace<\/p>\n<p>Sachet de 10 pastilles de 33mm<\/p>\n","protected":false},"excerpt":{"rendered":"<p>Charbon qualit\u00e9 premium allumage rapide pour br\u00fbleurs, narguil\u00e9s, chicha&#8230;<\/p>\n<p>Sachet de 10 pastilles de 33mm<\/p>\n","protected":false},"featured_media":620,"comment_status":"open","ping_status":"closed","template":"","meta":[],"product_brand":[],"product_cat":[18,19],"product_tag":[],"class_list":{"0":"post-16","1":"product","2":"type-product","3":"status-publish","4":"has-post-thumbnail","6":"product_cat-charbon","7":"product_cat-fumigation","9":"first","10":"instock","11":"sale","12":"shipping-taxable","13":"purchasable","14":"product-type-simple"},"yoast_head":"<!-- This site is optimized with the Yoast SEO plugin v27.3 - https:\/\/yoast.com\/product\/yoast-seo-wordpress\/ -->\n<title>Charbon - Boutique El&#039;aimant Air<\/title>\n<meta name=\"description\" content=\"Charbon Excelsior Swift-Lite.Qualit\u00e9 premium allumage rapide pour vos encens en r\u00e9sine, pour \u00e9galement br\u00fbleurs, narguil\u00e9s, chicha.\" \/>\n<meta name=\"robots\" content=\"index, follow, max-snippet:-1, max-image-preview:large, max-video-preview:-1\" \/>\n<link rel=\"canonical\" href=\"https:\/\/elaimantair.fr\/boutique\/produit\/charbon\/\" \/>\n<meta property=\"og:locale\" content=\"fr_FR\" \/>\n<meta property=\"og:type\" content=\"article\" \/>\n<meta property=\"og:title\" content=\"Charbon - Boutique El&#039;aimant Air\" \/>\n<meta property=\"og:description\" content=\"Charbon Excelsior Swift-Lite.Qualit\u00e9 premium allumage rapide pour vos encens en r\u00e9sine, pour \u00e9galement br\u00fbleurs, narguil\u00e9s, chicha.\" \/>\n<meta property=\"og:url\" content=\"https:\/\/elaimantair.fr\/boutique\/produit\/charbon\/\" \/>\n<meta property=\"og:site_name\" content=\"Boutique El&#039;aimant Air\" \/>\n<meta property=\"article:publisher\" content=\"https:\/\/www.facebook.com\/louka.dou.5\" \/>\n<meta property=\"article:modified_time\" content=\"2024-12-03T01:27:34+00:00\" \/>\n<meta property=\"og:image\" content=\"https:\/\/elaimantair.fr\/boutique\/wp-content\/uploads\/2022\/06\/charbon.jpg\" \/>\n\t<meta property=\"og:image:width\" content=\"1500\" \/>\n\t<meta property=\"og:image:height\" content=\"1500\" \/>\n\t<meta property=\"og:image:type\" content=\"image\/jpeg\" \/>\n<meta name=\"twitter:card\" content=\"summary_large_image\" \/>\n<meta name=\"twitter:site\" content=\"@AimantAir\" \/>\n<meta name=\"twitter:label1\" content=\"Dur\u00e9e de lecture estim\u00e9e\" \/>\n\t<meta name=\"twitter:data1\" content=\"1 minute\" \/>\n<script type=\"application\/ld+json\" class=\"yoast-schema-graph\">{\"@context\":\"https:\\\/\\\/schema.org\",\"@graph\":[{\"@type\":\"WebPage\",\"@id\":\"https:\\\/\\\/elaimantair.fr\\\/boutique\\\/produit\\\/charbon\\\/\",\"url\":\"https:\\\/\\\/elaimantair.fr\\\/boutique\\\/produit\\\/charbon\\\/\",\"name\":\"Charbon - Boutique El&#039;aimant Air\",\"isPartOf\":{\"@id\":\"https:\\\/\\\/elaimantair.fr\\\/boutique\\\/#website\"},\"primaryImageOfPage\":{\"@id\":\"https:\\\/\\\/elaimantair.fr\\\/boutique\\\/produit\\\/charbon\\\/#primaryimage\"},\"image\":{\"@id\":\"https:\\\/\\\/elaimantair.fr\\\/boutique\\\/produit\\\/charbon\\\/#primaryimage\"},\"thumbnailUrl\":\"https:\\\/\\\/elaimantair.fr\\\/boutique\\\/wp-content\\\/uploads\\\/2022\\\/06\\\/charbon.jpg\",\"datePublished\":\"2022-04-11T19:53:29+00:00\",\"dateModified\":\"2024-12-03T01:27:34+00:00\",\"description\":\"Charbon Excelsior Swift-Lite.Qualit\u00e9 premium allumage rapide pour vos encens en r\u00e9sine, pour \u00e9galement br\u00fbleurs, narguil\u00e9s, chicha.\",\"breadcrumb\":{\"@id\":\"https:\\\/\\\/elaimantair.fr\\\/boutique\\\/produit\\\/charbon\\\/#breadcrumb\"},\"inLanguage\":\"fr-FR\",\"potentialAction\":[{\"@type\":\"ReadAction\",\"target\":[\"https:\\\/\\\/elaimantair.fr\\\/boutique\\\/produit\\\/charbon\\\/\"]}]},{\"@type\":\"ImageObject\",\"inLanguage\":\"fr-FR\",\"@id\":\"https:\\\/\\\/elaimantair.fr\\\/boutique\\\/produit\\\/charbon\\\/#primaryimage\",\"url\":\"https:\\\/\\\/elaimantair.fr\\\/boutique\\\/wp-content\\\/uploads\\\/2022\\\/06\\\/charbon.jpg\",\"contentUrl\":\"https:\\\/\\\/elaimantair.fr\\\/boutique\\\/wp-content\\\/uploads\\\/2022\\\/06\\\/charbon.jpg\",\"width\":1500,\"height\":1500,\"caption\":\"Charbon\"},{\"@type\":\"BreadcrumbList\",\"@id\":\"https:\\\/\\\/elaimantair.fr\\\/boutique\\\/produit\\\/charbon\\\/#breadcrumb\",\"itemListElement\":[{\"@type\":\"ListItem\",\"position\":1,\"name\":\"Accueil boutique\",\"item\":\"https:\\\/\\\/elaimantair.fr\\\/boutique\\\/\"},{\"@type\":\"ListItem\",\"position\":2,\"name\":\"Accueil boutique\",\"item\":\"https:\\\/\\\/elaimantair.fr\\\/boutique\\\/\"},{\"@type\":\"ListItem\",\"position\":3,\"name\":\"Charbon\"}]},{\"@type\":\"WebSite\",\"@id\":\"https:\\\/\\\/elaimantair.fr\\\/boutique\\\/#website\",\"url\":\"https:\\\/\\\/elaimantair.fr\\\/boutique\\\/\",\"name\":\"Boutique El'aimant Air\",\"description\":\"Sublimer votre lumi\u00e8re\",\"publisher\":{\"@id\":\"https:\\\/\\\/elaimantair.fr\\\/boutique\\\/#organization\"},\"potentialAction\":[{\"@type\":\"SearchAction\",\"target\":{\"@type\":\"EntryPoint\",\"urlTemplate\":\"https:\\\/\\\/elaimantair.fr\\\/boutique\\\/?s={search_term_string}\"},\"query-input\":{\"@type\":\"PropertyValueSpecification\",\"valueRequired\":true,\"valueName\":\"search_term_string\"}}],\"inLanguage\":\"fr-FR\"},{\"@type\":\"Organization\",\"@id\":\"https:\\\/\\\/elaimantair.fr\\\/boutique\\\/#organization\",\"name\":\"El'aimant Air\",\"url\":\"https:\\\/\\\/elaimantair.fr\\\/boutique\\\/\",\"logo\":{\"@type\":\"ImageObject\",\"inLanguage\":\"fr-FR\",\"@id\":\"https:\\\/\\\/elaimantair.fr\\\/boutique\\\/#\\\/schema\\\/logo\\\/image\\\/\",\"url\":\"https:\\\/\\\/elaimantair.fr\\\/boutique\\\/wp-content\\\/uploads\\\/2022\\\/04\\\/elaimantairLogo-512.jpg\",\"contentUrl\":\"https:\\\/\\\/elaimantair.fr\\\/boutique\\\/wp-content\\\/uploads\\\/2022\\\/04\\\/elaimantairLogo-512.jpg\",\"width\":512,\"height\":512,\"caption\":\"El'aimant Air\"},\"image\":{\"@id\":\"https:\\\/\\\/elaimantair.fr\\\/boutique\\\/#\\\/schema\\\/logo\\\/image\\\/\"},\"sameAs\":[\"https:\\\/\\\/www.facebook.com\\\/louka.dou.5\",\"https:\\\/\\\/x.com\\\/AimantAir\",\"https:\\\/\\\/www.instagram.com\\\/elaimantair\",\"https:\\\/\\\/www.pinterest.com\\\/Elaimantair\\\/\"]}]}<\/script>\n<!-- \/ Yoast SEO plugin. -->","yoast_head_json":{"title":"Charbon - Boutique El&#039;aimant Air","description":"Charbon Excelsior Swift-Lite.Qualit\u00e9 premium allumage rapide pour vos encens en r\u00e9sine, pour \u00e9galement br\u00fbleurs, narguil\u00e9s, chicha.","robots":{"index":"index","follow":"follow","max-snippet":"max-snippet:-1","max-image-preview":"max-image-preview:large","max-video-preview":"max-video-preview:-1"},"canonical":"https:\/\/elaimantair.fr\/boutique\/produit\/charbon\/","og_locale":"fr_FR","og_type":"article","og_title":"Charbon - Boutique El&#039;aimant Air","og_description":"Charbon Excelsior Swift-Lite.Qualit\u00e9 premium allumage rapide pour vos encens en r\u00e9sine, pour \u00e9galement br\u00fbleurs, narguil\u00e9s, chicha.","og_url":"https:\/\/elaimantair.fr\/boutique\/produit\/charbon\/","og_site_name":"Boutique El&#039;aimant Air","article_publisher":"https:\/\/www.facebook.com\/louka.dou.5","article_modified_time":"2024-12-03T01:27:34+00:00","og_image":[{"width":1500,"height":1500,"url":"https:\/\/elaimantair.fr\/boutique\/wp-content\/uploads\/2022\/06\/charbon.jpg","type":"image\/jpeg"}],"twitter_card":"summary_large_image","twitter_site":"@AimantAir","twitter_misc":{"Dur\u00e9e de lecture estim\u00e9e":"1 minute"},"schema":{"@context":"https:\/\/schema.org","@graph":[{"@type":"WebPage","@id":"https:\/\/elaimantair.fr\/boutique\/produit\/charbon\/","url":"https:\/\/elaimantair.fr\/boutique\/produit\/charbon\/","name":"Charbon - Boutique El&#039;aimant Air","isPartOf":{"@id":"https:\/\/elaimantair.fr\/boutique\/#website"},"primaryImageOfPage":{"@id":"https:\/\/elaimantair.fr\/boutique\/produit\/charbon\/#primaryimage"},"image":{"@id":"https:\/\/elaimantair.fr\/boutique\/produit\/charbon\/#primaryimage"},"thumbnailUrl":"https:\/\/elaimantair.fr\/boutique\/wp-content\/uploads\/2022\/06\/charbon.jpg","datePublished":"2022-04-11T19:53:29+00:00","dateModified":"2024-12-03T01:27:34+00:00","description":"Charbon Excelsior Swift-Lite.Qualit\u00e9 premium allumage rapide pour vos encens en r\u00e9sine, pour \u00e9galement br\u00fbleurs, narguil\u00e9s, chicha.","breadcrumb":{"@id":"https:\/\/elaimantair.fr\/boutique\/produit\/charbon\/#breadcrumb"},"inLanguage":"fr-FR","potentialAction":[{"@type":"ReadAction","target":["https:\/\/elaimantair.fr\/boutique\/produit\/charbon\/"]}]},{"@type":"ImageObject","inLanguage":"fr-FR","@id":"https:\/\/elaimantair.fr\/boutique\/produit\/charbon\/#primaryimage","url":"https:\/\/elaimantair.fr\/boutique\/wp-content\/uploads\/2022\/06\/charbon.jpg","contentUrl":"https:\/\/elaimantair.fr\/boutique\/wp-content\/uploads\/2022\/06\/charbon.jpg","width":1500,"height":1500,"caption":"Charbon"},{"@type":"BreadcrumbList","@id":"https:\/\/elaimantair.fr\/boutique\/produit\/charbon\/#breadcrumb","itemListElement":[{"@type":"ListItem","position":1,"name":"Accueil boutique","item":"https:\/\/elaimantair.fr\/boutique\/"},{"@type":"ListItem","position":2,"name":"Accueil boutique","item":"https:\/\/elaimantair.fr\/boutique\/"},{"@type":"ListItem","position":3,"name":"Charbon"}]},{"@type":"WebSite","@id":"https:\/\/elaimantair.fr\/boutique\/#website","url":"https:\/\/elaimantair.fr\/boutique\/","name":"Boutique El'aimant Air","description":"Sublimer votre lumi\u00e8re","publisher":{"@id":"https:\/\/elaimantair.fr\/boutique\/#organization"},"potentialAction":[{"@type":"SearchAction","target":{"@type":"EntryPoint","urlTemplate":"https:\/\/elaimantair.fr\/boutique\/?s={search_term_string}"},"query-input":{"@type":"PropertyValueSpecification","valueRequired":true,"valueName":"search_term_string"}}],"inLanguage":"fr-FR"},{"@type":"Organization","@id":"https:\/\/elaimantair.fr\/boutique\/#organization","name":"El'aimant Air","url":"https:\/\/elaimantair.fr\/boutique\/","logo":{"@type":"ImageObject","inLanguage":"fr-FR","@id":"https:\/\/elaimantair.fr\/boutique\/#\/schema\/logo\/image\/","url":"https:\/\/elaimantair.fr\/boutique\/wp-content\/uploads\/2022\/04\/elaimantairLogo-512.jpg","contentUrl":"https:\/\/elaimantair.fr\/boutique\/wp-content\/uploads\/2022\/04\/elaimantairLogo-512.jpg","width":512,"height":512,"caption":"El'aimant Air"},"image":{"@id":"https:\/\/elaimantair.fr\/boutique\/#\/schema\/logo\/image\/"},"sameAs":["https:\/\/www.facebook.com\/louka.dou.5","https:\/\/x.com\/AimantAir","https:\/\/www.instagram.com\/elaimantair","https:\/\/www.pinterest.com\/Elaimantair\/"]}]}},"jetpack_sharing_enabled":true,"_links":{"self":[{"href":"https:\/\/elaimantair.fr\/boutique\/wp-json\/wp\/v2\/product\/16","targetHints":{"allow":["GET"]}}],"collection":[{"href":"https:\/\/elaimantair.fr\/boutique\/wp-json\/wp\/v2\/product"}],"about":[{"href":"https:\/\/elaimantair.fr\/boutique\/wp-json\/wp\/v2\/types\/product"}],"replies":[{"embeddable":true,"href":"https:\/\/elaimantair.fr\/boutique\/wp-json\/wp\/v2\/comments?post=16"}],"wp:featuredmedia":[{"embeddable":true,"href":"https:\/\/elaimantair.fr\/boutique\/wp-json\/wp\/v2\/media\/620"}],"wp:attachment":[{"href":"https:\/\/elaimantair.fr\/boutique\/wp-json\/wp\/v2\/media?parent=16"}],"wp:term":[{"taxonomy":"product_brand","embeddable":true,"href":"https:\/\/elaimantair.fr\/boutique\/wp-json\/wp\/v2\/product_brand?post=16"},{"taxonomy":"product_cat","embeddable":true,"href":"https:\/\/elaimantair.fr\/boutique\/wp-json\/wp\/v2\/product_cat?post=16"},{"taxonomy":"product_tag","embeddable":true,"href":"https:\/\/elaimantair.fr\/boutique\/wp-json\/wp\/v2\/product_tag?post=16"}],"curies":[{"name":"wp","href":"https:\/\/api.w.org\/{rel}","templated":true}]}}