{"id":1595,"date":"2024-06-11T22:42:34","date_gmt":"2024-06-11T20:42:34","guid":{"rendered":"https:\/\/elaimantair.fr\/boutique\/?post_type=product&#038;p=1595"},"modified":"2026-01-13T20:29:42","modified_gmt":"2026-01-13T19:29:42","slug":"deux-seances-chamanisme","status":"publish","type":"product","link":"https:\/\/elaimantair.fr\/boutique\/produit\/deux-seances-chamanisme\/","title":{"rendered":"Deux s\u00e9ances de chamanisme"},"content":{"rendered":"<p>Le chamanisme est une pratique qui d\u00e9bloquera tous ce dont vous avez besoin.<\/p>\n<p>Venez vibrer au son du tambour.<br \/>\nLe tambour est un interm\u00e9diaire entre les mondes visibles et invisibles, il en ouvre les portes, par le chant de ses vibrations.<br \/>\nC&rsquo;est un lien sonore qui nous met naturellement dans un \u00e9tat de conscience modifi\u00e9, onde theta.<br \/>\nC&rsquo;est une forme de m\u00e9ditation induite par le son.<br \/>\nChaque voyage est une opportunit\u00e9 d&rsquo;introspection, un temps pour soi, un cadeau que l&rsquo;on se fait, vous \u00eates la personne la plus importante de votre vie!<br \/>\nIl r\u00e9pondra \u00e0 chacune de vos demandes, il suffit d&rsquo;aller avec l&rsquo;intention.<br \/>\nA mes c\u00f4t\u00e9s, 2 tambours m\u00e9decine, au son profond, pour vous transporter ailleurs.<br \/>\nLe premier voyage ne doit pas d\u00e9passer 15 minutes, pour pouvoir vous familiariser avec la transe en toute s\u00e9r\u00e9nit\u00e9.<\/p>\n","protected":false},"excerpt":{"rendered":"<p>Venez vibrer au son du tambour.<br \/>\nLe tambour est un interm\u00e9diaire entre les mondes visibles et invisibles, il en ouvre les portes, par le chant de ses vibrations.<\/p>\n","protected":false},"featured_media":1717,"comment_status":"open","ping_status":"closed","template":"","meta":[],"product_brand":[],"product_cat":[77],"product_tag":[],"class_list":{"0":"post-1595","1":"product","2":"type-product","3":"status-publish","4":"has-post-thumbnail","6":"product_cat-soins-energetiques","8":"first","9":"instock","10":"shipping-taxable","11":"purchasable","12":"product-type-variable"},"yoast_head":"<!-- This site is optimized with the Yoast SEO plugin v27.5 - https:\/\/yoast.com\/product\/yoast-seo-wordpress\/ -->\n<title>Deux s\u00e9ances de chamanisme - Boutique El&#039;aimant Air<\/title>\n<meta name=\"description\" content=\"Le chamanisme est une pratique qui d\u00e9bloquera tous ce dont vous avez besoin. Venez vibrer au son du tambour et profitez de deux s\u00e9ances pour le d\u00e9couvrir.\" \/>\n<meta name=\"robots\" content=\"index, follow, max-snippet:-1, max-image-preview:large, max-video-preview:-1\" \/>\n<link rel=\"canonical\" href=\"https:\/\/elaimantair.fr\/boutique\/produit\/deux-seances-chamanisme\/\" \/>\n<meta property=\"og:locale\" content=\"fr_FR\" \/>\n<meta property=\"og:type\" content=\"article\" \/>\n<meta property=\"og:title\" content=\"Deux s\u00e9ances de chamanisme - Boutique El&#039;aimant Air\" \/>\n<meta property=\"og:description\" content=\"Le chamanisme est une pratique qui d\u00e9bloquera tous ce dont vous avez besoin. Venez vibrer au son du tambour et profitez de deux s\u00e9ances pour le d\u00e9couvrir.\" \/>\n<meta property=\"og:url\" content=\"https:\/\/elaimantair.fr\/boutique\/produit\/deux-seances-chamanisme\/\" \/>\n<meta property=\"og:site_name\" content=\"Boutique El&#039;aimant Air\" \/>\n<meta property=\"article:publisher\" content=\"https:\/\/www.facebook.com\/louka.dou.5\" \/>\n<meta property=\"article:modified_time\" content=\"2026-01-13T19:29:42+00:00\" \/>\n<meta property=\"og:image\" content=\"https:\/\/elaimantair.fr\/boutique\/wp-content\/uploads\/2024\/06\/produit-chamanisme-2.png\" \/>\n\t<meta property=\"og:image:width\" content=\"1024\" \/>\n\t<meta property=\"og:image:height\" content=\"1024\" \/>\n\t<meta property=\"og:image:type\" content=\"image\/png\" \/>\n<meta name=\"twitter:card\" content=\"summary_large_image\" \/>\n<meta name=\"twitter:site\" content=\"@AimantAir\" \/>\n<meta name=\"twitter:label1\" content=\"Dur\u00e9e de lecture estim\u00e9e\" \/>\n\t<meta name=\"twitter:data1\" content=\"1 minute\" \/>\n<script type=\"application\/ld+json\" class=\"yoast-schema-graph\">{\"@context\":\"https:\\\/\\\/schema.org\",\"@graph\":[{\"@type\":\"WebPage\",\"@id\":\"https:\\\/\\\/elaimantair.fr\\\/boutique\\\/produit\\\/deux-seances-chamanisme\\\/\",\"url\":\"https:\\\/\\\/elaimantair.fr\\\/boutique\\\/produit\\\/deux-seances-chamanisme\\\/\",\"name\":\"Deux s\u00e9ances de chamanisme - Boutique El&#039;aimant Air\",\"isPartOf\":{\"@id\":\"https:\\\/\\\/elaimantair.fr\\\/boutique\\\/#website\"},\"primaryImageOfPage\":{\"@id\":\"https:\\\/\\\/elaimantair.fr\\\/boutique\\\/produit\\\/deux-seances-chamanisme\\\/#primaryimage\"},\"image\":{\"@id\":\"https:\\\/\\\/elaimantair.fr\\\/boutique\\\/produit\\\/deux-seances-chamanisme\\\/#primaryimage\"},\"thumbnailUrl\":\"https:\\\/\\\/elaimantair.fr\\\/boutique\\\/wp-content\\\/uploads\\\/2024\\\/06\\\/produit-chamanisme-2.png\",\"datePublished\":\"2024-06-11T20:42:34+00:00\",\"dateModified\":\"2026-01-13T19:29:42+00:00\",\"description\":\"Le chamanisme est une pratique qui d\u00e9bloquera tous ce dont vous avez besoin. Venez vibrer au son du tambour et profitez de deux s\u00e9ances pour le d\u00e9couvrir.\",\"breadcrumb\":{\"@id\":\"https:\\\/\\\/elaimantair.fr\\\/boutique\\\/produit\\\/deux-seances-chamanisme\\\/#breadcrumb\"},\"inLanguage\":\"fr-FR\",\"potentialAction\":[{\"@type\":\"ReadAction\",\"target\":[\"https:\\\/\\\/elaimantair.fr\\\/boutique\\\/produit\\\/deux-seances-chamanisme\\\/\"]}]},{\"@type\":\"ImageObject\",\"inLanguage\":\"fr-FR\",\"@id\":\"https:\\\/\\\/elaimantair.fr\\\/boutique\\\/produit\\\/deux-seances-chamanisme\\\/#primaryimage\",\"url\":\"https:\\\/\\\/elaimantair.fr\\\/boutique\\\/wp-content\\\/uploads\\\/2024\\\/06\\\/produit-chamanisme-2.png\",\"contentUrl\":\"https:\\\/\\\/elaimantair.fr\\\/boutique\\\/wp-content\\\/uploads\\\/2024\\\/06\\\/produit-chamanisme-2.png\",\"width\":1024,\"height\":1024},{\"@type\":\"BreadcrumbList\",\"@id\":\"https:\\\/\\\/elaimantair.fr\\\/boutique\\\/produit\\\/deux-seances-chamanisme\\\/#breadcrumb\",\"itemListElement\":[{\"@type\":\"ListItem\",\"position\":1,\"name\":\"Accueil boutique\",\"item\":\"https:\\\/\\\/elaimantair.fr\\\/boutique\\\/\"},{\"@type\":\"ListItem\",\"position\":2,\"name\":\"Accueil boutique\",\"item\":\"https:\\\/\\\/elaimantair.fr\\\/boutique\\\/\"},{\"@type\":\"ListItem\",\"position\":3,\"name\":\"Deux s\u00e9ances de chamanisme\"}]},{\"@type\":\"WebSite\",\"@id\":\"https:\\\/\\\/elaimantair.fr\\\/boutique\\\/#website\",\"url\":\"https:\\\/\\\/elaimantair.fr\\\/boutique\\\/\",\"name\":\"Boutique El'aimant Air\",\"description\":\"Sublimer votre lumi\u00e8re\",\"publisher\":{\"@id\":\"https:\\\/\\\/elaimantair.fr\\\/boutique\\\/#organization\"},\"potentialAction\":[{\"@type\":\"SearchAction\",\"target\":{\"@type\":\"EntryPoint\",\"urlTemplate\":\"https:\\\/\\\/elaimantair.fr\\\/boutique\\\/?s={search_term_string}\"},\"query-input\":{\"@type\":\"PropertyValueSpecification\",\"valueRequired\":true,\"valueName\":\"search_term_string\"}}],\"inLanguage\":\"fr-FR\"},{\"@type\":\"Organization\",\"@id\":\"https:\\\/\\\/elaimantair.fr\\\/boutique\\\/#organization\",\"name\":\"El'aimant Air\",\"url\":\"https:\\\/\\\/elaimantair.fr\\\/boutique\\\/\",\"logo\":{\"@type\":\"ImageObject\",\"inLanguage\":\"fr-FR\",\"@id\":\"https:\\\/\\\/elaimantair.fr\\\/boutique\\\/#\\\/schema\\\/logo\\\/image\\\/\",\"url\":\"https:\\\/\\\/elaimantair.fr\\\/boutique\\\/wp-content\\\/uploads\\\/2022\\\/04\\\/elaimantairLogo-512.jpg\",\"contentUrl\":\"https:\\\/\\\/elaimantair.fr\\\/boutique\\\/wp-content\\\/uploads\\\/2022\\\/04\\\/elaimantairLogo-512.jpg\",\"width\":512,\"height\":512,\"caption\":\"El'aimant Air\"},\"image\":{\"@id\":\"https:\\\/\\\/elaimantair.fr\\\/boutique\\\/#\\\/schema\\\/logo\\\/image\\\/\"},\"sameAs\":[\"https:\\\/\\\/www.facebook.com\\\/louka.dou.5\",\"https:\\\/\\\/x.com\\\/AimantAir\",\"https:\\\/\\\/www.instagram.com\\\/elaimantair\",\"https:\\\/\\\/www.pinterest.com\\\/Elaimantair\\\/\"]}]}<\/script>\n<!-- \/ Yoast SEO plugin. -->","yoast_head_json":{"title":"Deux s\u00e9ances de chamanisme - Boutique El&#039;aimant Air","description":"Le chamanisme est une pratique qui d\u00e9bloquera tous ce dont vous avez besoin. Venez vibrer au son du tambour et profitez de deux s\u00e9ances pour le d\u00e9couvrir.","robots":{"index":"index","follow":"follow","max-snippet":"max-snippet:-1","max-image-preview":"max-image-preview:large","max-video-preview":"max-video-preview:-1"},"canonical":"https:\/\/elaimantair.fr\/boutique\/produit\/deux-seances-chamanisme\/","og_locale":"fr_FR","og_type":"article","og_title":"Deux s\u00e9ances de chamanisme - Boutique El&#039;aimant Air","og_description":"Le chamanisme est une pratique qui d\u00e9bloquera tous ce dont vous avez besoin. Venez vibrer au son du tambour et profitez de deux s\u00e9ances pour le d\u00e9couvrir.","og_url":"https:\/\/elaimantair.fr\/boutique\/produit\/deux-seances-chamanisme\/","og_site_name":"Boutique El&#039;aimant Air","article_publisher":"https:\/\/www.facebook.com\/louka.dou.5","article_modified_time":"2026-01-13T19:29:42+00:00","og_image":[{"width":1024,"height":1024,"url":"https:\/\/elaimantair.fr\/boutique\/wp-content\/uploads\/2024\/06\/produit-chamanisme-2.png","type":"image\/png"}],"twitter_card":"summary_large_image","twitter_site":"@AimantAir","twitter_misc":{"Dur\u00e9e de lecture estim\u00e9e":"1 minute"},"schema":{"@context":"https:\/\/schema.org","@graph":[{"@type":"WebPage","@id":"https:\/\/elaimantair.fr\/boutique\/produit\/deux-seances-chamanisme\/","url":"https:\/\/elaimantair.fr\/boutique\/produit\/deux-seances-chamanisme\/","name":"Deux s\u00e9ances de chamanisme - Boutique El&#039;aimant Air","isPartOf":{"@id":"https:\/\/elaimantair.fr\/boutique\/#website"},"primaryImageOfPage":{"@id":"https:\/\/elaimantair.fr\/boutique\/produit\/deux-seances-chamanisme\/#primaryimage"},"image":{"@id":"https:\/\/elaimantair.fr\/boutique\/produit\/deux-seances-chamanisme\/#primaryimage"},"thumbnailUrl":"https:\/\/elaimantair.fr\/boutique\/wp-content\/uploads\/2024\/06\/produit-chamanisme-2.png","datePublished":"2024-06-11T20:42:34+00:00","dateModified":"2026-01-13T19:29:42+00:00","description":"Le chamanisme est une pratique qui d\u00e9bloquera tous ce dont vous avez besoin. Venez vibrer au son du tambour et profitez de deux s\u00e9ances pour le d\u00e9couvrir.","breadcrumb":{"@id":"https:\/\/elaimantair.fr\/boutique\/produit\/deux-seances-chamanisme\/#breadcrumb"},"inLanguage":"fr-FR","potentialAction":[{"@type":"ReadAction","target":["https:\/\/elaimantair.fr\/boutique\/produit\/deux-seances-chamanisme\/"]}]},{"@type":"ImageObject","inLanguage":"fr-FR","@id":"https:\/\/elaimantair.fr\/boutique\/produit\/deux-seances-chamanisme\/#primaryimage","url":"https:\/\/elaimantair.fr\/boutique\/wp-content\/uploads\/2024\/06\/produit-chamanisme-2.png","contentUrl":"https:\/\/elaimantair.fr\/boutique\/wp-content\/uploads\/2024\/06\/produit-chamanisme-2.png","width":1024,"height":1024},{"@type":"BreadcrumbList","@id":"https:\/\/elaimantair.fr\/boutique\/produit\/deux-seances-chamanisme\/#breadcrumb","itemListElement":[{"@type":"ListItem","position":1,"name":"Accueil boutique","item":"https:\/\/elaimantair.fr\/boutique\/"},{"@type":"ListItem","position":2,"name":"Accueil boutique","item":"https:\/\/elaimantair.fr\/boutique\/"},{"@type":"ListItem","position":3,"name":"Deux s\u00e9ances de chamanisme"}]},{"@type":"WebSite","@id":"https:\/\/elaimantair.fr\/boutique\/#website","url":"https:\/\/elaimantair.fr\/boutique\/","name":"Boutique El'aimant Air","description":"Sublimer votre lumi\u00e8re","publisher":{"@id":"https:\/\/elaimantair.fr\/boutique\/#organization"},"potentialAction":[{"@type":"SearchAction","target":{"@type":"EntryPoint","urlTemplate":"https:\/\/elaimantair.fr\/boutique\/?s={search_term_string}"},"query-input":{"@type":"PropertyValueSpecification","valueRequired":true,"valueName":"search_term_string"}}],"inLanguage":"fr-FR"},{"@type":"Organization","@id":"https:\/\/elaimantair.fr\/boutique\/#organization","name":"El'aimant Air","url":"https:\/\/elaimantair.fr\/boutique\/","logo":{"@type":"ImageObject","inLanguage":"fr-FR","@id":"https:\/\/elaimantair.fr\/boutique\/#\/schema\/logo\/image\/","url":"https:\/\/elaimantair.fr\/boutique\/wp-content\/uploads\/2022\/04\/elaimantairLogo-512.jpg","contentUrl":"https:\/\/elaimantair.fr\/boutique\/wp-content\/uploads\/2022\/04\/elaimantairLogo-512.jpg","width":512,"height":512,"caption":"El'aimant Air"},"image":{"@id":"https:\/\/elaimantair.fr\/boutique\/#\/schema\/logo\/image\/"},"sameAs":["https:\/\/www.facebook.com\/louka.dou.5","https:\/\/x.com\/AimantAir","https:\/\/www.instagram.com\/elaimantair","https:\/\/www.pinterest.com\/Elaimantair\/"]}]}},"jetpack_sharing_enabled":true,"_links":{"self":[{"href":"https:\/\/elaimantair.fr\/boutique\/wp-json\/wp\/v2\/product\/1595","targetHints":{"allow":["GET"]}}],"collection":[{"href":"https:\/\/elaimantair.fr\/boutique\/wp-json\/wp\/v2\/product"}],"about":[{"href":"https:\/\/elaimantair.fr\/boutique\/wp-json\/wp\/v2\/types\/product"}],"replies":[{"embeddable":true,"href":"https:\/\/elaimantair.fr\/boutique\/wp-json\/wp\/v2\/comments?post=1595"}],"wp:featuredmedia":[{"embeddable":true,"href":"https:\/\/elaimantair.fr\/boutique\/wp-json\/wp\/v2\/media\/1717"}],"wp:attachment":[{"href":"https:\/\/elaimantair.fr\/boutique\/wp-json\/wp\/v2\/media?parent=1595"}],"wp:term":[{"taxonomy":"product_brand","embeddable":true,"href":"https:\/\/elaimantair.fr\/boutique\/wp-json\/wp\/v2\/product_brand?post=1595"},{"taxonomy":"product_cat","embeddable":true,"href":"https:\/\/elaimantair.fr\/boutique\/wp-json\/wp\/v2\/product_cat?post=1595"},{"taxonomy":"product_tag","embeddable":true,"href":"https:\/\/elaimantair.fr\/boutique\/wp-json\/wp\/v2\/product_tag?post=1595"}],"curies":[{"name":"wp","href":"https:\/\/api.w.org\/{rel}","templated":true}]}}