{"id":1498,"date":"2024-02-07T04:04:13","date_gmt":"2024-02-07T03:04:13","guid":{"rendered":"https:\/\/elaimantair.fr\/boutique\/?post_type=product&#038;p=1498"},"modified":"2024-04-30T17:28:12","modified_gmt":"2024-04-30T15:28:12","slug":"amicroche-scorpion","status":"publish","type":"product","link":"https:\/\/elaimantair.fr\/boutique\/produit\/amicroche-scorpion\/","title":{"rendered":"Amicroche Scorpion"},"content":{"rendered":"<p>Perles en bois de h\u00eatre avec signe astrologique scorpion<\/p>\n<p>Pierres naturelles 8mm en Am\u00e9thyste<\/p>\n<p>Les porte-cl\u00e9fs et les bijoux de sac sont bien plus que de simples accessoires pratiques ou d\u00e9coratifs. Ils ajoutent une touche de personnalit\u00e9 et de style \u00e0 nos objets du quotidien, tout en offrant une fonctionnalit\u00e9 suppl\u00e9mentaire.<\/p>\n<p>Voici un aper\u00e7u de ces accessoires :<\/p>\n<p>Les porte-cl\u00e9fs sont des accessoires pratiques con\u00e7us pour s\u00e9curiser et organiser nos cl\u00e9s.<\/p>\n<p>Les bijoux de sac sont des ornements qui ajoutent une touche d&rsquo;\u00e9l\u00e9gance et de style \u00e0 nos sacs. Ils mettent en valeur le sac auquel ils sont attach\u00e9s. En plus de leur aspect d\u00e9coratif, ces bijoux de sac servent de porte-bonheur ou de talisman, apportant ainsi une dimension symbolique \u00e0 leur utilisation.<\/p>\n<p>Ils offrent une opportunit\u00e9 de personnalisation et d&rsquo;expression de soi. Ils permettent de mettre en avant notre individualit\u00e9 et notre cr\u00e9ativit\u00e9.<\/p>\n<p>Ce sont \u00e9galement des cadeaux populaires, souvent offerts en tant que souvenirs ou t\u00e9moignages d&rsquo;affection. Leur polyvalence et leur vari\u00e9t\u00e9 en font des pr\u00e9sents appr\u00e9ci\u00e9s pour toutes les occasions, qu&rsquo;il s&rsquo;agisse d&rsquo;un anniversaire, d&rsquo;une f\u00eate ou simplement d&rsquo;une marque de gratitude.<\/p>\n<p>En somme, les porte-cl\u00e9s et les bijoux de sac sont des accessoires polyvalents qui ajoutent une touche de style, de personnalit\u00e9 et de fonctionnalit\u00e9 \u00e0 notre quotidien. Qu&rsquo;ils soient choisis pour leur utilit\u00e9 ou leur esth\u00e9tique d\u00e9corative, ces petits d\u00e9tails peuvent faire toute la diff\u00e9rence dans notre fa\u00e7on de nous exprimer et de nous connecter aux autres.<\/p>\n<p>Pour orner votre sac ou porter vos clefs<\/p>\n","protected":false},"excerpt":{"rendered":"<p>Perles en bois de h\u00eatre avec signe astrologique scorpion<\/p>\n<p>Pierres naturelles 8mm en Am\u00e9thyste<\/p>\n<p>Pour orner votre sac ou porter vos clefs<\/p>\n","protected":false},"featured_media":1499,"comment_status":"open","ping_status":"closed","template":"","meta":[],"product_brand":[],"product_cat":[60,80],"product_tag":[],"class_list":{"0":"post-1498","1":"product","2":"type-product","3":"status-publish","4":"has-post-thumbnail","6":"product_cat-porte-clef","7":"product_cat-porteclef","9":"first","10":"instock","11":"sale","12":"shipping-taxable","13":"purchasable","14":"product-type-simple"},"yoast_head":"<!-- This site is optimized with the Yoast SEO plugin v27.3 - https:\/\/yoast.com\/product\/yoast-seo-wordpress\/ -->\n<title>Amicroche Scorpion - Boutique El&#039;aimant Air<\/title>\n<meta name=\"description\" content=\"Amicroche Perles en bois de h\u00eatre avec signe astrologique scorpion Pierres naturelles 8mm en Am\u00e9thyste Pour orner votre sac ou porter vos clefs\" \/>\n<meta name=\"robots\" content=\"index, follow, max-snippet:-1, max-image-preview:large, max-video-preview:-1\" \/>\n<link rel=\"canonical\" href=\"https:\/\/elaimantair.fr\/boutique\/produit\/amicroche-scorpion\/\" \/>\n<meta property=\"og:locale\" content=\"fr_FR\" \/>\n<meta property=\"og:type\" content=\"article\" \/>\n<meta property=\"og:title\" content=\"Amicroche Scorpion - Boutique El&#039;aimant Air\" \/>\n<meta property=\"og:description\" content=\"Amicroche Perles en bois de h\u00eatre avec signe astrologique scorpion Pierres naturelles 8mm en Am\u00e9thyste Pour orner votre sac ou porter vos clefs\" \/>\n<meta property=\"og:url\" content=\"https:\/\/elaimantair.fr\/boutique\/produit\/amicroche-scorpion\/\" \/>\n<meta property=\"og:site_name\" content=\"Boutique El&#039;aimant Air\" \/>\n<meta property=\"article:publisher\" content=\"https:\/\/www.facebook.com\/louka.dou.5\" \/>\n<meta property=\"article:modified_time\" content=\"2024-04-30T15:28:12+00:00\" \/>\n<meta property=\"og:image\" content=\"https:\/\/elaimantair.fr\/boutique\/wp-content\/uploads\/2024\/02\/1000031969-scaled.jpg\" \/>\n\t<meta property=\"og:image:width\" content=\"1920\" \/>\n\t<meta property=\"og:image:height\" content=\"2560\" \/>\n\t<meta property=\"og:image:type\" content=\"image\/jpeg\" \/>\n<meta name=\"twitter:card\" content=\"summary_large_image\" \/>\n<meta name=\"twitter:site\" content=\"@AimantAir\" \/>\n<meta name=\"twitter:label1\" content=\"Dur\u00e9e de lecture estim\u00e9e\" \/>\n\t<meta name=\"twitter:data1\" content=\"1 minute\" \/>\n<script type=\"application\/ld+json\" class=\"yoast-schema-graph\">{\"@context\":\"https:\\\/\\\/schema.org\",\"@graph\":[{\"@type\":\"WebPage\",\"@id\":\"https:\\\/\\\/elaimantair.fr\\\/boutique\\\/produit\\\/amicroche-scorpion\\\/\",\"url\":\"https:\\\/\\\/elaimantair.fr\\\/boutique\\\/produit\\\/amicroche-scorpion\\\/\",\"name\":\"Amicroche Scorpion - Boutique El&#039;aimant Air\",\"isPartOf\":{\"@id\":\"https:\\\/\\\/elaimantair.fr\\\/boutique\\\/#website\"},\"primaryImageOfPage\":{\"@id\":\"https:\\\/\\\/elaimantair.fr\\\/boutique\\\/produit\\\/amicroche-scorpion\\\/#primaryimage\"},\"image\":{\"@id\":\"https:\\\/\\\/elaimantair.fr\\\/boutique\\\/produit\\\/amicroche-scorpion\\\/#primaryimage\"},\"thumbnailUrl\":\"https:\\\/\\\/elaimantair.fr\\\/boutique\\\/wp-content\\\/uploads\\\/2024\\\/02\\\/1000031969-scaled.jpg\",\"datePublished\":\"2024-02-07T03:04:13+00:00\",\"dateModified\":\"2024-04-30T15:28:12+00:00\",\"description\":\"Amicroche Perles en bois de h\u00eatre avec signe astrologique scorpion Pierres naturelles 8mm en Am\u00e9thyste Pour orner votre sac ou porter vos clefs\",\"breadcrumb\":{\"@id\":\"https:\\\/\\\/elaimantair.fr\\\/boutique\\\/produit\\\/amicroche-scorpion\\\/#breadcrumb\"},\"inLanguage\":\"fr-FR\",\"potentialAction\":[{\"@type\":\"ReadAction\",\"target\":[\"https:\\\/\\\/elaimantair.fr\\\/boutique\\\/produit\\\/amicroche-scorpion\\\/\"]}]},{\"@type\":\"ImageObject\",\"inLanguage\":\"fr-FR\",\"@id\":\"https:\\\/\\\/elaimantair.fr\\\/boutique\\\/produit\\\/amicroche-scorpion\\\/#primaryimage\",\"url\":\"https:\\\/\\\/elaimantair.fr\\\/boutique\\\/wp-content\\\/uploads\\\/2024\\\/02\\\/1000031969-scaled.jpg\",\"contentUrl\":\"https:\\\/\\\/elaimantair.fr\\\/boutique\\\/wp-content\\\/uploads\\\/2024\\\/02\\\/1000031969-scaled.jpg\",\"width\":1920,\"height\":2560,\"caption\":\"Perles en bois de h\u00eatre avec signe astrologique scorpion Pierres naturelles 8mm en Am\u00e9thyste Pour orner votre sac ou porter vos clefs\"},{\"@type\":\"BreadcrumbList\",\"@id\":\"https:\\\/\\\/elaimantair.fr\\\/boutique\\\/produit\\\/amicroche-scorpion\\\/#breadcrumb\",\"itemListElement\":[{\"@type\":\"ListItem\",\"position\":1,\"name\":\"Accueil boutique\",\"item\":\"https:\\\/\\\/elaimantair.fr\\\/boutique\\\/\"},{\"@type\":\"ListItem\",\"position\":2,\"name\":\"Accueil boutique\",\"item\":\"https:\\\/\\\/elaimantair.fr\\\/boutique\\\/\"},{\"@type\":\"ListItem\",\"position\":3,\"name\":\"Amicroche Scorpion\"}]},{\"@type\":\"WebSite\",\"@id\":\"https:\\\/\\\/elaimantair.fr\\\/boutique\\\/#website\",\"url\":\"https:\\\/\\\/elaimantair.fr\\\/boutique\\\/\",\"name\":\"Boutique El'aimant Air\",\"description\":\"Sublimer votre lumi\u00e8re\",\"publisher\":{\"@id\":\"https:\\\/\\\/elaimantair.fr\\\/boutique\\\/#organization\"},\"potentialAction\":[{\"@type\":\"SearchAction\",\"target\":{\"@type\":\"EntryPoint\",\"urlTemplate\":\"https:\\\/\\\/elaimantair.fr\\\/boutique\\\/?s={search_term_string}\"},\"query-input\":{\"@type\":\"PropertyValueSpecification\",\"valueRequired\":true,\"valueName\":\"search_term_string\"}}],\"inLanguage\":\"fr-FR\"},{\"@type\":\"Organization\",\"@id\":\"https:\\\/\\\/elaimantair.fr\\\/boutique\\\/#organization\",\"name\":\"El'aimant Air\",\"url\":\"https:\\\/\\\/elaimantair.fr\\\/boutique\\\/\",\"logo\":{\"@type\":\"ImageObject\",\"inLanguage\":\"fr-FR\",\"@id\":\"https:\\\/\\\/elaimantair.fr\\\/boutique\\\/#\\\/schema\\\/logo\\\/image\\\/\",\"url\":\"https:\\\/\\\/elaimantair.fr\\\/boutique\\\/wp-content\\\/uploads\\\/2022\\\/04\\\/elaimantairLogo-512.jpg\",\"contentUrl\":\"https:\\\/\\\/elaimantair.fr\\\/boutique\\\/wp-content\\\/uploads\\\/2022\\\/04\\\/elaimantairLogo-512.jpg\",\"width\":512,\"height\":512,\"caption\":\"El'aimant Air\"},\"image\":{\"@id\":\"https:\\\/\\\/elaimantair.fr\\\/boutique\\\/#\\\/schema\\\/logo\\\/image\\\/\"},\"sameAs\":[\"https:\\\/\\\/www.facebook.com\\\/louka.dou.5\",\"https:\\\/\\\/x.com\\\/AimantAir\",\"https:\\\/\\\/www.instagram.com\\\/elaimantair\",\"https:\\\/\\\/www.pinterest.com\\\/Elaimantair\\\/\"]}]}<\/script>\n<!-- \/ Yoast SEO plugin. -->","yoast_head_json":{"title":"Amicroche Scorpion - Boutique El&#039;aimant Air","description":"Amicroche Perles en bois de h\u00eatre avec signe astrologique scorpion Pierres naturelles 8mm en Am\u00e9thyste Pour orner votre sac ou porter vos clefs","robots":{"index":"index","follow":"follow","max-snippet":"max-snippet:-1","max-image-preview":"max-image-preview:large","max-video-preview":"max-video-preview:-1"},"canonical":"https:\/\/elaimantair.fr\/boutique\/produit\/amicroche-scorpion\/","og_locale":"fr_FR","og_type":"article","og_title":"Amicroche Scorpion - Boutique El&#039;aimant Air","og_description":"Amicroche Perles en bois de h\u00eatre avec signe astrologique scorpion Pierres naturelles 8mm en Am\u00e9thyste Pour orner votre sac ou porter vos clefs","og_url":"https:\/\/elaimantair.fr\/boutique\/produit\/amicroche-scorpion\/","og_site_name":"Boutique El&#039;aimant Air","article_publisher":"https:\/\/www.facebook.com\/louka.dou.5","article_modified_time":"2024-04-30T15:28:12+00:00","og_image":[{"width":1920,"height":2560,"url":"https:\/\/elaimantair.fr\/boutique\/wp-content\/uploads\/2024\/02\/1000031969-scaled.jpg","type":"image\/jpeg"}],"twitter_card":"summary_large_image","twitter_site":"@AimantAir","twitter_misc":{"Dur\u00e9e de lecture estim\u00e9e":"1 minute"},"schema":{"@context":"https:\/\/schema.org","@graph":[{"@type":"WebPage","@id":"https:\/\/elaimantair.fr\/boutique\/produit\/amicroche-scorpion\/","url":"https:\/\/elaimantair.fr\/boutique\/produit\/amicroche-scorpion\/","name":"Amicroche Scorpion - Boutique El&#039;aimant Air","isPartOf":{"@id":"https:\/\/elaimantair.fr\/boutique\/#website"},"primaryImageOfPage":{"@id":"https:\/\/elaimantair.fr\/boutique\/produit\/amicroche-scorpion\/#primaryimage"},"image":{"@id":"https:\/\/elaimantair.fr\/boutique\/produit\/amicroche-scorpion\/#primaryimage"},"thumbnailUrl":"https:\/\/elaimantair.fr\/boutique\/wp-content\/uploads\/2024\/02\/1000031969-scaled.jpg","datePublished":"2024-02-07T03:04:13+00:00","dateModified":"2024-04-30T15:28:12+00:00","description":"Amicroche Perles en bois de h\u00eatre avec signe astrologique scorpion Pierres naturelles 8mm en Am\u00e9thyste Pour orner votre sac ou porter vos clefs","breadcrumb":{"@id":"https:\/\/elaimantair.fr\/boutique\/produit\/amicroche-scorpion\/#breadcrumb"},"inLanguage":"fr-FR","potentialAction":[{"@type":"ReadAction","target":["https:\/\/elaimantair.fr\/boutique\/produit\/amicroche-scorpion\/"]}]},{"@type":"ImageObject","inLanguage":"fr-FR","@id":"https:\/\/elaimantair.fr\/boutique\/produit\/amicroche-scorpion\/#primaryimage","url":"https:\/\/elaimantair.fr\/boutique\/wp-content\/uploads\/2024\/02\/1000031969-scaled.jpg","contentUrl":"https:\/\/elaimantair.fr\/boutique\/wp-content\/uploads\/2024\/02\/1000031969-scaled.jpg","width":1920,"height":2560,"caption":"Perles en bois de h\u00eatre avec signe astrologique scorpion Pierres naturelles 8mm en Am\u00e9thyste Pour orner votre sac ou porter vos clefs"},{"@type":"BreadcrumbList","@id":"https:\/\/elaimantair.fr\/boutique\/produit\/amicroche-scorpion\/#breadcrumb","itemListElement":[{"@type":"ListItem","position":1,"name":"Accueil boutique","item":"https:\/\/elaimantair.fr\/boutique\/"},{"@type":"ListItem","position":2,"name":"Accueil boutique","item":"https:\/\/elaimantair.fr\/boutique\/"},{"@type":"ListItem","position":3,"name":"Amicroche Scorpion"}]},{"@type":"WebSite","@id":"https:\/\/elaimantair.fr\/boutique\/#website","url":"https:\/\/elaimantair.fr\/boutique\/","name":"Boutique El'aimant Air","description":"Sublimer votre lumi\u00e8re","publisher":{"@id":"https:\/\/elaimantair.fr\/boutique\/#organization"},"potentialAction":[{"@type":"SearchAction","target":{"@type":"EntryPoint","urlTemplate":"https:\/\/elaimantair.fr\/boutique\/?s={search_term_string}"},"query-input":{"@type":"PropertyValueSpecification","valueRequired":true,"valueName":"search_term_string"}}],"inLanguage":"fr-FR"},{"@type":"Organization","@id":"https:\/\/elaimantair.fr\/boutique\/#organization","name":"El'aimant Air","url":"https:\/\/elaimantair.fr\/boutique\/","logo":{"@type":"ImageObject","inLanguage":"fr-FR","@id":"https:\/\/elaimantair.fr\/boutique\/#\/schema\/logo\/image\/","url":"https:\/\/elaimantair.fr\/boutique\/wp-content\/uploads\/2022\/04\/elaimantairLogo-512.jpg","contentUrl":"https:\/\/elaimantair.fr\/boutique\/wp-content\/uploads\/2022\/04\/elaimantairLogo-512.jpg","width":512,"height":512,"caption":"El'aimant Air"},"image":{"@id":"https:\/\/elaimantair.fr\/boutique\/#\/schema\/logo\/image\/"},"sameAs":["https:\/\/www.facebook.com\/louka.dou.5","https:\/\/x.com\/AimantAir","https:\/\/www.instagram.com\/elaimantair","https:\/\/www.pinterest.com\/Elaimantair\/"]}]}},"jetpack_sharing_enabled":true,"_links":{"self":[{"href":"https:\/\/elaimantair.fr\/boutique\/wp-json\/wp\/v2\/product\/1498","targetHints":{"allow":["GET"]}}],"collection":[{"href":"https:\/\/elaimantair.fr\/boutique\/wp-json\/wp\/v2\/product"}],"about":[{"href":"https:\/\/elaimantair.fr\/boutique\/wp-json\/wp\/v2\/types\/product"}],"replies":[{"embeddable":true,"href":"https:\/\/elaimantair.fr\/boutique\/wp-json\/wp\/v2\/comments?post=1498"}],"wp:featuredmedia":[{"embeddable":true,"href":"https:\/\/elaimantair.fr\/boutique\/wp-json\/wp\/v2\/media\/1499"}],"wp:attachment":[{"href":"https:\/\/elaimantair.fr\/boutique\/wp-json\/wp\/v2\/media?parent=1498"}],"wp:term":[{"taxonomy":"product_brand","embeddable":true,"href":"https:\/\/elaimantair.fr\/boutique\/wp-json\/wp\/v2\/product_brand?post=1498"},{"taxonomy":"product_cat","embeddable":true,"href":"https:\/\/elaimantair.fr\/boutique\/wp-json\/wp\/v2\/product_cat?post=1498"},{"taxonomy":"product_tag","embeddable":true,"href":"https:\/\/elaimantair.fr\/boutique\/wp-json\/wp\/v2\/product_tag?post=1498"}],"curies":[{"name":"wp","href":"https:\/\/api.w.org\/{rel}","templated":true}]}}