{"id":1324,"date":"2023-07-17T00:41:34","date_gmt":"2023-07-16T22:41:34","guid":{"rendered":"https:\/\/elaimantair.fr\/boutique\/?post_type=product&#038;p=1324"},"modified":"2026-01-13T21:04:54","modified_gmt":"2026-01-13T20:04:54","slug":"formation-reiki","status":"publish","type":"product","link":"https:\/\/elaimantair.fr\/boutique\/produit\/formation-reiki\/","title":{"rendered":"Formation Reiki"},"content":{"rendered":"<p>Le Reiki est une th\u00e9rapie \u00e9nerg\u00e9tique japonaise qui utilise l&rsquo;\u00e9nergie pour gu\u00e9rir le corps, l&rsquo;esprit et l&rsquo;\u00e2me. Il n&rsquo;est pas une technique, une m\u00e9thode ou un processus. C&rsquo;est plut\u00f4t une force de vie universelle qui est pr\u00e9sente en chacun de nous.<\/p>\n<p>Le Reiki ne peut pas \u00eatre enseign\u00e9 dans un sens intellectuel. Le r\u00f4le du ma\u00eetre est de transmettre le pouvoir au praticien par l&rsquo;\u00e9nergie transf\u00e9r\u00e9e lors des quatre br\u00e8ves c\u00e9r\u00e9monies appel\u00e9es \u00ab initiations \u00bb. Une fois le contact fait et l&rsquo;\u00e9nergie transf\u00e9r\u00e9e, le flux est ressenti dans les mains, g\u00e9n\u00e9ralement comme de la chaleur, des vibrations ou des picotements, occasionnellement sous une autre forme. Chaque personne est unique et il y a une infinit\u00e9 d&rsquo;expressions de cette Force Universelle de Vie.<\/p>\n<p>Le Reiki peut \u00eatre utilis\u00e9 pour traiter une vari\u00e9t\u00e9 de probl\u00e8mes de sant\u00e9, physiques et \u00e9motionnels. Il peut \u00e9galement \u00eatre utilis\u00e9 pour favoriser le bien-\u00eatre g\u00e9n\u00e9ral et l&rsquo;harmonie.<\/p>\n","protected":false},"excerpt":{"rendered":"<p>Le Reiki est une th\u00e9rapie \u00e9nerg\u00e9tique japonaise qui utilise l&rsquo;\u00e9nergie pour gu\u00e9rir le corps, l&rsquo;esprit et l&rsquo;\u00e2me. Il n&rsquo;est pas une technique, une m\u00e9thode ou un processus. C&rsquo;est plut\u00f4t une force de vie universelle qui est pr\u00e9sente en chacun de nous.<\/p>\n","protected":false},"featured_media":1718,"comment_status":"open","ping_status":"closed","template":"","meta":[],"product_brand":[],"product_cat":[77],"product_tag":[],"class_list":{"0":"post-1324","1":"product","2":"type-product","3":"status-publish","4":"has-post-thumbnail","6":"product_cat-soins-energetiques","8":"first","9":"instock","10":"shipping-taxable","11":"purchasable","12":"product-type-variable"},"yoast_head":"<!-- This site is optimized with the Yoast SEO plugin v27.3 - https:\/\/yoast.com\/product\/yoast-seo-wordpress\/ -->\n<title>Formation Reiki - Boutique El&#039;aimant Air<\/title>\n<meta name=\"description\" content=\"Le Reiki est une th\u00e9rapie \u00e9nerg\u00e9tique japonaise qui utilise l&#039;\u00e9nergie pour gu\u00e9rir le corps, l&#039;esprit et l&#039;\u00e2me.\" \/>\n<meta name=\"robots\" content=\"index, follow, max-snippet:-1, max-image-preview:large, max-video-preview:-1\" \/>\n<link rel=\"canonical\" href=\"https:\/\/elaimantair.fr\/boutique\/produit\/formation-reiki\/\" \/>\n<meta property=\"og:locale\" content=\"fr_FR\" \/>\n<meta property=\"og:type\" content=\"article\" \/>\n<meta property=\"og:title\" content=\"Formation Reiki - Boutique El&#039;aimant Air\" \/>\n<meta property=\"og:description\" content=\"Le Reiki est une th\u00e9rapie \u00e9nerg\u00e9tique japonaise qui utilise l&#039;\u00e9nergie pour gu\u00e9rir le corps, l&#039;esprit et l&#039;\u00e2me.\" \/>\n<meta property=\"og:url\" content=\"https:\/\/elaimantair.fr\/boutique\/produit\/formation-reiki\/\" \/>\n<meta property=\"og:site_name\" content=\"Boutique El&#039;aimant Air\" \/>\n<meta property=\"article:publisher\" content=\"https:\/\/www.facebook.com\/louka.dou.5\" \/>\n<meta property=\"article:modified_time\" content=\"2026-01-13T20:04:54+00:00\" \/>\n<meta property=\"og:image\" content=\"https:\/\/elaimantair.fr\/boutique\/wp-content\/uploads\/2023\/07\/produit-reiki.png\" \/>\n\t<meta property=\"og:image:width\" content=\"1024\" \/>\n\t<meta property=\"og:image:height\" content=\"1024\" \/>\n\t<meta property=\"og:image:type\" content=\"image\/png\" \/>\n<meta name=\"twitter:card\" content=\"summary_large_image\" \/>\n<meta name=\"twitter:site\" content=\"@AimantAir\" \/>\n<meta name=\"twitter:label1\" content=\"Dur\u00e9e de lecture estim\u00e9e\" \/>\n\t<meta name=\"twitter:data1\" content=\"1 minute\" \/>\n<script type=\"application\/ld+json\" class=\"yoast-schema-graph\">{\"@context\":\"https:\\\/\\\/schema.org\",\"@graph\":[{\"@type\":\"WebPage\",\"@id\":\"https:\\\/\\\/elaimantair.fr\\\/boutique\\\/produit\\\/formation-reiki\\\/\",\"url\":\"https:\\\/\\\/elaimantair.fr\\\/boutique\\\/produit\\\/formation-reiki\\\/\",\"name\":\"Formation Reiki - Boutique El&#039;aimant Air\",\"isPartOf\":{\"@id\":\"https:\\\/\\\/elaimantair.fr\\\/boutique\\\/#website\"},\"primaryImageOfPage\":{\"@id\":\"https:\\\/\\\/elaimantair.fr\\\/boutique\\\/produit\\\/formation-reiki\\\/#primaryimage\"},\"image\":{\"@id\":\"https:\\\/\\\/elaimantair.fr\\\/boutique\\\/produit\\\/formation-reiki\\\/#primaryimage\"},\"thumbnailUrl\":\"https:\\\/\\\/elaimantair.fr\\\/boutique\\\/wp-content\\\/uploads\\\/2023\\\/07\\\/produit-reiki.png\",\"datePublished\":\"2023-07-16T22:41:34+00:00\",\"dateModified\":\"2026-01-13T20:04:54+00:00\",\"description\":\"Le Reiki est une th\u00e9rapie \u00e9nerg\u00e9tique japonaise qui utilise l'\u00e9nergie pour gu\u00e9rir le corps, l'esprit et l'\u00e2me.\",\"breadcrumb\":{\"@id\":\"https:\\\/\\\/elaimantair.fr\\\/boutique\\\/produit\\\/formation-reiki\\\/#breadcrumb\"},\"inLanguage\":\"fr-FR\",\"potentialAction\":[{\"@type\":\"ReadAction\",\"target\":[\"https:\\\/\\\/elaimantair.fr\\\/boutique\\\/produit\\\/formation-reiki\\\/\"]}]},{\"@type\":\"ImageObject\",\"inLanguage\":\"fr-FR\",\"@id\":\"https:\\\/\\\/elaimantair.fr\\\/boutique\\\/produit\\\/formation-reiki\\\/#primaryimage\",\"url\":\"https:\\\/\\\/elaimantair.fr\\\/boutique\\\/wp-content\\\/uploads\\\/2023\\\/07\\\/produit-reiki.png\",\"contentUrl\":\"https:\\\/\\\/elaimantair.fr\\\/boutique\\\/wp-content\\\/uploads\\\/2023\\\/07\\\/produit-reiki.png\",\"width\":1024,\"height\":1024},{\"@type\":\"BreadcrumbList\",\"@id\":\"https:\\\/\\\/elaimantair.fr\\\/boutique\\\/produit\\\/formation-reiki\\\/#breadcrumb\",\"itemListElement\":[{\"@type\":\"ListItem\",\"position\":1,\"name\":\"Accueil boutique\",\"item\":\"https:\\\/\\\/elaimantair.fr\\\/boutique\\\/\"},{\"@type\":\"ListItem\",\"position\":2,\"name\":\"Accueil boutique\",\"item\":\"https:\\\/\\\/elaimantair.fr\\\/boutique\\\/\"},{\"@type\":\"ListItem\",\"position\":3,\"name\":\"Formation Reiki\"}]},{\"@type\":\"WebSite\",\"@id\":\"https:\\\/\\\/elaimantair.fr\\\/boutique\\\/#website\",\"url\":\"https:\\\/\\\/elaimantair.fr\\\/boutique\\\/\",\"name\":\"Boutique El'aimant Air\",\"description\":\"Sublimer votre lumi\u00e8re\",\"publisher\":{\"@id\":\"https:\\\/\\\/elaimantair.fr\\\/boutique\\\/#organization\"},\"potentialAction\":[{\"@type\":\"SearchAction\",\"target\":{\"@type\":\"EntryPoint\",\"urlTemplate\":\"https:\\\/\\\/elaimantair.fr\\\/boutique\\\/?s={search_term_string}\"},\"query-input\":{\"@type\":\"PropertyValueSpecification\",\"valueRequired\":true,\"valueName\":\"search_term_string\"}}],\"inLanguage\":\"fr-FR\"},{\"@type\":\"Organization\",\"@id\":\"https:\\\/\\\/elaimantair.fr\\\/boutique\\\/#organization\",\"name\":\"El'aimant Air\",\"url\":\"https:\\\/\\\/elaimantair.fr\\\/boutique\\\/\",\"logo\":{\"@type\":\"ImageObject\",\"inLanguage\":\"fr-FR\",\"@id\":\"https:\\\/\\\/elaimantair.fr\\\/boutique\\\/#\\\/schema\\\/logo\\\/image\\\/\",\"url\":\"https:\\\/\\\/elaimantair.fr\\\/boutique\\\/wp-content\\\/uploads\\\/2022\\\/04\\\/elaimantairLogo-512.jpg\",\"contentUrl\":\"https:\\\/\\\/elaimantair.fr\\\/boutique\\\/wp-content\\\/uploads\\\/2022\\\/04\\\/elaimantairLogo-512.jpg\",\"width\":512,\"height\":512,\"caption\":\"El'aimant Air\"},\"image\":{\"@id\":\"https:\\\/\\\/elaimantair.fr\\\/boutique\\\/#\\\/schema\\\/logo\\\/image\\\/\"},\"sameAs\":[\"https:\\\/\\\/www.facebook.com\\\/louka.dou.5\",\"https:\\\/\\\/x.com\\\/AimantAir\",\"https:\\\/\\\/www.instagram.com\\\/elaimantair\",\"https:\\\/\\\/www.pinterest.com\\\/Elaimantair\\\/\"]}]}<\/script>\n<!-- \/ Yoast SEO plugin. -->","yoast_head_json":{"title":"Formation Reiki - Boutique El&#039;aimant Air","description":"Le Reiki est une th\u00e9rapie \u00e9nerg\u00e9tique japonaise qui utilise l'\u00e9nergie pour gu\u00e9rir le corps, l'esprit et l'\u00e2me.","robots":{"index":"index","follow":"follow","max-snippet":"max-snippet:-1","max-image-preview":"max-image-preview:large","max-video-preview":"max-video-preview:-1"},"canonical":"https:\/\/elaimantair.fr\/boutique\/produit\/formation-reiki\/","og_locale":"fr_FR","og_type":"article","og_title":"Formation Reiki - Boutique El&#039;aimant Air","og_description":"Le Reiki est une th\u00e9rapie \u00e9nerg\u00e9tique japonaise qui utilise l'\u00e9nergie pour gu\u00e9rir le corps, l'esprit et l'\u00e2me.","og_url":"https:\/\/elaimantair.fr\/boutique\/produit\/formation-reiki\/","og_site_name":"Boutique El&#039;aimant Air","article_publisher":"https:\/\/www.facebook.com\/louka.dou.5","article_modified_time":"2026-01-13T20:04:54+00:00","og_image":[{"width":1024,"height":1024,"url":"https:\/\/elaimantair.fr\/boutique\/wp-content\/uploads\/2023\/07\/produit-reiki.png","type":"image\/png"}],"twitter_card":"summary_large_image","twitter_site":"@AimantAir","twitter_misc":{"Dur\u00e9e de lecture estim\u00e9e":"1 minute"},"schema":{"@context":"https:\/\/schema.org","@graph":[{"@type":"WebPage","@id":"https:\/\/elaimantair.fr\/boutique\/produit\/formation-reiki\/","url":"https:\/\/elaimantair.fr\/boutique\/produit\/formation-reiki\/","name":"Formation Reiki - Boutique El&#039;aimant Air","isPartOf":{"@id":"https:\/\/elaimantair.fr\/boutique\/#website"},"primaryImageOfPage":{"@id":"https:\/\/elaimantair.fr\/boutique\/produit\/formation-reiki\/#primaryimage"},"image":{"@id":"https:\/\/elaimantair.fr\/boutique\/produit\/formation-reiki\/#primaryimage"},"thumbnailUrl":"https:\/\/elaimantair.fr\/boutique\/wp-content\/uploads\/2023\/07\/produit-reiki.png","datePublished":"2023-07-16T22:41:34+00:00","dateModified":"2026-01-13T20:04:54+00:00","description":"Le Reiki est une th\u00e9rapie \u00e9nerg\u00e9tique japonaise qui utilise l'\u00e9nergie pour gu\u00e9rir le corps, l'esprit et l'\u00e2me.","breadcrumb":{"@id":"https:\/\/elaimantair.fr\/boutique\/produit\/formation-reiki\/#breadcrumb"},"inLanguage":"fr-FR","potentialAction":[{"@type":"ReadAction","target":["https:\/\/elaimantair.fr\/boutique\/produit\/formation-reiki\/"]}]},{"@type":"ImageObject","inLanguage":"fr-FR","@id":"https:\/\/elaimantair.fr\/boutique\/produit\/formation-reiki\/#primaryimage","url":"https:\/\/elaimantair.fr\/boutique\/wp-content\/uploads\/2023\/07\/produit-reiki.png","contentUrl":"https:\/\/elaimantair.fr\/boutique\/wp-content\/uploads\/2023\/07\/produit-reiki.png","width":1024,"height":1024},{"@type":"BreadcrumbList","@id":"https:\/\/elaimantair.fr\/boutique\/produit\/formation-reiki\/#breadcrumb","itemListElement":[{"@type":"ListItem","position":1,"name":"Accueil boutique","item":"https:\/\/elaimantair.fr\/boutique\/"},{"@type":"ListItem","position":2,"name":"Accueil boutique","item":"https:\/\/elaimantair.fr\/boutique\/"},{"@type":"ListItem","position":3,"name":"Formation Reiki"}]},{"@type":"WebSite","@id":"https:\/\/elaimantair.fr\/boutique\/#website","url":"https:\/\/elaimantair.fr\/boutique\/","name":"Boutique El'aimant Air","description":"Sublimer votre lumi\u00e8re","publisher":{"@id":"https:\/\/elaimantair.fr\/boutique\/#organization"},"potentialAction":[{"@type":"SearchAction","target":{"@type":"EntryPoint","urlTemplate":"https:\/\/elaimantair.fr\/boutique\/?s={search_term_string}"},"query-input":{"@type":"PropertyValueSpecification","valueRequired":true,"valueName":"search_term_string"}}],"inLanguage":"fr-FR"},{"@type":"Organization","@id":"https:\/\/elaimantair.fr\/boutique\/#organization","name":"El'aimant Air","url":"https:\/\/elaimantair.fr\/boutique\/","logo":{"@type":"ImageObject","inLanguage":"fr-FR","@id":"https:\/\/elaimantair.fr\/boutique\/#\/schema\/logo\/image\/","url":"https:\/\/elaimantair.fr\/boutique\/wp-content\/uploads\/2022\/04\/elaimantairLogo-512.jpg","contentUrl":"https:\/\/elaimantair.fr\/boutique\/wp-content\/uploads\/2022\/04\/elaimantairLogo-512.jpg","width":512,"height":512,"caption":"El'aimant Air"},"image":{"@id":"https:\/\/elaimantair.fr\/boutique\/#\/schema\/logo\/image\/"},"sameAs":["https:\/\/www.facebook.com\/louka.dou.5","https:\/\/x.com\/AimantAir","https:\/\/www.instagram.com\/elaimantair","https:\/\/www.pinterest.com\/Elaimantair\/"]}]}},"jetpack_sharing_enabled":true,"_links":{"self":[{"href":"https:\/\/elaimantair.fr\/boutique\/wp-json\/wp\/v2\/product\/1324","targetHints":{"allow":["GET"]}}],"collection":[{"href":"https:\/\/elaimantair.fr\/boutique\/wp-json\/wp\/v2\/product"}],"about":[{"href":"https:\/\/elaimantair.fr\/boutique\/wp-json\/wp\/v2\/types\/product"}],"replies":[{"embeddable":true,"href":"https:\/\/elaimantair.fr\/boutique\/wp-json\/wp\/v2\/comments?post=1324"}],"wp:featuredmedia":[{"embeddable":true,"href":"https:\/\/elaimantair.fr\/boutique\/wp-json\/wp\/v2\/media\/1718"}],"wp:attachment":[{"href":"https:\/\/elaimantair.fr\/boutique\/wp-json\/wp\/v2\/media?parent=1324"}],"wp:term":[{"taxonomy":"product_brand","embeddable":true,"href":"https:\/\/elaimantair.fr\/boutique\/wp-json\/wp\/v2\/product_brand?post=1324"},{"taxonomy":"product_cat","embeddable":true,"href":"https:\/\/elaimantair.fr\/boutique\/wp-json\/wp\/v2\/product_cat?post=1324"},{"taxonomy":"product_tag","embeddable":true,"href":"https:\/\/elaimantair.fr\/boutique\/wp-json\/wp\/v2\/product_tag?post=1324"}],"curies":[{"name":"wp","href":"https:\/\/api.w.org\/{rel}","templated":true}]}}