{"id":1286,"date":"2023-03-24T12:52:54","date_gmt":"2023-03-24T11:52:54","guid":{"rendered":"https:\/\/elaimantair.fr\/boutique\/produit\/collier-yin-yang\/"},"modified":"2026-02-17T04:03:15","modified_gmt":"2026-02-17T03:03:15","slug":"collier-yin-yang","status":"publish","type":"product","link":"https:\/\/elaimantair.fr\/boutique\/produit\/collier-yin-yang\/","title":{"rendered":"Yin yang"},"content":{"rendered":"<p>Collier acier inoxydable yin yang avec perles en fluorite<\/p>\n<p>Le yin et le yang sont des concepts fondamentaux de la philosophie chinoise, repr\u00e9sentant les forces compl\u00e9mentaires et interd\u00e9pendantes de l&rsquo;univers.<\/p>\n<p>Ces deux forces sont en constante interaction et \u00e9quilibre dynamique, se transformant et se compl\u00e9tant mutuellement. Le yin et le yang ne sont pas des oppos\u00e9s absolus, mais plut\u00f4t des aspects compl\u00e9mentaires d&rsquo;une m\u00eame r\u00e9alit\u00e9.<\/p>\n<p>Le yin symbolise l&rsquo;aspect f\u00e9minin, l&rsquo;obscurit\u00e9, le calme, la fra\u00eecheur et la r\u00e9ceptivit\u00e9. Le yang repr\u00e9sente l&rsquo;aspect masculin, la lumi\u00e8re, l&rsquo;activit\u00e9, la chaleur et la cr\u00e9ativit\u00e9. Ensemble, ils repr\u00e9sentent l&rsquo;harmonie et l&rsquo;\u00e9quilibre de l&rsquo;univers.<\/p>\n<p>Le symbole du yin yang, avec ses deux parties \u00e9gales et interconnect\u00e9es, illustre cette dualit\u00e9 dynamique. La partie blanche avec le point noir et la partie noire avec le point blanc montrent que chaque aspect contient une petite part de l&rsquo;autre, symbolisant ainsi l&rsquo;interd\u00e9pendance et l&rsquo;harmonie n\u00e9cessaire entre les oppos\u00e9s.<\/p>\n<p>Le yin yang est utilis\u00e9 dans de nombreuses pratiques spirituelles, telles que le tai-chi, le qi gong et l&rsquo;acupuncture, pour comprendre et \u00e9quilibrer les \u00e9nergies du corps et de l&rsquo;esprit. Il est \u00e9galement utilis\u00e9 dans le feng shui pour harmoniser les espaces et favoriser le bien-\u00eatre.<\/p>\n<p>En r\u00e9sum\u00e9, le yin yang est bien plus qu&rsquo;un simple symbole. Il repr\u00e9sente un concept philosophique profond\u00e9ment enracin\u00e9 dans la compr\u00e9hension de l&rsquo;univers et de notre place en son sein, nous rappelant l&rsquo;importance de l&rsquo;harmonie et de l&rsquo;\u00e9quilibre dans toutes les choses.<\/p>\n","protected":false},"excerpt":{"rendered":"<p>Collier acier inoxydable yin yang avec perles fluorine<\/p>\n","protected":false},"featured_media":1845,"comment_status":"open","ping_status":"closed","template":"","meta":[],"product_brand":[],"product_cat":[62],"product_tag":[],"class_list":{"0":"post-1286","1":"product","2":"type-product","3":"status-publish","4":"has-post-thumbnail","6":"product_cat-collier","8":"first","9":"instock","10":"sale","11":"sold-individually","12":"shipping-taxable","13":"purchasable","14":"product-type-simple"},"yoast_head":"<!-- This site is optimized with the Yoast SEO plugin v27.5 - https:\/\/yoast.com\/product\/yoast-seo-wordpress\/ -->\n<title>Yin yang - Boutique El&#039;aimant Air<\/title>\n<meta name=\"description\" content=\"Collier acier inoxydable yin yang avec perles cristal de roche et bois fossileLe yin et le yang sont des concepts fondamentaux de la philosophie\" \/>\n<meta name=\"robots\" content=\"index, follow, max-snippet:-1, max-image-preview:large, max-video-preview:-1\" \/>\n<link rel=\"canonical\" href=\"https:\/\/elaimantair.fr\/boutique\/produit\/collier-yin-yang\/\" \/>\n<meta property=\"og:locale\" content=\"fr_FR\" \/>\n<meta property=\"og:type\" content=\"article\" \/>\n<meta property=\"og:title\" content=\"Yin yang - Boutique El&#039;aimant Air\" \/>\n<meta property=\"og:description\" content=\"Collier acier inoxydable yin yang avec perles cristal de roche et bois fossileLe yin et le yang sont des concepts fondamentaux de la philosophie\" \/>\n<meta property=\"og:url\" content=\"https:\/\/elaimantair.fr\/boutique\/produit\/collier-yin-yang\/\" \/>\n<meta property=\"og:site_name\" content=\"Boutique El&#039;aimant Air\" \/>\n<meta property=\"article:publisher\" content=\"https:\/\/www.facebook.com\/louka.dou.5\" \/>\n<meta property=\"article:modified_time\" content=\"2026-02-17T03:03:15+00:00\" \/>\n<meta property=\"og:image\" content=\"https:\/\/elaimantair.fr\/boutique\/wp-content\/uploads\/2023\/03\/1000008404.jpg\" \/>\n\t<meta property=\"og:image:width\" content=\"1512\" \/>\n\t<meta property=\"og:image:height\" content=\"1512\" \/>\n\t<meta property=\"og:image:type\" content=\"image\/jpeg\" \/>\n<meta name=\"twitter:card\" content=\"summary_large_image\" \/>\n<meta name=\"twitter:site\" content=\"@AimantAir\" \/>\n<meta name=\"twitter:label1\" content=\"Dur\u00e9e de lecture estim\u00e9e\" \/>\n\t<meta name=\"twitter:data1\" content=\"1 minute\" \/>\n<script type=\"application\/ld+json\" class=\"yoast-schema-graph\">{\"@context\":\"https:\\\/\\\/schema.org\",\"@graph\":[{\"@type\":\"WebPage\",\"@id\":\"https:\\\/\\\/elaimantair.fr\\\/boutique\\\/produit\\\/collier-yin-yang\\\/\",\"url\":\"https:\\\/\\\/elaimantair.fr\\\/boutique\\\/produit\\\/collier-yin-yang\\\/\",\"name\":\"Yin yang - Boutique El&#039;aimant Air\",\"isPartOf\":{\"@id\":\"https:\\\/\\\/elaimantair.fr\\\/boutique\\\/#website\"},\"primaryImageOfPage\":{\"@id\":\"https:\\\/\\\/elaimantair.fr\\\/boutique\\\/produit\\\/collier-yin-yang\\\/#primaryimage\"},\"image\":{\"@id\":\"https:\\\/\\\/elaimantair.fr\\\/boutique\\\/produit\\\/collier-yin-yang\\\/#primaryimage\"},\"thumbnailUrl\":\"https:\\\/\\\/elaimantair.fr\\\/boutique\\\/wp-content\\\/uploads\\\/2023\\\/03\\\/111806.png\",\"datePublished\":\"2023-03-24T11:52:54+00:00\",\"dateModified\":\"2026-02-17T03:03:15+00:00\",\"description\":\"Collier acier inoxydable yin yang avec perles cristal de roche et bois fossileLe yin et le yang sont des concepts fondamentaux de la philosophie\",\"breadcrumb\":{\"@id\":\"https:\\\/\\\/elaimantair.fr\\\/boutique\\\/produit\\\/collier-yin-yang\\\/#breadcrumb\"},\"inLanguage\":\"fr-FR\",\"potentialAction\":[{\"@type\":\"ReadAction\",\"target\":[\"https:\\\/\\\/elaimantair.fr\\\/boutique\\\/produit\\\/collier-yin-yang\\\/\"]}]},{\"@type\":\"ImageObject\",\"inLanguage\":\"fr-FR\",\"@id\":\"https:\\\/\\\/elaimantair.fr\\\/boutique\\\/produit\\\/collier-yin-yang\\\/#primaryimage\",\"url\":\"https:\\\/\\\/elaimantair.fr\\\/boutique\\\/wp-content\\\/uploads\\\/2023\\\/03\\\/111806.png\",\"contentUrl\":\"https:\\\/\\\/elaimantair.fr\\\/boutique\\\/wp-content\\\/uploads\\\/2023\\\/03\\\/111806.png\",\"width\":1024,\"height\":1024},{\"@type\":\"BreadcrumbList\",\"@id\":\"https:\\\/\\\/elaimantair.fr\\\/boutique\\\/produit\\\/collier-yin-yang\\\/#breadcrumb\",\"itemListElement\":[{\"@type\":\"ListItem\",\"position\":1,\"name\":\"Accueil boutique\",\"item\":\"https:\\\/\\\/elaimantair.fr\\\/boutique\\\/\"},{\"@type\":\"ListItem\",\"position\":2,\"name\":\"Accueil boutique\",\"item\":\"https:\\\/\\\/elaimantair.fr\\\/boutique\\\/\"},{\"@type\":\"ListItem\",\"position\":3,\"name\":\"Yin yang\"}]},{\"@type\":\"WebSite\",\"@id\":\"https:\\\/\\\/elaimantair.fr\\\/boutique\\\/#website\",\"url\":\"https:\\\/\\\/elaimantair.fr\\\/boutique\\\/\",\"name\":\"Boutique El'aimant Air\",\"description\":\"Sublimer votre lumi\u00e8re\",\"publisher\":{\"@id\":\"https:\\\/\\\/elaimantair.fr\\\/boutique\\\/#organization\"},\"potentialAction\":[{\"@type\":\"SearchAction\",\"target\":{\"@type\":\"EntryPoint\",\"urlTemplate\":\"https:\\\/\\\/elaimantair.fr\\\/boutique\\\/?s={search_term_string}\"},\"query-input\":{\"@type\":\"PropertyValueSpecification\",\"valueRequired\":true,\"valueName\":\"search_term_string\"}}],\"inLanguage\":\"fr-FR\"},{\"@type\":\"Organization\",\"@id\":\"https:\\\/\\\/elaimantair.fr\\\/boutique\\\/#organization\",\"name\":\"El'aimant Air\",\"url\":\"https:\\\/\\\/elaimantair.fr\\\/boutique\\\/\",\"logo\":{\"@type\":\"ImageObject\",\"inLanguage\":\"fr-FR\",\"@id\":\"https:\\\/\\\/elaimantair.fr\\\/boutique\\\/#\\\/schema\\\/logo\\\/image\\\/\",\"url\":\"https:\\\/\\\/elaimantair.fr\\\/boutique\\\/wp-content\\\/uploads\\\/2022\\\/04\\\/elaimantairLogo-512.jpg\",\"contentUrl\":\"https:\\\/\\\/elaimantair.fr\\\/boutique\\\/wp-content\\\/uploads\\\/2022\\\/04\\\/elaimantairLogo-512.jpg\",\"width\":512,\"height\":512,\"caption\":\"El'aimant Air\"},\"image\":{\"@id\":\"https:\\\/\\\/elaimantair.fr\\\/boutique\\\/#\\\/schema\\\/logo\\\/image\\\/\"},\"sameAs\":[\"https:\\\/\\\/www.facebook.com\\\/louka.dou.5\",\"https:\\\/\\\/x.com\\\/AimantAir\",\"https:\\\/\\\/www.instagram.com\\\/elaimantair\",\"https:\\\/\\\/www.pinterest.com\\\/Elaimantair\\\/\"]}]}<\/script>\n<!-- \/ Yoast SEO plugin. -->","yoast_head_json":{"title":"Yin yang - Boutique El&#039;aimant Air","description":"Collier acier inoxydable yin yang avec perles cristal de roche et bois fossileLe yin et le yang sont des concepts fondamentaux de la philosophie","robots":{"index":"index","follow":"follow","max-snippet":"max-snippet:-1","max-image-preview":"max-image-preview:large","max-video-preview":"max-video-preview:-1"},"canonical":"https:\/\/elaimantair.fr\/boutique\/produit\/collier-yin-yang\/","og_locale":"fr_FR","og_type":"article","og_title":"Yin yang - Boutique El&#039;aimant Air","og_description":"Collier acier inoxydable yin yang avec perles cristal de roche et bois fossileLe yin et le yang sont des concepts fondamentaux de la philosophie","og_url":"https:\/\/elaimantair.fr\/boutique\/produit\/collier-yin-yang\/","og_site_name":"Boutique El&#039;aimant Air","article_publisher":"https:\/\/www.facebook.com\/louka.dou.5","article_modified_time":"2026-02-17T03:03:15+00:00","og_image":[{"width":1512,"height":1512,"url":"https:\/\/elaimantair.fr\/boutique\/wp-content\/uploads\/2023\/03\/1000008404.jpg","type":"image\/jpeg"}],"twitter_card":"summary_large_image","twitter_site":"@AimantAir","twitter_misc":{"Dur\u00e9e de lecture estim\u00e9e":"1 minute"},"schema":{"@context":"https:\/\/schema.org","@graph":[{"@type":"WebPage","@id":"https:\/\/elaimantair.fr\/boutique\/produit\/collier-yin-yang\/","url":"https:\/\/elaimantair.fr\/boutique\/produit\/collier-yin-yang\/","name":"Yin yang - Boutique El&#039;aimant Air","isPartOf":{"@id":"https:\/\/elaimantair.fr\/boutique\/#website"},"primaryImageOfPage":{"@id":"https:\/\/elaimantair.fr\/boutique\/produit\/collier-yin-yang\/#primaryimage"},"image":{"@id":"https:\/\/elaimantair.fr\/boutique\/produit\/collier-yin-yang\/#primaryimage"},"thumbnailUrl":"https:\/\/elaimantair.fr\/boutique\/wp-content\/uploads\/2023\/03\/111806.png","datePublished":"2023-03-24T11:52:54+00:00","dateModified":"2026-02-17T03:03:15+00:00","description":"Collier acier inoxydable yin yang avec perles cristal de roche et bois fossileLe yin et le yang sont des concepts fondamentaux de la philosophie","breadcrumb":{"@id":"https:\/\/elaimantair.fr\/boutique\/produit\/collier-yin-yang\/#breadcrumb"},"inLanguage":"fr-FR","potentialAction":[{"@type":"ReadAction","target":["https:\/\/elaimantair.fr\/boutique\/produit\/collier-yin-yang\/"]}]},{"@type":"ImageObject","inLanguage":"fr-FR","@id":"https:\/\/elaimantair.fr\/boutique\/produit\/collier-yin-yang\/#primaryimage","url":"https:\/\/elaimantair.fr\/boutique\/wp-content\/uploads\/2023\/03\/111806.png","contentUrl":"https:\/\/elaimantair.fr\/boutique\/wp-content\/uploads\/2023\/03\/111806.png","width":1024,"height":1024},{"@type":"BreadcrumbList","@id":"https:\/\/elaimantair.fr\/boutique\/produit\/collier-yin-yang\/#breadcrumb","itemListElement":[{"@type":"ListItem","position":1,"name":"Accueil boutique","item":"https:\/\/elaimantair.fr\/boutique\/"},{"@type":"ListItem","position":2,"name":"Accueil boutique","item":"https:\/\/elaimantair.fr\/boutique\/"},{"@type":"ListItem","position":3,"name":"Yin yang"}]},{"@type":"WebSite","@id":"https:\/\/elaimantair.fr\/boutique\/#website","url":"https:\/\/elaimantair.fr\/boutique\/","name":"Boutique El'aimant Air","description":"Sublimer votre lumi\u00e8re","publisher":{"@id":"https:\/\/elaimantair.fr\/boutique\/#organization"},"potentialAction":[{"@type":"SearchAction","target":{"@type":"EntryPoint","urlTemplate":"https:\/\/elaimantair.fr\/boutique\/?s={search_term_string}"},"query-input":{"@type":"PropertyValueSpecification","valueRequired":true,"valueName":"search_term_string"}}],"inLanguage":"fr-FR"},{"@type":"Organization","@id":"https:\/\/elaimantair.fr\/boutique\/#organization","name":"El'aimant Air","url":"https:\/\/elaimantair.fr\/boutique\/","logo":{"@type":"ImageObject","inLanguage":"fr-FR","@id":"https:\/\/elaimantair.fr\/boutique\/#\/schema\/logo\/image\/","url":"https:\/\/elaimantair.fr\/boutique\/wp-content\/uploads\/2022\/04\/elaimantairLogo-512.jpg","contentUrl":"https:\/\/elaimantair.fr\/boutique\/wp-content\/uploads\/2022\/04\/elaimantairLogo-512.jpg","width":512,"height":512,"caption":"El'aimant Air"},"image":{"@id":"https:\/\/elaimantair.fr\/boutique\/#\/schema\/logo\/image\/"},"sameAs":["https:\/\/www.facebook.com\/louka.dou.5","https:\/\/x.com\/AimantAir","https:\/\/www.instagram.com\/elaimantair","https:\/\/www.pinterest.com\/Elaimantair\/"]}]}},"jetpack_sharing_enabled":true,"_links":{"self":[{"href":"https:\/\/elaimantair.fr\/boutique\/wp-json\/wp\/v2\/product\/1286","targetHints":{"allow":["GET"]}}],"collection":[{"href":"https:\/\/elaimantair.fr\/boutique\/wp-json\/wp\/v2\/product"}],"about":[{"href":"https:\/\/elaimantair.fr\/boutique\/wp-json\/wp\/v2\/types\/product"}],"replies":[{"embeddable":true,"href":"https:\/\/elaimantair.fr\/boutique\/wp-json\/wp\/v2\/comments?post=1286"}],"wp:featuredmedia":[{"embeddable":true,"href":"https:\/\/elaimantair.fr\/boutique\/wp-json\/wp\/v2\/media\/1845"}],"wp:attachment":[{"href":"https:\/\/elaimantair.fr\/boutique\/wp-json\/wp\/v2\/media?parent=1286"}],"wp:term":[{"taxonomy":"product_brand","embeddable":true,"href":"https:\/\/elaimantair.fr\/boutique\/wp-json\/wp\/v2\/product_brand?post=1286"},{"taxonomy":"product_cat","embeddable":true,"href":"https:\/\/elaimantair.fr\/boutique\/wp-json\/wp\/v2\/product_cat?post=1286"},{"taxonomy":"product_tag","embeddable":true,"href":"https:\/\/elaimantair.fr\/boutique\/wp-json\/wp\/v2\/product_tag?post=1286"}],"curies":[{"name":"wp","href":"https:\/\/api.w.org\/{rel}","templated":true}]}}