{"id":1281,"date":"2023-03-21T10:12:23","date_gmt":"2023-03-21T09:12:23","guid":{"rendered":"https:\/\/elaimantair.fr\/boutique\/produit\/fleur-de-vie-3\/"},"modified":"2026-02-17T04:37:41","modified_gmt":"2026-02-17T03:37:41","slug":"fleur-de-vie-3","status":"publish","type":"product","link":"https:\/\/elaimantair.fr\/boutique\/produit\/fleur-de-vie-3\/","title":{"rendered":"Fleur de vie"},"content":{"rendered":"<p>Collier en acier inoxydable Fleur de vie, avec pierres en calcite jaune.<\/p>\n<p>G\u00e9om\u00e9trie sacr\u00e9 utilis\u00e9e comme talisman de protection. qui permet de nettoyer, purifier et r\u00e9\u00e9quilibrer les \u00e9nergies.<\/p>\n<p>La fleur de vie, un symbole g\u00e9om\u00e9trique sacr\u00e9 pr\u00e9sent depuis des mill\u00e9naires dans de nombreuses cultures \u00e0 travers le monde, repr\u00e9sente l&rsquo;interconnexion universelle et l&rsquo;harmonie cosmique.<\/p>\n<p>Compos\u00e9e de multiples cercles entrelac\u00e9s formant une structure \u00e9quilibr\u00e9e et esth\u00e9tique, chaque cercle symbolise une cellule, un atome ou une \u00e9toile, exprimant ainsi l&rsquo;unit\u00e9 fondamentale de toute chose dans l&rsquo;univers.<\/p>\n<p>La fleur de vie est associ\u00e9e \u00e0 des concepts tels que la cr\u00e9ation, la croissance, l&rsquo;harmonie et l&rsquo;\u00e9quilibre, et est consid\u00e9r\u00e9e comme un puissant symbole de gu\u00e9rison et de r\u00e9g\u00e9n\u00e9ration \u00e0 tous les niveaux de l&rsquo;\u00eatre.<\/p>\n<p>Utilis\u00e9e dans de nombreuses traditions spirituelles comme un outil de m\u00e9ditation et de visualisation, elle permet d&rsquo;atteindre un \u00e9tat de conscience \u00e9lev\u00e9 et de se connecter \u00e0 la source universelle de vie et de cr\u00e9ation. De plus, elle est employ\u00e9e en g\u00e9obiologie et en feng shui pour harmoniser les espaces et favoriser le bien-\u00eatre.<\/p>\n<p>En r\u00e9sum\u00e9, la fleur de vie transcende sa simple nature g\u00e9om\u00e9trique pour devenir un symbole vibrant de l&rsquo;interconnexion de toute chose dans l&rsquo;univers, nous invitant \u00e0 nous aligner avec les forces cr\u00e9atrices fondamentales de l&rsquo;existence.<\/p>\n<p>&nbsp;<\/p>\n","protected":false},"excerpt":{"rendered":"<p>Collier en acier inoxydable Fleur de vie, avec pierres en calcite jaune.<\/p>\n","protected":false},"featured_media":1847,"comment_status":"open","ping_status":"closed","template":"","meta":[],"product_brand":[],"product_cat":[62],"product_tag":[],"class_list":{"0":"post-1281","1":"product","2":"type-product","3":"status-publish","4":"has-post-thumbnail","6":"product_cat-collier","8":"first","9":"instock","10":"sale","11":"shipping-taxable","12":"purchasable","13":"product-type-simple"},"yoast_head":"<!-- This site is optimized with the Yoast SEO plugin v27.3 - https:\/\/yoast.com\/product\/yoast-seo-wordpress\/ -->\n<title>Fleur de vie - Boutique El&#039;aimant Air<\/title>\n<meta name=\"description\" content=\"Collier en acier inoxydable Fleur de vie, avec pierres en calcite jaune.G\u00e9om\u00e9trie sacr\u00e9 utilis\u00e9e comme talisman de protection. qui permet de nettoyer\" \/>\n<meta name=\"robots\" content=\"index, follow, max-snippet:-1, max-image-preview:large, max-video-preview:-1\" \/>\n<link rel=\"canonical\" href=\"https:\/\/elaimantair.fr\/boutique\/produit\/fleur-de-vie-3\/\" \/>\n<meta property=\"og:locale\" content=\"fr_FR\" \/>\n<meta property=\"og:type\" content=\"article\" \/>\n<meta property=\"og:title\" content=\"Fleur de vie - Boutique El&#039;aimant Air\" \/>\n<meta property=\"og:description\" content=\"Collier en acier inoxydable Fleur de vie, avec pierres en calcite jaune.G\u00e9om\u00e9trie sacr\u00e9 utilis\u00e9e comme talisman de protection. qui permet de nettoyer\" \/>\n<meta property=\"og:url\" content=\"https:\/\/elaimantair.fr\/boutique\/produit\/fleur-de-vie-3\/\" \/>\n<meta property=\"og:site_name\" content=\"Boutique El&#039;aimant Air\" \/>\n<meta property=\"article:publisher\" content=\"https:\/\/www.facebook.com\/louka.dou.5\" \/>\n<meta property=\"article:modified_time\" content=\"2026-02-17T03:37:41+00:00\" \/>\n<meta property=\"og:image\" content=\"https:\/\/elaimantair.fr\/boutique\/wp-content\/uploads\/2023\/03\/1000008265.jpg\" \/>\n\t<meta property=\"og:image:width\" content=\"1080\" \/>\n\t<meta property=\"og:image:height\" content=\"1080\" \/>\n\t<meta property=\"og:image:type\" content=\"image\/jpeg\" \/>\n<meta name=\"twitter:card\" content=\"summary_large_image\" \/>\n<meta name=\"twitter:site\" content=\"@AimantAir\" \/>\n<meta name=\"twitter:label1\" content=\"Dur\u00e9e de lecture estim\u00e9e\" \/>\n\t<meta name=\"twitter:data1\" content=\"1 minute\" \/>\n<script type=\"application\/ld+json\" class=\"yoast-schema-graph\">{\"@context\":\"https:\\\/\\\/schema.org\",\"@graph\":[{\"@type\":\"WebPage\",\"@id\":\"https:\\\/\\\/elaimantair.fr\\\/boutique\\\/produit\\\/fleur-de-vie-3\\\/\",\"url\":\"https:\\\/\\\/elaimantair.fr\\\/boutique\\\/produit\\\/fleur-de-vie-3\\\/\",\"name\":\"Fleur de vie - Boutique El&#039;aimant Air\",\"isPartOf\":{\"@id\":\"https:\\\/\\\/elaimantair.fr\\\/boutique\\\/#website\"},\"primaryImageOfPage\":{\"@id\":\"https:\\\/\\\/elaimantair.fr\\\/boutique\\\/produit\\\/fleur-de-vie-3\\\/#primaryimage\"},\"image\":{\"@id\":\"https:\\\/\\\/elaimantair.fr\\\/boutique\\\/produit\\\/fleur-de-vie-3\\\/#primaryimage\"},\"thumbnailUrl\":\"https:\\\/\\\/elaimantair.fr\\\/boutique\\\/wp-content\\\/uploads\\\/2023\\\/03\\\/114858.png\",\"datePublished\":\"2023-03-21T09:12:23+00:00\",\"dateModified\":\"2026-02-17T03:37:41+00:00\",\"description\":\"Collier en acier inoxydable Fleur de vie, avec pierres en calcite jaune.G\u00e9om\u00e9trie sacr\u00e9 utilis\u00e9e comme talisman de protection. qui permet de nettoyer\",\"breadcrumb\":{\"@id\":\"https:\\\/\\\/elaimantair.fr\\\/boutique\\\/produit\\\/fleur-de-vie-3\\\/#breadcrumb\"},\"inLanguage\":\"fr-FR\",\"potentialAction\":[{\"@type\":\"ReadAction\",\"target\":[\"https:\\\/\\\/elaimantair.fr\\\/boutique\\\/produit\\\/fleur-de-vie-3\\\/\"]}]},{\"@type\":\"ImageObject\",\"inLanguage\":\"fr-FR\",\"@id\":\"https:\\\/\\\/elaimantair.fr\\\/boutique\\\/produit\\\/fleur-de-vie-3\\\/#primaryimage\",\"url\":\"https:\\\/\\\/elaimantair.fr\\\/boutique\\\/wp-content\\\/uploads\\\/2023\\\/03\\\/114858.png\",\"contentUrl\":\"https:\\\/\\\/elaimantair.fr\\\/boutique\\\/wp-content\\\/uploads\\\/2023\\\/03\\\/114858.png\",\"width\":864,\"height\":1184},{\"@type\":\"BreadcrumbList\",\"@id\":\"https:\\\/\\\/elaimantair.fr\\\/boutique\\\/produit\\\/fleur-de-vie-3\\\/#breadcrumb\",\"itemListElement\":[{\"@type\":\"ListItem\",\"position\":1,\"name\":\"Accueil boutique\",\"item\":\"https:\\\/\\\/elaimantair.fr\\\/boutique\\\/\"},{\"@type\":\"ListItem\",\"position\":2,\"name\":\"Accueil boutique\",\"item\":\"https:\\\/\\\/elaimantair.fr\\\/boutique\\\/\"},{\"@type\":\"ListItem\",\"position\":3,\"name\":\"Fleur de vie\"}]},{\"@type\":\"WebSite\",\"@id\":\"https:\\\/\\\/elaimantair.fr\\\/boutique\\\/#website\",\"url\":\"https:\\\/\\\/elaimantair.fr\\\/boutique\\\/\",\"name\":\"Boutique El'aimant Air\",\"description\":\"Sublimer votre lumi\u00e8re\",\"publisher\":{\"@id\":\"https:\\\/\\\/elaimantair.fr\\\/boutique\\\/#organization\"},\"potentialAction\":[{\"@type\":\"SearchAction\",\"target\":{\"@type\":\"EntryPoint\",\"urlTemplate\":\"https:\\\/\\\/elaimantair.fr\\\/boutique\\\/?s={search_term_string}\"},\"query-input\":{\"@type\":\"PropertyValueSpecification\",\"valueRequired\":true,\"valueName\":\"search_term_string\"}}],\"inLanguage\":\"fr-FR\"},{\"@type\":\"Organization\",\"@id\":\"https:\\\/\\\/elaimantair.fr\\\/boutique\\\/#organization\",\"name\":\"El'aimant Air\",\"url\":\"https:\\\/\\\/elaimantair.fr\\\/boutique\\\/\",\"logo\":{\"@type\":\"ImageObject\",\"inLanguage\":\"fr-FR\",\"@id\":\"https:\\\/\\\/elaimantair.fr\\\/boutique\\\/#\\\/schema\\\/logo\\\/image\\\/\",\"url\":\"https:\\\/\\\/elaimantair.fr\\\/boutique\\\/wp-content\\\/uploads\\\/2022\\\/04\\\/elaimantairLogo-512.jpg\",\"contentUrl\":\"https:\\\/\\\/elaimantair.fr\\\/boutique\\\/wp-content\\\/uploads\\\/2022\\\/04\\\/elaimantairLogo-512.jpg\",\"width\":512,\"height\":512,\"caption\":\"El'aimant Air\"},\"image\":{\"@id\":\"https:\\\/\\\/elaimantair.fr\\\/boutique\\\/#\\\/schema\\\/logo\\\/image\\\/\"},\"sameAs\":[\"https:\\\/\\\/www.facebook.com\\\/louka.dou.5\",\"https:\\\/\\\/x.com\\\/AimantAir\",\"https:\\\/\\\/www.instagram.com\\\/elaimantair\",\"https:\\\/\\\/www.pinterest.com\\\/Elaimantair\\\/\"]}]}<\/script>\n<!-- \/ Yoast SEO plugin. -->","yoast_head_json":{"title":"Fleur de vie - Boutique El&#039;aimant Air","description":"Collier en acier inoxydable Fleur de vie, avec pierres en calcite jaune.G\u00e9om\u00e9trie sacr\u00e9 utilis\u00e9e comme talisman de protection. qui permet de nettoyer","robots":{"index":"index","follow":"follow","max-snippet":"max-snippet:-1","max-image-preview":"max-image-preview:large","max-video-preview":"max-video-preview:-1"},"canonical":"https:\/\/elaimantair.fr\/boutique\/produit\/fleur-de-vie-3\/","og_locale":"fr_FR","og_type":"article","og_title":"Fleur de vie - Boutique El&#039;aimant Air","og_description":"Collier en acier inoxydable Fleur de vie, avec pierres en calcite jaune.G\u00e9om\u00e9trie sacr\u00e9 utilis\u00e9e comme talisman de protection. qui permet de nettoyer","og_url":"https:\/\/elaimantair.fr\/boutique\/produit\/fleur-de-vie-3\/","og_site_name":"Boutique El&#039;aimant Air","article_publisher":"https:\/\/www.facebook.com\/louka.dou.5","article_modified_time":"2026-02-17T03:37:41+00:00","og_image":[{"width":1080,"height":1080,"url":"https:\/\/elaimantair.fr\/boutique\/wp-content\/uploads\/2023\/03\/1000008265.jpg","type":"image\/jpeg"}],"twitter_card":"summary_large_image","twitter_site":"@AimantAir","twitter_misc":{"Dur\u00e9e de lecture estim\u00e9e":"1 minute"},"schema":{"@context":"https:\/\/schema.org","@graph":[{"@type":"WebPage","@id":"https:\/\/elaimantair.fr\/boutique\/produit\/fleur-de-vie-3\/","url":"https:\/\/elaimantair.fr\/boutique\/produit\/fleur-de-vie-3\/","name":"Fleur de vie - Boutique El&#039;aimant Air","isPartOf":{"@id":"https:\/\/elaimantair.fr\/boutique\/#website"},"primaryImageOfPage":{"@id":"https:\/\/elaimantair.fr\/boutique\/produit\/fleur-de-vie-3\/#primaryimage"},"image":{"@id":"https:\/\/elaimantair.fr\/boutique\/produit\/fleur-de-vie-3\/#primaryimage"},"thumbnailUrl":"https:\/\/elaimantair.fr\/boutique\/wp-content\/uploads\/2023\/03\/114858.png","datePublished":"2023-03-21T09:12:23+00:00","dateModified":"2026-02-17T03:37:41+00:00","description":"Collier en acier inoxydable Fleur de vie, avec pierres en calcite jaune.G\u00e9om\u00e9trie sacr\u00e9 utilis\u00e9e comme talisman de protection. qui permet de nettoyer","breadcrumb":{"@id":"https:\/\/elaimantair.fr\/boutique\/produit\/fleur-de-vie-3\/#breadcrumb"},"inLanguage":"fr-FR","potentialAction":[{"@type":"ReadAction","target":["https:\/\/elaimantair.fr\/boutique\/produit\/fleur-de-vie-3\/"]}]},{"@type":"ImageObject","inLanguage":"fr-FR","@id":"https:\/\/elaimantair.fr\/boutique\/produit\/fleur-de-vie-3\/#primaryimage","url":"https:\/\/elaimantair.fr\/boutique\/wp-content\/uploads\/2023\/03\/114858.png","contentUrl":"https:\/\/elaimantair.fr\/boutique\/wp-content\/uploads\/2023\/03\/114858.png","width":864,"height":1184},{"@type":"BreadcrumbList","@id":"https:\/\/elaimantair.fr\/boutique\/produit\/fleur-de-vie-3\/#breadcrumb","itemListElement":[{"@type":"ListItem","position":1,"name":"Accueil boutique","item":"https:\/\/elaimantair.fr\/boutique\/"},{"@type":"ListItem","position":2,"name":"Accueil boutique","item":"https:\/\/elaimantair.fr\/boutique\/"},{"@type":"ListItem","position":3,"name":"Fleur de vie"}]},{"@type":"WebSite","@id":"https:\/\/elaimantair.fr\/boutique\/#website","url":"https:\/\/elaimantair.fr\/boutique\/","name":"Boutique El'aimant Air","description":"Sublimer votre lumi\u00e8re","publisher":{"@id":"https:\/\/elaimantair.fr\/boutique\/#organization"},"potentialAction":[{"@type":"SearchAction","target":{"@type":"EntryPoint","urlTemplate":"https:\/\/elaimantair.fr\/boutique\/?s={search_term_string}"},"query-input":{"@type":"PropertyValueSpecification","valueRequired":true,"valueName":"search_term_string"}}],"inLanguage":"fr-FR"},{"@type":"Organization","@id":"https:\/\/elaimantair.fr\/boutique\/#organization","name":"El'aimant Air","url":"https:\/\/elaimantair.fr\/boutique\/","logo":{"@type":"ImageObject","inLanguage":"fr-FR","@id":"https:\/\/elaimantair.fr\/boutique\/#\/schema\/logo\/image\/","url":"https:\/\/elaimantair.fr\/boutique\/wp-content\/uploads\/2022\/04\/elaimantairLogo-512.jpg","contentUrl":"https:\/\/elaimantair.fr\/boutique\/wp-content\/uploads\/2022\/04\/elaimantairLogo-512.jpg","width":512,"height":512,"caption":"El'aimant Air"},"image":{"@id":"https:\/\/elaimantair.fr\/boutique\/#\/schema\/logo\/image\/"},"sameAs":["https:\/\/www.facebook.com\/louka.dou.5","https:\/\/x.com\/AimantAir","https:\/\/www.instagram.com\/elaimantair","https:\/\/www.pinterest.com\/Elaimantair\/"]}]}},"jetpack_sharing_enabled":true,"_links":{"self":[{"href":"https:\/\/elaimantair.fr\/boutique\/wp-json\/wp\/v2\/product\/1281","targetHints":{"allow":["GET"]}}],"collection":[{"href":"https:\/\/elaimantair.fr\/boutique\/wp-json\/wp\/v2\/product"}],"about":[{"href":"https:\/\/elaimantair.fr\/boutique\/wp-json\/wp\/v2\/types\/product"}],"replies":[{"embeddable":true,"href":"https:\/\/elaimantair.fr\/boutique\/wp-json\/wp\/v2\/comments?post=1281"}],"wp:featuredmedia":[{"embeddable":true,"href":"https:\/\/elaimantair.fr\/boutique\/wp-json\/wp\/v2\/media\/1847"}],"wp:attachment":[{"href":"https:\/\/elaimantair.fr\/boutique\/wp-json\/wp\/v2\/media?parent=1281"}],"wp:term":[{"taxonomy":"product_brand","embeddable":true,"href":"https:\/\/elaimantair.fr\/boutique\/wp-json\/wp\/v2\/product_brand?post=1281"},{"taxonomy":"product_cat","embeddable":true,"href":"https:\/\/elaimantair.fr\/boutique\/wp-json\/wp\/v2\/product_cat?post=1281"},{"taxonomy":"product_tag","embeddable":true,"href":"https:\/\/elaimantair.fr\/boutique\/wp-json\/wp\/v2\/product_tag?post=1281"}],"curies":[{"name":"wp","href":"https:\/\/api.w.org\/{rel}","templated":true}]}}