{"id":889,"date":"2022-08-09T16:16:06","date_gmt":"2022-08-09T14:16:06","guid":{"rendered":"https:\/\/elaimantair.fr\/boutique\/?page_id=889"},"modified":"2026-01-24T03:11:39","modified_gmt":"2026-01-24T02:11:39","slug":"conditions-generales-de-vente","status":"publish","type":"page","link":"https:\/\/elaimantair.fr\/boutique\/conditions-generales-de-vente\/","title":{"rendered":"Conditions g\u00e9n\u00e9rales de vente"},"content":{"rendered":"\n<p>Les pr\u00e9sentes conditions g\u00e9n\u00e9rales de vente s\u2019appliquent entre :<\/p>\n\n\n\n<p>Le site <a href=\"https:\/\/elaimantair.fr\/boutique\">www.elaimantair.fr\/boutique<\/a> immatricul\u00e9e au registre du commerce sous le N\u00b0 911939973 R.C.S. Brive<br>SIREN N\u00b0 911939973 TVA non applicable, article 293 B du CGI.<\/p>\n\n\n\n<p>Adresse de l&rsquo;entreprise :<\/p>\n\n\n\n<p>El&rsquo;aimant Air<br>8, rue de la forge<br>19130 Voutezac<\/p>\n\n\n\n<p>Mail : contact@elaimantair.fr<\/p>\n\n\n\n<p>Mobile : 06.09.50.54.36<\/p>\n\n\n\n<p>G\u00e9rante : Mme Rodrigues V\u00e9ronique<\/p>\n\n\n\n<p>d\u2019une part,<br><br>Et toute personne physique ou morale souhaitant proc\u00e9der \u00e0 un achat via le site Internet de \u00ab Boutique El&rsquo;aimant Air \u00bb d\u00e9nomm\u00e9e ci-apr\u00e8s \u00ab le client \u00bb.<br><br>D\u2019autre part.<br>Les pr\u00e9sentes conditions de vente visent \u00e0 d\u00e9finir les relations contractuelles entre El&rsquo;aimant Air et le client, ainsi que les conditions applicables \u00e0 tout achat effectu\u00e9 par le biais du site marchand <a href=\"https:\/\/elaimantair.fr\/boutique\">www.elaimantair.fr\/boutique<\/a>.<br><br>L\u2019acquisition d\u2019un bien ou d\u2019un service \u00e0 travers le pr\u00e9sent site implique une acceptation sans r\u00e9serve par le client des pr\u00e9sentes Conditions G\u00e9n\u00e9rales de Vente.<br><br>El&rsquo;aimant Air se r\u00e9serve de pouvoir modifier ses conditions de vente \u00e0 tout moment. Dans ce cas, les conditions applicables seront celles en vigueur \u00e0 la date de passation de la commande par le client.<br><br><strong>Article 1 \u2013\u00a0 client :<\/strong><br><br>Le client d\u00e9clare avoir la capacit\u00e9 de conclure le pr\u00e9sent contrat c\u2019est-\u00e0-dire d\u2019avoir la majorit\u00e9 l\u00e9gale et ne pas \u00eatre sous tutelle ou curatelle, ou bien \u00eatre titulaire d\u2019une autorisation parentale lui permettant d\u2019effectuer une commande au titre du pr\u00e9sent contrat.<br><br>Le site El&rsquo;aimant Air s\u2019adresse aux particuliers et est limit\u00e9 \u00e0 une utilisation strictement personnelle, aussi, le client d\u00e9clare ne pas proc\u00e9der \u00e0 des achats d\u2019articles en vue de les revendre ; proc\u00e9der \u00e0 des achats sans rapport direct avec son activit\u00e9 professionnelle.<br><br><strong>Article 2 \u2013 articles :<\/strong><br>\u00a0<br>El&rsquo;aimant Air propose au travers de son site <a href=\"https:\/\/elaimantair.fr\/boutique\">www.elaimantair.fr\/boutique<\/a> un large choix de produits de d\u00e9coration et de bien-\u00eatre.<br><br>Les articles et services offerts sont ceux qui figurent dans le catalogue publi\u00e9 sur le site <a href=\"https:\/\/elaimantair.fr\/boutique\">www.elaimantair.fr\/boutique<\/a>\u00a0 au jour de la consultation du site par le client. Ces articles et services sont valables dans la limite des stocks disponibles. Chaque article est accompagn\u00e9 d\u2019un descriptif \u00e9tabli par El&rsquo;aimant Air, toutefois, si des erreurs ou omissions venaient \u00e0 se produire dans cette pr\u00e9sentation, la responsabilit\u00e9 d&rsquo;El&rsquo;aimant Air ne pourrait \u00eatre engag\u00e9e.<br>\u00a0<br><strong>Article 3 \u2013 Disponibilit\u00e9 des articles :<\/strong><br><br>El&rsquo;aimant Air travaille, selon les articles, sur la base d\u2019un stock dans ses entrep\u00f4ts. De ce fait, selon les cas, les articles sont disponibles dans la limite des stocks disponibles chez\u00a0El&rsquo;aimant Air. Le client est inform\u00e9 de la disponibilit\u00e9 de chaque article vendu sur la page du site relative \u00e0 ces articles.<br><br>Si les articles ne sont pas disponibles malgr\u00e9 notre vigilance, le client en sera inform\u00e9 dans les plus brefs d\u00e9lais par courrier \u00e9lectronique. Selon application de l\u2019Article L. 121-20-3 du Code de la Consommation, il est convenu entre le client et El&rsquo;aimant Air, que\u00a0El&rsquo;aimant Air s\u2019engage \u00e0 livrer les articles command\u00e9s au plus tard dans les 30 jours \u00e0 compter de la date de la commande soit \u00e0 proc\u00e9der \u00e0 un remboursement selon le mode de paiement choisi par le client lors de sa commande.<br><br><strong>Article 4 \u2013 Prix :<\/strong><br><br>Les prix figurant dans le catalogue sont des <strong>prix nets en euros (TVA non applicable, article 293 B du CGI)<\/strong> au jour de la commande.<br>El&rsquo;aimant Air se r\u00e9serve de modifier ses prix \u00e0 tout moment, \u00e9tant toutefois entendu que le prix figurant au catalogue le jour de la commande sera le seul applicable au client. Les prix indiqu\u00e9s ne comprennent pas les frais de transport et de livraison qui seront ajout\u00e9s \u00e0 la fin de la commande pour autant qu\u2019elles aient lieu dans les zones g\u00e9ographiques pr\u00e9vues ci-apr\u00e8s.<br><br><strong>Article 5 \u2013 Commande :<\/strong><br><br>Conform\u00e9ment \u00e0 la loi du 13 mars 2000 sur la signature \u00e9lectronique et la loi sur la confiance pour l\u2019\u00e9conomie num\u00e9rique du 21 juin 2004, toute Commande valid\u00e9e par le client par son \u00ab double clic \u00bb ou par son accord au t\u00e9l\u00e9phone constitue une acceptation irr\u00e9vocable des pr\u00e9sentes conditions g\u00e9n\u00e9rales par le client, \u00e0 l\u2019instar d\u2019une signature manuscrite, et ne peut \u00eatre remise en cause.<br><br>Cr\u00e9ation d\u2019un compte client<br><br>Lors de sa premi\u00e8re commande sur le Site, le client accepte de fournir les informations qui lui sont demand\u00e9es et s\u2019engage sur la v\u00e9racit\u00e9 de ces derni\u00e8res lors de la cr\u00e9ation de son Compte client et du paiement de sa commande :<br>\u2013 nom et pr\u00e9nom,<br>\u2013 adresse,<br>\u2013 t\u00e9l\u00e9phone,<br>\u2013 adresse \u00e9lectronique,<br>\u00a0<br>Le client doit v\u00e9rifier l\u2019ensemble des renseignements saisis au cours de sa Commande (article command\u00e9, adresse de livraison, adresse de facturation, coordonn\u00e9es t\u00e9l\u00e9phoniques\u2026).<br><br>Pour commander sur\u00a0El&rsquo;aimant Air:<br><br>1 \u2013 Ajoutez votre produit au panier<br>2 \u2013 Cliquez en haut \u00e0 droite sur \u00ab\u00a0produit dans le panier\u00a0\u00bb<br>3- V\u00e9rifiez votre panier<br>4 \u2013 Cliquez sur \u00ab\u00a0suivant\u00a0\u00bb<br>5 \u2013 Cr\u00e9ez un compte client si vous \u00eates nouveau client, identifiez-vous si vous avez d\u00e9j\u00e0 un compte client.<br>6 \u2013 Entrer l\u2019adresse \u00e0 laquelle vous souhaitez que votre colis soit livr\u00e9<br>7 \u2013 Choisissez votre moyen de paiement : Paiement par CB, Virement, Paypal<br>8 \u2013 Saisissez vos informations bancaires sur le site s\u00e9curis\u00e9 Stripe<br>Confirmation de commande<br><br>El&rsquo;aimant Air confirme par un mail automatique l\u2019acceptation de sa commande au client qui accepte de ce fait de recevoir toutes informations utiles pour sa commande par courrier \u00e9lectronique.<br><br><strong>Article 6 \u2013 Paiement :<\/strong><br><br>Le paiement correspondant aux articles command\u00e9s doit \u00eatre effectu\u00e9 dans sa totalit\u00e9 pour valider la commande et avant la livraison des articles. El&rsquo;aimant Air accepte les modes de paiement suivant :<br><br>PAIEMENT SECURISE PAR CARTE BANCAIRE<br><br>Le paiement s\u2019effectue directement dans un environnement s\u00e9curis\u00e9 aupr\u00e8s de notre partenaire soci\u00e9t\u00e9 Stripe. Les num\u00e9ros de cartes bancaires sont connus uniquement de la soci\u00e9t\u00e9 Stripe. La commande valid\u00e9e par le client ne sera consid\u00e9r\u00e9e effective que lorsque les centres de paiement bancaire de la soci\u00e9t\u00e9 Stripe auront donn\u00e9 leur accord. En cas de refus des centres de paiement bancaire Stripe, la commande sera automatiquement annul\u00e9e et le client pr\u00e9venu par courrier \u00e9lectronique.<br><br>PAIEMENT PAR PAYPAL<br><br>PAIEMENT PAR VIREMENT<br><br>La commande sera pr\u00e9par\u00e9e au plus tard 48h apr\u00e8s r\u00e9ception de la somme sur notre compte bancaire.<br><br><strong>Article 7 \u2013 Livraison :<\/strong><br><br>La livraison des articles et services pr\u00e9sent\u00e9s dans le site est r\u00e9serv\u00e9e aux clients qui r\u00e9sident en France M\u00e9tropolitaine, Corse, Belgique, Espagne, Pays-bas, Autriche, Italie, Portugal, Allemagne et Luxembourg et pour des livraisons requises dans ces zones g\u00e9ographiques.<br><br>Les commandes seront envoy\u00e9es en Colissimo France avec suivi, sans signature ou avec Mondial Relay.<br>Les tarifs de livraison sont calcul\u00e9s en fonction du lieu de livraison et du poids des articles command\u00e9s selon les tarifs appliqu\u00e9s par La Poste ou Mondial Relay.<br>Le client est tenu de v\u00e9rifier l\u2019\u00e9tat de l\u2019emballage et la conformit\u00e9 du article livr\u00e9, et d\u2019\u00e9mettre, le cas \u00e9ch\u00e9ant, toute r\u00e9serve dans les 14 jours selon la date de r\u00e9ception.<br>\u00a0<br><strong>Article 8 \u2013 R\u00e9tractation :<\/strong><br><br>Conform\u00e9ment \u00e0 l\u2019article L121-16 du code de la consommation, les clients, personnes physiques non professionnelles, b\u00e9n\u00e9ficient d\u2019un d\u00e9lai de r\u00e9tractation de 14 jours francs \u00e0 compter de la livraison de leur commande pour faire retour du ou des article(s) au vendeur pour \u00e9change ou remboursement sans p\u00e9nalit\u00e9.<br><br>Ce d\u00e9lai court \u00e0 compter de la date de r\u00e9ception des articles (signature du bordereau de livraison). Toutefois, lorsque le d\u00e9lai de 14 jours expire un samedi, un dimanche ou un jour f\u00e9ri\u00e9, il est prolong\u00e9 jusqu\u2019au premier jour ouvrable suivant.<br><br>Le client souhaitant exercer son droit de r\u00e9tractation devra retourner le ou les articles concern\u00e9s conform\u00e9ment \u00e0 notre \u00ab\u00a0<a href=\"https:\/\/elaimantair.fr\/boutique\/remboursements-retours\">Politique en mati\u00e8re de remboursement et de retour<\/a>\u00ab\u00a0<br><br><strong>Article 9 \u2013 Responsabilit\u00e9 :<\/strong><br><br>El&rsquo;aimant Air ne pourra \u00eatre tenu pour responsable de l\u2019inex\u00e9cution du contrat :<br>\u00a0\u2013 en cas de rupture de stock ou indisponibilit\u00e9 du article, de force majeure, de perturbation ou gr\u00e8ve totale ou partielle notamment des services postaux et moyens de transport et\/ou communications.<br>\u00a0\u2013 de tous dommages indirects qui pourraient survenir du fait de l\u2019achat des articles.<br>\u00a0\u2013 de tous dommages r\u00e9sultant de l\u2019utilisation du r\u00e9seau Internet tel que perte de donn\u00e9es, intrusion, virus, rupture du service, ou autres probl\u00e8mes involontaires.<br>\u00a0\u2013 de toutes pertes de donn\u00e9es ou fichiers, le client \u00e9tant lui-m\u00eame responsable des sauvegardes n\u00e9cessaires.<br>\u2013 des dommages r\u00e9sultant de l\u2019utilisation, de l\u2019acc\u00e8s ou de l\u2019incapacit\u00e9 \u00e0 utiliser des informations de tierces personnes et du contenu vers d\u2019autres sites web accessible par liens.<br><br><strong>Article 10 \u2013 Propri\u00e9t\u00e9 intellectuelle :<\/strong><br><br>Tous les \u00e9l\u00e9ments du site <a href=\"https:\/\/elaimantair.fr\/boutique\">www.elaimantair.fr\/boutique<\/a> sont et restent la propri\u00e9t\u00e9 exclusive de El&rsquo;aimant Air. Personne n\u2019est autoris\u00e9 \u00e0 reproduire, exploiter, rediffuser, ou utiliser \u00e0 quelque titre que ce soit, m\u00eame partiellement, des \u00e9l\u00e9ments du site qu\u2019ils soient logiciels, visuels ou sonores.<br><br><strong>Article 11 \u2013 Protection des donn\u00e9es personnelles :<\/strong><br><br>Conform\u00e9ment \u00e0 la loi n\u00b078-17 du 6 janvier 1978 relative \u00e0 l\u2019informatique, aux fichiers et aux libert\u00e9s, le client dispose d\u2019un droit d\u2019acc\u00e8s, de modification, de rectification et de suppression des donn\u00e9es le concernant. Pour exercer ce droit, le client pourra contacter\u00a0El&rsquo;aimant Air \u00e0 son adresse postale ou par mail.<br><br>Les informations \u00e0 caract\u00e8re nominatif collect\u00e9es dans le cadre de la vente \u00e0 distance sont n\u00e9cessaires pour le traitement et la livraison des commandes ainsi que pour l\u2019\u00e9tablissement des factures.\u00a0El&rsquo;aimant Air se r\u00e9serve donc le droit de collecter des informations sur le client, y compris en utilisant des cookies. Ces informations pourront faire l\u2019objet d\u2019un traitement automatis\u00e9. Ces informations sont strictement confidentielles et ne sont destin\u00e9es qu\u2019\u00e0\u00a0El&rsquo;aimant Air qui pourra \u00eatre susceptible d\u2019adresser au client des offres commerciales, et ce par tout moyen, dont la messagerie \u00e9lectronique.<br><br><strong>Article 12 \u2013 Droit applicable et juridiction comp\u00e9tente :<\/strong><br><br>Les pr\u00e9sentes Conditions G\u00e9n\u00e9rales de Vente sont soumises \u00e0 la loi Fran\u00e7aise. Toute commande pass\u00e9e induit l\u2019acceptation de celles-ci par le client.<br>Dans l\u2019hypoth\u00e8se de l\u2019apparition d\u2019un litige, le client et\u00a0El&rsquo;aimant Air s\u2019engagent avant toute action judiciaire \u00e0 rechercher une solution amiable. Dans un premier temps, vous devez nous adresser une r\u00e9clamation \u00e9crite \u00e0 l&rsquo;adresse : El&rsquo;aimant Air 8, rue de la forge 19130 Voutezac.<\/p>\n\n\n\n<p>Conform\u00e9ment aux dispositions du Code de la consommation concernant le r\u00e8glement amiable des litiges, le Client peut s&rsquo;adresser \u00e0 un m\u00e9diateur de la consommation. \u00c0 d\u00e9faut d&rsquo;accord amiable, le Client a la possibilit\u00e9 de saisir gratuitement le m\u00e9diateur de la consommation dont rel\u00e8ve El&rsquo;aimant Air, \u00e0 savoir : (En cours).<\/p>\n\n\n\n<p>En cas de litige, vous pouvez consulter la liste des organismes de r\u00e8glement extrajudiciaire des litiges de consommation dans les \u00c9tats membres de l&rsquo;UE \u00e0 l&rsquo;adresse suivante : <a href=\"https:\/\/consumer-redress.ec.europa.eu\/dispute-resolution-bodies\" target=\"_blank\" rel=\"noreferrer noopener\">https:\/\/consumer-redress.ec.europa.eu\/dispute-resolution-bodies<\/a>. Pour toute r\u00e9clamation, vous pouvez \u00e9galement nous contacter directement \u00e0 l&rsquo;adresse : contact@elaimantair.fr.<br><br>\u00a0<br>Fait \u00e0 Voutezac le 24 Janvier 2026.<\/p>\n","protected":false},"excerpt":{"rendered":"<p>Les pr\u00e9sentes conditions g\u00e9n\u00e9rales de vente s\u2019appliquent entre : Le site www.elaimantair.fr\/boutique immatricul\u00e9e au registre du commerce sous le N\u00b0 911939973 R.C.S. BriveSIREN N\u00b0 911939973 TVA non applicable, article 293 B du CGI. Adresse de l&rsquo;entreprise : El&rsquo;aimant Air8, rue de la forge19130 Voutezac Mail : contact@elaimantair.fr Mobile : 06.09.50.54.36 G\u00e9rante : Mme Rodrigues V\u00e9ronique [&hellip;]<\/p>\n","protected":false},"author":1,"featured_media":0,"parent":0,"menu_order":0,"comment_status":"closed","ping_status":"closed","template":"","meta":{"footnotes":""},"class_list":["post-889","page","type-page","status-publish","hentry"],"yoast_head":"<!-- This site is optimized with the Yoast SEO plugin v27.5 - https:\/\/yoast.com\/product\/yoast-seo-wordpress\/ -->\n<title>Conditions g\u00e9n\u00e9rales de vente - Boutique El&#039;aimant Air<\/title>\n<meta name=\"description\" content=\"Les pr\u00e9sentes conditions de vente visent \u00e0 d\u00e9finir les relations contractuelles et les conditions applicables \u00e0 tout achat entre El\u2019aimant Air et nos client.\" \/>\n<meta name=\"robots\" content=\"index, follow, max-snippet:-1, max-image-preview:large, max-video-preview:-1\" \/>\n<link rel=\"canonical\" href=\"https:\/\/elaimantair.fr\/boutique\/conditions-generales-de-vente\/\" \/>\n<meta property=\"og:locale\" content=\"fr_FR\" \/>\n<meta property=\"og:type\" content=\"article\" \/>\n<meta property=\"og:title\" content=\"Conditions g\u00e9n\u00e9rales de vente - Boutique El&#039;aimant Air\" \/>\n<meta property=\"og:description\" content=\"Les pr\u00e9sentes conditions de vente visent \u00e0 d\u00e9finir les relations contractuelles et les conditions applicables \u00e0 tout achat entre El\u2019aimant Air et nos client.\" \/>\n<meta property=\"og:url\" content=\"https:\/\/elaimantair.fr\/boutique\/conditions-generales-de-vente\/\" \/>\n<meta property=\"og:site_name\" content=\"Boutique El&#039;aimant Air\" \/>\n<meta property=\"article:publisher\" content=\"https:\/\/www.facebook.com\/louka.dou.5\" \/>\n<meta property=\"article:modified_time\" content=\"2026-01-24T02:11:39+00:00\" \/>\n<meta name=\"twitter:card\" content=\"summary_large_image\" \/>\n<meta name=\"twitter:site\" content=\"@AimantAir\" \/>\n<meta name=\"twitter:label1\" content=\"Dur\u00e9e de lecture estim\u00e9e\" \/>\n\t<meta name=\"twitter:data1\" content=\"9 minutes\" \/>\n<script type=\"application\/ld+json\" class=\"yoast-schema-graph\">{\"@context\":\"https:\\\/\\\/schema.org\",\"@graph\":[{\"@type\":\"WebPage\",\"@id\":\"https:\\\/\\\/elaimantair.fr\\\/boutique\\\/conditions-generales-de-vente\\\/\",\"url\":\"https:\\\/\\\/elaimantair.fr\\\/boutique\\\/conditions-generales-de-vente\\\/\",\"name\":\"Conditions g\u00e9n\u00e9rales de vente - Boutique El&#039;aimant Air\",\"isPartOf\":{\"@id\":\"https:\\\/\\\/elaimantair.fr\\\/boutique\\\/#website\"},\"datePublished\":\"2022-08-09T14:16:06+00:00\",\"dateModified\":\"2026-01-24T02:11:39+00:00\",\"description\":\"Les pr\u00e9sentes conditions de vente visent \u00e0 d\u00e9finir les relations contractuelles et les conditions applicables \u00e0 tout achat entre El\u2019aimant Air et nos client.\",\"breadcrumb\":{\"@id\":\"https:\\\/\\\/elaimantair.fr\\\/boutique\\\/conditions-generales-de-vente\\\/#breadcrumb\"},\"inLanguage\":\"fr-FR\",\"potentialAction\":[{\"@type\":\"ReadAction\",\"target\":[\"https:\\\/\\\/elaimantair.fr\\\/boutique\\\/conditions-generales-de-vente\\\/\"]}]},{\"@type\":\"BreadcrumbList\",\"@id\":\"https:\\\/\\\/elaimantair.fr\\\/boutique\\\/conditions-generales-de-vente\\\/#breadcrumb\",\"itemListElement\":[{\"@type\":\"ListItem\",\"position\":1,\"name\":\"Accueil boutique\",\"item\":\"https:\\\/\\\/elaimantair.fr\\\/boutique\\\/\"},{\"@type\":\"ListItem\",\"position\":2,\"name\":\"Conditions g\u00e9n\u00e9rales de vente\"}]},{\"@type\":\"WebSite\",\"@id\":\"https:\\\/\\\/elaimantair.fr\\\/boutique\\\/#website\",\"url\":\"https:\\\/\\\/elaimantair.fr\\\/boutique\\\/\",\"name\":\"Boutique El'aimant Air\",\"description\":\"Sublimer votre lumi\u00e8re\",\"publisher\":{\"@id\":\"https:\\\/\\\/elaimantair.fr\\\/boutique\\\/#organization\"},\"potentialAction\":[{\"@type\":\"SearchAction\",\"target\":{\"@type\":\"EntryPoint\",\"urlTemplate\":\"https:\\\/\\\/elaimantair.fr\\\/boutique\\\/?s={search_term_string}\"},\"query-input\":{\"@type\":\"PropertyValueSpecification\",\"valueRequired\":true,\"valueName\":\"search_term_string\"}}],\"inLanguage\":\"fr-FR\"},{\"@type\":\"Organization\",\"@id\":\"https:\\\/\\\/elaimantair.fr\\\/boutique\\\/#organization\",\"name\":\"El'aimant Air\",\"url\":\"https:\\\/\\\/elaimantair.fr\\\/boutique\\\/\",\"logo\":{\"@type\":\"ImageObject\",\"inLanguage\":\"fr-FR\",\"@id\":\"https:\\\/\\\/elaimantair.fr\\\/boutique\\\/#\\\/schema\\\/logo\\\/image\\\/\",\"url\":\"https:\\\/\\\/elaimantair.fr\\\/boutique\\\/wp-content\\\/uploads\\\/2022\\\/04\\\/elaimantairLogo-512.jpg\",\"contentUrl\":\"https:\\\/\\\/elaimantair.fr\\\/boutique\\\/wp-content\\\/uploads\\\/2022\\\/04\\\/elaimantairLogo-512.jpg\",\"width\":512,\"height\":512,\"caption\":\"El'aimant Air\"},\"image\":{\"@id\":\"https:\\\/\\\/elaimantair.fr\\\/boutique\\\/#\\\/schema\\\/logo\\\/image\\\/\"},\"sameAs\":[\"https:\\\/\\\/www.facebook.com\\\/louka.dou.5\",\"https:\\\/\\\/x.com\\\/AimantAir\",\"https:\\\/\\\/www.instagram.com\\\/elaimantair\",\"https:\\\/\\\/www.pinterest.com\\\/Elaimantair\\\/\"]}]}<\/script>\n<!-- \/ Yoast SEO plugin. -->","yoast_head_json":{"title":"Conditions g\u00e9n\u00e9rales de vente - Boutique El&#039;aimant Air","description":"Les pr\u00e9sentes conditions de vente visent \u00e0 d\u00e9finir les relations contractuelles et les conditions applicables \u00e0 tout achat entre El\u2019aimant Air et nos client.","robots":{"index":"index","follow":"follow","max-snippet":"max-snippet:-1","max-image-preview":"max-image-preview:large","max-video-preview":"max-video-preview:-1"},"canonical":"https:\/\/elaimantair.fr\/boutique\/conditions-generales-de-vente\/","og_locale":"fr_FR","og_type":"article","og_title":"Conditions g\u00e9n\u00e9rales de vente - Boutique El&#039;aimant Air","og_description":"Les pr\u00e9sentes conditions de vente visent \u00e0 d\u00e9finir les relations contractuelles et les conditions applicables \u00e0 tout achat entre El\u2019aimant Air et nos client.","og_url":"https:\/\/elaimantair.fr\/boutique\/conditions-generales-de-vente\/","og_site_name":"Boutique El&#039;aimant Air","article_publisher":"https:\/\/www.facebook.com\/louka.dou.5","article_modified_time":"2026-01-24T02:11:39+00:00","twitter_card":"summary_large_image","twitter_site":"@AimantAir","twitter_misc":{"Dur\u00e9e de lecture estim\u00e9e":"9 minutes"},"schema":{"@context":"https:\/\/schema.org","@graph":[{"@type":"WebPage","@id":"https:\/\/elaimantair.fr\/boutique\/conditions-generales-de-vente\/","url":"https:\/\/elaimantair.fr\/boutique\/conditions-generales-de-vente\/","name":"Conditions g\u00e9n\u00e9rales de vente - Boutique El&#039;aimant Air","isPartOf":{"@id":"https:\/\/elaimantair.fr\/boutique\/#website"},"datePublished":"2022-08-09T14:16:06+00:00","dateModified":"2026-01-24T02:11:39+00:00","description":"Les pr\u00e9sentes conditions de vente visent \u00e0 d\u00e9finir les relations contractuelles et les conditions applicables \u00e0 tout achat entre El\u2019aimant Air et nos client.","breadcrumb":{"@id":"https:\/\/elaimantair.fr\/boutique\/conditions-generales-de-vente\/#breadcrumb"},"inLanguage":"fr-FR","potentialAction":[{"@type":"ReadAction","target":["https:\/\/elaimantair.fr\/boutique\/conditions-generales-de-vente\/"]}]},{"@type":"BreadcrumbList","@id":"https:\/\/elaimantair.fr\/boutique\/conditions-generales-de-vente\/#breadcrumb","itemListElement":[{"@type":"ListItem","position":1,"name":"Accueil boutique","item":"https:\/\/elaimantair.fr\/boutique\/"},{"@type":"ListItem","position":2,"name":"Conditions g\u00e9n\u00e9rales de vente"}]},{"@type":"WebSite","@id":"https:\/\/elaimantair.fr\/boutique\/#website","url":"https:\/\/elaimantair.fr\/boutique\/","name":"Boutique El'aimant Air","description":"Sublimer votre lumi\u00e8re","publisher":{"@id":"https:\/\/elaimantair.fr\/boutique\/#organization"},"potentialAction":[{"@type":"SearchAction","target":{"@type":"EntryPoint","urlTemplate":"https:\/\/elaimantair.fr\/boutique\/?s={search_term_string}"},"query-input":{"@type":"PropertyValueSpecification","valueRequired":true,"valueName":"search_term_string"}}],"inLanguage":"fr-FR"},{"@type":"Organization","@id":"https:\/\/elaimantair.fr\/boutique\/#organization","name":"El'aimant Air","url":"https:\/\/elaimantair.fr\/boutique\/","logo":{"@type":"ImageObject","inLanguage":"fr-FR","@id":"https:\/\/elaimantair.fr\/boutique\/#\/schema\/logo\/image\/","url":"https:\/\/elaimantair.fr\/boutique\/wp-content\/uploads\/2022\/04\/elaimantairLogo-512.jpg","contentUrl":"https:\/\/elaimantair.fr\/boutique\/wp-content\/uploads\/2022\/04\/elaimantairLogo-512.jpg","width":512,"height":512,"caption":"El'aimant Air"},"image":{"@id":"https:\/\/elaimantair.fr\/boutique\/#\/schema\/logo\/image\/"},"sameAs":["https:\/\/www.facebook.com\/louka.dou.5","https:\/\/x.com\/AimantAir","https:\/\/www.instagram.com\/elaimantair","https:\/\/www.pinterest.com\/Elaimantair\/"]}]}},"jetpack_sharing_enabled":true,"_links":{"self":[{"href":"https:\/\/elaimantair.fr\/boutique\/wp-json\/wp\/v2\/pages\/889","targetHints":{"allow":["GET"]}}],"collection":[{"href":"https:\/\/elaimantair.fr\/boutique\/wp-json\/wp\/v2\/pages"}],"about":[{"href":"https:\/\/elaimantair.fr\/boutique\/wp-json\/wp\/v2\/types\/page"}],"author":[{"embeddable":true,"href":"https:\/\/elaimantair.fr\/boutique\/wp-json\/wp\/v2\/users\/1"}],"replies":[{"embeddable":true,"href":"https:\/\/elaimantair.fr\/boutique\/wp-json\/wp\/v2\/comments?post=889"}],"version-history":[{"count":0,"href":"https:\/\/elaimantair.fr\/boutique\/wp-json\/wp\/v2\/pages\/889\/revisions"}],"wp:attachment":[{"href":"https:\/\/elaimantair.fr\/boutique\/wp-json\/wp\/v2\/media?parent=889"}],"curies":[{"name":"wp","href":"https:\/\/api.w.org\/{rel}","templated":true}]}}