{"id":854,"date":"2022-08-07T19:58:35","date_gmt":"2022-08-07T17:58:35","guid":{"rendered":"https:\/\/elaimantair.fr\/boutique\/?page_id=854"},"modified":"2023-01-02T22:33:23","modified_gmt":"2023-01-02T21:33:23","slug":"tourmaline","status":"publish","type":"page","link":"https:\/\/elaimantair.fr\/boutique\/proprietes-des-mineraux\/tourmaline\/","title":{"rendered":"Tourmaline"},"content":{"rendered":"\n<div class=\"wp-block-columns are-vertically-aligned-center is-layout-flex wp-container-core-columns-is-layout-28f84493 wp-block-columns-is-layout-flex\">\n<div class=\"wp-block-column is-vertically-aligned-center is-layout-flow wp-block-column-is-layout-flow\" style=\"flex-basis:66.66%\">\n<p>Pierre du chakra racine, pour un bon enracinement.<br>Pierre de protection, elle d\u00e9vie les diverses \u00e9nergies n\u00e9gatives.<br>D\u00e9bloque et canalise l&rsquo;\u00e9nergie d&rsquo;une personne et aussi d&rsquo;une pi\u00e8ce.<\/p>\n<\/div>\n\n\n\n<div class=\"wp-block-column is-vertically-aligned-center is-layout-flow wp-block-column-is-layout-flow\" style=\"flex-basis:33.33%\"><\/div>\n<\/div>\n","protected":false},"excerpt":{"rendered":"<p>Pierre du chakra racine, pour un bon enracinement.Pierre de protection, elle d\u00e9vie les diverses \u00e9nergies n\u00e9gatives.D\u00e9bloque et canalise l&rsquo;\u00e9nergie d&rsquo;une personne et aussi d&rsquo;une pi\u00e8ce.<\/p>\n","protected":false},"author":1,"featured_media":0,"parent":769,"menu_order":0,"comment_status":"closed","ping_status":"closed","template":"template-fullwidth.php","meta":{"footnotes":""},"class_list":["post-854","page","type-page","status-publish","hentry"],"yoast_head":"<!-- This site is optimized with the Yoast SEO plugin v27.3 - https:\/\/yoast.com\/product\/yoast-seo-wordpress\/ -->\n<title>Tourmaline - Boutique El&#039;aimant Air<\/title>\n<meta name=\"robots\" content=\"index, follow, max-snippet:-1, max-image-preview:large, max-video-preview:-1\" \/>\n<link rel=\"canonical\" href=\"https:\/\/elaimantair.fr\/boutique\/proprietes-des-mineraux\/tourmaline\/\" \/>\n<meta property=\"og:locale\" content=\"fr_FR\" \/>\n<meta property=\"og:type\" content=\"article\" \/>\n<meta property=\"og:title\" content=\"Tourmaline - Boutique El&#039;aimant Air\" \/>\n<meta property=\"og:description\" content=\"Pierre du chakra racine, pour un bon enracinement.Pierre de protection, elle d\u00e9vie les diverses \u00e9nergies n\u00e9gatives.D\u00e9bloque et canalise l&rsquo;\u00e9nergie d&rsquo;une personne et aussi d&rsquo;une pi\u00e8ce.\" \/>\n<meta property=\"og:url\" content=\"https:\/\/elaimantair.fr\/boutique\/proprietes-des-mineraux\/tourmaline\/\" \/>\n<meta property=\"og:site_name\" content=\"Boutique El&#039;aimant Air\" \/>\n<meta property=\"article:publisher\" content=\"https:\/\/www.facebook.com\/louka.dou.5\" \/>\n<meta property=\"article:modified_time\" content=\"2023-01-02T21:33:23+00:00\" \/>\n<meta name=\"twitter:card\" content=\"summary_large_image\" \/>\n<meta name=\"twitter:site\" content=\"@AimantAir\" \/>\n<script type=\"application\/ld+json\" class=\"yoast-schema-graph\">{\"@context\":\"https:\\\/\\\/schema.org\",\"@graph\":[{\"@type\":\"WebPage\",\"@id\":\"https:\\\/\\\/elaimantair.fr\\\/boutique\\\/proprietes-des-mineraux\\\/tourmaline\\\/\",\"url\":\"https:\\\/\\\/elaimantair.fr\\\/boutique\\\/proprietes-des-mineraux\\\/tourmaline\\\/\",\"name\":\"Tourmaline - Boutique El&#039;aimant Air\",\"isPartOf\":{\"@id\":\"https:\\\/\\\/elaimantair.fr\\\/boutique\\\/#website\"},\"datePublished\":\"2022-08-07T17:58:35+00:00\",\"dateModified\":\"2023-01-02T21:33:23+00:00\",\"breadcrumb\":{\"@id\":\"https:\\\/\\\/elaimantair.fr\\\/boutique\\\/proprietes-des-mineraux\\\/tourmaline\\\/#breadcrumb\"},\"inLanguage\":\"fr-FR\",\"potentialAction\":[{\"@type\":\"ReadAction\",\"target\":[\"https:\\\/\\\/elaimantair.fr\\\/boutique\\\/proprietes-des-mineraux\\\/tourmaline\\\/\"]}]},{\"@type\":\"BreadcrumbList\",\"@id\":\"https:\\\/\\\/elaimantair.fr\\\/boutique\\\/proprietes-des-mineraux\\\/tourmaline\\\/#breadcrumb\",\"itemListElement\":[{\"@type\":\"ListItem\",\"position\":1,\"name\":\"Accueil boutique\",\"item\":\"https:\\\/\\\/elaimantair.fr\\\/boutique\\\/\"},{\"@type\":\"ListItem\",\"position\":2,\"name\":\"Propri\u00e9t\u00e9s des min\u00e9raux\",\"item\":\"https:\\\/\\\/elaimantair.fr\\\/boutique\\\/proprietes-des-mineraux\\\/\"},{\"@type\":\"ListItem\",\"position\":3,\"name\":\"Tourmaline\"}]},{\"@type\":\"WebSite\",\"@id\":\"https:\\\/\\\/elaimantair.fr\\\/boutique\\\/#website\",\"url\":\"https:\\\/\\\/elaimantair.fr\\\/boutique\\\/\",\"name\":\"Boutique El'aimant Air\",\"description\":\"Sublimer votre lumi\u00e8re\",\"publisher\":{\"@id\":\"https:\\\/\\\/elaimantair.fr\\\/boutique\\\/#organization\"},\"potentialAction\":[{\"@type\":\"SearchAction\",\"target\":{\"@type\":\"EntryPoint\",\"urlTemplate\":\"https:\\\/\\\/elaimantair.fr\\\/boutique\\\/?s={search_term_string}\"},\"query-input\":{\"@type\":\"PropertyValueSpecification\",\"valueRequired\":true,\"valueName\":\"search_term_string\"}}],\"inLanguage\":\"fr-FR\"},{\"@type\":\"Organization\",\"@id\":\"https:\\\/\\\/elaimantair.fr\\\/boutique\\\/#organization\",\"name\":\"El'aimant Air\",\"url\":\"https:\\\/\\\/elaimantair.fr\\\/boutique\\\/\",\"logo\":{\"@type\":\"ImageObject\",\"inLanguage\":\"fr-FR\",\"@id\":\"https:\\\/\\\/elaimantair.fr\\\/boutique\\\/#\\\/schema\\\/logo\\\/image\\\/\",\"url\":\"https:\\\/\\\/elaimantair.fr\\\/boutique\\\/wp-content\\\/uploads\\\/2022\\\/04\\\/elaimantairLogo-512.jpg\",\"contentUrl\":\"https:\\\/\\\/elaimantair.fr\\\/boutique\\\/wp-content\\\/uploads\\\/2022\\\/04\\\/elaimantairLogo-512.jpg\",\"width\":512,\"height\":512,\"caption\":\"El'aimant Air\"},\"image\":{\"@id\":\"https:\\\/\\\/elaimantair.fr\\\/boutique\\\/#\\\/schema\\\/logo\\\/image\\\/\"},\"sameAs\":[\"https:\\\/\\\/www.facebook.com\\\/louka.dou.5\",\"https:\\\/\\\/x.com\\\/AimantAir\",\"https:\\\/\\\/www.instagram.com\\\/elaimantair\",\"https:\\\/\\\/www.pinterest.com\\\/Elaimantair\\\/\"]}]}<\/script>\n<!-- \/ Yoast SEO plugin. -->","yoast_head_json":{"title":"Tourmaline - Boutique El&#039;aimant Air","robots":{"index":"index","follow":"follow","max-snippet":"max-snippet:-1","max-image-preview":"max-image-preview:large","max-video-preview":"max-video-preview:-1"},"canonical":"https:\/\/elaimantair.fr\/boutique\/proprietes-des-mineraux\/tourmaline\/","og_locale":"fr_FR","og_type":"article","og_title":"Tourmaline - Boutique El&#039;aimant Air","og_description":"Pierre du chakra racine, pour un bon enracinement.Pierre de protection, elle d\u00e9vie les diverses \u00e9nergies n\u00e9gatives.D\u00e9bloque et canalise l&rsquo;\u00e9nergie d&rsquo;une personne et aussi d&rsquo;une pi\u00e8ce.","og_url":"https:\/\/elaimantair.fr\/boutique\/proprietes-des-mineraux\/tourmaline\/","og_site_name":"Boutique El&#039;aimant Air","article_publisher":"https:\/\/www.facebook.com\/louka.dou.5","article_modified_time":"2023-01-02T21:33:23+00:00","twitter_card":"summary_large_image","twitter_site":"@AimantAir","schema":{"@context":"https:\/\/schema.org","@graph":[{"@type":"WebPage","@id":"https:\/\/elaimantair.fr\/boutique\/proprietes-des-mineraux\/tourmaline\/","url":"https:\/\/elaimantair.fr\/boutique\/proprietes-des-mineraux\/tourmaline\/","name":"Tourmaline - Boutique El&#039;aimant Air","isPartOf":{"@id":"https:\/\/elaimantair.fr\/boutique\/#website"},"datePublished":"2022-08-07T17:58:35+00:00","dateModified":"2023-01-02T21:33:23+00:00","breadcrumb":{"@id":"https:\/\/elaimantair.fr\/boutique\/proprietes-des-mineraux\/tourmaline\/#breadcrumb"},"inLanguage":"fr-FR","potentialAction":[{"@type":"ReadAction","target":["https:\/\/elaimantair.fr\/boutique\/proprietes-des-mineraux\/tourmaline\/"]}]},{"@type":"BreadcrumbList","@id":"https:\/\/elaimantair.fr\/boutique\/proprietes-des-mineraux\/tourmaline\/#breadcrumb","itemListElement":[{"@type":"ListItem","position":1,"name":"Accueil boutique","item":"https:\/\/elaimantair.fr\/boutique\/"},{"@type":"ListItem","position":2,"name":"Propri\u00e9t\u00e9s des min\u00e9raux","item":"https:\/\/elaimantair.fr\/boutique\/proprietes-des-mineraux\/"},{"@type":"ListItem","position":3,"name":"Tourmaline"}]},{"@type":"WebSite","@id":"https:\/\/elaimantair.fr\/boutique\/#website","url":"https:\/\/elaimantair.fr\/boutique\/","name":"Boutique El'aimant Air","description":"Sublimer votre lumi\u00e8re","publisher":{"@id":"https:\/\/elaimantair.fr\/boutique\/#organization"},"potentialAction":[{"@type":"SearchAction","target":{"@type":"EntryPoint","urlTemplate":"https:\/\/elaimantair.fr\/boutique\/?s={search_term_string}"},"query-input":{"@type":"PropertyValueSpecification","valueRequired":true,"valueName":"search_term_string"}}],"inLanguage":"fr-FR"},{"@type":"Organization","@id":"https:\/\/elaimantair.fr\/boutique\/#organization","name":"El'aimant Air","url":"https:\/\/elaimantair.fr\/boutique\/","logo":{"@type":"ImageObject","inLanguage":"fr-FR","@id":"https:\/\/elaimantair.fr\/boutique\/#\/schema\/logo\/image\/","url":"https:\/\/elaimantair.fr\/boutique\/wp-content\/uploads\/2022\/04\/elaimantairLogo-512.jpg","contentUrl":"https:\/\/elaimantair.fr\/boutique\/wp-content\/uploads\/2022\/04\/elaimantairLogo-512.jpg","width":512,"height":512,"caption":"El'aimant Air"},"image":{"@id":"https:\/\/elaimantair.fr\/boutique\/#\/schema\/logo\/image\/"},"sameAs":["https:\/\/www.facebook.com\/louka.dou.5","https:\/\/x.com\/AimantAir","https:\/\/www.instagram.com\/elaimantair","https:\/\/www.pinterest.com\/Elaimantair\/"]}]}},"jetpack_sharing_enabled":true,"_links":{"self":[{"href":"https:\/\/elaimantair.fr\/boutique\/wp-json\/wp\/v2\/pages\/854","targetHints":{"allow":["GET"]}}],"collection":[{"href":"https:\/\/elaimantair.fr\/boutique\/wp-json\/wp\/v2\/pages"}],"about":[{"href":"https:\/\/elaimantair.fr\/boutique\/wp-json\/wp\/v2\/types\/page"}],"author":[{"embeddable":true,"href":"https:\/\/elaimantair.fr\/boutique\/wp-json\/wp\/v2\/users\/1"}],"replies":[{"embeddable":true,"href":"https:\/\/elaimantair.fr\/boutique\/wp-json\/wp\/v2\/comments?post=854"}],"version-history":[{"count":0,"href":"https:\/\/elaimantair.fr\/boutique\/wp-json\/wp\/v2\/pages\/854\/revisions"}],"up":[{"embeddable":true,"href":"https:\/\/elaimantair.fr\/boutique\/wp-json\/wp\/v2\/pages\/769"}],"wp:attachment":[{"href":"https:\/\/elaimantair.fr\/boutique\/wp-json\/wp\/v2\/media?parent=854"}],"curies":[{"name":"wp","href":"https:\/\/api.w.org\/{rel}","templated":true}]}}