{"id":851,"date":"2022-08-07T19:48:58","date_gmt":"2022-08-07T17:48:58","guid":{"rendered":"https:\/\/elaimantair.fr\/boutique\/?page_id=851"},"modified":"2023-01-02T22:32:25","modified_gmt":"2023-01-02T21:32:25","slug":"sodalite","status":"publish","type":"page","link":"https:\/\/elaimantair.fr\/boutique\/proprietes-des-mineraux\/sodalite\/","title":{"rendered":"Sodalite"},"content":{"rendered":"\n<div class=\"wp-block-columns are-vertically-aligned-center is-layout-flex wp-container-core-columns-is-layout-28f84493 wp-block-columns-is-layout-flex\">\n<div class=\"wp-block-column is-vertically-aligned-center is-layout-flow wp-block-column-is-layout-flow\" style=\"flex-basis:66.66%\">\n<p>Pierre du chakra 3e \u0153il.<br>Elle est calmante et apaise le stress.<br>Elle est conseill\u00e9e pour avoir un bon sommeil ainsi que pour les animaux.<br>Elle clarifie le mental et l\u2019esprit.<br>Conseill\u00e9e pour la tyro\u00efde et la gorge.<br>Elle stimule le cerveau.<\/p>\n<\/div>\n\n\n\n<div class=\"wp-block-column is-vertically-aligned-center is-layout-flow wp-block-column-is-layout-flow\" style=\"flex-basis:33.33%\"><\/div>\n<\/div>\n","protected":false},"excerpt":{"rendered":"<p>Pierre du chakra 3e \u0153il.Elle est calmante et apaise le stress.Elle est conseill\u00e9e pour avoir un bon sommeil ainsi que pour les animaux.Elle clarifie le mental et l\u2019esprit.Conseill\u00e9e pour la tyro\u00efde et la gorge.Elle stimule le cerveau.<\/p>\n","protected":false},"author":1,"featured_media":0,"parent":769,"menu_order":0,"comment_status":"closed","ping_status":"closed","template":"template-fullwidth.php","meta":{"footnotes":""},"class_list":["post-851","page","type-page","status-publish","hentry"],"yoast_head":"<!-- This site is optimized with the Yoast SEO plugin v27.5 - https:\/\/yoast.com\/product\/yoast-seo-wordpress\/ -->\n<title>Sodalite - Boutique El&#039;aimant Air<\/title>\n<meta name=\"robots\" content=\"index, follow, max-snippet:-1, max-image-preview:large, max-video-preview:-1\" \/>\n<link rel=\"canonical\" href=\"https:\/\/elaimantair.fr\/boutique\/proprietes-des-mineraux\/sodalite\/\" \/>\n<meta property=\"og:locale\" content=\"fr_FR\" \/>\n<meta property=\"og:type\" content=\"article\" \/>\n<meta property=\"og:title\" content=\"Sodalite - Boutique El&#039;aimant Air\" \/>\n<meta property=\"og:description\" content=\"Pierre du chakra 3e \u0153il.Elle est calmante et apaise le stress.Elle est conseill\u00e9e pour avoir un bon sommeil ainsi que pour les animaux.Elle clarifie le mental et l\u2019esprit.Conseill\u00e9e pour la tyro\u00efde et la gorge.Elle stimule le cerveau.\" \/>\n<meta property=\"og:url\" content=\"https:\/\/elaimantair.fr\/boutique\/proprietes-des-mineraux\/sodalite\/\" \/>\n<meta property=\"og:site_name\" content=\"Boutique El&#039;aimant Air\" \/>\n<meta property=\"article:publisher\" content=\"https:\/\/www.facebook.com\/louka.dou.5\" \/>\n<meta property=\"article:modified_time\" content=\"2023-01-02T21:32:25+00:00\" \/>\n<meta name=\"twitter:card\" content=\"summary_large_image\" \/>\n<meta name=\"twitter:site\" content=\"@AimantAir\" \/>\n<script type=\"application\/ld+json\" class=\"yoast-schema-graph\">{\"@context\":\"https:\\\/\\\/schema.org\",\"@graph\":[{\"@type\":\"WebPage\",\"@id\":\"https:\\\/\\\/elaimantair.fr\\\/boutique\\\/proprietes-des-mineraux\\\/sodalite\\\/\",\"url\":\"https:\\\/\\\/elaimantair.fr\\\/boutique\\\/proprietes-des-mineraux\\\/sodalite\\\/\",\"name\":\"Sodalite - Boutique El&#039;aimant Air\",\"isPartOf\":{\"@id\":\"https:\\\/\\\/elaimantair.fr\\\/boutique\\\/#website\"},\"datePublished\":\"2022-08-07T17:48:58+00:00\",\"dateModified\":\"2023-01-02T21:32:25+00:00\",\"breadcrumb\":{\"@id\":\"https:\\\/\\\/elaimantair.fr\\\/boutique\\\/proprietes-des-mineraux\\\/sodalite\\\/#breadcrumb\"},\"inLanguage\":\"fr-FR\",\"potentialAction\":[{\"@type\":\"ReadAction\",\"target\":[\"https:\\\/\\\/elaimantair.fr\\\/boutique\\\/proprietes-des-mineraux\\\/sodalite\\\/\"]}]},{\"@type\":\"BreadcrumbList\",\"@id\":\"https:\\\/\\\/elaimantair.fr\\\/boutique\\\/proprietes-des-mineraux\\\/sodalite\\\/#breadcrumb\",\"itemListElement\":[{\"@type\":\"ListItem\",\"position\":1,\"name\":\"Accueil boutique\",\"item\":\"https:\\\/\\\/elaimantair.fr\\\/boutique\\\/\"},{\"@type\":\"ListItem\",\"position\":2,\"name\":\"Propri\u00e9t\u00e9s des min\u00e9raux\",\"item\":\"https:\\\/\\\/elaimantair.fr\\\/boutique\\\/proprietes-des-mineraux\\\/\"},{\"@type\":\"ListItem\",\"position\":3,\"name\":\"Sodalite\"}]},{\"@type\":\"WebSite\",\"@id\":\"https:\\\/\\\/elaimantair.fr\\\/boutique\\\/#website\",\"url\":\"https:\\\/\\\/elaimantair.fr\\\/boutique\\\/\",\"name\":\"Boutique El'aimant Air\",\"description\":\"Sublimer votre lumi\u00e8re\",\"publisher\":{\"@id\":\"https:\\\/\\\/elaimantair.fr\\\/boutique\\\/#organization\"},\"potentialAction\":[{\"@type\":\"SearchAction\",\"target\":{\"@type\":\"EntryPoint\",\"urlTemplate\":\"https:\\\/\\\/elaimantair.fr\\\/boutique\\\/?s={search_term_string}\"},\"query-input\":{\"@type\":\"PropertyValueSpecification\",\"valueRequired\":true,\"valueName\":\"search_term_string\"}}],\"inLanguage\":\"fr-FR\"},{\"@type\":\"Organization\",\"@id\":\"https:\\\/\\\/elaimantair.fr\\\/boutique\\\/#organization\",\"name\":\"El'aimant Air\",\"url\":\"https:\\\/\\\/elaimantair.fr\\\/boutique\\\/\",\"logo\":{\"@type\":\"ImageObject\",\"inLanguage\":\"fr-FR\",\"@id\":\"https:\\\/\\\/elaimantair.fr\\\/boutique\\\/#\\\/schema\\\/logo\\\/image\\\/\",\"url\":\"https:\\\/\\\/elaimantair.fr\\\/boutique\\\/wp-content\\\/uploads\\\/2022\\\/04\\\/elaimantairLogo-512.jpg\",\"contentUrl\":\"https:\\\/\\\/elaimantair.fr\\\/boutique\\\/wp-content\\\/uploads\\\/2022\\\/04\\\/elaimantairLogo-512.jpg\",\"width\":512,\"height\":512,\"caption\":\"El'aimant Air\"},\"image\":{\"@id\":\"https:\\\/\\\/elaimantair.fr\\\/boutique\\\/#\\\/schema\\\/logo\\\/image\\\/\"},\"sameAs\":[\"https:\\\/\\\/www.facebook.com\\\/louka.dou.5\",\"https:\\\/\\\/x.com\\\/AimantAir\",\"https:\\\/\\\/www.instagram.com\\\/elaimantair\",\"https:\\\/\\\/www.pinterest.com\\\/Elaimantair\\\/\"]}]}<\/script>\n<!-- \/ Yoast SEO plugin. -->","yoast_head_json":{"title":"Sodalite - Boutique El&#039;aimant Air","robots":{"index":"index","follow":"follow","max-snippet":"max-snippet:-1","max-image-preview":"max-image-preview:large","max-video-preview":"max-video-preview:-1"},"canonical":"https:\/\/elaimantair.fr\/boutique\/proprietes-des-mineraux\/sodalite\/","og_locale":"fr_FR","og_type":"article","og_title":"Sodalite - Boutique El&#039;aimant Air","og_description":"Pierre du chakra 3e \u0153il.Elle est calmante et apaise le stress.Elle est conseill\u00e9e pour avoir un bon sommeil ainsi que pour les animaux.Elle clarifie le mental et l\u2019esprit.Conseill\u00e9e pour la tyro\u00efde et la gorge.Elle stimule le cerveau.","og_url":"https:\/\/elaimantair.fr\/boutique\/proprietes-des-mineraux\/sodalite\/","og_site_name":"Boutique El&#039;aimant Air","article_publisher":"https:\/\/www.facebook.com\/louka.dou.5","article_modified_time":"2023-01-02T21:32:25+00:00","twitter_card":"summary_large_image","twitter_site":"@AimantAir","schema":{"@context":"https:\/\/schema.org","@graph":[{"@type":"WebPage","@id":"https:\/\/elaimantair.fr\/boutique\/proprietes-des-mineraux\/sodalite\/","url":"https:\/\/elaimantair.fr\/boutique\/proprietes-des-mineraux\/sodalite\/","name":"Sodalite - Boutique El&#039;aimant Air","isPartOf":{"@id":"https:\/\/elaimantair.fr\/boutique\/#website"},"datePublished":"2022-08-07T17:48:58+00:00","dateModified":"2023-01-02T21:32:25+00:00","breadcrumb":{"@id":"https:\/\/elaimantair.fr\/boutique\/proprietes-des-mineraux\/sodalite\/#breadcrumb"},"inLanguage":"fr-FR","potentialAction":[{"@type":"ReadAction","target":["https:\/\/elaimantair.fr\/boutique\/proprietes-des-mineraux\/sodalite\/"]}]},{"@type":"BreadcrumbList","@id":"https:\/\/elaimantair.fr\/boutique\/proprietes-des-mineraux\/sodalite\/#breadcrumb","itemListElement":[{"@type":"ListItem","position":1,"name":"Accueil boutique","item":"https:\/\/elaimantair.fr\/boutique\/"},{"@type":"ListItem","position":2,"name":"Propri\u00e9t\u00e9s des min\u00e9raux","item":"https:\/\/elaimantair.fr\/boutique\/proprietes-des-mineraux\/"},{"@type":"ListItem","position":3,"name":"Sodalite"}]},{"@type":"WebSite","@id":"https:\/\/elaimantair.fr\/boutique\/#website","url":"https:\/\/elaimantair.fr\/boutique\/","name":"Boutique El'aimant Air","description":"Sublimer votre lumi\u00e8re","publisher":{"@id":"https:\/\/elaimantair.fr\/boutique\/#organization"},"potentialAction":[{"@type":"SearchAction","target":{"@type":"EntryPoint","urlTemplate":"https:\/\/elaimantair.fr\/boutique\/?s={search_term_string}"},"query-input":{"@type":"PropertyValueSpecification","valueRequired":true,"valueName":"search_term_string"}}],"inLanguage":"fr-FR"},{"@type":"Organization","@id":"https:\/\/elaimantair.fr\/boutique\/#organization","name":"El'aimant Air","url":"https:\/\/elaimantair.fr\/boutique\/","logo":{"@type":"ImageObject","inLanguage":"fr-FR","@id":"https:\/\/elaimantair.fr\/boutique\/#\/schema\/logo\/image\/","url":"https:\/\/elaimantair.fr\/boutique\/wp-content\/uploads\/2022\/04\/elaimantairLogo-512.jpg","contentUrl":"https:\/\/elaimantair.fr\/boutique\/wp-content\/uploads\/2022\/04\/elaimantairLogo-512.jpg","width":512,"height":512,"caption":"El'aimant Air"},"image":{"@id":"https:\/\/elaimantair.fr\/boutique\/#\/schema\/logo\/image\/"},"sameAs":["https:\/\/www.facebook.com\/louka.dou.5","https:\/\/x.com\/AimantAir","https:\/\/www.instagram.com\/elaimantair","https:\/\/www.pinterest.com\/Elaimantair\/"]}]}},"jetpack_sharing_enabled":true,"_links":{"self":[{"href":"https:\/\/elaimantair.fr\/boutique\/wp-json\/wp\/v2\/pages\/851","targetHints":{"allow":["GET"]}}],"collection":[{"href":"https:\/\/elaimantair.fr\/boutique\/wp-json\/wp\/v2\/pages"}],"about":[{"href":"https:\/\/elaimantair.fr\/boutique\/wp-json\/wp\/v2\/types\/page"}],"author":[{"embeddable":true,"href":"https:\/\/elaimantair.fr\/boutique\/wp-json\/wp\/v2\/users\/1"}],"replies":[{"embeddable":true,"href":"https:\/\/elaimantair.fr\/boutique\/wp-json\/wp\/v2\/comments?post=851"}],"version-history":[{"count":0,"href":"https:\/\/elaimantair.fr\/boutique\/wp-json\/wp\/v2\/pages\/851\/revisions"}],"up":[{"embeddable":true,"href":"https:\/\/elaimantair.fr\/boutique\/wp-json\/wp\/v2\/pages\/769"}],"wp:attachment":[{"href":"https:\/\/elaimantair.fr\/boutique\/wp-json\/wp\/v2\/media?parent=851"}],"curies":[{"name":"wp","href":"https:\/\/api.w.org\/{rel}","templated":true}]}}