{"id":827,"date":"2022-08-07T19:40:49","date_gmt":"2022-08-07T17:40:49","guid":{"rendered":"https:\/\/elaimantair.fr\/boutique\/?page_id=827"},"modified":"2023-01-02T20:15:28","modified_gmt":"2023-01-02T19:15:28","slug":"aventurine","status":"publish","type":"page","link":"https:\/\/elaimantair.fr\/boutique\/proprietes-des-mineraux\/aventurine\/","title":{"rendered":"Aventurine"},"content":{"rendered":"\n<div class=\"wp-block-columns are-vertically-aligned-center is-layout-flex wp-container-core-columns-is-layout-28f84493 wp-block-columns-is-layout-flex\">\n<div class=\"wp-block-column is-vertically-aligned-center is-layout-flow wp-block-column-is-layout-flow\" style=\"flex-basis:66.66%\">\n<p>Pierre du chakra c\u0153ur.<br>Pierre qui apaise et permet de g\u00e9rer vos surplus d&rsquo;\u00e9motion.<br>Elle prot\u00e8ge des vampires \u00e9nerg\u00e9tique et permet une connexion renforc\u00e9e d&rsquo;Amour avec vos guides.<\/p>\n<\/div>\n\n\n\n<div class=\"wp-block-column is-vertically-aligned-center is-layout-flow wp-block-column-is-layout-flow\" style=\"flex-basis:33.33%\">\n<figure class=\"wp-block-image size-large is-resized\"><img decoding=\"async\" src=\"https:\/\/elaimantair.fr\/boutique\/wp-content\/uploads\/2023\/01\/aventurine-682x1024.jpg\" alt=\"\" class=\"wp-image-1156\" width=\"180\" height=\"270\" srcset=\"https:\/\/elaimantair.fr\/boutique\/wp-content\/uploads\/2023\/01\/aventurine-682x1024.jpg 682w, https:\/\/elaimantair.fr\/boutique\/wp-content\/uploads\/2023\/01\/aventurine-200x300.jpg 200w, https:\/\/elaimantair.fr\/boutique\/wp-content\/uploads\/2023\/01\/aventurine-768x1153.jpg 768w, https:\/\/elaimantair.fr\/boutique\/wp-content\/uploads\/2023\/01\/aventurine-1023x1536.jpg 1023w, https:\/\/elaimantair.fr\/boutique\/wp-content\/uploads\/2023\/01\/aventurine-1364x2048.jpg 1364w, https:\/\/elaimantair.fr\/boutique\/wp-content\/uploads\/2023\/01\/aventurine-1320x1982.jpg 1320w, https:\/\/elaimantair.fr\/boutique\/wp-content\/uploads\/2023\/01\/aventurine-416x625.jpg 416w, https:\/\/elaimantair.fr\/boutique\/wp-content\/uploads\/2023\/01\/aventurine-scaled.jpg 1705w\" sizes=\"(max-width: 180px) 100vw, 180px\" \/><\/figure>\n<\/div>\n<\/div>\n","protected":false},"excerpt":{"rendered":"<p>Pierre du chakra c\u0153ur.Pierre qui apaise et permet de g\u00e9rer vos surplus d&rsquo;\u00e9motion.Elle prot\u00e8ge des vampires \u00e9nerg\u00e9tique et permet une connexion renforc\u00e9e d&rsquo;Amour avec vos guides.<\/p>\n","protected":false},"author":1,"featured_media":0,"parent":769,"menu_order":0,"comment_status":"closed","ping_status":"closed","template":"template-fullwidth.php","meta":{"footnotes":""},"class_list":["post-827","page","type-page","status-publish","hentry"],"yoast_head":"<!-- This site is optimized with the Yoast SEO plugin v27.3 - https:\/\/yoast.com\/product\/yoast-seo-wordpress\/ -->\n<title>Aventurine - Boutique El&#039;aimant Air<\/title>\n<meta name=\"robots\" content=\"index, follow, max-snippet:-1, max-image-preview:large, max-video-preview:-1\" \/>\n<link rel=\"canonical\" href=\"https:\/\/elaimantair.fr\/boutique\/proprietes-des-mineraux\/aventurine\/\" \/>\n<meta property=\"og:locale\" content=\"fr_FR\" \/>\n<meta property=\"og:type\" content=\"article\" \/>\n<meta property=\"og:title\" content=\"Aventurine - Boutique El&#039;aimant Air\" \/>\n<meta property=\"og:description\" content=\"Pierre du chakra c\u0153ur.Pierre qui apaise et permet de g\u00e9rer vos surplus d&rsquo;\u00e9motion.Elle prot\u00e8ge des vampires \u00e9nerg\u00e9tique et permet une connexion renforc\u00e9e d&rsquo;Amour avec vos guides.\" \/>\n<meta property=\"og:url\" content=\"https:\/\/elaimantair.fr\/boutique\/proprietes-des-mineraux\/aventurine\/\" \/>\n<meta property=\"og:site_name\" content=\"Boutique El&#039;aimant Air\" \/>\n<meta property=\"article:publisher\" content=\"https:\/\/www.facebook.com\/louka.dou.5\" \/>\n<meta property=\"article:modified_time\" content=\"2023-01-02T19:15:28+00:00\" \/>\n<meta property=\"og:image\" content=\"https:\/\/elaimantair.fr\/boutique\/wp-content\/uploads\/2023\/01\/aventurine-682x1024.jpg\" \/>\n<meta name=\"twitter:card\" content=\"summary_large_image\" \/>\n<meta name=\"twitter:site\" content=\"@AimantAir\" \/>\n<script type=\"application\/ld+json\" class=\"yoast-schema-graph\">{\"@context\":\"https:\\\/\\\/schema.org\",\"@graph\":[{\"@type\":\"WebPage\",\"@id\":\"https:\\\/\\\/elaimantair.fr\\\/boutique\\\/proprietes-des-mineraux\\\/aventurine\\\/\",\"url\":\"https:\\\/\\\/elaimantair.fr\\\/boutique\\\/proprietes-des-mineraux\\\/aventurine\\\/\",\"name\":\"Aventurine - Boutique El&#039;aimant Air\",\"isPartOf\":{\"@id\":\"https:\\\/\\\/elaimantair.fr\\\/boutique\\\/#website\"},\"primaryImageOfPage\":{\"@id\":\"https:\\\/\\\/elaimantair.fr\\\/boutique\\\/proprietes-des-mineraux\\\/aventurine\\\/#primaryimage\"},\"image\":{\"@id\":\"https:\\\/\\\/elaimantair.fr\\\/boutique\\\/proprietes-des-mineraux\\\/aventurine\\\/#primaryimage\"},\"thumbnailUrl\":\"https:\\\/\\\/elaimantair.fr\\\/boutique\\\/wp-content\\\/uploads\\\/2023\\\/01\\\/aventurine-682x1024.jpg\",\"datePublished\":\"2022-08-07T17:40:49+00:00\",\"dateModified\":\"2023-01-02T19:15:28+00:00\",\"breadcrumb\":{\"@id\":\"https:\\\/\\\/elaimantair.fr\\\/boutique\\\/proprietes-des-mineraux\\\/aventurine\\\/#breadcrumb\"},\"inLanguage\":\"fr-FR\",\"potentialAction\":[{\"@type\":\"ReadAction\",\"target\":[\"https:\\\/\\\/elaimantair.fr\\\/boutique\\\/proprietes-des-mineraux\\\/aventurine\\\/\"]}]},{\"@type\":\"ImageObject\",\"inLanguage\":\"fr-FR\",\"@id\":\"https:\\\/\\\/elaimantair.fr\\\/boutique\\\/proprietes-des-mineraux\\\/aventurine\\\/#primaryimage\",\"url\":\"https:\\\/\\\/elaimantair.fr\\\/boutique\\\/wp-content\\\/uploads\\\/2023\\\/01\\\/aventurine-scaled.jpg\",\"contentUrl\":\"https:\\\/\\\/elaimantair.fr\\\/boutique\\\/wp-content\\\/uploads\\\/2023\\\/01\\\/aventurine-scaled.jpg\",\"width\":1705,\"height\":2560,\"caption\":\"\u0633\u0646\u06af \u062f\u0644\u0631\u0628\u0627\"},{\"@type\":\"BreadcrumbList\",\"@id\":\"https:\\\/\\\/elaimantair.fr\\\/boutique\\\/proprietes-des-mineraux\\\/aventurine\\\/#breadcrumb\",\"itemListElement\":[{\"@type\":\"ListItem\",\"position\":1,\"name\":\"Accueil boutique\",\"item\":\"https:\\\/\\\/elaimantair.fr\\\/boutique\\\/\"},{\"@type\":\"ListItem\",\"position\":2,\"name\":\"Propri\u00e9t\u00e9s des min\u00e9raux\",\"item\":\"https:\\\/\\\/elaimantair.fr\\\/boutique\\\/proprietes-des-mineraux\\\/\"},{\"@type\":\"ListItem\",\"position\":3,\"name\":\"Aventurine\"}]},{\"@type\":\"WebSite\",\"@id\":\"https:\\\/\\\/elaimantair.fr\\\/boutique\\\/#website\",\"url\":\"https:\\\/\\\/elaimantair.fr\\\/boutique\\\/\",\"name\":\"Boutique El'aimant Air\",\"description\":\"Sublimer votre lumi\u00e8re\",\"publisher\":{\"@id\":\"https:\\\/\\\/elaimantair.fr\\\/boutique\\\/#organization\"},\"potentialAction\":[{\"@type\":\"SearchAction\",\"target\":{\"@type\":\"EntryPoint\",\"urlTemplate\":\"https:\\\/\\\/elaimantair.fr\\\/boutique\\\/?s={search_term_string}\"},\"query-input\":{\"@type\":\"PropertyValueSpecification\",\"valueRequired\":true,\"valueName\":\"search_term_string\"}}],\"inLanguage\":\"fr-FR\"},{\"@type\":\"Organization\",\"@id\":\"https:\\\/\\\/elaimantair.fr\\\/boutique\\\/#organization\",\"name\":\"El'aimant Air\",\"url\":\"https:\\\/\\\/elaimantair.fr\\\/boutique\\\/\",\"logo\":{\"@type\":\"ImageObject\",\"inLanguage\":\"fr-FR\",\"@id\":\"https:\\\/\\\/elaimantair.fr\\\/boutique\\\/#\\\/schema\\\/logo\\\/image\\\/\",\"url\":\"https:\\\/\\\/elaimantair.fr\\\/boutique\\\/wp-content\\\/uploads\\\/2022\\\/04\\\/elaimantairLogo-512.jpg\",\"contentUrl\":\"https:\\\/\\\/elaimantair.fr\\\/boutique\\\/wp-content\\\/uploads\\\/2022\\\/04\\\/elaimantairLogo-512.jpg\",\"width\":512,\"height\":512,\"caption\":\"El'aimant Air\"},\"image\":{\"@id\":\"https:\\\/\\\/elaimantair.fr\\\/boutique\\\/#\\\/schema\\\/logo\\\/image\\\/\"},\"sameAs\":[\"https:\\\/\\\/www.facebook.com\\\/louka.dou.5\",\"https:\\\/\\\/x.com\\\/AimantAir\",\"https:\\\/\\\/www.instagram.com\\\/elaimantair\",\"https:\\\/\\\/www.pinterest.com\\\/Elaimantair\\\/\"]}]}<\/script>\n<!-- \/ Yoast SEO plugin. -->","yoast_head_json":{"title":"Aventurine - Boutique El&#039;aimant Air","robots":{"index":"index","follow":"follow","max-snippet":"max-snippet:-1","max-image-preview":"max-image-preview:large","max-video-preview":"max-video-preview:-1"},"canonical":"https:\/\/elaimantair.fr\/boutique\/proprietes-des-mineraux\/aventurine\/","og_locale":"fr_FR","og_type":"article","og_title":"Aventurine - Boutique El&#039;aimant Air","og_description":"Pierre du chakra c\u0153ur.Pierre qui apaise et permet de g\u00e9rer vos surplus d&rsquo;\u00e9motion.Elle prot\u00e8ge des vampires \u00e9nerg\u00e9tique et permet une connexion renforc\u00e9e d&rsquo;Amour avec vos guides.","og_url":"https:\/\/elaimantair.fr\/boutique\/proprietes-des-mineraux\/aventurine\/","og_site_name":"Boutique El&#039;aimant Air","article_publisher":"https:\/\/www.facebook.com\/louka.dou.5","article_modified_time":"2023-01-02T19:15:28+00:00","og_image":[{"url":"https:\/\/elaimantair.fr\/boutique\/wp-content\/uploads\/2023\/01\/aventurine-682x1024.jpg","type":"","width":"","height":""}],"twitter_card":"summary_large_image","twitter_site":"@AimantAir","schema":{"@context":"https:\/\/schema.org","@graph":[{"@type":"WebPage","@id":"https:\/\/elaimantair.fr\/boutique\/proprietes-des-mineraux\/aventurine\/","url":"https:\/\/elaimantair.fr\/boutique\/proprietes-des-mineraux\/aventurine\/","name":"Aventurine - Boutique El&#039;aimant Air","isPartOf":{"@id":"https:\/\/elaimantair.fr\/boutique\/#website"},"primaryImageOfPage":{"@id":"https:\/\/elaimantair.fr\/boutique\/proprietes-des-mineraux\/aventurine\/#primaryimage"},"image":{"@id":"https:\/\/elaimantair.fr\/boutique\/proprietes-des-mineraux\/aventurine\/#primaryimage"},"thumbnailUrl":"https:\/\/elaimantair.fr\/boutique\/wp-content\/uploads\/2023\/01\/aventurine-682x1024.jpg","datePublished":"2022-08-07T17:40:49+00:00","dateModified":"2023-01-02T19:15:28+00:00","breadcrumb":{"@id":"https:\/\/elaimantair.fr\/boutique\/proprietes-des-mineraux\/aventurine\/#breadcrumb"},"inLanguage":"fr-FR","potentialAction":[{"@type":"ReadAction","target":["https:\/\/elaimantair.fr\/boutique\/proprietes-des-mineraux\/aventurine\/"]}]},{"@type":"ImageObject","inLanguage":"fr-FR","@id":"https:\/\/elaimantair.fr\/boutique\/proprietes-des-mineraux\/aventurine\/#primaryimage","url":"https:\/\/elaimantair.fr\/boutique\/wp-content\/uploads\/2023\/01\/aventurine-scaled.jpg","contentUrl":"https:\/\/elaimantair.fr\/boutique\/wp-content\/uploads\/2023\/01\/aventurine-scaled.jpg","width":1705,"height":2560,"caption":"\u0633\u0646\u06af \u062f\u0644\u0631\u0628\u0627"},{"@type":"BreadcrumbList","@id":"https:\/\/elaimantair.fr\/boutique\/proprietes-des-mineraux\/aventurine\/#breadcrumb","itemListElement":[{"@type":"ListItem","position":1,"name":"Accueil boutique","item":"https:\/\/elaimantair.fr\/boutique\/"},{"@type":"ListItem","position":2,"name":"Propri\u00e9t\u00e9s des min\u00e9raux","item":"https:\/\/elaimantair.fr\/boutique\/proprietes-des-mineraux\/"},{"@type":"ListItem","position":3,"name":"Aventurine"}]},{"@type":"WebSite","@id":"https:\/\/elaimantair.fr\/boutique\/#website","url":"https:\/\/elaimantair.fr\/boutique\/","name":"Boutique El'aimant Air","description":"Sublimer votre lumi\u00e8re","publisher":{"@id":"https:\/\/elaimantair.fr\/boutique\/#organization"},"potentialAction":[{"@type":"SearchAction","target":{"@type":"EntryPoint","urlTemplate":"https:\/\/elaimantair.fr\/boutique\/?s={search_term_string}"},"query-input":{"@type":"PropertyValueSpecification","valueRequired":true,"valueName":"search_term_string"}}],"inLanguage":"fr-FR"},{"@type":"Organization","@id":"https:\/\/elaimantair.fr\/boutique\/#organization","name":"El'aimant Air","url":"https:\/\/elaimantair.fr\/boutique\/","logo":{"@type":"ImageObject","inLanguage":"fr-FR","@id":"https:\/\/elaimantair.fr\/boutique\/#\/schema\/logo\/image\/","url":"https:\/\/elaimantair.fr\/boutique\/wp-content\/uploads\/2022\/04\/elaimantairLogo-512.jpg","contentUrl":"https:\/\/elaimantair.fr\/boutique\/wp-content\/uploads\/2022\/04\/elaimantairLogo-512.jpg","width":512,"height":512,"caption":"El'aimant Air"},"image":{"@id":"https:\/\/elaimantair.fr\/boutique\/#\/schema\/logo\/image\/"},"sameAs":["https:\/\/www.facebook.com\/louka.dou.5","https:\/\/x.com\/AimantAir","https:\/\/www.instagram.com\/elaimantair","https:\/\/www.pinterest.com\/Elaimantair\/"]}]}},"jetpack_sharing_enabled":true,"_links":{"self":[{"href":"https:\/\/elaimantair.fr\/boutique\/wp-json\/wp\/v2\/pages\/827","targetHints":{"allow":["GET"]}}],"collection":[{"href":"https:\/\/elaimantair.fr\/boutique\/wp-json\/wp\/v2\/pages"}],"about":[{"href":"https:\/\/elaimantair.fr\/boutique\/wp-json\/wp\/v2\/types\/page"}],"author":[{"embeddable":true,"href":"https:\/\/elaimantair.fr\/boutique\/wp-json\/wp\/v2\/users\/1"}],"replies":[{"embeddable":true,"href":"https:\/\/elaimantair.fr\/boutique\/wp-json\/wp\/v2\/comments?post=827"}],"version-history":[{"count":0,"href":"https:\/\/elaimantair.fr\/boutique\/wp-json\/wp\/v2\/pages\/827\/revisions"}],"up":[{"embeddable":true,"href":"https:\/\/elaimantair.fr\/boutique\/wp-json\/wp\/v2\/pages\/769"}],"wp:attachment":[{"href":"https:\/\/elaimantair.fr\/boutique\/wp-json\/wp\/v2\/media?parent=827"}],"curies":[{"name":"wp","href":"https:\/\/api.w.org\/{rel}","templated":true}]}}