{"id":815,"date":"2022-08-07T19:19:00","date_gmt":"2022-08-07T17:19:00","guid":{"rendered":"https:\/\/elaimantair.fr\/boutique\/?page_id=815"},"modified":"2023-01-02T20:01:59","modified_gmt":"2023-01-02T19:01:59","slug":"agate","status":"publish","type":"page","link":"https:\/\/elaimantair.fr\/boutique\/proprietes-des-mineraux\/agate\/","title":{"rendered":"Agate de Botswana"},"content":{"rendered":"\n<div class=\"wp-block-columns are-vertically-aligned-center is-layout-flex wp-container-core-columns-is-layout-28f84493 wp-block-columns-is-layout-flex\">\n<div class=\"wp-block-column is-vertically-aligned-center is-layout-flow wp-block-column-is-layout-flow\" style=\"flex-basis:66.66%\">\n<p>Pierre du chakra de la gorge.<br>Elle apaise son environnement, sa douceur nous rassure et permet d\u2019\u00e9vacuer les \u00e9motions enfouies<br>Elle stimule et redonne de l\u2019\u00e9nergie \u00e0 l\u2019aura.<br>Elle aide \u00e0 \u00e9liminer les toxines du corps.<br>Stimule l\u2019ou\u00efe, aide \u00e0 l\u2019\u00e9locution, bon pour les maux de t\u00eate et les reins<\/p>\n<\/div>\n\n\n\n<div class=\"wp-block-column is-vertically-aligned-center is-layout-flow wp-block-column-is-layout-flow\" style=\"flex-basis:33.33%\">\n<figure class=\"wp-block-image size-large\"><img decoding=\"async\" width=\"1024\" height=\"683\" src=\"https:\/\/elaimantair.fr\/boutique\/wp-content\/uploads\/2023\/01\/agate-botswana-1024x683.jpg\" alt=\"\" class=\"wp-image-1144\" srcset=\"https:\/\/elaimantair.fr\/boutique\/wp-content\/uploads\/2023\/01\/agate-botswana-1024x683.jpg 1024w, https:\/\/elaimantair.fr\/boutique\/wp-content\/uploads\/2023\/01\/agate-botswana-300x200.jpg 300w, https:\/\/elaimantair.fr\/boutique\/wp-content\/uploads\/2023\/01\/agate-botswana-768x512.jpg 768w\" sizes=\"(max-width: 1024px) 100vw, 1024px\" \/><\/figure>\n<\/div>\n<\/div>\n","protected":false},"excerpt":{"rendered":"<p>Pierre du chakra de la gorge.Elle apaise son environnement, sa douceur nous rassure et permet d\u2019\u00e9vacuer les \u00e9motions enfouiesElle stimule et redonne de l\u2019\u00e9nergie \u00e0 l\u2019aura.Elle aide \u00e0 \u00e9liminer les toxines du corps.Stimule l\u2019ou\u00efe, aide \u00e0 l\u2019\u00e9locution, bon pour les maux de t\u00eate et les reins<\/p>\n","protected":false},"author":1,"featured_media":0,"parent":769,"menu_order":0,"comment_status":"closed","ping_status":"closed","template":"template-fullwidth.php","meta":{"footnotes":""},"class_list":["post-815","page","type-page","status-publish","hentry"],"yoast_head":"<!-- This site is optimized with the Yoast SEO plugin v27.3 - https:\/\/yoast.com\/product\/yoast-seo-wordpress\/ -->\n<title>Agate de Botswana - Boutique El&#039;aimant Air<\/title>\n<meta name=\"robots\" content=\"index, follow, max-snippet:-1, max-image-preview:large, max-video-preview:-1\" \/>\n<link rel=\"canonical\" href=\"https:\/\/elaimantair.fr\/boutique\/proprietes-des-mineraux\/agate\/\" \/>\n<meta property=\"og:locale\" content=\"fr_FR\" \/>\n<meta property=\"og:type\" content=\"article\" \/>\n<meta property=\"og:title\" content=\"Agate de Botswana - Boutique El&#039;aimant Air\" \/>\n<meta property=\"og:description\" content=\"Pierre du chakra de la gorge.Elle apaise son environnement, sa douceur nous rassure et permet d\u2019\u00e9vacuer les \u00e9motions enfouiesElle stimule et redonne de l\u2019\u00e9nergie \u00e0 l\u2019aura.Elle aide \u00e0 \u00e9liminer les toxines du corps.Stimule l\u2019ou\u00efe, aide \u00e0 l\u2019\u00e9locution, bon pour les maux de t\u00eate et les reins\" \/>\n<meta property=\"og:url\" content=\"https:\/\/elaimantair.fr\/boutique\/proprietes-des-mineraux\/agate\/\" \/>\n<meta property=\"og:site_name\" content=\"Boutique El&#039;aimant Air\" \/>\n<meta property=\"article:publisher\" content=\"https:\/\/www.facebook.com\/louka.dou.5\" \/>\n<meta property=\"article:modified_time\" content=\"2023-01-02T19:01:59+00:00\" \/>\n<meta property=\"og:image\" content=\"https:\/\/elaimantair.fr\/boutique\/wp-content\/uploads\/2023\/01\/agate-botswana-1024x683.jpg\" \/>\n<meta name=\"twitter:card\" content=\"summary_large_image\" \/>\n<meta name=\"twitter:site\" content=\"@AimantAir\" \/>\n<script type=\"application\/ld+json\" class=\"yoast-schema-graph\">{\"@context\":\"https:\\\/\\\/schema.org\",\"@graph\":[{\"@type\":\"WebPage\",\"@id\":\"https:\\\/\\\/elaimantair.fr\\\/boutique\\\/proprietes-des-mineraux\\\/agate\\\/\",\"url\":\"https:\\\/\\\/elaimantair.fr\\\/boutique\\\/proprietes-des-mineraux\\\/agate\\\/\",\"name\":\"Agate de Botswana - Boutique El&#039;aimant Air\",\"isPartOf\":{\"@id\":\"https:\\\/\\\/elaimantair.fr\\\/boutique\\\/#website\"},\"primaryImageOfPage\":{\"@id\":\"https:\\\/\\\/elaimantair.fr\\\/boutique\\\/proprietes-des-mineraux\\\/agate\\\/#primaryimage\"},\"image\":{\"@id\":\"https:\\\/\\\/elaimantair.fr\\\/boutique\\\/proprietes-des-mineraux\\\/agate\\\/#primaryimage\"},\"thumbnailUrl\":\"https:\\\/\\\/elaimantair.fr\\\/boutique\\\/wp-content\\\/uploads\\\/2023\\\/01\\\/agate-botswana-1024x683.jpg\",\"datePublished\":\"2022-08-07T17:19:00+00:00\",\"dateModified\":\"2023-01-02T19:01:59+00:00\",\"breadcrumb\":{\"@id\":\"https:\\\/\\\/elaimantair.fr\\\/boutique\\\/proprietes-des-mineraux\\\/agate\\\/#breadcrumb\"},\"inLanguage\":\"fr-FR\",\"potentialAction\":[{\"@type\":\"ReadAction\",\"target\":[\"https:\\\/\\\/elaimantair.fr\\\/boutique\\\/proprietes-des-mineraux\\\/agate\\\/\"]}]},{\"@type\":\"ImageObject\",\"inLanguage\":\"fr-FR\",\"@id\":\"https:\\\/\\\/elaimantair.fr\\\/boutique\\\/proprietes-des-mineraux\\\/agate\\\/#primaryimage\",\"url\":\"https:\\\/\\\/elaimantair.fr\\\/boutique\\\/wp-content\\\/uploads\\\/2023\\\/01\\\/agate-botswana-scaled.jpg\",\"contentUrl\":\"https:\\\/\\\/elaimantair.fr\\\/boutique\\\/wp-content\\\/uploads\\\/2023\\\/01\\\/agate-botswana-scaled.jpg\",\"width\":2560,\"height\":1707},{\"@type\":\"BreadcrumbList\",\"@id\":\"https:\\\/\\\/elaimantair.fr\\\/boutique\\\/proprietes-des-mineraux\\\/agate\\\/#breadcrumb\",\"itemListElement\":[{\"@type\":\"ListItem\",\"position\":1,\"name\":\"Accueil boutique\",\"item\":\"https:\\\/\\\/elaimantair.fr\\\/boutique\\\/\"},{\"@type\":\"ListItem\",\"position\":2,\"name\":\"Propri\u00e9t\u00e9s des min\u00e9raux\",\"item\":\"https:\\\/\\\/elaimantair.fr\\\/boutique\\\/proprietes-des-mineraux\\\/\"},{\"@type\":\"ListItem\",\"position\":3,\"name\":\"Agate de Botswana\"}]},{\"@type\":\"WebSite\",\"@id\":\"https:\\\/\\\/elaimantair.fr\\\/boutique\\\/#website\",\"url\":\"https:\\\/\\\/elaimantair.fr\\\/boutique\\\/\",\"name\":\"Boutique El'aimant Air\",\"description\":\"Sublimer votre lumi\u00e8re\",\"publisher\":{\"@id\":\"https:\\\/\\\/elaimantair.fr\\\/boutique\\\/#organization\"},\"potentialAction\":[{\"@type\":\"SearchAction\",\"target\":{\"@type\":\"EntryPoint\",\"urlTemplate\":\"https:\\\/\\\/elaimantair.fr\\\/boutique\\\/?s={search_term_string}\"},\"query-input\":{\"@type\":\"PropertyValueSpecification\",\"valueRequired\":true,\"valueName\":\"search_term_string\"}}],\"inLanguage\":\"fr-FR\"},{\"@type\":\"Organization\",\"@id\":\"https:\\\/\\\/elaimantair.fr\\\/boutique\\\/#organization\",\"name\":\"El'aimant Air\",\"url\":\"https:\\\/\\\/elaimantair.fr\\\/boutique\\\/\",\"logo\":{\"@type\":\"ImageObject\",\"inLanguage\":\"fr-FR\",\"@id\":\"https:\\\/\\\/elaimantair.fr\\\/boutique\\\/#\\\/schema\\\/logo\\\/image\\\/\",\"url\":\"https:\\\/\\\/elaimantair.fr\\\/boutique\\\/wp-content\\\/uploads\\\/2022\\\/04\\\/elaimantairLogo-512.jpg\",\"contentUrl\":\"https:\\\/\\\/elaimantair.fr\\\/boutique\\\/wp-content\\\/uploads\\\/2022\\\/04\\\/elaimantairLogo-512.jpg\",\"width\":512,\"height\":512,\"caption\":\"El'aimant Air\"},\"image\":{\"@id\":\"https:\\\/\\\/elaimantair.fr\\\/boutique\\\/#\\\/schema\\\/logo\\\/image\\\/\"},\"sameAs\":[\"https:\\\/\\\/www.facebook.com\\\/louka.dou.5\",\"https:\\\/\\\/x.com\\\/AimantAir\",\"https:\\\/\\\/www.instagram.com\\\/elaimantair\",\"https:\\\/\\\/www.pinterest.com\\\/Elaimantair\\\/\"]}]}<\/script>\n<!-- \/ Yoast SEO plugin. -->","yoast_head_json":{"title":"Agate de Botswana - Boutique El&#039;aimant Air","robots":{"index":"index","follow":"follow","max-snippet":"max-snippet:-1","max-image-preview":"max-image-preview:large","max-video-preview":"max-video-preview:-1"},"canonical":"https:\/\/elaimantair.fr\/boutique\/proprietes-des-mineraux\/agate\/","og_locale":"fr_FR","og_type":"article","og_title":"Agate de Botswana - Boutique El&#039;aimant Air","og_description":"Pierre du chakra de la gorge.Elle apaise son environnement, sa douceur nous rassure et permet d\u2019\u00e9vacuer les \u00e9motions enfouiesElle stimule et redonne de l\u2019\u00e9nergie \u00e0 l\u2019aura.Elle aide \u00e0 \u00e9liminer les toxines du corps.Stimule l\u2019ou\u00efe, aide \u00e0 l\u2019\u00e9locution, bon pour les maux de t\u00eate et les reins","og_url":"https:\/\/elaimantair.fr\/boutique\/proprietes-des-mineraux\/agate\/","og_site_name":"Boutique El&#039;aimant Air","article_publisher":"https:\/\/www.facebook.com\/louka.dou.5","article_modified_time":"2023-01-02T19:01:59+00:00","og_image":[{"url":"https:\/\/elaimantair.fr\/boutique\/wp-content\/uploads\/2023\/01\/agate-botswana-1024x683.jpg","type":"","width":"","height":""}],"twitter_card":"summary_large_image","twitter_site":"@AimantAir","schema":{"@context":"https:\/\/schema.org","@graph":[{"@type":"WebPage","@id":"https:\/\/elaimantair.fr\/boutique\/proprietes-des-mineraux\/agate\/","url":"https:\/\/elaimantair.fr\/boutique\/proprietes-des-mineraux\/agate\/","name":"Agate de Botswana - Boutique El&#039;aimant Air","isPartOf":{"@id":"https:\/\/elaimantair.fr\/boutique\/#website"},"primaryImageOfPage":{"@id":"https:\/\/elaimantair.fr\/boutique\/proprietes-des-mineraux\/agate\/#primaryimage"},"image":{"@id":"https:\/\/elaimantair.fr\/boutique\/proprietes-des-mineraux\/agate\/#primaryimage"},"thumbnailUrl":"https:\/\/elaimantair.fr\/boutique\/wp-content\/uploads\/2023\/01\/agate-botswana-1024x683.jpg","datePublished":"2022-08-07T17:19:00+00:00","dateModified":"2023-01-02T19:01:59+00:00","breadcrumb":{"@id":"https:\/\/elaimantair.fr\/boutique\/proprietes-des-mineraux\/agate\/#breadcrumb"},"inLanguage":"fr-FR","potentialAction":[{"@type":"ReadAction","target":["https:\/\/elaimantair.fr\/boutique\/proprietes-des-mineraux\/agate\/"]}]},{"@type":"ImageObject","inLanguage":"fr-FR","@id":"https:\/\/elaimantair.fr\/boutique\/proprietes-des-mineraux\/agate\/#primaryimage","url":"https:\/\/elaimantair.fr\/boutique\/wp-content\/uploads\/2023\/01\/agate-botswana-scaled.jpg","contentUrl":"https:\/\/elaimantair.fr\/boutique\/wp-content\/uploads\/2023\/01\/agate-botswana-scaled.jpg","width":2560,"height":1707},{"@type":"BreadcrumbList","@id":"https:\/\/elaimantair.fr\/boutique\/proprietes-des-mineraux\/agate\/#breadcrumb","itemListElement":[{"@type":"ListItem","position":1,"name":"Accueil boutique","item":"https:\/\/elaimantair.fr\/boutique\/"},{"@type":"ListItem","position":2,"name":"Propri\u00e9t\u00e9s des min\u00e9raux","item":"https:\/\/elaimantair.fr\/boutique\/proprietes-des-mineraux\/"},{"@type":"ListItem","position":3,"name":"Agate de Botswana"}]},{"@type":"WebSite","@id":"https:\/\/elaimantair.fr\/boutique\/#website","url":"https:\/\/elaimantair.fr\/boutique\/","name":"Boutique El'aimant Air","description":"Sublimer votre lumi\u00e8re","publisher":{"@id":"https:\/\/elaimantair.fr\/boutique\/#organization"},"potentialAction":[{"@type":"SearchAction","target":{"@type":"EntryPoint","urlTemplate":"https:\/\/elaimantair.fr\/boutique\/?s={search_term_string}"},"query-input":{"@type":"PropertyValueSpecification","valueRequired":true,"valueName":"search_term_string"}}],"inLanguage":"fr-FR"},{"@type":"Organization","@id":"https:\/\/elaimantair.fr\/boutique\/#organization","name":"El'aimant Air","url":"https:\/\/elaimantair.fr\/boutique\/","logo":{"@type":"ImageObject","inLanguage":"fr-FR","@id":"https:\/\/elaimantair.fr\/boutique\/#\/schema\/logo\/image\/","url":"https:\/\/elaimantair.fr\/boutique\/wp-content\/uploads\/2022\/04\/elaimantairLogo-512.jpg","contentUrl":"https:\/\/elaimantair.fr\/boutique\/wp-content\/uploads\/2022\/04\/elaimantairLogo-512.jpg","width":512,"height":512,"caption":"El'aimant Air"},"image":{"@id":"https:\/\/elaimantair.fr\/boutique\/#\/schema\/logo\/image\/"},"sameAs":["https:\/\/www.facebook.com\/louka.dou.5","https:\/\/x.com\/AimantAir","https:\/\/www.instagram.com\/elaimantair","https:\/\/www.pinterest.com\/Elaimantair\/"]}]}},"jetpack_sharing_enabled":true,"_links":{"self":[{"href":"https:\/\/elaimantair.fr\/boutique\/wp-json\/wp\/v2\/pages\/815","targetHints":{"allow":["GET"]}}],"collection":[{"href":"https:\/\/elaimantair.fr\/boutique\/wp-json\/wp\/v2\/pages"}],"about":[{"href":"https:\/\/elaimantair.fr\/boutique\/wp-json\/wp\/v2\/types\/page"}],"author":[{"embeddable":true,"href":"https:\/\/elaimantair.fr\/boutique\/wp-json\/wp\/v2\/users\/1"}],"replies":[{"embeddable":true,"href":"https:\/\/elaimantair.fr\/boutique\/wp-json\/wp\/v2\/comments?post=815"}],"version-history":[{"count":0,"href":"https:\/\/elaimantair.fr\/boutique\/wp-json\/wp\/v2\/pages\/815\/revisions"}],"up":[{"embeddable":true,"href":"https:\/\/elaimantair.fr\/boutique\/wp-json\/wp\/v2\/pages\/769"}],"wp:attachment":[{"href":"https:\/\/elaimantair.fr\/boutique\/wp-json\/wp\/v2\/media?parent=815"}],"curies":[{"name":"wp","href":"https:\/\/api.w.org\/{rel}","templated":true}]}}