{"id":769,"date":"2022-08-07T18:00:27","date_gmt":"2022-08-07T16:00:27","guid":{"rendered":"https:\/\/elaimantair.fr\/boutique\/?page_id=769"},"modified":"2023-01-09T00:23:36","modified_gmt":"2023-01-08T23:23:36","slug":"proprietes-des-mineraux","status":"publish","type":"page","link":"https:\/\/elaimantair.fr\/boutique\/proprietes-des-mineraux\/","title":{"rendered":"Propri\u00e9t\u00e9s des min\u00e9raux"},"content":{"rendered":"\n<p>Retrouver ici les diff\u00e9rentes propri\u00e9t\u00e9s des min\u00e9raux.<br><\/p>\n\n\n\n<hr class=\"wp-block-separator aligncenter has-alpha-channel-opacity is-style-default\"\/>\n\n\n\n<div class=\"wp-block-group block-tab-mineraux\" style=\"font-style:normal;font-weight:100\"><div class=\"wp-block-group__inner-container is-layout-constrained wp-block-group-is-layout-constrained\">\n<div class=\"wp-block-columns is-layout-flex wp-container-core-columns-is-layout-28f84493 wp-block-columns-is-layout-flex\">\n<div class=\"wp-block-column is-layout-flow wp-block-column-is-layout-flow\">\n<h3 class=\"has-text-align-center wp-block-heading\" style=\"font-size:20px\"><a href=\"https:\/\/elaimantair.fr\/boutique\/proprietes-des-mineraux\/agate\"><strong>Agate de Botswana<\/strong><\/a><\/h3>\n<\/div>\n\n\n\n<div class=\"wp-block-column is-vertically-aligned-center is-layout-flow wp-block-column-is-layout-flow\">\n<h3 class=\"has-text-align-center wp-block-heading\" style=\"font-size:20px\"><a href=\"https:\/\/elaimantair.fr\/boutique\/proprietes-des-mineraux\/amazonite\"><strong>Amazonite<\/strong><\/a><\/h3>\n<\/div>\n\n\n\n<div class=\"wp-block-column is-vertically-aligned-center is-layout-flow wp-block-column-is-layout-flow\">\n<h3 class=\"has-text-align-center wp-block-heading\" style=\"font-size:20px\"><a href=\"https:\/\/elaimantair.fr\/boutique\/proprietes-des-mineraux\/amethyste\"><strong>Am\u00e9thyste<\/strong><\/a><\/h3>\n<\/div>\n<\/div>\n\n\n\n<div class=\"wp-block-columns are-vertically-aligned-center is-layout-flex wp-container-core-columns-is-layout-28f84493 wp-block-columns-is-layout-flex\">\n<div class=\"wp-block-column is-vertically-aligned-center is-layout-flow wp-block-column-is-layout-flow\">\n<h3 class=\"has-text-align-center wp-block-heading\" style=\"font-size:20px\"><a href=\"https:\/\/elaimantair.fr\/boutique\/proprietes-des-mineraux\/ametrine\"><strong>Am\u00e9trine<\/strong><\/a><\/h3>\n<\/div>\n\n\n\n<div class=\"wp-block-column is-vertically-aligned-center is-layout-flow wp-block-column-is-layout-flow\">\n<h3 class=\"has-text-align-center wp-block-heading\" style=\"font-size:20px\"><a href=\"https:\/\/elaimantair.fr\/boutique\/proprietes-des-mineraux\/angelite\"><strong>Ang\u00e9lite<\/strong><\/a><\/h3>\n<\/div>\n\n\n\n<div class=\"wp-block-column is-vertically-aligned-center is-layout-flow wp-block-column-is-layout-flow\">\n<h3 class=\"has-text-align-center wp-block-heading\" style=\"font-size:20px\"><a href=\"https:\/\/elaimantair.fr\/boutique\/proprietes-des-mineraux\/aventurine\"><strong>Aventurine<\/strong><\/a><\/h3>\n<\/div>\n<\/div>\n\n\n\n<div class=\"wp-block-columns are-vertically-aligned-center is-layout-flex wp-container-core-columns-is-layout-28f84493 wp-block-columns-is-layout-flex\">\n<div class=\"wp-block-column is-vertically-aligned-center is-layout-flow wp-block-column-is-layout-flow\">\n<h3 class=\"has-text-align-center wp-block-heading\" style=\"font-size:20px\"><a href=\"https:\/\/elaimantair.fr\/boutique\/proprietes-des-mineraux\/bois-fossile\"><strong>Bois fossile<\/strong><\/a><\/h3>\n<\/div>\n\n\n\n<div class=\"wp-block-column is-vertically-aligned-center is-layout-flow wp-block-column-is-layout-flow\">\n<h3 class=\"has-text-align-center wp-block-heading\" style=\"font-size:20px\"><a href=\"https:\/\/elaimantair.fr\/boutique\/proprietes-des-mineraux\/calcite\"><strong>Calcite<\/strong><\/a><\/h3>\n<\/div>\n\n\n\n<div class=\"wp-block-column is-vertically-aligned-center is-layout-flow wp-block-column-is-layout-flow\">\n<h3 class=\"has-text-align-center wp-block-heading\" style=\"font-size:20px\"><a href=\"https:\/\/elaimantair.fr\/boutique\/proprietes-des-mineraux\/celestine\"><strong>C\u00e9lestine<\/strong><\/a><\/h3>\n<\/div>\n<\/div>\n\n\n\n<div class=\"wp-block-columns are-vertically-aligned-center is-layout-flex wp-container-core-columns-is-layout-28f84493 wp-block-columns-is-layout-flex\">\n<div class=\"wp-block-column is-vertically-aligned-center is-layout-flow wp-block-column-is-layout-flow\">\n<h3 class=\"has-text-align-center wp-block-heading\" style=\"font-size:20px\"><a href=\"https:\/\/elaimantair.fr\/boutique\/proprietes-des-mineraux\/cornaline\"><strong>Cornaline<\/strong><\/a><\/h3>\n<\/div>\n\n\n\n<div class=\"wp-block-column is-vertically-aligned-center is-layout-flow wp-block-column-is-layout-flow\">\n<h3 class=\"has-text-align-center wp-block-heading\" style=\"font-size:20px\"><a href=\"https:\/\/elaimantair.fr\/boutique\/proprietes-des-mineraux\/cristal-de-roche\"><strong>Cristal de roche<\/strong><\/a><\/h3>\n<\/div>\n\n\n\n<div class=\"wp-block-column is-vertically-aligned-center is-layout-flow wp-block-column-is-layout-flow\">\n<h3 class=\"has-text-align-center wp-block-heading\" style=\"font-size:20px\"><a href=\"https:\/\/elaimantair.fr\/boutique\/proprietes-des-mineraux\/hematite\"><strong>H\u00e9matite<\/strong><\/a><\/h3>\n<\/div>\n<\/div>\n\n\n\n<div class=\"wp-block-columns are-vertically-aligned-center is-layout-flex wp-container-core-columns-is-layout-28f84493 wp-block-columns-is-layout-flex\">\n<div class=\"wp-block-column is-vertically-aligned-center is-layout-flow wp-block-column-is-layout-flow\">\n<h3 class=\"has-text-align-center wp-block-heading\" style=\"font-size:20px\"><a href=\"https:\/\/elaimantair.fr\/boutique\/proprietes-des-mineraux\/jaspe-mokaite\"><strong>Jaspe mokaite<\/strong><\/a><\/h3>\n<\/div>\n\n\n\n<div class=\"wp-block-column is-vertically-aligned-center is-layout-flow wp-block-column-is-layout-flow\">\n<h3 class=\"has-text-align-center wp-block-heading\" style=\"font-size:20px\"><a href=\"https:\/\/elaimantair.fr\/boutique\/proprietes-des-mineraux\/jaspe-rouge\"><strong>Jaspe rouge<\/strong><\/a><\/h3>\n<\/div>\n\n\n\n<div class=\"wp-block-column is-vertically-aligned-center is-layout-flow wp-block-column-is-layout-flow\">\n<h3 class=\"has-text-align-center wp-block-heading\" style=\"font-size:20px\"><a href=\"https:\/\/elaimantair.fr\/boutique\/proprietes-des-mineraux\/labradorite\"><strong>Labradorite<\/strong><\/a><\/h3>\n<\/div>\n<\/div>\n\n\n\n<div class=\"wp-block-columns are-vertically-aligned-center is-layout-flex wp-container-core-columns-is-layout-28f84493 wp-block-columns-is-layout-flex\">\n<div class=\"wp-block-column is-vertically-aligned-center is-layout-flow wp-block-column-is-layout-flow\">\n<h3 class=\"has-text-align-center wp-block-heading\" style=\"font-size:20px\"><a href=\"https:\/\/elaimantair.fr\/boutique\/proprietes-des-mineraux\/lapis-lazuli\"><strong>Lapis lazuli<\/strong><\/a><\/h3>\n<\/div>\n\n\n\n<div class=\"wp-block-column is-vertically-aligned-center is-layout-flow wp-block-column-is-layout-flow\">\n<h3 class=\"has-text-align-center wp-block-heading\" style=\"font-size:20px\"><a href=\"https:\/\/elaimantair.fr\/boutique\/proprietes-des-mineraux\/larimar\"><strong>Larimar<\/strong><\/a><\/h3>\n<\/div>\n\n\n\n<div class=\"wp-block-column is-vertically-aligned-center is-layout-flow wp-block-column-is-layout-flow\">\n<h3 class=\"has-text-align-center wp-block-heading\" style=\"font-size:20px\"><a href=\"https:\/\/elaimantair.fr\/boutique\/proprietes-des-mineraux\/malachite\"><strong>Malachite<\/strong><\/a><\/h3>\n<\/div>\n<\/div>\n\n\n\n<div class=\"wp-block-columns are-vertically-aligned-center is-layout-flex wp-container-core-columns-is-layout-28f84493 wp-block-columns-is-layout-flex\">\n<div class=\"wp-block-column is-vertically-aligned-center is-layout-flow wp-block-column-is-layout-flow\">\n<h3 class=\"has-text-align-center wp-block-heading\" style=\"font-size:20px\"><a href=\"https:\/\/elaimantair.fr\/boutique\/proprietes-des-mineraux\/obsidienne\"><strong>Obsidienne<\/strong><\/a><\/h3>\n<\/div>\n\n\n\n<div class=\"wp-block-column is-vertically-aligned-center is-layout-flow wp-block-column-is-layout-flow\">\n<h3 class=\"has-text-align-center wp-block-heading\" style=\"font-size:20px\"><a href=\"https:\/\/elaimantair.fr\/boutique\/proprietes-des-mineraux\/oeil-de-tigre\"><strong>\u0152il de tigre<\/strong><\/a><\/h3>\n<\/div>\n\n\n\n<div class=\"wp-block-column is-vertically-aligned-center is-layout-flow wp-block-column-is-layout-flow\">\n<h3 class=\"has-text-align-center wp-block-heading\" style=\"font-size:20px\"><a href=\"https:\/\/elaimantair.fr\/boutique\/proprietes-des-mineraux\/onyx-noir\"><strong>Onyx noir<\/strong><\/a><\/h3>\n<\/div>\n<\/div>\n\n\n\n<div class=\"wp-block-columns are-vertically-aligned-center is-layout-flex wp-container-core-columns-is-layout-28f84493 wp-block-columns-is-layout-flex\">\n<div class=\"wp-block-column is-vertically-aligned-center is-layout-flow wp-block-column-is-layout-flow\">\n<h3 class=\"has-text-align-center wp-block-heading\" style=\"font-size:20px\"><a href=\"https:\/\/elaimantair.fr\/boutique\/proprietes-des-mineraux\/pierre-de-lune\"><strong>Pierre de lune<\/strong><\/a><\/h3>\n<\/div>\n\n\n\n<div class=\"wp-block-column is-vertically-aligned-center is-layout-flow wp-block-column-is-layout-flow\">\n<h3 class=\"has-text-align-center wp-block-heading\" style=\"font-size:20px\"><a href=\"https:\/\/elaimantair.fr\/boutique\/proprietes-des-mineraux\/quartz-lemon\"><strong>Quartz lemon<\/strong><\/a><\/h3>\n<\/div>\n\n\n\n<div class=\"wp-block-column is-vertically-aligned-center is-layout-flow wp-block-column-is-layout-flow\">\n<h3 class=\"has-text-align-center wp-block-heading\" style=\"font-size:20px\"><a href=\"https:\/\/elaimantair.fr\/boutique\/proprietes-des-mineraux\/quartz-rose\"><strong>Quartz rose<\/strong><\/a><\/h3>\n<\/div>\n<\/div>\n\n\n\n<div class=\"wp-block-columns are-vertically-aligned-center is-layout-flex wp-container-core-columns-is-layout-28f84493 wp-block-columns-is-layout-flex\">\n<div class=\"wp-block-column is-vertically-aligned-center is-layout-flow wp-block-column-is-layout-flow\">\n<h3 class=\"has-text-align-center wp-block-heading\" style=\"font-size:20px\"><a href=\"https:\/\/elaimantair.fr\/boutique\/proprietes-des-mineraux\/rose-des-sables\"><strong>Rose des sables<\/strong><\/a><\/h3>\n<\/div>\n\n\n\n<div class=\"wp-block-column is-vertically-aligned-center is-layout-flow wp-block-column-is-layout-flow\">\n<h3 class=\"has-text-align-center wp-block-heading\" style=\"font-size:20px\"><a href=\"https:\/\/elaimantair.fr\/boutique\/proprietes-des-mineraux\/sodalite\"><strong>Sodalite<\/strong><\/a><\/h3>\n<\/div>\n\n\n\n<div class=\"wp-block-column is-vertically-aligned-center is-layout-flow wp-block-column-is-layout-flow\">\n<h3 class=\"has-text-align-center wp-block-heading\" style=\"font-size:20px\"><a href=\"https:\/\/elaimantair.fr\/boutique\/proprietes-des-mineraux\/tourmaline\"><strong>Tourmaline<\/strong><\/a><\/h3>\n<\/div>\n<\/div>\n<\/div><\/div>\n","protected":false},"excerpt":{"rendered":"<p>Retrouver ici les diff\u00e9rentes propri\u00e9t\u00e9s des min\u00e9raux. Agate de Botswana Amazonite Am\u00e9thyste Am\u00e9trine Ang\u00e9lite Aventurine Bois fossile Calcite C\u00e9lestine Cornaline Cristal de roche H\u00e9matite Jaspe mokaite Jaspe rouge Labradorite Lapis lazuli Larimar Malachite Obsidienne \u0152il de tigre Onyx noir Pierre de lune Quartz lemon Quartz rose Rose des sables Sodalite Tourmaline<\/p>\n","protected":false},"author":1,"featured_media":0,"parent":0,"menu_order":0,"comment_status":"closed","ping_status":"closed","template":"template-fullwidth.php","meta":{"footnotes":""},"class_list":["post-769","page","type-page","status-publish","hentry"],"yoast_head":"<!-- This site is optimized with the Yoast SEO plugin v27.5 - https:\/\/yoast.com\/product\/yoast-seo-wordpress\/ -->\n<title>Propri\u00e9t\u00e9s des min\u00e9raux - Boutique El&#039;aimant Air<\/title>\n<meta name=\"description\" content=\"Nous parlons ici des propri\u00e9t\u00e9s des min\u00e9raux vendu sur ce site. Vous trouverez leur nom scientifique, leur vertu ainsi que quelques conseils.\" \/>\n<meta name=\"robots\" content=\"index, follow, max-snippet:-1, max-image-preview:large, max-video-preview:-1\" \/>\n<link rel=\"canonical\" href=\"https:\/\/elaimantair.fr\/boutique\/proprietes-des-mineraux\/\" \/>\n<meta property=\"og:locale\" content=\"fr_FR\" \/>\n<meta property=\"og:type\" content=\"article\" \/>\n<meta property=\"og:title\" content=\"Propri\u00e9t\u00e9s des min\u00e9raux - Boutique El&#039;aimant Air\" \/>\n<meta property=\"og:description\" content=\"Nous parlons ici des propri\u00e9t\u00e9s des min\u00e9raux vendu sur ce site. Vous trouverez leur nom scientifique, leur vertu ainsi que quelques conseils.\" \/>\n<meta property=\"og:url\" content=\"https:\/\/elaimantair.fr\/boutique\/proprietes-des-mineraux\/\" \/>\n<meta property=\"og:site_name\" content=\"Boutique El&#039;aimant Air\" \/>\n<meta property=\"article:publisher\" content=\"https:\/\/www.facebook.com\/louka.dou.5\" \/>\n<meta property=\"article:modified_time\" content=\"2023-01-08T23:23:36+00:00\" \/>\n<meta name=\"twitter:card\" content=\"summary_large_image\" \/>\n<meta name=\"twitter:site\" content=\"@AimantAir\" \/>\n<script type=\"application\/ld+json\" class=\"yoast-schema-graph\">{\"@context\":\"https:\\\/\\\/schema.org\",\"@graph\":[{\"@type\":\"WebPage\",\"@id\":\"https:\\\/\\\/elaimantair.fr\\\/boutique\\\/proprietes-des-mineraux\\\/\",\"url\":\"https:\\\/\\\/elaimantair.fr\\\/boutique\\\/proprietes-des-mineraux\\\/\",\"name\":\"Propri\u00e9t\u00e9s des min\u00e9raux - Boutique El&#039;aimant Air\",\"isPartOf\":{\"@id\":\"https:\\\/\\\/elaimantair.fr\\\/boutique\\\/#website\"},\"datePublished\":\"2022-08-07T16:00:27+00:00\",\"dateModified\":\"2023-01-08T23:23:36+00:00\",\"description\":\"Nous parlons ici des propri\u00e9t\u00e9s des min\u00e9raux vendu sur ce site. Vous trouverez leur nom scientifique, leur vertu ainsi que quelques conseils.\",\"breadcrumb\":{\"@id\":\"https:\\\/\\\/elaimantair.fr\\\/boutique\\\/proprietes-des-mineraux\\\/#breadcrumb\"},\"inLanguage\":\"fr-FR\",\"potentialAction\":[{\"@type\":\"ReadAction\",\"target\":[\"https:\\\/\\\/elaimantair.fr\\\/boutique\\\/proprietes-des-mineraux\\\/\"]}]},{\"@type\":\"BreadcrumbList\",\"@id\":\"https:\\\/\\\/elaimantair.fr\\\/boutique\\\/proprietes-des-mineraux\\\/#breadcrumb\",\"itemListElement\":[{\"@type\":\"ListItem\",\"position\":1,\"name\":\"Accueil boutique\",\"item\":\"https:\\\/\\\/elaimantair.fr\\\/boutique\\\/\"},{\"@type\":\"ListItem\",\"position\":2,\"name\":\"Propri\u00e9t\u00e9s des min\u00e9raux\"}]},{\"@type\":\"WebSite\",\"@id\":\"https:\\\/\\\/elaimantair.fr\\\/boutique\\\/#website\",\"url\":\"https:\\\/\\\/elaimantair.fr\\\/boutique\\\/\",\"name\":\"Boutique El'aimant Air\",\"description\":\"Sublimer votre lumi\u00e8re\",\"publisher\":{\"@id\":\"https:\\\/\\\/elaimantair.fr\\\/boutique\\\/#organization\"},\"potentialAction\":[{\"@type\":\"SearchAction\",\"target\":{\"@type\":\"EntryPoint\",\"urlTemplate\":\"https:\\\/\\\/elaimantair.fr\\\/boutique\\\/?s={search_term_string}\"},\"query-input\":{\"@type\":\"PropertyValueSpecification\",\"valueRequired\":true,\"valueName\":\"search_term_string\"}}],\"inLanguage\":\"fr-FR\"},{\"@type\":\"Organization\",\"@id\":\"https:\\\/\\\/elaimantair.fr\\\/boutique\\\/#organization\",\"name\":\"El'aimant Air\",\"url\":\"https:\\\/\\\/elaimantair.fr\\\/boutique\\\/\",\"logo\":{\"@type\":\"ImageObject\",\"inLanguage\":\"fr-FR\",\"@id\":\"https:\\\/\\\/elaimantair.fr\\\/boutique\\\/#\\\/schema\\\/logo\\\/image\\\/\",\"url\":\"https:\\\/\\\/elaimantair.fr\\\/boutique\\\/wp-content\\\/uploads\\\/2022\\\/04\\\/elaimantairLogo-512.jpg\",\"contentUrl\":\"https:\\\/\\\/elaimantair.fr\\\/boutique\\\/wp-content\\\/uploads\\\/2022\\\/04\\\/elaimantairLogo-512.jpg\",\"width\":512,\"height\":512,\"caption\":\"El'aimant Air\"},\"image\":{\"@id\":\"https:\\\/\\\/elaimantair.fr\\\/boutique\\\/#\\\/schema\\\/logo\\\/image\\\/\"},\"sameAs\":[\"https:\\\/\\\/www.facebook.com\\\/louka.dou.5\",\"https:\\\/\\\/x.com\\\/AimantAir\",\"https:\\\/\\\/www.instagram.com\\\/elaimantair\",\"https:\\\/\\\/www.pinterest.com\\\/Elaimantair\\\/\"]}]}<\/script>\n<!-- \/ Yoast SEO plugin. -->","yoast_head_json":{"title":"Propri\u00e9t\u00e9s des min\u00e9raux - Boutique El&#039;aimant Air","description":"Nous parlons ici des propri\u00e9t\u00e9s des min\u00e9raux vendu sur ce site. Vous trouverez leur nom scientifique, leur vertu ainsi que quelques conseils.","robots":{"index":"index","follow":"follow","max-snippet":"max-snippet:-1","max-image-preview":"max-image-preview:large","max-video-preview":"max-video-preview:-1"},"canonical":"https:\/\/elaimantair.fr\/boutique\/proprietes-des-mineraux\/","og_locale":"fr_FR","og_type":"article","og_title":"Propri\u00e9t\u00e9s des min\u00e9raux - Boutique El&#039;aimant Air","og_description":"Nous parlons ici des propri\u00e9t\u00e9s des min\u00e9raux vendu sur ce site. Vous trouverez leur nom scientifique, leur vertu ainsi que quelques conseils.","og_url":"https:\/\/elaimantair.fr\/boutique\/proprietes-des-mineraux\/","og_site_name":"Boutique El&#039;aimant Air","article_publisher":"https:\/\/www.facebook.com\/louka.dou.5","article_modified_time":"2023-01-08T23:23:36+00:00","twitter_card":"summary_large_image","twitter_site":"@AimantAir","schema":{"@context":"https:\/\/schema.org","@graph":[{"@type":"WebPage","@id":"https:\/\/elaimantair.fr\/boutique\/proprietes-des-mineraux\/","url":"https:\/\/elaimantair.fr\/boutique\/proprietes-des-mineraux\/","name":"Propri\u00e9t\u00e9s des min\u00e9raux - Boutique El&#039;aimant Air","isPartOf":{"@id":"https:\/\/elaimantair.fr\/boutique\/#website"},"datePublished":"2022-08-07T16:00:27+00:00","dateModified":"2023-01-08T23:23:36+00:00","description":"Nous parlons ici des propri\u00e9t\u00e9s des min\u00e9raux vendu sur ce site. Vous trouverez leur nom scientifique, leur vertu ainsi que quelques conseils.","breadcrumb":{"@id":"https:\/\/elaimantair.fr\/boutique\/proprietes-des-mineraux\/#breadcrumb"},"inLanguage":"fr-FR","potentialAction":[{"@type":"ReadAction","target":["https:\/\/elaimantair.fr\/boutique\/proprietes-des-mineraux\/"]}]},{"@type":"BreadcrumbList","@id":"https:\/\/elaimantair.fr\/boutique\/proprietes-des-mineraux\/#breadcrumb","itemListElement":[{"@type":"ListItem","position":1,"name":"Accueil boutique","item":"https:\/\/elaimantair.fr\/boutique\/"},{"@type":"ListItem","position":2,"name":"Propri\u00e9t\u00e9s des min\u00e9raux"}]},{"@type":"WebSite","@id":"https:\/\/elaimantair.fr\/boutique\/#website","url":"https:\/\/elaimantair.fr\/boutique\/","name":"Boutique El'aimant Air","description":"Sublimer votre lumi\u00e8re","publisher":{"@id":"https:\/\/elaimantair.fr\/boutique\/#organization"},"potentialAction":[{"@type":"SearchAction","target":{"@type":"EntryPoint","urlTemplate":"https:\/\/elaimantair.fr\/boutique\/?s={search_term_string}"},"query-input":{"@type":"PropertyValueSpecification","valueRequired":true,"valueName":"search_term_string"}}],"inLanguage":"fr-FR"},{"@type":"Organization","@id":"https:\/\/elaimantair.fr\/boutique\/#organization","name":"El'aimant Air","url":"https:\/\/elaimantair.fr\/boutique\/","logo":{"@type":"ImageObject","inLanguage":"fr-FR","@id":"https:\/\/elaimantair.fr\/boutique\/#\/schema\/logo\/image\/","url":"https:\/\/elaimantair.fr\/boutique\/wp-content\/uploads\/2022\/04\/elaimantairLogo-512.jpg","contentUrl":"https:\/\/elaimantair.fr\/boutique\/wp-content\/uploads\/2022\/04\/elaimantairLogo-512.jpg","width":512,"height":512,"caption":"El'aimant Air"},"image":{"@id":"https:\/\/elaimantair.fr\/boutique\/#\/schema\/logo\/image\/"},"sameAs":["https:\/\/www.facebook.com\/louka.dou.5","https:\/\/x.com\/AimantAir","https:\/\/www.instagram.com\/elaimantair","https:\/\/www.pinterest.com\/Elaimantair\/"]}]}},"jetpack_sharing_enabled":true,"_links":{"self":[{"href":"https:\/\/elaimantair.fr\/boutique\/wp-json\/wp\/v2\/pages\/769","targetHints":{"allow":["GET"]}}],"collection":[{"href":"https:\/\/elaimantair.fr\/boutique\/wp-json\/wp\/v2\/pages"}],"about":[{"href":"https:\/\/elaimantair.fr\/boutique\/wp-json\/wp\/v2\/types\/page"}],"author":[{"embeddable":true,"href":"https:\/\/elaimantair.fr\/boutique\/wp-json\/wp\/v2\/users\/1"}],"replies":[{"embeddable":true,"href":"https:\/\/elaimantair.fr\/boutique\/wp-json\/wp\/v2\/comments?post=769"}],"version-history":[{"count":0,"href":"https:\/\/elaimantair.fr\/boutique\/wp-json\/wp\/v2\/pages\/769\/revisions"}],"wp:attachment":[{"href":"https:\/\/elaimantair.fr\/boutique\/wp-json\/wp\/v2\/media?parent=769"}],"curies":[{"name":"wp","href":"https:\/\/api.w.org\/{rel}","templated":true}]}}