{"id":12,"date":"2022-08-09T15:23:59","date_gmt":"2022-08-09T13:23:59","guid":{"rendered":"https:\/\/elaimantair.fr\/boutique\/?page_id=12"},"modified":"2024-09-07T19:01:56","modified_gmt":"2024-09-07T17:01:56","slug":"remboursements-retours","status":"publish","type":"page","link":"https:\/\/elaimantair.fr\/boutique\/remboursements-retours\/","title":{"rendered":"Politique en mati\u00e8re de remboursement et de retour"},"content":{"rendered":"\n<p><\/p>\n\n\n\n<p>Vous avez chang\u00e9 d\u2019avis apr\u00e8s r\u00e9ception de votre commande, les articles ne vous plaisent pas ou contiennent des d\u00e9fauts? Vous avez la possibilit\u00e9 de retourner une partie ou la totalit\u00e9 de votre commande dans un d\u00e9lais de 14 jours.<\/p>\n\n\n\n<p>Notre politique de remboursement et de retour dure 30 jours. Si 30 jours se sont \u00e9coul\u00e9s depuis votre achat, nous ne pouvons pas vous offrir un remboursement complet ou un \u00e9change.<\/p>\n\n\n\n<h2 class=\"wp-block-heading\">Conditions de retour<\/h2>\n\n\n\n<ul class=\"wp-block-list\"><li>Ecrire sur la facture ou une copie de la facture que vous souhaitez \u00eatre rembours\u00e9<\/li><li>La r\u00e9ception de votre article date de moins de 14 jours<\/li><li>Les articles retourn\u00e9s doivent \u00eatre en parfait \u00e9tat et ne pas avoir subis de d\u00e9t\u00e9rioration<\/li><li>Le colis de retour contient la facture ou une copie de votre commande afin que nous puissions retrouver les r\u00e9f\u00e9rences de l\u2019article.<\/li><\/ul>\n\n\n\n<p>Les frais de port pour un retour est \u00e0 la charge du client. Il correspond aux tarifs colissimo de La Poste en vigueur au moment du retour. En cas d\u2019erreur de ma part ou d\u00e9fauts sur les articles les frais de port et retour des articles seront \u00e0 ma charge.<\/p>\n\n\n\n<p>Le retour d\u2019un ou plusieurs articles doit \u00eatre effectu\u00e9 \u00e0 l\u2019adresse suivante :<br><br>El&rsquo;aimant Air<br>8, rue de la forge<br>19130 Voutezac<\/p>\n\n\n\n<h2 class=\"wp-block-heading\">Echange<\/h2>\n\n\n\n<p>Si vous souhaitez effectuer un \u00e9change vous pouvez me contacter par mail afin de voir ensemble quel(s) article(s) sont concern\u00e9s et se mettre d\u2019accord pour un \u00e9ventuelle compl\u00e9ment tarifaire.<\/p>\n\n\n\n<h2 class=\"wp-block-heading\">Remboursement<\/h2>\n\n\n\n<p>Votre remboursement interviendra dans les 30 jours maximum \u00e0 compter de la date de r\u00e9ception des articles. N\u00e9anmoins&nbsp;, si les conditions de retours sont respect\u00e9es, le d\u00e9lai g\u00e9n\u00e9ralement constat\u00e9 pour un remboursement par cr\u00e9dit sur le compte bancaire du client correspondant \u00e0 la carte utilis\u00e9 au moment du paiement est de 10 jours.<\/p>\n\n\n\n<p>Dans le cas o\u00f9 vous retournez la totalit\u00e9 des articles command\u00e9s, les frais de port associ\u00e9s \u00e0 votre commande vous seront rembours\u00e9s.<\/p>\n\n\n\n<p>Dans le cas o\u00f9 les conditions de retour ne serait pas respect\u00e9, nous vous contacterons rapidement afin de trouver une solution.<\/p>\n\n\n\n<h2 class=\"wp-block-heading\">Besoin d&rsquo;aide<\/h2>\n\n\n\n<p>Pour toutes questions, veuillez me contacter par mail \u00e0 l&rsquo;adresse <a href=\"mailto:contact@elaimantair.fr\">contact@elaimantair.fr<\/a><\/p>\n","protected":false},"excerpt":{"rendered":"<p>Vous avez chang\u00e9 d\u2019avis apr\u00e8s r\u00e9ception de votre commande, les articles ne vous plaisent pas ou contiennent des d\u00e9fauts? Vous avez la possibilit\u00e9 de retourner une partie ou la totalit\u00e9 de votre commande dans un d\u00e9lais de 14 jours. Notre politique de remboursement et de retour dure 30 jours. Si 30 jours se sont \u00e9coul\u00e9s [&hellip;]<\/p>\n","protected":false},"author":1,"featured_media":0,"parent":0,"menu_order":0,"comment_status":"closed","ping_status":"closed","template":"","meta":{"footnotes":""},"class_list":["post-12","page","type-page","status-publish","hentry"],"yoast_head":"<!-- This site is optimized with the Yoast SEO plugin v27.5 - https:\/\/yoast.com\/product\/yoast-seo-wordpress\/ -->\n<title>Politique en mati\u00e8re de remboursement et de retour - Boutique El&#039;aimant Air<\/title>\n<meta name=\"description\" content=\"Vous avez chang\u00e9 d\u2019avis apr\u00e8s r\u00e9ception de votre commande, les articles ne vous plaisent pas ou contiennent des d\u00e9fauts?\" \/>\n<meta name=\"robots\" content=\"index, follow, max-snippet:-1, max-image-preview:large, max-video-preview:-1\" \/>\n<link rel=\"canonical\" href=\"https:\/\/elaimantair.fr\/boutique\/remboursements-retours\/\" \/>\n<meta property=\"og:locale\" content=\"fr_FR\" \/>\n<meta property=\"og:type\" content=\"article\" \/>\n<meta property=\"og:title\" content=\"Politique en mati\u00e8re de remboursement et de retour - Boutique El&#039;aimant Air\" \/>\n<meta property=\"og:description\" content=\"Vous avez chang\u00e9 d\u2019avis apr\u00e8s r\u00e9ception de votre commande, les articles ne vous plaisent pas ou contiennent des d\u00e9fauts?\" \/>\n<meta property=\"og:url\" content=\"https:\/\/elaimantair.fr\/boutique\/remboursements-retours\/\" \/>\n<meta property=\"og:site_name\" content=\"Boutique El&#039;aimant Air\" \/>\n<meta property=\"article:publisher\" content=\"https:\/\/www.facebook.com\/louka.dou.5\" \/>\n<meta property=\"article:modified_time\" content=\"2024-09-07T17:01:56+00:00\" \/>\n<meta name=\"twitter:card\" content=\"summary_large_image\" \/>\n<meta name=\"twitter:site\" content=\"@AimantAir\" \/>\n<meta name=\"twitter:label1\" content=\"Dur\u00e9e de lecture estim\u00e9e\" \/>\n\t<meta name=\"twitter:data1\" content=\"2 minutes\" \/>\n<script type=\"application\/ld+json\" class=\"yoast-schema-graph\">{\"@context\":\"https:\\\/\\\/schema.org\",\"@graph\":[{\"@type\":\"WebPage\",\"@id\":\"https:\\\/\\\/elaimantair.fr\\\/boutique\\\/remboursements-retours\\\/\",\"url\":\"https:\\\/\\\/elaimantair.fr\\\/boutique\\\/remboursements-retours\\\/\",\"name\":\"Politique en mati\u00e8re de remboursement et de retour - Boutique El&#039;aimant Air\",\"isPartOf\":{\"@id\":\"https:\\\/\\\/elaimantair.fr\\\/boutique\\\/#website\"},\"datePublished\":\"2022-08-09T13:23:59+00:00\",\"dateModified\":\"2024-09-07T17:01:56+00:00\",\"description\":\"Vous avez chang\u00e9 d\u2019avis apr\u00e8s r\u00e9ception de votre commande, les articles ne vous plaisent pas ou contiennent des d\u00e9fauts?\",\"breadcrumb\":{\"@id\":\"https:\\\/\\\/elaimantair.fr\\\/boutique\\\/remboursements-retours\\\/#breadcrumb\"},\"inLanguage\":\"fr-FR\",\"potentialAction\":[{\"@type\":\"ReadAction\",\"target\":[\"https:\\\/\\\/elaimantair.fr\\\/boutique\\\/remboursements-retours\\\/\"]}]},{\"@type\":\"BreadcrumbList\",\"@id\":\"https:\\\/\\\/elaimantair.fr\\\/boutique\\\/remboursements-retours\\\/#breadcrumb\",\"itemListElement\":[{\"@type\":\"ListItem\",\"position\":1,\"name\":\"Accueil boutique\",\"item\":\"https:\\\/\\\/elaimantair.fr\\\/boutique\\\/\"},{\"@type\":\"ListItem\",\"position\":2,\"name\":\"Politique en mati\u00e8re de remboursement et de retour\"}]},{\"@type\":\"WebSite\",\"@id\":\"https:\\\/\\\/elaimantair.fr\\\/boutique\\\/#website\",\"url\":\"https:\\\/\\\/elaimantair.fr\\\/boutique\\\/\",\"name\":\"Boutique El'aimant Air\",\"description\":\"Sublimer votre lumi\u00e8re\",\"publisher\":{\"@id\":\"https:\\\/\\\/elaimantair.fr\\\/boutique\\\/#organization\"},\"potentialAction\":[{\"@type\":\"SearchAction\",\"target\":{\"@type\":\"EntryPoint\",\"urlTemplate\":\"https:\\\/\\\/elaimantair.fr\\\/boutique\\\/?s={search_term_string}\"},\"query-input\":{\"@type\":\"PropertyValueSpecification\",\"valueRequired\":true,\"valueName\":\"search_term_string\"}}],\"inLanguage\":\"fr-FR\"},{\"@type\":\"Organization\",\"@id\":\"https:\\\/\\\/elaimantair.fr\\\/boutique\\\/#organization\",\"name\":\"El'aimant Air\",\"url\":\"https:\\\/\\\/elaimantair.fr\\\/boutique\\\/\",\"logo\":{\"@type\":\"ImageObject\",\"inLanguage\":\"fr-FR\",\"@id\":\"https:\\\/\\\/elaimantair.fr\\\/boutique\\\/#\\\/schema\\\/logo\\\/image\\\/\",\"url\":\"https:\\\/\\\/elaimantair.fr\\\/boutique\\\/wp-content\\\/uploads\\\/2022\\\/04\\\/elaimantairLogo-512.jpg\",\"contentUrl\":\"https:\\\/\\\/elaimantair.fr\\\/boutique\\\/wp-content\\\/uploads\\\/2022\\\/04\\\/elaimantairLogo-512.jpg\",\"width\":512,\"height\":512,\"caption\":\"El'aimant Air\"},\"image\":{\"@id\":\"https:\\\/\\\/elaimantair.fr\\\/boutique\\\/#\\\/schema\\\/logo\\\/image\\\/\"},\"sameAs\":[\"https:\\\/\\\/www.facebook.com\\\/louka.dou.5\",\"https:\\\/\\\/x.com\\\/AimantAir\",\"https:\\\/\\\/www.instagram.com\\\/elaimantair\",\"https:\\\/\\\/www.pinterest.com\\\/Elaimantair\\\/\"]}]}<\/script>\n<!-- \/ Yoast SEO plugin. -->","yoast_head_json":{"title":"Politique en mati\u00e8re de remboursement et de retour - Boutique El&#039;aimant Air","description":"Vous avez chang\u00e9 d\u2019avis apr\u00e8s r\u00e9ception de votre commande, les articles ne vous plaisent pas ou contiennent des d\u00e9fauts?","robots":{"index":"index","follow":"follow","max-snippet":"max-snippet:-1","max-image-preview":"max-image-preview:large","max-video-preview":"max-video-preview:-1"},"canonical":"https:\/\/elaimantair.fr\/boutique\/remboursements-retours\/","og_locale":"fr_FR","og_type":"article","og_title":"Politique en mati\u00e8re de remboursement et de retour - Boutique El&#039;aimant Air","og_description":"Vous avez chang\u00e9 d\u2019avis apr\u00e8s r\u00e9ception de votre commande, les articles ne vous plaisent pas ou contiennent des d\u00e9fauts?","og_url":"https:\/\/elaimantair.fr\/boutique\/remboursements-retours\/","og_site_name":"Boutique El&#039;aimant Air","article_publisher":"https:\/\/www.facebook.com\/louka.dou.5","article_modified_time":"2024-09-07T17:01:56+00:00","twitter_card":"summary_large_image","twitter_site":"@AimantAir","twitter_misc":{"Dur\u00e9e de lecture estim\u00e9e":"2 minutes"},"schema":{"@context":"https:\/\/schema.org","@graph":[{"@type":"WebPage","@id":"https:\/\/elaimantair.fr\/boutique\/remboursements-retours\/","url":"https:\/\/elaimantair.fr\/boutique\/remboursements-retours\/","name":"Politique en mati\u00e8re de remboursement et de retour - Boutique El&#039;aimant Air","isPartOf":{"@id":"https:\/\/elaimantair.fr\/boutique\/#website"},"datePublished":"2022-08-09T13:23:59+00:00","dateModified":"2024-09-07T17:01:56+00:00","description":"Vous avez chang\u00e9 d\u2019avis apr\u00e8s r\u00e9ception de votre commande, les articles ne vous plaisent pas ou contiennent des d\u00e9fauts?","breadcrumb":{"@id":"https:\/\/elaimantair.fr\/boutique\/remboursements-retours\/#breadcrumb"},"inLanguage":"fr-FR","potentialAction":[{"@type":"ReadAction","target":["https:\/\/elaimantair.fr\/boutique\/remboursements-retours\/"]}]},{"@type":"BreadcrumbList","@id":"https:\/\/elaimantair.fr\/boutique\/remboursements-retours\/#breadcrumb","itemListElement":[{"@type":"ListItem","position":1,"name":"Accueil boutique","item":"https:\/\/elaimantair.fr\/boutique\/"},{"@type":"ListItem","position":2,"name":"Politique en mati\u00e8re de remboursement et de retour"}]},{"@type":"WebSite","@id":"https:\/\/elaimantair.fr\/boutique\/#website","url":"https:\/\/elaimantair.fr\/boutique\/","name":"Boutique El'aimant Air","description":"Sublimer votre lumi\u00e8re","publisher":{"@id":"https:\/\/elaimantair.fr\/boutique\/#organization"},"potentialAction":[{"@type":"SearchAction","target":{"@type":"EntryPoint","urlTemplate":"https:\/\/elaimantair.fr\/boutique\/?s={search_term_string}"},"query-input":{"@type":"PropertyValueSpecification","valueRequired":true,"valueName":"search_term_string"}}],"inLanguage":"fr-FR"},{"@type":"Organization","@id":"https:\/\/elaimantair.fr\/boutique\/#organization","name":"El'aimant Air","url":"https:\/\/elaimantair.fr\/boutique\/","logo":{"@type":"ImageObject","inLanguage":"fr-FR","@id":"https:\/\/elaimantair.fr\/boutique\/#\/schema\/logo\/image\/","url":"https:\/\/elaimantair.fr\/boutique\/wp-content\/uploads\/2022\/04\/elaimantairLogo-512.jpg","contentUrl":"https:\/\/elaimantair.fr\/boutique\/wp-content\/uploads\/2022\/04\/elaimantairLogo-512.jpg","width":512,"height":512,"caption":"El'aimant Air"},"image":{"@id":"https:\/\/elaimantair.fr\/boutique\/#\/schema\/logo\/image\/"},"sameAs":["https:\/\/www.facebook.com\/louka.dou.5","https:\/\/x.com\/AimantAir","https:\/\/www.instagram.com\/elaimantair","https:\/\/www.pinterest.com\/Elaimantair\/"]}]}},"jetpack_sharing_enabled":true,"_links":{"self":[{"href":"https:\/\/elaimantair.fr\/boutique\/wp-json\/wp\/v2\/pages\/12","targetHints":{"allow":["GET"]}}],"collection":[{"href":"https:\/\/elaimantair.fr\/boutique\/wp-json\/wp\/v2\/pages"}],"about":[{"href":"https:\/\/elaimantair.fr\/boutique\/wp-json\/wp\/v2\/types\/page"}],"author":[{"embeddable":true,"href":"https:\/\/elaimantair.fr\/boutique\/wp-json\/wp\/v2\/users\/1"}],"replies":[{"embeddable":true,"href":"https:\/\/elaimantair.fr\/boutique\/wp-json\/wp\/v2\/comments?post=12"}],"version-history":[{"count":0,"href":"https:\/\/elaimantair.fr\/boutique\/wp-json\/wp\/v2\/pages\/12\/revisions"}],"wp:attachment":[{"href":"https:\/\/elaimantair.fr\/boutique\/wp-json\/wp\/v2\/media?parent=12"}],"curies":[{"name":"wp","href":"https:\/\/api.w.org\/{rel}","templated":true}]}}